{"id":852,"date":"2016-01-20T11:49:04","date_gmt":"2016-01-20T10:49:04","guid":{"rendered":"http:\/\/www.studio-hamburg-design-works.de\/?page_id=852"},"modified":"2025-10-23T13:02:44","modified_gmt":"2025-10-23T11:02:44","slug":"museum-ausstellung","status":"publish","type":"page","link":"https:\/\/www.studio-hamburg-design-works.de\/en\/museum-ausstellung\/","title":{"rendered":"Museum &#038; Exhibitions"},"content":{"rendered":"<div id=\"pl-852\"  class=\"panel-layout\" ><div id=\"pg-852-0\"  class=\"panel-grid panel-no-style\" ><div id=\"pgc-852-0-0\"  class=\"panel-grid-cell\" ><div id=\"panel-852-0-0-0\" class=\"so-panel widget widget_sow-editor panel-first-child panel-last-child\" data-index=\"0\" ><div\n\t\t\t\n\t\t\tclass=\"so-widget-sow-editor so-widget-sow-editor-base\"\n\t\t\t\n\t\t>\n<div class=\"siteorigin-widget-tinymce textwidget\">\n\t<div tabindex=\"0\" class=\"cycloneslider cycloneslider-template-standard cycloneslider-width-responsive\" id=\"cycloneslider-museum-ausstellung-2\" style=\"max-width:1140px\" > <div class=\"cycloneslider-slides cycle-slideshow\" data-cycle-allow-wrap=\"true\" data-cycle-dynamic-height=\"off\" data-cycle-auto-height=\"1140:500\" data-cycle-auto-height-easing=\"null\" data-cycle-auto-height-speed=\"250\" data-cycle-delay=\"0\" data-cycle-easing=\"\" data-cycle-fx=\"fadeout\" data-cycle-hide-non-active=\"true\" data-cycle-log=\"false\" data-cycle-next=\"#cycloneslider-museum-ausstellung-2 .cycloneslider-next\" data-cycle-pager=\"#cycloneslider-museum-ausstellung-2 .cycloneslider-pager\" data-cycle-pause-on-hover=\"true\" data-cycle-prev=\"#cycloneslider-museum-ausstellung-2 .cycloneslider-prev\" data-cycle-slides=\"&gt; div\" data-cycle-speed=\"800\" data-cycle-swipe=\"false\" data-cycle-tile-count=\"7\" data-cycle-tile-delay=\"100\" data-cycle-tile-vertical=\"true\" data-cycle-timeout=\"4000\" > <div class=\"cycloneslider-slide cycloneslider-slide-image\" > <img decoding=\"async\" src=\"https:\/\/www.studio-hamburg-design-works.de\/wp-content\/uploads\/2015\/11\/geschaeftsfelder_museum_und_ausstellung08-1140x500.jpg\" alt=\"\" title=\"\" \/> <\/div> <div class=\"cycloneslider-slide cycloneslider-slide-image\" > <img decoding=\"async\" src=\"https:\/\/www.studio-hamburg-design-works.de\/wp-content\/uploads\/2015\/11\/geschaeftsfelder_museum_und_ausstellung05-1140x500.jpg\" alt=\"\" title=\"\" \/> <\/div> <div class=\"cycloneslider-slide cycloneslider-slide-image\" > <img decoding=\"async\" src=\"https:\/\/www.studio-hamburg-design-works.de\/wp-content\/uploads\/2015\/11\/geschaeftsfelder_museum_und_ausstellung07-1140x500.jpg\" alt=\"\" title=\"\" \/> <\/div> <div class=\"cycloneslider-slide cycloneslider-slide-image\" > <img decoding=\"async\" src=\"https:\/\/www.studio-hamburg-design-works.de\/wp-content\/uploads\/2017\/02\/Deutsche-Bundesbank-Slider-1140x500.png\" alt=\"\" title=\"\" \/> <\/div> <div class=\"cycloneslider-slide cycloneslider-slide-image\" > <img decoding=\"async\" src=\"https:\/\/www.studio-hamburg-design-works.de\/wp-content\/uploads\/2025\/03\/SHDW_Klimahaus-Bremerhaven_Wetter-Extrem_II.jpg\" alt=\"\" title=\"\" \/> <\/div> <div class=\"cycloneslider-slide cycloneslider-slide-image\" > <img decoding=\"async\" src=\"https:\/\/www.studio-hamburg-design-works.de\/wp-content\/uploads\/2023\/01\/humboldtforum.jpg\" alt=\"\" title=\"\" \/> <div class=\"cycloneslider-caption\"> <div class=\"cycloneslider-caption-title\">Humboldt Forum<\/div> <div class=\"cycloneslider-caption-description\">\u00a9 Christian M\u00fcnster<\/div> <\/div> <\/div> <div class=\"cycloneslider-slide cycloneslider-slide-image\" > <img decoding=\"async\" src=\"https:\/\/www.studio-hamburg-design-works.de\/wp-content\/uploads\/2018\/05\/P1150027-2-1140x550-1140x500.jpg\" alt=\"\" title=\"\" \/> <\/div> <div class=\"cycloneslider-slide cycloneslider-slide-image\" > <img decoding=\"async\" src=\"https:\/\/www.studio-hamburg-design-works.de\/wp-content\/uploads\/2025\/03\/SHDW_Klimahaus-Bremerhaven-Wetter-Extrem-III.jpg\" alt=\"\" title=\"\" \/> <\/div> <div class=\"cycloneslider-slide cycloneslider-slide-image\" > <img decoding=\"async\" src=\"https:\/\/www.studio-hamburg-design-works.de\/wp-content\/uploads\/2025\/03\/SHDW_Klimahaus-Bremerhaven-Wetter-Extrem.jpg\" alt=\"\" title=\"\" \/> <\/div> <div class=\"cycloneslider-slide cycloneslider-slide-image\" > <img decoding=\"async\" src=\"https:\/\/www.studio-hamburg-design-works.de\/wp-content\/uploads\/2019\/04\/Dauerausstellung_neu_Blick_in_-1140x550-1140x500.jpg\" alt=\"\" title=\"\" \/> <\/div> <div class=\"cycloneslider-slide cycloneslider-slide-image\" > <img decoding=\"async\" src=\"https:\/\/www.studio-hamburg-design-works.de\/wp-content\/uploads\/2015\/11\/buch-1140x500.jpg\" alt=\"\" title=\"\" \/> <\/div> <\/div> <div class=\"cycloneslider-pager\"><\/div> <a href=\"#\" class=\"cycloneslider-prev\"> <span class=\"arrow\"><\/span> <\/a> <a href=\"#\" class=\"cycloneslider-next\"> <span class=\"arrow\"><\/span> <\/a> <\/div>\n<\/div>\n<\/div><\/div><\/div><\/div><div id=\"pg-852-1\"  class=\"panel-grid panel-no-style\" ><div id=\"pgc-852-1-0\"  class=\"panel-grid-cell\" ><div id=\"panel-852-1-0-0\" class=\"so-panel widget widget_sow-editor panel-first-child panel-last-child\" data-index=\"1\" ><div\n\t\t\t\n\t\t\tclass=\"so-widget-sow-editor so-widget-sow-editor-base\"\n\t\t\t\n\t\t>\n<div class=\"siteorigin-widget-tinymce textwidget\">\n\t<p>Interactive worlds and realistic natural spaces are recreated in our workshops: From the\u00a0initial idea to the opening event, we\u00a0support you and your venture.<\/p>\n<p>It is our aim to create unique and unforgettable experiences for your guests. Your\u00a0challenge is our\u00a0motivation !<\/p>\n<p>Our service range from project planning to the conducting of feasibility studies,\u00a0structural design of the production drawing through to the final assembly.<\/p>\n<p>Our highly qualified staff will complete your project to artistic perfection, using state-of-the-art technology and observing the relevant safety regulations.<\/p>\n<p>To ensure a long life of the exhibits, whether they are shown indoors or outdoors, we employ a special sealing method to allow weatherproof, corrosion-protected and wear-resistant production.<\/p>\n<p>We\u00a0fulfill your visions,\u00a0adapt them to the locations and conditions whether long-term, temporary, underground, on board or outdoors.<\/p>\n<\/div>\n<\/div><\/div><\/div><div id=\"pgc-852-1-1\"  class=\"panel-grid-cell\" >\n\n          <div id=\"panel-852-1-1-0\" class=\"so-panel widget widget_virtue_carousel_widget virtue_carousel_widget panel-first-child panel-last-child\" data-index=\"2\" ><div class=\"small-type panel-widget-style panel-widget-style-for-852-1-1-0\" ><h3 class=\"widget-title\">Projects<\/h3><div class=\"carousel_outerrim kad-animation\" data-animation=\"fade-in\" data-delay=\"0\"><div class=\"carouselcontainer rowtight\"><div id=\"kadence-carousel-81\" class=\"slick-slider products carousel_shortcode kt-slickslider kt-content-carousel loading clearfix\" data-slider-fade=\"false\" data-slider-type=\"content-carousel\" data-slider-anim-speed=\"400\" data-slider-scroll=\"all\" data-slider-auto=\"true\" data-slider-speed=\"9000\" data-slider-xxl=\"3\" data-slider-xl=\"3\" data-slider-md=\"3\" data-slider-sm=\"2\" data-slider-xs=\"2\" data-slider-ss=\"1\"><div class=\"tcol-lg-4 tcol-md-4 tcol-sm-4 tcol-xs-6 tcol-ss-12 kad_portfolio_item p-item\">\t\t<div class=\"portfolio_item grid_item postclass kad-light-gallery kt_item_fade_in kad_portfolio_fade_in\">\n            \t\t\t\t\t\t\t<div class=\"imghoverclass\">\n\t                            <a href=\"https:\/\/www.studio-hamburg-design-works.de\/en\/portfolio\/museum-ausstellung-klimahaus-bremerhaven\/\" title=\"(Deutsch) Museum &#038; Ausstellung | Klimahaus Bremerhaven\" class=\"kt-intrinsic\" style=\"padding-bottom:100%;\">\n\t                            \t<img loading=\"lazy\" decoding=\"async\" src=\"https:\/\/www.studio-hamburg-design-works.de\/wp-content\/uploads\/2025\/03\/SHDW_Portfolio_Klimahaus_I-400x400.jpg\" srcset=\"https:\/\/www.studio-hamburg-design-works.de\/wp-content\/uploads\/2025\/03\/SHDW_Portfolio_Klimahaus_I-400x400.jpg 400w, https:\/\/www.studio-hamburg-design-works.de\/wp-content\/uploads\/2025\/03\/SHDW_Portfolio_Klimahaus_I-150x150.jpg 150w, https:\/\/www.studio-hamburg-design-works.de\/wp-content\/uploads\/2025\/03\/SHDW_Portfolio_Klimahaus_I-540x540.jpg 540w, https:\/\/www.studio-hamburg-design-works.de\/wp-content\/uploads\/2025\/03\/SHDW_Portfolio_Klimahaus_I-270x270.jpg 270w, https:\/\/www.studio-hamburg-design-works.de\/wp-content\/uploads\/2025\/03\/SHDW_Portfolio_Klimahaus_I-366x366.jpg 366w\" sizes=\"auto, (max-width: 400px) 100vw, 400px\"  alt=\"SHDW_Portfolio_Klimahaus_I\" width=\"400\" height=\"400\" class=\"lightboxhover\">\t                            <\/a> \n\t                        <\/div>\n                                                                                      \t\n              \t<a href=\"https:\/\/www.studio-hamburg-design-works.de\/en\/portfolio\/museum-ausstellung-klimahaus-bremerhaven\/\" class=\"portfoliolink\">\n\t\t\t\t\t<div class=\"piteminfo\">   \n                        <h5>(Deutsch) Museum &#038; Ausstellung | Klimahaus Bremerhaven<\/h5>\n                                            <\/div>\n                <\/a>\n        <\/div>\n\n<\/div><div class=\"tcol-lg-4 tcol-md-4 tcol-sm-4 tcol-xs-6 tcol-ss-12 kad_portfolio_item p-item\">\t\t<div class=\"portfolio_item grid_item postclass kad-light-gallery kt_item_fade_in kad_portfolio_fade_in\">\n            \t\t\t\t\t\t\t<div class=\"imghoverclass\">\n\t                            <a href=\"https:\/\/www.studio-hamburg-design-works.de\/en\/portfolio\/museum-ausstellung-humboldt-forum\/\" title=\"Museum &#038; Exhibition | Humboldt Forum\" class=\"kt-intrinsic\" style=\"padding-bottom:100%;\">\n\t                            \t<img loading=\"lazy\" decoding=\"async\" src=\"https:\/\/www.studio-hamburg-design-works.de\/wp-content\/uploads\/2023\/01\/hf1-400x400.jpg\" srcset=\"https:\/\/www.studio-hamburg-design-works.de\/wp-content\/uploads\/2023\/01\/hf1-400x400.jpg 400w, https:\/\/www.studio-hamburg-design-works.de\/wp-content\/uploads\/2023\/01\/hf1-150x150.jpg 150w, https:\/\/www.studio-hamburg-design-works.de\/wp-content\/uploads\/2023\/01\/hf1-540x540.jpg 540w, https:\/\/www.studio-hamburg-design-works.de\/wp-content\/uploads\/2023\/01\/hf1-270x270.jpg 270w, https:\/\/www.studio-hamburg-design-works.de\/wp-content\/uploads\/2023\/01\/hf1-366x366.jpg 366w\" sizes=\"auto, (max-width: 400px) 100vw, 400px\"  alt=\"Humboldt Forum\" width=\"400\" height=\"400\" class=\"lightboxhover\">\t                            <\/a> \n\t                        <\/div>\n                                                                                      \t\n              \t<a href=\"https:\/\/www.studio-hamburg-design-works.de\/en\/portfolio\/museum-ausstellung-humboldt-forum\/\" class=\"portfoliolink\">\n\t\t\t\t\t<div class=\"piteminfo\">   \n                        <h5>Museum &#038; Exhibition | Humboldt Forum<\/h5>\n                                            <\/div>\n                <\/a>\n        <\/div>\n\n<\/div><div class=\"tcol-lg-4 tcol-md-4 tcol-sm-4 tcol-xs-6 tcol-ss-12 kad_portfolio_item p-item\">\t\t<div class=\"portfolio_item grid_item postclass kad-light-gallery kt_item_fade_in kad_portfolio_fade_in\">\n            \t\t\t\t\t\t\t<div class=\"imghoverclass\">\n\t                            <a href=\"https:\/\/www.studio-hamburg-design-works.de\/en\/portfolio\/museen-ausstellung-deutsches-auswandererhaus-bremerhaven\/\" title=\"(Deutsch) Museum &#038; Ausstellung | Deutsches Auswandererhaus Bremerhaven\" class=\"kt-intrinsic\" style=\"padding-bottom:100%;\">\n\t                            \t<img loading=\"lazy\" decoding=\"async\" src=\"https:\/\/www.studio-hamburg-design-works.de\/wp-content\/uploads\/2022\/01\/Kneipe-400x400.jpeg\" srcset=\"https:\/\/www.studio-hamburg-design-works.de\/wp-content\/uploads\/2022\/01\/Kneipe-400x400.jpeg 400w, https:\/\/www.studio-hamburg-design-works.de\/wp-content\/uploads\/2022\/01\/Kneipe-150x150.jpeg 150w, https:\/\/www.studio-hamburg-design-works.de\/wp-content\/uploads\/2022\/01\/Kneipe-600x600.jpeg 600w, https:\/\/www.studio-hamburg-design-works.de\/wp-content\/uploads\/2022\/01\/Kneipe-300x300.jpeg 300w, https:\/\/www.studio-hamburg-design-works.de\/wp-content\/uploads\/2022\/01\/Kneipe-540x540.jpeg 540w, https:\/\/www.studio-hamburg-design-works.de\/wp-content\/uploads\/2022\/01\/Kneipe-270x270.jpeg 270w, https:\/\/www.studio-hamburg-design-works.de\/wp-content\/uploads\/2022\/01\/Kneipe-732x732.jpeg 732w, https:\/\/www.studio-hamburg-design-works.de\/wp-content\/uploads\/2022\/01\/Kneipe-366x366.jpeg 366w\" sizes=\"auto, (max-width: 400px) 100vw, 400px\"  alt=\"Kneipe Deutsches Auswandererhaus Bremerhaven\" width=\"400\" height=\"400\" class=\"lightboxhover\">\t                            <\/a> \n\t                        <\/div>\n                                                                                      \t\n              \t<a href=\"https:\/\/www.studio-hamburg-design-works.de\/en\/portfolio\/museen-ausstellung-deutsches-auswandererhaus-bremerhaven\/\" class=\"portfoliolink\">\n\t\t\t\t\t<div class=\"piteminfo\">   \n                        <h5>(Deutsch) Museum &#038; Ausstellung | Deutsches Auswandererhaus Bremerhaven<\/h5>\n                                            <\/div>\n                <\/a>\n        <\/div>\n\n<\/div><\/div><\/div><\/div> <!--Carousel--><\/div><\/div>\n    <\/div><\/div><\/div>","protected":false},"excerpt":{"rendered":"<p>Interactive worlds and realistic natural spaces are recreated in our workshops: From the\u00a0initial idea to the opening event, we\u00a0support you and your venture.It is our aim to create unique and unforgettable experiences for your guests. Your\u00a0challenge is our\u00a0motivation !Our service &hellip; <a class=\"kt-excerpt-readmore\" href=\"https:\/\/www.studio-hamburg-design-works.de\/en\/museum-ausstellung\/\" aria-label=\"Museum &#038; Exhibitions\">Read More<\/a><\/p>\n","protected":false},"author":5,"featured_media":0,"parent":0,"menu_order":0,"comment_status":"closed","ping_status":"closed","template":"page-fullwidth.php","meta":{"footnotes":""},"class_list":["post-852","page","type-page","status-publish","hentry"],"yoast_head":"<!-- This site is optimized with the Yoast SEO plugin v26.4 - https:\/\/yoast.com\/wordpress\/plugins\/seo\/ -->\n<title>Museum &amp; Ausstellung | Studio Hamburg Design Works<\/title>\n<meta name=\"description\" content=\"Interaktive Welten und naturrealistische R\u00e4ume werden in unseren Werkst\u00e4tten erschaffen: Von der ersten Idee bis zur Er\u00f6ffnung begleiten wir Sie auf dem Weg zum musealen Erlebnis.\" \/>\n<meta name=\"robots\" content=\"index, follow, max-snippet:-1, max-image-preview:large, max-video-preview:-1\" \/>\n<link rel=\"canonical\" href=\"https:\/\/www.studio-hamburg-design-works.de\/museum-ausstellung\/\" \/>\n<meta property=\"og:locale\" content=\"en_US\" \/>\n<meta property=\"og:type\" content=\"article\" \/>\n<meta property=\"og:title\" content=\"Museum &amp; Ausstellung | Studio Hamburg Design Works\" \/>\n<meta property=\"og:description\" content=\"Interaktive Welten und naturrealistische R\u00e4ume werden in unseren Werkst\u00e4tten erschaffen: Von der ersten Idee bis zur Er\u00f6ffnung begleiten wir Sie auf dem Weg zum musealen Erlebnis.\" \/>\n<meta property=\"og:url\" content=\"https:\/\/www.studio-hamburg-design-works.de\/museum-ausstellung\/\" \/>\n<meta property=\"og:site_name\" content=\"Studio Hamburg Design Works\" \/>\n<meta property=\"article:modified_time\" content=\"2025-10-23T11:02:44+00:00\" \/>\n<meta property=\"og:image\" content=\"https:\/\/www.studio-hamburg-design-works.de\/wp-content\/uploads\/2018\/05\/P1150027-2-1140x550-1140x500.jpg\" \/>\n<meta name=\"twitter:card\" content=\"summary_large_image\" \/>\n<meta name=\"twitter:label1\" content=\"Est. reading time\" \/>\n\t<meta name=\"twitter:data1\" content=\"5 minutes\" \/>\n<script type=\"application\/ld+json\" class=\"yoast-schema-graph\">{\"@context\":\"https:\/\/schema.org\",\"@graph\":[{\"@type\":\"WebPage\",\"@id\":\"https:\/\/www.studio-hamburg-design-works.de\/museum-ausstellung\/\",\"url\":\"https:\/\/www.studio-hamburg-design-works.de\/museum-ausstellung\/\",\"name\":\"Museum & Ausstellung | Studio Hamburg Design Works\",\"isPartOf\":{\"@id\":\"https:\/\/www.studio-hamburg-design-works.de\/#website\"},\"primaryImageOfPage\":{\"@id\":\"https:\/\/www.studio-hamburg-design-works.de\/museum-ausstellung\/#primaryimage\"},\"image\":{\"@id\":\"https:\/\/www.studio-hamburg-design-works.de\/museum-ausstellung\/#primaryimage\"},\"thumbnailUrl\":\"https:\/\/www.studio-hamburg-design-works.de\/wp-content\/uploads\/2018\/05\/P1150027-2-1140x550-1140x500.jpg\",\"datePublished\":\"2016-01-20T10:49:04+00:00\",\"dateModified\":\"2025-10-23T11:02:44+00:00\",\"description\":\"Interaktive Welten und naturrealistische R\u00e4ume werden in unseren Werkst\u00e4tten erschaffen: Von der ersten Idee bis zur Er\u00f6ffnung begleiten wir Sie auf dem Weg zum musealen Erlebnis.\",\"breadcrumb\":{\"@id\":\"https:\/\/www.studio-hamburg-design-works.de\/museum-ausstellung\/#breadcrumb\"},\"inLanguage\":\"en-US\",\"potentialAction\":[{\"@type\":\"ReadAction\",\"target\":[\"https:\/\/www.studio-hamburg-design-works.de\/museum-ausstellung\/\"]}]},{\"@type\":\"ImageObject\",\"inLanguage\":\"en-US\",\"@id\":\"https:\/\/www.studio-hamburg-design-works.de\/museum-ausstellung\/#primaryimage\",\"url\":\"https:\/\/www.studio-hamburg-design-works.de\/wp-content\/uploads\/2018\/05\/P1150027-2-1140x550-1140x500.jpg\",\"contentUrl\":\"https:\/\/www.studio-hamburg-design-works.de\/wp-content\/uploads\/2018\/05\/P1150027-2-1140x550-1140x500.jpg\"},{\"@type\":\"BreadcrumbList\",\"@id\":\"https:\/\/www.studio-hamburg-design-works.de\/museum-ausstellung\/#breadcrumb\",\"itemListElement\":[{\"@type\":\"ListItem\",\"position\":1,\"name\":\"Home\",\"item\":\"https:\/\/www.studio-hamburg-design-works.de\/\"},{\"@type\":\"ListItem\",\"position\":2,\"name\":\"Museum &#038; Ausstellung\"}]},{\"@type\":\"WebSite\",\"@id\":\"https:\/\/www.studio-hamburg-design-works.de\/#website\",\"url\":\"https:\/\/www.studio-hamburg-design-works.de\/\",\"name\":\"Studio Hamburg Design Works\",\"description\":\"Mit hochqualifizierten Fachkr\u00e4ften und erfahrenen Projektleitern sind die Werkst\u00e4tten von Studio Hamburg weltweit eine der ersten Adressen f\u00fcr Dienstleistungen in den Bereichen B\u00fchnenbild-, Dekorations-, Ausstattungs- und Ausstellungsbau.\",\"publisher\":{\"@id\":\"https:\/\/www.studio-hamburg-design-works.de\/#organization\"},\"potentialAction\":[{\"@type\":\"SearchAction\",\"target\":{\"@type\":\"EntryPoint\",\"urlTemplate\":\"https:\/\/www.studio-hamburg-design-works.de\/?s={search_term_string}\"},\"query-input\":{\"@type\":\"PropertyValueSpecification\",\"valueRequired\":true,\"valueName\":\"search_term_string\"}}],\"inLanguage\":\"en-US\"},{\"@type\":\"Organization\",\"@id\":\"https:\/\/www.studio-hamburg-design-works.de\/#organization\",\"name\":\"Studio Hamburg Design Works\",\"url\":\"https:\/\/www.studio-hamburg-design-works.de\/\",\"logo\":{\"@type\":\"ImageObject\",\"inLanguage\":\"en-US\",\"@id\":\"https:\/\/www.studio-hamburg-design-works.de\/#\/schema\/logo\/image\/\",\"url\":\"https:\/\/www.studio-hamburg-design-works.de\/wp-content\/uploads\/2022\/01\/sh-design-works-logo-retina.png\",\"contentUrl\":\"https:\/\/www.studio-hamburg-design-works.de\/wp-content\/uploads\/2022\/01\/sh-design-works-logo-retina.png\",\"width\":400,\"height\":118,\"caption\":\"Studio Hamburg Design Works\"},\"image\":{\"@id\":\"https:\/\/www.studio-hamburg-design-works.de\/#\/schema\/logo\/image\/\"}}]}<\/script>\n<!-- \/ Yoast SEO plugin. -->","yoast_head_json":{"title":"Museum & Ausstellung | Studio Hamburg Design Works","description":"Interaktive Welten und naturrealistische R\u00e4ume werden in unseren Werkst\u00e4tten erschaffen: Von der ersten Idee bis zur Er\u00f6ffnung begleiten wir Sie auf dem Weg zum musealen Erlebnis.","robots":{"index":"index","follow":"follow","max-snippet":"max-snippet:-1","max-image-preview":"max-image-preview:large","max-video-preview":"max-video-preview:-1"},"canonical":"https:\/\/www.studio-hamburg-design-works.de\/museum-ausstellung\/","og_locale":"en_US","og_type":"article","og_title":"Museum & Ausstellung | Studio Hamburg Design Works","og_description":"Interaktive Welten und naturrealistische R\u00e4ume werden in unseren Werkst\u00e4tten erschaffen: Von der ersten Idee bis zur Er\u00f6ffnung begleiten wir Sie auf dem Weg zum musealen Erlebnis.","og_url":"https:\/\/www.studio-hamburg-design-works.de\/museum-ausstellung\/","og_site_name":"Studio Hamburg Design Works","article_modified_time":"2025-10-23T11:02:44+00:00","og_image":[{"url":"https:\/\/www.studio-hamburg-design-works.de\/wp-content\/uploads\/2018\/05\/P1150027-2-1140x550-1140x500.jpg","type":"","width":"","height":""}],"twitter_card":"summary_large_image","twitter_misc":{"Est. reading time":"5 minutes"},"schema":{"@context":"https:\/\/schema.org","@graph":[{"@type":"WebPage","@id":"https:\/\/www.studio-hamburg-design-works.de\/museum-ausstellung\/","url":"https:\/\/www.studio-hamburg-design-works.de\/museum-ausstellung\/","name":"Museum & Ausstellung | Studio Hamburg Design Works","isPartOf":{"@id":"https:\/\/www.studio-hamburg-design-works.de\/#website"},"primaryImageOfPage":{"@id":"https:\/\/www.studio-hamburg-design-works.de\/museum-ausstellung\/#primaryimage"},"image":{"@id":"https:\/\/www.studio-hamburg-design-works.de\/museum-ausstellung\/#primaryimage"},"thumbnailUrl":"https:\/\/www.studio-hamburg-design-works.de\/wp-content\/uploads\/2018\/05\/P1150027-2-1140x550-1140x500.jpg","datePublished":"2016-01-20T10:49:04+00:00","dateModified":"2025-10-23T11:02:44+00:00","description":"Interaktive Welten und naturrealistische R\u00e4ume werden in unseren Werkst\u00e4tten erschaffen: Von der ersten Idee bis zur Er\u00f6ffnung begleiten wir Sie auf dem Weg zum musealen Erlebnis.","breadcrumb":{"@id":"https:\/\/www.studio-hamburg-design-works.de\/museum-ausstellung\/#breadcrumb"},"inLanguage":"en-US","potentialAction":[{"@type":"ReadAction","target":["https:\/\/www.studio-hamburg-design-works.de\/museum-ausstellung\/"]}]},{"@type":"ImageObject","inLanguage":"en-US","@id":"https:\/\/www.studio-hamburg-design-works.de\/museum-ausstellung\/#primaryimage","url":"https:\/\/www.studio-hamburg-design-works.de\/wp-content\/uploads\/2018\/05\/P1150027-2-1140x550-1140x500.jpg","contentUrl":"https:\/\/www.studio-hamburg-design-works.de\/wp-content\/uploads\/2018\/05\/P1150027-2-1140x550-1140x500.jpg"},{"@type":"BreadcrumbList","@id":"https:\/\/www.studio-hamburg-design-works.de\/museum-ausstellung\/#breadcrumb","itemListElement":[{"@type":"ListItem","position":1,"name":"Home","item":"https:\/\/www.studio-hamburg-design-works.de\/"},{"@type":"ListItem","position":2,"name":"Museum &#038; Ausstellung"}]},{"@type":"WebSite","@id":"https:\/\/www.studio-hamburg-design-works.de\/#website","url":"https:\/\/www.studio-hamburg-design-works.de\/","name":"Studio Hamburg Design Works","description":"Mit hochqualifizierten Fachkr\u00e4ften und erfahrenen Projektleitern sind die Werkst\u00e4tten von Studio Hamburg weltweit eine der ersten Adressen f\u00fcr Dienstleistungen in den Bereichen B\u00fchnenbild-, Dekorations-, Ausstattungs- und Ausstellungsbau.","publisher":{"@id":"https:\/\/www.studio-hamburg-design-works.de\/#organization"},"potentialAction":[{"@type":"SearchAction","target":{"@type":"EntryPoint","urlTemplate":"https:\/\/www.studio-hamburg-design-works.de\/?s={search_term_string}"},"query-input":{"@type":"PropertyValueSpecification","valueRequired":true,"valueName":"search_term_string"}}],"inLanguage":"en-US"},{"@type":"Organization","@id":"https:\/\/www.studio-hamburg-design-works.de\/#organization","name":"Studio Hamburg Design Works","url":"https:\/\/www.studio-hamburg-design-works.de\/","logo":{"@type":"ImageObject","inLanguage":"en-US","@id":"https:\/\/www.studio-hamburg-design-works.de\/#\/schema\/logo\/image\/","url":"https:\/\/www.studio-hamburg-design-works.de\/wp-content\/uploads\/2022\/01\/sh-design-works-logo-retina.png","contentUrl":"https:\/\/www.studio-hamburg-design-works.de\/wp-content\/uploads\/2022\/01\/sh-design-works-logo-retina.png","width":400,"height":118,"caption":"Studio Hamburg Design Works"},"image":{"@id":"https:\/\/www.studio-hamburg-design-works.de\/#\/schema\/logo\/image\/"}}]}},"_links":{"self":[{"href":"https:\/\/www.studio-hamburg-design-works.de\/en\/wp-json\/wp\/v2\/pages\/852","targetHints":{"allow":["GET"]}}],"collection":[{"href":"https:\/\/www.studio-hamburg-design-works.de\/en\/wp-json\/wp\/v2\/pages"}],"about":[{"href":"https:\/\/www.studio-hamburg-design-works.de\/en\/wp-json\/wp\/v2\/types\/page"}],"author":[{"embeddable":true,"href":"https:\/\/www.studio-hamburg-design-works.de\/en\/wp-json\/wp\/v2\/users\/5"}],"replies":[{"embeddable":true,"href":"https:\/\/www.studio-hamburg-design-works.de\/en\/wp-json\/wp\/v2\/comments?post=852"}],"version-history":[{"count":1,"href":"https:\/\/www.studio-hamburg-design-works.de\/en\/wp-json\/wp\/v2\/pages\/852\/revisions"}],"predecessor-version":[{"id":5061,"href":"https:\/\/www.studio-hamburg-design-works.de\/en\/wp-json\/wp\/v2\/pages\/852\/revisions\/5061"}],"wp:attachment":[{"href":"https:\/\/www.studio-hamburg-design-works.de\/en\/wp-json\/wp\/v2\/media?parent=852"}],"curies":[{"name":"wp","href":"https:\/\/api.w.org\/{rel}","templated":true}]}}