{"id":625,"date":"2015-11-27T10:53:40","date_gmt":"2015-11-27T09:53:40","guid":{"rendered":"http:\/\/www.studio-hamburg-design-works.de\/?page_id=625"},"modified":"2022-04-26T10:57:02","modified_gmt":"2022-04-26T08:57:02","slug":"projektleitung","status":"publish","type":"page","link":"https:\/\/www.studio-hamburg-design-works.de\/en\/projektleitung\/","title":{"rendered":"Project management"},"content":{"rendered":"<div id=\"pl-625\"  class=\"panel-layout\" ><div id=\"pg-625-0\"  class=\"panel-grid panel-no-style\" ><div id=\"pgc-625-0-0\"  class=\"panel-grid-cell\" ><div id=\"panel-625-0-0-0\" class=\"so-panel widget widget_sow-image panel-first-child panel-last-child\" data-index=\"0\" ><div\n\t\t\t\n\t\t\tclass=\"so-widget-sow-image so-widget-sow-image-default-8b5b6f678277-625\"\n\t\t\t\n\t\t>\n<div class=\"sow-image-container\">\n\t\t<img \n\tsrc=\"https:\/\/www.studio-hamburg-design-works.de\/wp-content\/uploads\/2015\/11\/projektleitung_01.jpg\" width=\"363\" height=\"363\" srcset=\"https:\/\/www.studio-hamburg-design-works.de\/wp-content\/uploads\/2015\/11\/projektleitung_01.jpg 363w, https:\/\/www.studio-hamburg-design-works.de\/wp-content\/uploads\/2015\/11\/projektleitung_01-150x150.jpg 150w, https:\/\/www.studio-hamburg-design-works.de\/wp-content\/uploads\/2015\/11\/projektleitung_01-300x300.jpg 300w\" sizes=\"(max-width: 363px) 100vw, 363px\" alt=\"Projektleitung\" \t\tclass=\"so-widget-image\"\/>\n\t<\/div>\n\n<\/div><\/div><\/div><div id=\"pgc-625-0-1\"  class=\"panel-grid-cell\" ><div id=\"panel-625-0-1-0\" class=\"so-panel widget widget_sow-image panel-first-child panel-last-child\" data-index=\"1\" ><div\n\t\t\t\n\t\t\tclass=\"so-widget-sow-image so-widget-sow-image-default-8b5b6f678277-625\"\n\t\t\t\n\t\t>\n<div class=\"sow-image-container\">\n\t\t<img \n\tsrc=\"https:\/\/www.studio-hamburg-design-works.de\/wp-content\/uploads\/2015\/11\/projektleitung_02.jpg\" width=\"363\" height=\"363\" srcset=\"https:\/\/www.studio-hamburg-design-works.de\/wp-content\/uploads\/2015\/11\/projektleitung_02.jpg 363w, https:\/\/www.studio-hamburg-design-works.de\/wp-content\/uploads\/2015\/11\/projektleitung_02-150x150.jpg 150w, https:\/\/www.studio-hamburg-design-works.de\/wp-content\/uploads\/2015\/11\/projektleitung_02-300x300.jpg 300w\" sizes=\"(max-width: 363px) 100vw, 363px\" alt=\"Dekowerkstatt\" \t\tclass=\"so-widget-image\"\/>\n\t<\/div>\n\n<\/div><\/div><\/div><div id=\"pgc-625-0-2\"  class=\"panel-grid-cell\" ><div id=\"panel-625-0-2-0\" class=\"so-panel widget widget_sow-image panel-first-child panel-last-child\" data-index=\"2\" ><div\n\t\t\t\n\t\t\tclass=\"so-widget-sow-image so-widget-sow-image-default-8b5b6f678277-625\"\n\t\t\t\n\t\t>\n<div class=\"sow-image-container\">\n\t\t<img \n\tsrc=\"https:\/\/www.studio-hamburg-design-works.de\/wp-content\/uploads\/2015\/11\/projektleitung_03.jpg\" width=\"363\" height=\"363\" srcset=\"https:\/\/www.studio-hamburg-design-works.de\/wp-content\/uploads\/2015\/11\/projektleitung_03.jpg 363w, https:\/\/www.studio-hamburg-design-works.de\/wp-content\/uploads\/2015\/11\/projektleitung_03-150x150.jpg 150w, https:\/\/www.studio-hamburg-design-works.de\/wp-content\/uploads\/2015\/11\/projektleitung_03-300x300.jpg 300w\" sizes=\"(max-width: 363px) 100vw, 363px\" alt=\"Projektleitung\" \t\tclass=\"so-widget-image\"\/>\n\t<\/div>\n\n<\/div><\/div><\/div><\/div><div id=\"pg-625-1\"  class=\"panel-grid panel-no-style\" ><div id=\"pgc-625-1-0\"  class=\"panel-grid-cell\" ><div id=\"panel-625-1-0-0\" class=\"so-panel widget widget_sow-editor panel-first-child panel-last-child\" data-index=\"3\" ><div class=\"panel-widget-style panel-widget-style-for-625-1-0-0\" ><div\n\t\t\t\n\t\t\tclass=\"so-widget-sow-editor so-widget-sow-editor-base\"\n\t\t\t\n\t\t>\n<div class=\"siteorigin-widget-tinymce textwidget\">\n\t<\/p>\n<p>Our competent project management team is available to you with many years of experience in our 5 business areas.<\/p>\n<p>From your inquiry about the calculation of offers and budgets, control of the project during the handling and coordination of the involved trades up to the completion is our project team at your side.<\/p>\n<p>We would like to convince you of our customer conversations on site. Our project Team is also at your disposal for the realization of extraordinary projects. You Profit from our many years of international project experience.<\/p>\n<p>Together we find a solution.<\/p>\n<\/div>\n<\/div><\/div><\/div><\/div><div id=\"pgc-625-1-1\"  class=\"panel-grid-cell\" ><div id=\"panel-625-1-1-0\" class=\"so-panel widget widget_sow-editor panel-first-child panel-last-child\" data-index=\"4\" ><div\n\t\t\t\n\t\t\tclass=\"so-widget-sow-editor so-widget-sow-editor-base\"\n\t\t\t\n\t\t>\n<div class=\"siteorigin-widget-tinymce textwidget\">\n\t<\/div>\n<\/div><\/div><\/div><\/div><\/div>","protected":false},"excerpt":{"rendered":"<p>Our competent project management team is available to you with many years of experience in our 5 business areas.From your inquiry about the calculation of offers and budgets, control of the project during the handling and coordination of the involved &hellip; <a class=\"kt-excerpt-readmore\" href=\"https:\/\/www.studio-hamburg-design-works.de\/en\/projektleitung\/\" aria-label=\"Project management\">Read More<\/a><\/p>\n","protected":false},"author":5,"featured_media":0,"parent":0,"menu_order":0,"comment_status":"closed","ping_status":"closed","template":"page-fullwidth.php","meta":{"footnotes":""},"class_list":["post-625","page","type-page","status-publish","hentry"],"yoast_head":"<!-- This site is optimized with the Yoast SEO plugin v26.4 - https:\/\/yoast.com\/wordpress\/plugins\/seo\/ -->\n<title>Projektleitung | Studio Hamburg Design Works<\/title>\n<meta name=\"description\" content=\"Der Bereich Projektleitung umfasst: Kompetentes Projektleitungsteam unter 5 Spezialgebieten, Kostenkalkulation, Internationale Projekterfahrung (weltweite Lieferung)\u00a0\" \/>\n<meta name=\"robots\" content=\"index, follow, max-snippet:-1, max-image-preview:large, max-video-preview:-1\" \/>\n<link rel=\"canonical\" href=\"https:\/\/www.studio-hamburg-design-works.de\/projektleitung\/\" \/>\n<meta property=\"og:locale\" content=\"en_US\" \/>\n<meta property=\"og:type\" content=\"article\" \/>\n<meta property=\"og:title\" content=\"Projektleitung | Studio Hamburg Design Works\" \/>\n<meta property=\"og:description\" content=\"Der Bereich Projektleitung umfasst: Kompetentes Projektleitungsteam unter 5 Spezialgebieten, Kostenkalkulation, Internationale Projekterfahrung (weltweite Lieferung)\u00a0\" \/>\n<meta property=\"og:url\" content=\"https:\/\/www.studio-hamburg-design-works.de\/projektleitung\/\" \/>\n<meta property=\"og:site_name\" content=\"Studio Hamburg Design Works\" \/>\n<meta property=\"article:modified_time\" content=\"2022-04-26T08:57:02+00:00\" \/>\n<meta name=\"twitter:card\" content=\"summary_large_image\" \/>\n<meta name=\"twitter:label1\" content=\"Est. reading time\" \/>\n\t<meta name=\"twitter:data1\" content=\"1 minute\" \/>\n<script type=\"application\/ld+json\" class=\"yoast-schema-graph\">{\"@context\":\"https:\/\/schema.org\",\"@graph\":[{\"@type\":\"WebPage\",\"@id\":\"https:\/\/www.studio-hamburg-design-works.de\/projektleitung\/\",\"url\":\"https:\/\/www.studio-hamburg-design-works.de\/projektleitung\/\",\"name\":\"Projektleitung | Studio Hamburg Design Works\",\"isPartOf\":{\"@id\":\"https:\/\/www.studio-hamburg-design-works.de\/#website\"},\"datePublished\":\"2015-11-27T09:53:40+00:00\",\"dateModified\":\"2022-04-26T08:57:02+00:00\",\"description\":\"Der Bereich Projektleitung umfasst: Kompetentes Projektleitungsteam unter 5 Spezialgebieten, Kostenkalkulation, Internationale Projekterfahrung (weltweite Lieferung)\u00a0\",\"breadcrumb\":{\"@id\":\"https:\/\/www.studio-hamburg-design-works.de\/projektleitung\/#breadcrumb\"},\"inLanguage\":\"en-US\",\"potentialAction\":[{\"@type\":\"ReadAction\",\"target\":[\"https:\/\/www.studio-hamburg-design-works.de\/projektleitung\/\"]}]},{\"@type\":\"BreadcrumbList\",\"@id\":\"https:\/\/www.studio-hamburg-design-works.de\/projektleitung\/#breadcrumb\",\"itemListElement\":[{\"@type\":\"ListItem\",\"position\":1,\"name\":\"Home\",\"item\":\"https:\/\/www.studio-hamburg-design-works.de\/\"},{\"@type\":\"ListItem\",\"position\":2,\"name\":\"Projektleitung\"}]},{\"@type\":\"WebSite\",\"@id\":\"https:\/\/www.studio-hamburg-design-works.de\/#website\",\"url\":\"https:\/\/www.studio-hamburg-design-works.de\/\",\"name\":\"Studio Hamburg Design Works\",\"description\":\"Mit hochqualifizierten Fachkr\u00e4ften und erfahrenen Projektleitern sind die Werkst\u00e4tten von Studio Hamburg weltweit eine der ersten Adressen f\u00fcr Dienstleistungen in den Bereichen B\u00fchnenbild-, Dekorations-, Ausstattungs- und Ausstellungsbau.\",\"publisher\":{\"@id\":\"https:\/\/www.studio-hamburg-design-works.de\/#organization\"},\"potentialAction\":[{\"@type\":\"SearchAction\",\"target\":{\"@type\":\"EntryPoint\",\"urlTemplate\":\"https:\/\/www.studio-hamburg-design-works.de\/?s={search_term_string}\"},\"query-input\":{\"@type\":\"PropertyValueSpecification\",\"valueRequired\":true,\"valueName\":\"search_term_string\"}}],\"inLanguage\":\"en-US\"},{\"@type\":\"Organization\",\"@id\":\"https:\/\/www.studio-hamburg-design-works.de\/#organization\",\"name\":\"Studio Hamburg Design Works\",\"url\":\"https:\/\/www.studio-hamburg-design-works.de\/\",\"logo\":{\"@type\":\"ImageObject\",\"inLanguage\":\"en-US\",\"@id\":\"https:\/\/www.studio-hamburg-design-works.de\/#\/schema\/logo\/image\/\",\"url\":\"https:\/\/www.studio-hamburg-design-works.de\/wp-content\/uploads\/2022\/01\/sh-design-works-logo-retina.png\",\"contentUrl\":\"https:\/\/www.studio-hamburg-design-works.de\/wp-content\/uploads\/2022\/01\/sh-design-works-logo-retina.png\",\"width\":400,\"height\":118,\"caption\":\"Studio Hamburg Design Works\"},\"image\":{\"@id\":\"https:\/\/www.studio-hamburg-design-works.de\/#\/schema\/logo\/image\/\"}}]}<\/script>\n<!-- \/ Yoast SEO plugin. -->","yoast_head_json":{"title":"Projektleitung | Studio Hamburg Design Works","description":"Der Bereich Projektleitung umfasst: Kompetentes Projektleitungsteam unter 5 Spezialgebieten, Kostenkalkulation, Internationale Projekterfahrung (weltweite Lieferung)\u00a0","robots":{"index":"index","follow":"follow","max-snippet":"max-snippet:-1","max-image-preview":"max-image-preview:large","max-video-preview":"max-video-preview:-1"},"canonical":"https:\/\/www.studio-hamburg-design-works.de\/projektleitung\/","og_locale":"en_US","og_type":"article","og_title":"Projektleitung | Studio Hamburg Design Works","og_description":"Der Bereich Projektleitung umfasst: Kompetentes Projektleitungsteam unter 5 Spezialgebieten, Kostenkalkulation, Internationale Projekterfahrung (weltweite Lieferung)\u00a0","og_url":"https:\/\/www.studio-hamburg-design-works.de\/projektleitung\/","og_site_name":"Studio Hamburg Design Works","article_modified_time":"2022-04-26T08:57:02+00:00","twitter_card":"summary_large_image","twitter_misc":{"Est. reading time":"1 minute"},"schema":{"@context":"https:\/\/schema.org","@graph":[{"@type":"WebPage","@id":"https:\/\/www.studio-hamburg-design-works.de\/projektleitung\/","url":"https:\/\/www.studio-hamburg-design-works.de\/projektleitung\/","name":"Projektleitung | Studio Hamburg Design Works","isPartOf":{"@id":"https:\/\/www.studio-hamburg-design-works.de\/#website"},"datePublished":"2015-11-27T09:53:40+00:00","dateModified":"2022-04-26T08:57:02+00:00","description":"Der Bereich Projektleitung umfasst: Kompetentes Projektleitungsteam unter 5 Spezialgebieten, Kostenkalkulation, Internationale Projekterfahrung (weltweite Lieferung)\u00a0","breadcrumb":{"@id":"https:\/\/www.studio-hamburg-design-works.de\/projektleitung\/#breadcrumb"},"inLanguage":"en-US","potentialAction":[{"@type":"ReadAction","target":["https:\/\/www.studio-hamburg-design-works.de\/projektleitung\/"]}]},{"@type":"BreadcrumbList","@id":"https:\/\/www.studio-hamburg-design-works.de\/projektleitung\/#breadcrumb","itemListElement":[{"@type":"ListItem","position":1,"name":"Home","item":"https:\/\/www.studio-hamburg-design-works.de\/"},{"@type":"ListItem","position":2,"name":"Projektleitung"}]},{"@type":"WebSite","@id":"https:\/\/www.studio-hamburg-design-works.de\/#website","url":"https:\/\/www.studio-hamburg-design-works.de\/","name":"Studio Hamburg Design Works","description":"Mit hochqualifizierten Fachkr\u00e4ften und erfahrenen Projektleitern sind die Werkst\u00e4tten von Studio Hamburg weltweit eine der ersten Adressen f\u00fcr Dienstleistungen in den Bereichen B\u00fchnenbild-, Dekorations-, Ausstattungs- und Ausstellungsbau.","publisher":{"@id":"https:\/\/www.studio-hamburg-design-works.de\/#organization"},"potentialAction":[{"@type":"SearchAction","target":{"@type":"EntryPoint","urlTemplate":"https:\/\/www.studio-hamburg-design-works.de\/?s={search_term_string}"},"query-input":{"@type":"PropertyValueSpecification","valueRequired":true,"valueName":"search_term_string"}}],"inLanguage":"en-US"},{"@type":"Organization","@id":"https:\/\/www.studio-hamburg-design-works.de\/#organization","name":"Studio Hamburg Design Works","url":"https:\/\/www.studio-hamburg-design-works.de\/","logo":{"@type":"ImageObject","inLanguage":"en-US","@id":"https:\/\/www.studio-hamburg-design-works.de\/#\/schema\/logo\/image\/","url":"https:\/\/www.studio-hamburg-design-works.de\/wp-content\/uploads\/2022\/01\/sh-design-works-logo-retina.png","contentUrl":"https:\/\/www.studio-hamburg-design-works.de\/wp-content\/uploads\/2022\/01\/sh-design-works-logo-retina.png","width":400,"height":118,"caption":"Studio Hamburg Design Works"},"image":{"@id":"https:\/\/www.studio-hamburg-design-works.de\/#\/schema\/logo\/image\/"}}]}},"_links":{"self":[{"href":"https:\/\/www.studio-hamburg-design-works.de\/en\/wp-json\/wp\/v2\/pages\/625","targetHints":{"allow":["GET"]}}],"collection":[{"href":"https:\/\/www.studio-hamburg-design-works.de\/en\/wp-json\/wp\/v2\/pages"}],"about":[{"href":"https:\/\/www.studio-hamburg-design-works.de\/en\/wp-json\/wp\/v2\/types\/page"}],"author":[{"embeddable":true,"href":"https:\/\/www.studio-hamburg-design-works.de\/en\/wp-json\/wp\/v2\/users\/5"}],"replies":[{"embeddable":true,"href":"https:\/\/www.studio-hamburg-design-works.de\/en\/wp-json\/wp\/v2\/comments?post=625"}],"version-history":[{"count":2,"href":"https:\/\/www.studio-hamburg-design-works.de\/en\/wp-json\/wp\/v2\/pages\/625\/revisions"}],"predecessor-version":[{"id":4387,"href":"https:\/\/www.studio-hamburg-design-works.de\/en\/wp-json\/wp\/v2\/pages\/625\/revisions\/4387"}],"wp:attachment":[{"href":"https:\/\/www.studio-hamburg-design-works.de\/en\/wp-json\/wp\/v2\/media?parent=625"}],"curies":[{"name":"wp","href":"https:\/\/api.w.org\/{rel}","templated":true}]}}