{"id":617,"date":"2015-11-27T10:33:25","date_gmt":"2015-11-27T09:33:25","guid":{"rendered":"http:\/\/www.studio-hamburg-design-works.de\/?page_id=617"},"modified":"2024-11-07T14:39:16","modified_gmt":"2024-11-07T13:39:16","slug":"planung-und-konstruktion","status":"publish","type":"page","link":"https:\/\/www.studio-hamburg-design-works.de\/en\/planung-und-konstruktion\/","title":{"rendered":"Planning &#038; Construction"},"content":{"rendered":"<div id=\"pl-617\"  class=\"panel-layout\" ><div id=\"pg-617-0\"  class=\"panel-grid panel-no-style\" ><div id=\"pgc-617-0-0\"  class=\"panel-grid-cell\" ><div id=\"panel-617-0-0-0\" class=\"so-panel widget widget_sow-image panel-first-child panel-last-child\" data-index=\"0\" ><div\n\t\t\t\n\t\t\tclass=\"so-widget-sow-image so-widget-sow-image-default-8b5b6f678277-617\"\n\t\t\t\n\t\t>\n<div class=\"sow-image-container\">\n\t\t<img \n\tsrc=\"https:\/\/www.studio-hamburg-design-works.de\/wp-content\/uploads\/2015\/11\/technische_zeichnung_01.jpg\" width=\"363\" height=\"363\" srcset=\"https:\/\/www.studio-hamburg-design-works.de\/wp-content\/uploads\/2015\/11\/technische_zeichnung_01.jpg 363w, https:\/\/www.studio-hamburg-design-works.de\/wp-content\/uploads\/2015\/11\/technische_zeichnung_01-150x150.jpg 150w, https:\/\/www.studio-hamburg-design-works.de\/wp-content\/uploads\/2015\/11\/technische_zeichnung_01-300x300.jpg 300w\" sizes=\"(max-width: 363px) 100vw, 363px\" alt=\"Techn. Zeichnung &amp; Konstruktion\" \t\tclass=\"so-widget-image\"\/>\n\t<\/div>\n\n<\/div><\/div><\/div><div id=\"pgc-617-0-1\"  class=\"panel-grid-cell\" ><div id=\"panel-617-0-1-0\" class=\"so-panel widget widget_sow-image panel-first-child panel-last-child\" data-index=\"1\" ><div\n\t\t\t\n\t\t\tclass=\"so-widget-sow-image so-widget-sow-image-default-8b5b6f678277-617\"\n\t\t\t\n\t\t>\n<div class=\"sow-image-container\">\n\t\t<img \n\tsrc=\"https:\/\/www.studio-hamburg-design-works.de\/wp-content\/uploads\/2015\/11\/technische_zeichnung_02.jpg\" width=\"363\" height=\"363\" srcset=\"https:\/\/www.studio-hamburg-design-works.de\/wp-content\/uploads\/2015\/11\/technische_zeichnung_02.jpg 363w, https:\/\/www.studio-hamburg-design-works.de\/wp-content\/uploads\/2015\/11\/technische_zeichnung_02-150x150.jpg 150w, https:\/\/www.studio-hamburg-design-works.de\/wp-content\/uploads\/2015\/11\/technische_zeichnung_02-300x300.jpg 300w\" sizes=\"(max-width: 363px) 100vw, 363px\" alt=\"Dekowerkstatt\" \t\tclass=\"so-widget-image\"\/>\n\t<\/div>\n\n<\/div><\/div><\/div><div id=\"pgc-617-0-2\"  class=\"panel-grid-cell\" ><div id=\"panel-617-0-2-0\" class=\"so-panel widget widget_sow-image panel-first-child panel-last-child\" data-index=\"2\" ><div\n\t\t\t\n\t\t\tclass=\"so-widget-sow-image so-widget-sow-image-default-8b5b6f678277-617\"\n\t\t\t\n\t\t>\n<div class=\"sow-image-container\">\n\t\t<img \n\tsrc=\"https:\/\/www.studio-hamburg-design-works.de\/wp-content\/uploads\/2015\/11\/technische_zeichnung_03.jpg\" width=\"363\" height=\"363\" srcset=\"https:\/\/www.studio-hamburg-design-works.de\/wp-content\/uploads\/2015\/11\/technische_zeichnung_03.jpg 363w, https:\/\/www.studio-hamburg-design-works.de\/wp-content\/uploads\/2015\/11\/technische_zeichnung_03-150x150.jpg 150w, https:\/\/www.studio-hamburg-design-works.de\/wp-content\/uploads\/2015\/11\/technische_zeichnung_03-300x300.jpg 300w\" sizes=\"(max-width: 363px) 100vw, 363px\" alt=\"Techn. Zeichnung &amp; Konstruktion\" \t\tclass=\"so-widget-image\"\/>\n\t<\/div>\n\n<\/div><\/div><\/div><\/div><div id=\"pg-617-1\"  class=\"panel-grid panel-no-style\" ><div id=\"pgc-617-1-0\"  class=\"panel-grid-cell\" ><div id=\"panel-617-1-0-0\" class=\"so-panel widget widget_sow-editor panel-first-child panel-last-child\" data-index=\"3\" ><div class=\"panel-widget-style panel-widget-style-for-617-1-0-0\" ><div\n\t\t\t\n\t\t\tclass=\"so-widget-sow-editor so-widget-sow-editor-base\"\n\t\t\t\n\t\t>\n<div class=\"siteorigin-widget-tinymce textwidget\">\n\t<p>\n<strong>14 permanent Team members qualified in:<\/strong><\/p>\n<ul style=\"list-style-type: square;\">\n<li>Technical drawing &amp; 2D and 3D construction<\/li>\n<li>Static structuring<\/li>\n<li>Animated representation of components<\/li>\n<li>Mock-Up &amp; model building<\/li>\n<li>Autodesk \u2013 Autocad &amp; Inventor<\/li>\n<li>3ds Max>\/li>\n<\/li>\n<li>Mc Neal Rhino<\/li>\n<li>Dlubal RSTAB \u2013 structural analysis software<\/li>\n<\/ul>\n<ul style=\"list-style-type: square;\">\n<li>10 CAD work stations<\/li>\n<li>AutoCAD<\/li>\n<li>Processing according to Client specifications<\/li>\n<li>Preparartion of presentation drawings<\/li>\n<\/ul>\n<ul style=\"list-style-type: square;\">\n<li>Vault Project Manager<\/li>\n<li>Load planning and balance calculation<\/li>\n<li>FEM-analysis<\/li>\n<li>Collision control<\/li>\n<li>Animation of kinetic kinematic elements<\/li>\n<\/ul>\n<ul style=\"list-style-type: square;\">\n<li>Design of steel supporting structures in accordance with Eurocode 3<\/li>\n<li>Design of Aluminium supporting structures in accordance with Eurocode 9<\/li>\n<li>Calculation of internal forces, deformations and Support reactions<\/li>\n<li>Structural optimization<\/li>\n<\/ul>\n<ul style=\"list-style-type: square;\">\n<li>3D Modeling<\/li>\n<li>Conversion of common CAD formats<\/li>\n<li>3D printing. Model material ABS in various colours<\/li>\n<\/ul>\n<ul style=\"list-style-type: square;\">\n<li>Adobe Photoshop, Illustrator und InDesign<\/li>\n<li>Photo editing<\/li>\n<li>Vectorizing of graphics<\/li>\n<\/ul>\n<\/div>\n<\/div><\/div><\/div><\/div><div id=\"pgc-617-1-1\"  class=\"panel-grid-cell\" ><div id=\"panel-617-1-1-0\" class=\"so-panel widget widget_sow-editor panel-first-child panel-last-child\" data-index=\"4\" ><div\n\t\t\t\n\t\t\tclass=\"so-widget-sow-editor so-widget-sow-editor-base\"\n\t\t\t\n\t\t>\n<div class=\"siteorigin-widget-tinymce textwidget\">\n\t<\/p>\n<h3>Contact:<\/h3>\n<p>Marco Mollenhauer<br \/>\nTelephone: +49 (0)40 6688-3358<br \/>\nE-Mail: <a href=\"&#109;a&#x69;l&#x74;o&#x3a;m&#x2e;m&#x6f;l&#x6c;&#101;&#x6e;&#104;&#x61;&#117;&#x65;&#114;&#x40;&#115;&#x74;&#117;&#x64;&#105;o&#x2d;h&#x61;m&#x62;u&#x72;g&#x2e;d&#x65;\">&#109;&#x2e;&#109;&#x6f;&#108;&#x6c;e&#x6e;h&#97;&#x75;&#101;&#x72;&#64;&#x73;t&#x75;d&#105;&#x6f;&#45;&#x68;&#97;&#x6d;&#98;&#x75;r&#x67;&#46;&#100;&#x65;<\/a><\/p>\n<\/div>\n<\/div><\/div><\/div><\/div><\/div>","protected":false},"excerpt":{"rendered":"<p>14 permanent Team members qualified in: Technical drawing &amp; 2D and 3D construction Static structuring Animated representation of components Mock-Up &amp; model building Autodesk \u2013 Autocad &amp; Inventor 3ds Max>\/li> Mc Neal Rhino Dlubal RSTAB \u2013 structural analysis software 10 &hellip; <a class=\"kt-excerpt-readmore\" href=\"https:\/\/www.studio-hamburg-design-works.de\/en\/planung-und-konstruktion\/\" aria-label=\"Planning &#038; Construction\">Read More<\/a><\/p>\n","protected":false},"author":5,"featured_media":0,"parent":0,"menu_order":0,"comment_status":"closed","ping_status":"closed","template":"page-fullwidth.php","meta":{"footnotes":""},"class_list":["post-617","page","type-page","status-publish","hentry"],"yoast_head":"<!-- This site is optimized with the Yoast SEO plugin v26.4 - https:\/\/yoast.com\/wordpress\/plugins\/seo\/ -->\n<title>Planung &amp; Konstruktion | Studio Hamburg Design Works<\/title>\n<meta name=\"description\" content=\"Der Bereich Technische Zeichnung &amp; Konstruktion umfasst: Techn. Zeichnung und 3D Konstruktion, Statische Dimensionierung, CNC Datens\u00e4tze erstellen, Animierte Darstellungen von Bauteilen, Mock-Up und Modellbau, 3D Druck, Autodesk \u2013 Autocad &amp; Inventor, Nemetschek \u2013 Vektorworks, Mc Neal \u2013 Rhino, Dlubal RSTAB\" \/>\n<meta name=\"robots\" content=\"index, follow, max-snippet:-1, max-image-preview:large, max-video-preview:-1\" \/>\n<link rel=\"canonical\" href=\"https:\/\/www.studio-hamburg-design-works.de\/planung-und-konstruktion\/\" \/>\n<meta property=\"og:locale\" content=\"en_US\" \/>\n<meta property=\"og:type\" content=\"article\" \/>\n<meta property=\"og:title\" content=\"Planung &amp; Konstruktion | Studio Hamburg Design Works\" \/>\n<meta property=\"og:description\" content=\"Der Bereich Technische Zeichnung &amp; Konstruktion umfasst: Techn. Zeichnung und 3D Konstruktion, Statische Dimensionierung, CNC Datens\u00e4tze erstellen, Animierte Darstellungen von Bauteilen, Mock-Up und Modellbau, 3D Druck, Autodesk \u2013 Autocad &amp; Inventor, Nemetschek \u2013 Vektorworks, Mc Neal \u2013 Rhino, Dlubal RSTAB\" \/>\n<meta property=\"og:url\" content=\"https:\/\/www.studio-hamburg-design-works.de\/planung-und-konstruktion\/\" \/>\n<meta property=\"og:site_name\" content=\"Studio Hamburg Design Works\" \/>\n<meta property=\"article:modified_time\" content=\"2024-11-07T13:39:16+00:00\" \/>\n<meta name=\"twitter:card\" content=\"summary_large_image\" \/>\n<meta name=\"twitter:label1\" content=\"Est. reading time\" \/>\n\t<meta name=\"twitter:data1\" content=\"2 minutes\" \/>\n<script type=\"application\/ld+json\" class=\"yoast-schema-graph\">{\"@context\":\"https:\/\/schema.org\",\"@graph\":[{\"@type\":\"WebPage\",\"@id\":\"https:\/\/www.studio-hamburg-design-works.de\/planung-und-konstruktion\/\",\"url\":\"https:\/\/www.studio-hamburg-design-works.de\/planung-und-konstruktion\/\",\"name\":\"Planung & Konstruktion | Studio Hamburg Design Works\",\"isPartOf\":{\"@id\":\"https:\/\/www.studio-hamburg-design-works.de\/#website\"},\"datePublished\":\"2015-11-27T09:33:25+00:00\",\"dateModified\":\"2024-11-07T13:39:16+00:00\",\"description\":\"Der Bereich Technische Zeichnung & Konstruktion umfasst: Techn. Zeichnung und 3D Konstruktion, Statische Dimensionierung, CNC Datens\u00e4tze erstellen, Animierte Darstellungen von Bauteilen, Mock-Up und Modellbau, 3D Druck, Autodesk \u2013 Autocad & Inventor, Nemetschek \u2013 Vektorworks, Mc Neal \u2013 Rhino, Dlubal RSTAB\",\"breadcrumb\":{\"@id\":\"https:\/\/www.studio-hamburg-design-works.de\/planung-und-konstruktion\/#breadcrumb\"},\"inLanguage\":\"en-US\",\"potentialAction\":[{\"@type\":\"ReadAction\",\"target\":[\"https:\/\/www.studio-hamburg-design-works.de\/planung-und-konstruktion\/\"]}]},{\"@type\":\"BreadcrumbList\",\"@id\":\"https:\/\/www.studio-hamburg-design-works.de\/planung-und-konstruktion\/#breadcrumb\",\"itemListElement\":[{\"@type\":\"ListItem\",\"position\":1,\"name\":\"Home\",\"item\":\"https:\/\/www.studio-hamburg-design-works.de\/\"},{\"@type\":\"ListItem\",\"position\":2,\"name\":\"Planung &#038; Konstruktion\"}]},{\"@type\":\"WebSite\",\"@id\":\"https:\/\/www.studio-hamburg-design-works.de\/#website\",\"url\":\"https:\/\/www.studio-hamburg-design-works.de\/\",\"name\":\"Studio Hamburg Design Works\",\"description\":\"Mit hochqualifizierten Fachkr\u00e4ften und erfahrenen Projektleitern sind die Werkst\u00e4tten von Studio Hamburg weltweit eine der ersten Adressen f\u00fcr Dienstleistungen in den Bereichen B\u00fchnenbild-, Dekorations-, Ausstattungs- und Ausstellungsbau.\",\"publisher\":{\"@id\":\"https:\/\/www.studio-hamburg-design-works.de\/#organization\"},\"potentialAction\":[{\"@type\":\"SearchAction\",\"target\":{\"@type\":\"EntryPoint\",\"urlTemplate\":\"https:\/\/www.studio-hamburg-design-works.de\/?s={search_term_string}\"},\"query-input\":{\"@type\":\"PropertyValueSpecification\",\"valueRequired\":true,\"valueName\":\"search_term_string\"}}],\"inLanguage\":\"en-US\"},{\"@type\":\"Organization\",\"@id\":\"https:\/\/www.studio-hamburg-design-works.de\/#organization\",\"name\":\"Studio Hamburg Design Works\",\"url\":\"https:\/\/www.studio-hamburg-design-works.de\/\",\"logo\":{\"@type\":\"ImageObject\",\"inLanguage\":\"en-US\",\"@id\":\"https:\/\/www.studio-hamburg-design-works.de\/#\/schema\/logo\/image\/\",\"url\":\"https:\/\/www.studio-hamburg-design-works.de\/wp-content\/uploads\/2022\/01\/sh-design-works-logo-retina.png\",\"contentUrl\":\"https:\/\/www.studio-hamburg-design-works.de\/wp-content\/uploads\/2022\/01\/sh-design-works-logo-retina.png\",\"width\":400,\"height\":118,\"caption\":\"Studio Hamburg Design Works\"},\"image\":{\"@id\":\"https:\/\/www.studio-hamburg-design-works.de\/#\/schema\/logo\/image\/\"}}]}<\/script>\n<!-- \/ Yoast SEO plugin. -->","yoast_head_json":{"title":"Planung & Konstruktion | Studio Hamburg Design Works","description":"Der Bereich Technische Zeichnung & Konstruktion umfasst: Techn. Zeichnung und 3D Konstruktion, Statische Dimensionierung, CNC Datens\u00e4tze erstellen, Animierte Darstellungen von Bauteilen, Mock-Up und Modellbau, 3D Druck, Autodesk \u2013 Autocad & Inventor, Nemetschek \u2013 Vektorworks, Mc Neal \u2013 Rhino, Dlubal RSTAB","robots":{"index":"index","follow":"follow","max-snippet":"max-snippet:-1","max-image-preview":"max-image-preview:large","max-video-preview":"max-video-preview:-1"},"canonical":"https:\/\/www.studio-hamburg-design-works.de\/planung-und-konstruktion\/","og_locale":"en_US","og_type":"article","og_title":"Planung & Konstruktion | Studio Hamburg Design Works","og_description":"Der Bereich Technische Zeichnung & Konstruktion umfasst: Techn. Zeichnung und 3D Konstruktion, Statische Dimensionierung, CNC Datens\u00e4tze erstellen, Animierte Darstellungen von Bauteilen, Mock-Up und Modellbau, 3D Druck, Autodesk \u2013 Autocad & Inventor, Nemetschek \u2013 Vektorworks, Mc Neal \u2013 Rhino, Dlubal RSTAB","og_url":"https:\/\/www.studio-hamburg-design-works.de\/planung-und-konstruktion\/","og_site_name":"Studio Hamburg Design Works","article_modified_time":"2024-11-07T13:39:16+00:00","twitter_card":"summary_large_image","twitter_misc":{"Est. reading time":"2 minutes"},"schema":{"@context":"https:\/\/schema.org","@graph":[{"@type":"WebPage","@id":"https:\/\/www.studio-hamburg-design-works.de\/planung-und-konstruktion\/","url":"https:\/\/www.studio-hamburg-design-works.de\/planung-und-konstruktion\/","name":"Planung & Konstruktion | Studio Hamburg Design Works","isPartOf":{"@id":"https:\/\/www.studio-hamburg-design-works.de\/#website"},"datePublished":"2015-11-27T09:33:25+00:00","dateModified":"2024-11-07T13:39:16+00:00","description":"Der Bereich Technische Zeichnung & Konstruktion umfasst: Techn. Zeichnung und 3D Konstruktion, Statische Dimensionierung, CNC Datens\u00e4tze erstellen, Animierte Darstellungen von Bauteilen, Mock-Up und Modellbau, 3D Druck, Autodesk \u2013 Autocad & Inventor, Nemetschek \u2013 Vektorworks, Mc Neal \u2013 Rhino, Dlubal RSTAB","breadcrumb":{"@id":"https:\/\/www.studio-hamburg-design-works.de\/planung-und-konstruktion\/#breadcrumb"},"inLanguage":"en-US","potentialAction":[{"@type":"ReadAction","target":["https:\/\/www.studio-hamburg-design-works.de\/planung-und-konstruktion\/"]}]},{"@type":"BreadcrumbList","@id":"https:\/\/www.studio-hamburg-design-works.de\/planung-und-konstruktion\/#breadcrumb","itemListElement":[{"@type":"ListItem","position":1,"name":"Home","item":"https:\/\/www.studio-hamburg-design-works.de\/"},{"@type":"ListItem","position":2,"name":"Planung &#038; Konstruktion"}]},{"@type":"WebSite","@id":"https:\/\/www.studio-hamburg-design-works.de\/#website","url":"https:\/\/www.studio-hamburg-design-works.de\/","name":"Studio Hamburg Design Works","description":"Mit hochqualifizierten Fachkr\u00e4ften und erfahrenen Projektleitern sind die Werkst\u00e4tten von Studio Hamburg weltweit eine der ersten Adressen f\u00fcr Dienstleistungen in den Bereichen B\u00fchnenbild-, Dekorations-, Ausstattungs- und Ausstellungsbau.","publisher":{"@id":"https:\/\/www.studio-hamburg-design-works.de\/#organization"},"potentialAction":[{"@type":"SearchAction","target":{"@type":"EntryPoint","urlTemplate":"https:\/\/www.studio-hamburg-design-works.de\/?s={search_term_string}"},"query-input":{"@type":"PropertyValueSpecification","valueRequired":true,"valueName":"search_term_string"}}],"inLanguage":"en-US"},{"@type":"Organization","@id":"https:\/\/www.studio-hamburg-design-works.de\/#organization","name":"Studio Hamburg Design Works","url":"https:\/\/www.studio-hamburg-design-works.de\/","logo":{"@type":"ImageObject","inLanguage":"en-US","@id":"https:\/\/www.studio-hamburg-design-works.de\/#\/schema\/logo\/image\/","url":"https:\/\/www.studio-hamburg-design-works.de\/wp-content\/uploads\/2022\/01\/sh-design-works-logo-retina.png","contentUrl":"https:\/\/www.studio-hamburg-design-works.de\/wp-content\/uploads\/2022\/01\/sh-design-works-logo-retina.png","width":400,"height":118,"caption":"Studio Hamburg Design Works"},"image":{"@id":"https:\/\/www.studio-hamburg-design-works.de\/#\/schema\/logo\/image\/"}}]}},"_links":{"self":[{"href":"https:\/\/www.studio-hamburg-design-works.de\/en\/wp-json\/wp\/v2\/pages\/617","targetHints":{"allow":["GET"]}}],"collection":[{"href":"https:\/\/www.studio-hamburg-design-works.de\/en\/wp-json\/wp\/v2\/pages"}],"about":[{"href":"https:\/\/www.studio-hamburg-design-works.de\/en\/wp-json\/wp\/v2\/types\/page"}],"author":[{"embeddable":true,"href":"https:\/\/www.studio-hamburg-design-works.de\/en\/wp-json\/wp\/v2\/users\/5"}],"replies":[{"embeddable":true,"href":"https:\/\/www.studio-hamburg-design-works.de\/en\/wp-json\/wp\/v2\/comments?post=617"}],"version-history":[{"count":3,"href":"https:\/\/www.studio-hamburg-design-works.de\/en\/wp-json\/wp\/v2\/pages\/617\/revisions"}],"predecessor-version":[{"id":4864,"href":"https:\/\/www.studio-hamburg-design-works.de\/en\/wp-json\/wp\/v2\/pages\/617\/revisions\/4864"}],"wp:attachment":[{"href":"https:\/\/www.studio-hamburg-design-works.de\/en\/wp-json\/wp\/v2\/media?parent=617"}],"curies":[{"name":"wp","href":"https:\/\/api.w.org\/{rel}","templated":true}]}}