{"id":598,"date":"2015-11-27T09:21:06","date_gmt":"2015-11-27T08:21:06","guid":{"rendered":"http:\/\/www.studio-hamburg-design-works.de\/?page_id=598"},"modified":"2022-04-26T10:50:19","modified_gmt":"2022-04-26T08:50:19","slug":"plastikerwerkstatt","status":"publish","type":"page","link":"https:\/\/www.studio-hamburg-design-works.de\/en\/plastikerwerkstatt\/","title":{"rendered":"Sculpting &#038; Modeling Workshop"},"content":{"rendered":"<div id=\"pl-598\"  class=\"panel-layout\" ><div id=\"pg-598-0\"  class=\"panel-grid panel-no-style\" ><div id=\"pgc-598-0-0\"  class=\"panel-grid-cell\" ><div id=\"panel-598-0-0-0\" class=\"so-panel widget widget_sow-image panel-first-child panel-last-child\" data-index=\"0\" ><div\n\t\t\t\n\t\t\tclass=\"so-widget-sow-image so-widget-sow-image-default-8b5b6f678277-598\"\n\t\t\t\n\t\t>\n<div class=\"sow-image-container\">\n\t\t<img \n\tsrc=\"https:\/\/www.studio-hamburg-design-works.de\/wp-content\/uploads\/2015\/11\/plastikerwerkstatt_01.jpg\" width=\"363\" height=\"363\" srcset=\"https:\/\/www.studio-hamburg-design-works.de\/wp-content\/uploads\/2015\/11\/plastikerwerkstatt_01.jpg 363w, https:\/\/www.studio-hamburg-design-works.de\/wp-content\/uploads\/2015\/11\/plastikerwerkstatt_01-150x150.jpg 150w, https:\/\/www.studio-hamburg-design-works.de\/wp-content\/uploads\/2015\/11\/plastikerwerkstatt_01-300x300.jpg 300w\" sizes=\"(max-width: 363px) 100vw, 363px\" alt=\"Plastikerwerkstatt\" \t\tclass=\"so-widget-image\"\/>\n\t<\/div>\n\n<\/div><\/div><\/div><div id=\"pgc-598-0-1\"  class=\"panel-grid-cell\" ><div id=\"panel-598-0-1-0\" class=\"so-panel widget widget_sow-image panel-first-child panel-last-child\" data-index=\"1\" ><div\n\t\t\t\n\t\t\tclass=\"so-widget-sow-image so-widget-sow-image-default-8b5b6f678277-598\"\n\t\t\t\n\t\t>\n<div class=\"sow-image-container\">\n\t\t<img \n\tsrc=\"https:\/\/www.studio-hamburg-design-works.de\/wp-content\/uploads\/2015\/11\/plastikerwerkstatt_02.jpg\" width=\"363\" height=\"363\" srcset=\"https:\/\/www.studio-hamburg-design-works.de\/wp-content\/uploads\/2015\/11\/plastikerwerkstatt_02.jpg 363w, https:\/\/www.studio-hamburg-design-works.de\/wp-content\/uploads\/2015\/11\/plastikerwerkstatt_02-150x150.jpg 150w, https:\/\/www.studio-hamburg-design-works.de\/wp-content\/uploads\/2015\/11\/plastikerwerkstatt_02-300x300.jpg 300w\" sizes=\"(max-width: 363px) 100vw, 363px\" alt=\"Dekowerkstatt\" \t\tclass=\"so-widget-image\"\/>\n\t<\/div>\n\n<\/div><\/div><\/div><div id=\"pgc-598-0-2\"  class=\"panel-grid-cell\" ><div id=\"panel-598-0-2-0\" class=\"so-panel widget widget_sow-image panel-first-child panel-last-child\" data-index=\"2\" ><div\n\t\t\t\n\t\t\tclass=\"so-widget-sow-image so-widget-sow-image-default-8b5b6f678277-598\"\n\t\t\t\n\t\t>\n<div class=\"sow-image-container\">\n\t\t<img \n\tsrc=\"https:\/\/www.studio-hamburg-design-works.de\/wp-content\/uploads\/2017\/04\/Tiefziehmaschine-gewerke.png\" width=\"363\" height=\"363\" srcset=\"https:\/\/www.studio-hamburg-design-works.de\/wp-content\/uploads\/2017\/04\/Tiefziehmaschine-gewerke.png 363w, https:\/\/www.studio-hamburg-design-works.de\/wp-content\/uploads\/2017\/04\/Tiefziehmaschine-gewerke-150x150.png 150w, https:\/\/www.studio-hamburg-design-works.de\/wp-content\/uploads\/2017\/04\/Tiefziehmaschine-gewerke-300x300.png 300w\" sizes=\"(max-width: 363px) 100vw, 363px\" alt=\"\" \t\tclass=\"so-widget-image\"\/>\n\t<\/div>\n\n<\/div><\/div><\/div><\/div><div id=\"pg-598-1\"  class=\"panel-grid panel-no-style\" ><div id=\"pgc-598-1-0\"  class=\"panel-grid-cell\" ><div id=\"panel-598-1-0-0\" class=\"so-panel widget widget_sow-editor panel-first-child panel-last-child\" data-index=\"3\" ><div class=\"panel-widget-style panel-widget-style-for-598-1-0-0\" ><div\n\t\t\t\n\t\t\tclass=\"so-widget-sow-editor so-widget-sow-editor-base\"\n\t\t\t\n\t\t>\n<div class=\"siteorigin-widget-tinymce textwidget\">\n\t<ul style=\"list-style-type: square;\">\n<li>Theatre sculpting and scenic painting<\/li>\n<li>Modeling and design (bricks,pillars,figures,animals,furniture)<\/li>\n<li>Reliefs in various materials (polystyrene,clay,plaster,stone,plastic etc.)<\/li>\n<li>Preliminary work for painting design<\/li>\n<li>Creation of fonts, signs and decoration<\/li>\n<li>Application of adhesives and bonding techniques<\/li>\n<li>High pressure System PU 2-K for foams and surface coating<\/li>\n<li>Polyurethane high pressure coating system<\/li>\n<li>Semi-automatic large-Format vaccum thermoforming machine Formech 1500<\/li>\n<\/ul>\n<\/div>\n<\/div><\/div><\/div><\/div><div id=\"pgc-598-1-1\"  class=\"panel-grid-cell\" ><div id=\"panel-598-1-1-0\" class=\"so-panel widget widget_sow-editor panel-first-child\" data-index=\"4\" ><div\n\t\t\t\n\t\t\tclass=\"so-widget-sow-editor so-widget-sow-editor-base\"\n\t\t\t\n\t\t>\n<div class=\"siteorigin-widget-tinymce textwidget\">\n\t<\/p>\n<h3>Contact:<\/h3>\n<p>Sebastian Vogel<br \/>\nTelephone: +49 (0)40 6688-3356<br \/>\nE-Mail: <a href=\"&#109;&#x61;i&#x6c;&#x74;&#111;&#x3a;s&#46;&#x76;&#111;&#x67;e&#108;&#x40;s&#x74;u&#100;&#x69;o&#x2d;&#x68;&#97;&#x6d;b&#117;&#x72;&#103;&#x2e;d&#101;\">s.vogel<\/a><a href=\"&#109;&#x61;&#x69;l&#116;&#x6f;:&#115;&#x2e;v&#111;&#x67;e&#108;&#x40;&#x73;&#116;&#x75;&#x64;i&#111;&#x2d;h&#97;&#x6d;b&#117;&#x72;&#x67;&#46;&#x64;&#x65;\">@studio-hamburg.de<\/a><\/p>\n<\/div>\n<\/div><\/div><div id=\"panel-598-1-1-1\" class=\"so-panel widget widget_sow-button panel-last-child\" data-index=\"5\" ><div\n\t\t\t\n\t\t\tclass=\"so-widget-sow-button so-widget-sow-button-atom-23810f58a5e4-598\"\n\t\t\t\n\t\t><div class=\"ow-button-base ow-button-align-center\"\n>\n\t\t\t<a\n\t\t\t\t\thref=\"https:\/\/www.studio-hamburg-design-works.de\/wp-content\/uploads\/2017\/08\/Flyer.pdf\"\n\t\t\t\t\tclass=\"sowb-button ow-icon-placement-left ow-button-hover\" \t>\n\t\t<span>\n\t\t\t\n\t\t\tFlyer Tiefziehen\t\t<\/span>\n\t\t\t<\/a>\n\t<\/div>\n<\/div><\/div><\/div><\/div><\/div>","protected":false},"excerpt":{"rendered":"<p>Theatre sculpting and scenic painting Modeling and design (bricks,pillars,figures,animals,furniture) Reliefs in various materials (polystyrene,clay,plaster,stone,plastic etc.) Preliminary work for painting design Creation of fonts, signs and decoration Application of adhesives and bonding techniques High pressure System PU 2-K for foams and &hellip; <a class=\"kt-excerpt-readmore\" href=\"https:\/\/www.studio-hamburg-design-works.de\/en\/plastikerwerkstatt\/\" aria-label=\"Sculpting &#038; Modeling Workshop\">Read More<\/a><\/p>\n","protected":false},"author":5,"featured_media":0,"parent":0,"menu_order":0,"comment_status":"closed","ping_status":"closed","template":"page-fullwidth.php","meta":{"footnotes":""},"class_list":["post-598","page","type-page","status-publish","hentry"],"yoast_head":"<!-- This site is optimized with the Yoast SEO plugin v26.4 - https:\/\/yoast.com\/wordpress\/plugins\/seo\/ -->\n<title>Plastikerwerkstatt | Studio Hamburg Design Works<\/title>\n<meta name=\"description\" content=\"Der Bereich Plastikerwerkstatt umfasst:\u00a0Theaterplastik, Polyurethan Hochdruck K\u00e4scher Anlage, Hochdruckanlage HD2 PU-Coating\" \/>\n<meta name=\"robots\" content=\"index, follow, max-snippet:-1, max-image-preview:large, max-video-preview:-1\" \/>\n<link rel=\"canonical\" href=\"https:\/\/www.studio-hamburg-design-works.de\/plastikerwerkstatt\/\" \/>\n<meta property=\"og:locale\" content=\"en_US\" \/>\n<meta property=\"og:type\" content=\"article\" \/>\n<meta property=\"og:title\" content=\"Plastikerwerkstatt | Studio Hamburg Design Works\" \/>\n<meta property=\"og:description\" content=\"Der Bereich Plastikerwerkstatt umfasst:\u00a0Theaterplastik, Polyurethan Hochdruck K\u00e4scher Anlage, Hochdruckanlage HD2 PU-Coating\" \/>\n<meta property=\"og:url\" content=\"https:\/\/www.studio-hamburg-design-works.de\/plastikerwerkstatt\/\" \/>\n<meta property=\"og:site_name\" content=\"Studio Hamburg Design Works\" \/>\n<meta property=\"article:modified_time\" content=\"2022-04-26T08:50:19+00:00\" \/>\n<meta name=\"twitter:card\" content=\"summary_large_image\" \/>\n<meta name=\"twitter:label1\" content=\"Est. reading time\" \/>\n\t<meta name=\"twitter:data1\" content=\"1 minute\" \/>\n<script type=\"application\/ld+json\" class=\"yoast-schema-graph\">{\"@context\":\"https:\/\/schema.org\",\"@graph\":[{\"@type\":\"WebPage\",\"@id\":\"https:\/\/www.studio-hamburg-design-works.de\/plastikerwerkstatt\/\",\"url\":\"https:\/\/www.studio-hamburg-design-works.de\/plastikerwerkstatt\/\",\"name\":\"Plastikerwerkstatt | Studio Hamburg Design Works\",\"isPartOf\":{\"@id\":\"https:\/\/www.studio-hamburg-design-works.de\/#website\"},\"datePublished\":\"2015-11-27T08:21:06+00:00\",\"dateModified\":\"2022-04-26T08:50:19+00:00\",\"description\":\"Der Bereich Plastikerwerkstatt umfasst:\u00a0Theaterplastik, Polyurethan Hochdruck K\u00e4scher Anlage, Hochdruckanlage HD2 PU-Coating\",\"breadcrumb\":{\"@id\":\"https:\/\/www.studio-hamburg-design-works.de\/plastikerwerkstatt\/#breadcrumb\"},\"inLanguage\":\"en-US\",\"potentialAction\":[{\"@type\":\"ReadAction\",\"target\":[\"https:\/\/www.studio-hamburg-design-works.de\/plastikerwerkstatt\/\"]}]},{\"@type\":\"BreadcrumbList\",\"@id\":\"https:\/\/www.studio-hamburg-design-works.de\/plastikerwerkstatt\/#breadcrumb\",\"itemListElement\":[{\"@type\":\"ListItem\",\"position\":1,\"name\":\"Home\",\"item\":\"https:\/\/www.studio-hamburg-design-works.de\/\"},{\"@type\":\"ListItem\",\"position\":2,\"name\":\"Plastikerwerkstatt\"}]},{\"@type\":\"WebSite\",\"@id\":\"https:\/\/www.studio-hamburg-design-works.de\/#website\",\"url\":\"https:\/\/www.studio-hamburg-design-works.de\/\",\"name\":\"Studio Hamburg Design Works\",\"description\":\"Mit hochqualifizierten Fachkr\u00e4ften und erfahrenen Projektleitern sind die Werkst\u00e4tten von Studio Hamburg weltweit eine der ersten Adressen f\u00fcr Dienstleistungen in den Bereichen B\u00fchnenbild-, Dekorations-, Ausstattungs- und Ausstellungsbau.\",\"publisher\":{\"@id\":\"https:\/\/www.studio-hamburg-design-works.de\/#organization\"},\"potentialAction\":[{\"@type\":\"SearchAction\",\"target\":{\"@type\":\"EntryPoint\",\"urlTemplate\":\"https:\/\/www.studio-hamburg-design-works.de\/?s={search_term_string}\"},\"query-input\":{\"@type\":\"PropertyValueSpecification\",\"valueRequired\":true,\"valueName\":\"search_term_string\"}}],\"inLanguage\":\"en-US\"},{\"@type\":\"Organization\",\"@id\":\"https:\/\/www.studio-hamburg-design-works.de\/#organization\",\"name\":\"Studio Hamburg Design Works\",\"url\":\"https:\/\/www.studio-hamburg-design-works.de\/\",\"logo\":{\"@type\":\"ImageObject\",\"inLanguage\":\"en-US\",\"@id\":\"https:\/\/www.studio-hamburg-design-works.de\/#\/schema\/logo\/image\/\",\"url\":\"https:\/\/www.studio-hamburg-design-works.de\/wp-content\/uploads\/2022\/01\/sh-design-works-logo-retina.png\",\"contentUrl\":\"https:\/\/www.studio-hamburg-design-works.de\/wp-content\/uploads\/2022\/01\/sh-design-works-logo-retina.png\",\"width\":400,\"height\":118,\"caption\":\"Studio Hamburg Design Works\"},\"image\":{\"@id\":\"https:\/\/www.studio-hamburg-design-works.de\/#\/schema\/logo\/image\/\"}}]}<\/script>\n<!-- \/ Yoast SEO plugin. -->","yoast_head_json":{"title":"Plastikerwerkstatt | Studio Hamburg Design Works","description":"Der Bereich Plastikerwerkstatt umfasst:\u00a0Theaterplastik, Polyurethan Hochdruck K\u00e4scher Anlage, Hochdruckanlage HD2 PU-Coating","robots":{"index":"index","follow":"follow","max-snippet":"max-snippet:-1","max-image-preview":"max-image-preview:large","max-video-preview":"max-video-preview:-1"},"canonical":"https:\/\/www.studio-hamburg-design-works.de\/plastikerwerkstatt\/","og_locale":"en_US","og_type":"article","og_title":"Plastikerwerkstatt | Studio Hamburg Design Works","og_description":"Der Bereich Plastikerwerkstatt umfasst:\u00a0Theaterplastik, Polyurethan Hochdruck K\u00e4scher Anlage, Hochdruckanlage HD2 PU-Coating","og_url":"https:\/\/www.studio-hamburg-design-works.de\/plastikerwerkstatt\/","og_site_name":"Studio Hamburg Design Works","article_modified_time":"2022-04-26T08:50:19+00:00","twitter_card":"summary_large_image","twitter_misc":{"Est. reading time":"1 minute"},"schema":{"@context":"https:\/\/schema.org","@graph":[{"@type":"WebPage","@id":"https:\/\/www.studio-hamburg-design-works.de\/plastikerwerkstatt\/","url":"https:\/\/www.studio-hamburg-design-works.de\/plastikerwerkstatt\/","name":"Plastikerwerkstatt | Studio Hamburg Design Works","isPartOf":{"@id":"https:\/\/www.studio-hamburg-design-works.de\/#website"},"datePublished":"2015-11-27T08:21:06+00:00","dateModified":"2022-04-26T08:50:19+00:00","description":"Der Bereich Plastikerwerkstatt umfasst:\u00a0Theaterplastik, Polyurethan Hochdruck K\u00e4scher Anlage, Hochdruckanlage HD2 PU-Coating","breadcrumb":{"@id":"https:\/\/www.studio-hamburg-design-works.de\/plastikerwerkstatt\/#breadcrumb"},"inLanguage":"en-US","potentialAction":[{"@type":"ReadAction","target":["https:\/\/www.studio-hamburg-design-works.de\/plastikerwerkstatt\/"]}]},{"@type":"BreadcrumbList","@id":"https:\/\/www.studio-hamburg-design-works.de\/plastikerwerkstatt\/#breadcrumb","itemListElement":[{"@type":"ListItem","position":1,"name":"Home","item":"https:\/\/www.studio-hamburg-design-works.de\/"},{"@type":"ListItem","position":2,"name":"Plastikerwerkstatt"}]},{"@type":"WebSite","@id":"https:\/\/www.studio-hamburg-design-works.de\/#website","url":"https:\/\/www.studio-hamburg-design-works.de\/","name":"Studio Hamburg Design Works","description":"Mit hochqualifizierten Fachkr\u00e4ften und erfahrenen Projektleitern sind die Werkst\u00e4tten von Studio Hamburg weltweit eine der ersten Adressen f\u00fcr Dienstleistungen in den Bereichen B\u00fchnenbild-, Dekorations-, Ausstattungs- und Ausstellungsbau.","publisher":{"@id":"https:\/\/www.studio-hamburg-design-works.de\/#organization"},"potentialAction":[{"@type":"SearchAction","target":{"@type":"EntryPoint","urlTemplate":"https:\/\/www.studio-hamburg-design-works.de\/?s={search_term_string}"},"query-input":{"@type":"PropertyValueSpecification","valueRequired":true,"valueName":"search_term_string"}}],"inLanguage":"en-US"},{"@type":"Organization","@id":"https:\/\/www.studio-hamburg-design-works.de\/#organization","name":"Studio Hamburg Design Works","url":"https:\/\/www.studio-hamburg-design-works.de\/","logo":{"@type":"ImageObject","inLanguage":"en-US","@id":"https:\/\/www.studio-hamburg-design-works.de\/#\/schema\/logo\/image\/","url":"https:\/\/www.studio-hamburg-design-works.de\/wp-content\/uploads\/2022\/01\/sh-design-works-logo-retina.png","contentUrl":"https:\/\/www.studio-hamburg-design-works.de\/wp-content\/uploads\/2022\/01\/sh-design-works-logo-retina.png","width":400,"height":118,"caption":"Studio Hamburg Design Works"},"image":{"@id":"https:\/\/www.studio-hamburg-design-works.de\/#\/schema\/logo\/image\/"}}]}},"_links":{"self":[{"href":"https:\/\/www.studio-hamburg-design-works.de\/en\/wp-json\/wp\/v2\/pages\/598","targetHints":{"allow":["GET"]}}],"collection":[{"href":"https:\/\/www.studio-hamburg-design-works.de\/en\/wp-json\/wp\/v2\/pages"}],"about":[{"href":"https:\/\/www.studio-hamburg-design-works.de\/en\/wp-json\/wp\/v2\/types\/page"}],"author":[{"embeddable":true,"href":"https:\/\/www.studio-hamburg-design-works.de\/en\/wp-json\/wp\/v2\/users\/5"}],"replies":[{"embeddable":true,"href":"https:\/\/www.studio-hamburg-design-works.de\/en\/wp-json\/wp\/v2\/comments?post=598"}],"version-history":[{"count":2,"href":"https:\/\/www.studio-hamburg-design-works.de\/en\/wp-json\/wp\/v2\/pages\/598\/revisions"}],"predecessor-version":[{"id":4379,"href":"https:\/\/www.studio-hamburg-design-works.de\/en\/wp-json\/wp\/v2\/pages\/598\/revisions\/4379"}],"wp:attachment":[{"href":"https:\/\/www.studio-hamburg-design-works.de\/en\/wp-json\/wp\/v2\/media?parent=598"}],"curies":[{"name":"wp","href":"https:\/\/api.w.org\/{rel}","templated":true}]}}