{"id":589,"date":"2015-11-27T09:05:01","date_gmt":"2015-11-27T08:05:01","guid":{"rendered":"http:\/\/www.studio-hamburg-design-works.de\/?page_id=589"},"modified":"2022-04-26T10:49:52","modified_gmt":"2022-04-26T08:49:52","slug":"malerei-kunstmalerei","status":"publish","type":"page","link":"https:\/\/www.studio-hamburg-design-works.de\/en\/malerei-kunstmalerei\/","title":{"rendered":"Painting and Art Work"},"content":{"rendered":"<div id=\"pl-589\"  class=\"panel-layout\" ><div id=\"pg-589-0\"  class=\"panel-grid panel-no-style\" ><div id=\"pgc-589-0-0\"  class=\"panel-grid-cell\" ><div id=\"panel-589-0-0-0\" class=\"so-panel widget widget_sow-image panel-first-child panel-last-child\" data-index=\"0\" ><div\n\t\t\t\n\t\t\tclass=\"so-widget-sow-image so-widget-sow-image-default-8b5b6f678277-589\"\n\t\t\t\n\t\t>\n<div class=\"sow-image-container\">\n\t\t<img \n\tsrc=\"https:\/\/www.studio-hamburg-design-works.de\/wp-content\/uploads\/2015\/11\/malerei_01.jpg\" width=\"363\" height=\"363\" srcset=\"https:\/\/www.studio-hamburg-design-works.de\/wp-content\/uploads\/2015\/11\/malerei_01.jpg 363w, https:\/\/www.studio-hamburg-design-works.de\/wp-content\/uploads\/2015\/11\/malerei_01-150x150.jpg 150w, https:\/\/www.studio-hamburg-design-works.de\/wp-content\/uploads\/2015\/11\/malerei_01-300x300.jpg 300w\" sizes=\"(max-width: 363px) 100vw, 363px\" alt=\"Malerei &amp; Kunstmalerei\" \t\tclass=\"so-widget-image\"\/>\n\t<\/div>\n\n<\/div><\/div><\/div><div id=\"pgc-589-0-1\"  class=\"panel-grid-cell\" ><div id=\"panel-589-0-1-0\" class=\"so-panel widget widget_sow-image panel-first-child panel-last-child\" data-index=\"1\" ><div\n\t\t\t\n\t\t\tclass=\"so-widget-sow-image so-widget-sow-image-default-8b5b6f678277-589\"\n\t\t\t\n\t\t>\n<div class=\"sow-image-container\">\n\t\t<img \n\tsrc=\"https:\/\/www.studio-hamburg-design-works.de\/wp-content\/uploads\/2016\/07\/Malerei363x363.png\" width=\"363\" height=\"363\" srcset=\"https:\/\/www.studio-hamburg-design-works.de\/wp-content\/uploads\/2016\/07\/Malerei363x363.png 363w, https:\/\/www.studio-hamburg-design-works.de\/wp-content\/uploads\/2016\/07\/Malerei363x363-150x150.png 150w, https:\/\/www.studio-hamburg-design-works.de\/wp-content\/uploads\/2016\/07\/Malerei363x363-300x300.png 300w\" sizes=\"(max-width: 363px) 100vw, 363px\" alt=\"Dekowerkstatt\" \t\tclass=\"so-widget-image\"\/>\n\t<\/div>\n\n<\/div><\/div><\/div><div id=\"pgc-589-0-2\"  class=\"panel-grid-cell\" ><div id=\"panel-589-0-2-0\" class=\"so-panel widget widget_sow-image panel-first-child panel-last-child\" data-index=\"2\" ><div\n\t\t\t\n\t\t\tclass=\"so-widget-sow-image so-widget-sow-image-default-8b5b6f678277-589\"\n\t\t\t\n\t\t>\n<div class=\"sow-image-container\">\n\t\t<img \n\tsrc=\"https:\/\/www.studio-hamburg-design-works.de\/wp-content\/uploads\/2022\/01\/Malerei-Kopie.jpg\" width=\"2048\" height=\"2048\" srcset=\"https:\/\/www.studio-hamburg-design-works.de\/wp-content\/uploads\/2022\/01\/Malerei-Kopie.jpg 2048w, https:\/\/www.studio-hamburg-design-works.de\/wp-content\/uploads\/2022\/01\/Malerei-Kopie-300x300.jpg 300w, https:\/\/www.studio-hamburg-design-works.de\/wp-content\/uploads\/2022\/01\/Malerei-Kopie-1024x1024.jpg 1024w, https:\/\/www.studio-hamburg-design-works.de\/wp-content\/uploads\/2022\/01\/Malerei-Kopie-150x150.jpg 150w, https:\/\/www.studio-hamburg-design-works.de\/wp-content\/uploads\/2022\/01\/Malerei-Kopie-768x768.jpg 768w, https:\/\/www.studio-hamburg-design-works.de\/wp-content\/uploads\/2022\/01\/Malerei-Kopie-1536x1536.jpg 1536w\" sizes=\"(max-width: 2048px) 100vw, 2048px\" title=\"Malerei\" alt=\"Malerei\" \t\tclass=\"so-widget-image\"\/>\n\t<\/div>\n\n<\/div><\/div><\/div><\/div><div id=\"pg-589-1\"  class=\"panel-grid panel-no-style\" ><div id=\"pgc-589-1-0\"  class=\"panel-grid-cell\" ><div id=\"panel-589-1-0-0\" class=\"so-panel widget widget_sow-editor panel-first-child panel-last-child\" data-index=\"3\" ><div class=\"panel-widget-style panel-widget-style-for-589-1-0-0\" ><div\n\t\t\t\n\t\t\tclass=\"so-widget-sow-editor so-widget-sow-editor-base\"\n\t\t\t\n\t\t>\n<div class=\"siteorigin-widget-tinymce textwidget\">\n\t<ul style=\"list-style-type: square;\">\n<li>8 qualified painters and varnishers<\/li>\n<li>Paint studio measuring 26m\u00b2x 14,50m\u00b2 incl. colour mixer-& backdrop hoist system<\/li>\n<li>Airless-system<\/li>\n<li>Spray booth & drying booth<\/li>\n<li>Colour stock with Caparol Color Express tone system (all common shades can be mixed)<\/li>\n<li>Certified fire-resistant paint<\/li>\n<li>Surface design and faux effects on various materials<\/li>\n<li>Colour fades<\/li>\n<li>Wood and marble imitation<\/li>\n<li>Furniture varnishing<\/li>\n<\/ul>\n<\/div>\n<\/div><\/div><\/div><\/div><div id=\"pgc-589-1-1\"  class=\"panel-grid-cell\" ><div id=\"panel-589-1-1-0\" class=\"so-panel widget widget_sow-editor panel-first-child panel-last-child\" data-index=\"4\" ><div\n\t\t\t\n\t\t\tclass=\"so-widget-sow-editor so-widget-sow-editor-base\"\n\t\t\t\n\t\t>\n<div class=\"siteorigin-widget-tinymce textwidget\">\n\t<\/p>\n<h3>Contact:<\/h3>\n<p>Sebastian Vogel<br \/>\nTelephone: +49 (0)40 6688-3356<br \/>\nE-Mail: <a href=\"ma&#105;&#108;&#116;&#111;&#x3a;&#x73;&#x2e;&#x76;&#x6f;ge&#108;&#64;&#115;&#116;&#x75;&#x64;&#x69;&#x6f;&#x2d;ha&#109;&#98;&#117;&#114;&#x67;&#x2e;&#x64;&#x65;\">s.vogel<\/a><a href=\"mai&#108;&#116;&#111;&#x3a;&#x73;&#x2e;&#x76;&#x6f;&#x67;el&#64;&#115;&#116;&#117;&#100;&#x69;&#x6f;&#x2d;&#x68;&#x61;&#x6d;bur&#103;&#46;&#100;&#x65;\">@studio-hamburg.de<\/a><\/p>\n<\/div>\n<\/div><\/div><\/div><\/div><\/div>","protected":false},"excerpt":{"rendered":"<p>8 qualified painters and varnishers Paint studio measuring 26m\u00b2x 14,50m\u00b2 incl. colour mixer-&#038; backdrop hoist system Airless-system Spray booth &#038; drying booth Colour stock with Caparol Color Express tone system (all common shades can be mixed) Certified fire-resistant paint Surface &hellip; <a class=\"kt-excerpt-readmore\" href=\"https:\/\/www.studio-hamburg-design-works.de\/en\/malerei-kunstmalerei\/\" aria-label=\"Painting and Art Work\">Read More<\/a><\/p>\n","protected":false},"author":5,"featured_media":0,"parent":0,"menu_order":0,"comment_status":"closed","ping_status":"closed","template":"page-fullwidth.php","meta":{"footnotes":""},"class_list":["post-589","page","type-page","status-publish","hentry"],"yoast_head":"<!-- This site is optimized with the Yoast SEO plugin v26.4 - https:\/\/yoast.com\/wordpress\/plugins\/seo\/ -->\n<title>Malerei &amp; Kunstmalerei | Studio Hamburg Design Works<\/title>\n<meta name=\"description\" content=\"Der Bereich Malerei &amp; Kunstmalerei umfasst:\u00a0Malersaal mit Farbmischung Prospektzuganlage, Spritzkabine und Trockenkammer, Theatermalerei, Gepr\u00fcfte Brandschutzfarbe, Airless-Anlage\" \/>\n<meta name=\"robots\" content=\"index, follow, max-snippet:-1, max-image-preview:large, max-video-preview:-1\" \/>\n<link rel=\"canonical\" href=\"https:\/\/www.studio-hamburg-design-works.de\/malerei-kunstmalerei\/\" \/>\n<meta property=\"og:locale\" content=\"en_US\" \/>\n<meta property=\"og:type\" content=\"article\" \/>\n<meta property=\"og:title\" content=\"Malerei &amp; Kunstmalerei | Studio Hamburg Design Works\" \/>\n<meta property=\"og:description\" content=\"Der Bereich Malerei &amp; Kunstmalerei umfasst:\u00a0Malersaal mit Farbmischung Prospektzuganlage, Spritzkabine und Trockenkammer, Theatermalerei, Gepr\u00fcfte Brandschutzfarbe, Airless-Anlage\" \/>\n<meta property=\"og:url\" content=\"https:\/\/www.studio-hamburg-design-works.de\/malerei-kunstmalerei\/\" \/>\n<meta property=\"og:site_name\" content=\"Studio Hamburg Design Works\" \/>\n<meta property=\"article:modified_time\" content=\"2022-04-26T08:49:52+00:00\" \/>\n<meta name=\"twitter:card\" content=\"summary_large_image\" \/>\n<meta name=\"twitter:label1\" content=\"Est. reading time\" \/>\n\t<meta name=\"twitter:data1\" content=\"1 minute\" \/>\n<script type=\"application\/ld+json\" class=\"yoast-schema-graph\">{\"@context\":\"https:\/\/schema.org\",\"@graph\":[{\"@type\":\"WebPage\",\"@id\":\"https:\/\/www.studio-hamburg-design-works.de\/malerei-kunstmalerei\/\",\"url\":\"https:\/\/www.studio-hamburg-design-works.de\/malerei-kunstmalerei\/\",\"name\":\"Malerei & Kunstmalerei | Studio Hamburg Design Works\",\"isPartOf\":{\"@id\":\"https:\/\/www.studio-hamburg-design-works.de\/#website\"},\"datePublished\":\"2015-11-27T08:05:01+00:00\",\"dateModified\":\"2022-04-26T08:49:52+00:00\",\"description\":\"Der Bereich Malerei & Kunstmalerei umfasst:\u00a0Malersaal mit Farbmischung Prospektzuganlage, Spritzkabine und Trockenkammer, Theatermalerei, Gepr\u00fcfte Brandschutzfarbe, Airless-Anlage\",\"breadcrumb\":{\"@id\":\"https:\/\/www.studio-hamburg-design-works.de\/malerei-kunstmalerei\/#breadcrumb\"},\"inLanguage\":\"en-US\",\"potentialAction\":[{\"@type\":\"ReadAction\",\"target\":[\"https:\/\/www.studio-hamburg-design-works.de\/malerei-kunstmalerei\/\"]}]},{\"@type\":\"BreadcrumbList\",\"@id\":\"https:\/\/www.studio-hamburg-design-works.de\/malerei-kunstmalerei\/#breadcrumb\",\"itemListElement\":[{\"@type\":\"ListItem\",\"position\":1,\"name\":\"Home\",\"item\":\"https:\/\/www.studio-hamburg-design-works.de\/\"},{\"@type\":\"ListItem\",\"position\":2,\"name\":\"Malerei &#038; Kunstmalerei\"}]},{\"@type\":\"WebSite\",\"@id\":\"https:\/\/www.studio-hamburg-design-works.de\/#website\",\"url\":\"https:\/\/www.studio-hamburg-design-works.de\/\",\"name\":\"Studio Hamburg Design Works\",\"description\":\"Mit hochqualifizierten Fachkr\u00e4ften und erfahrenen Projektleitern sind die Werkst\u00e4tten von Studio Hamburg weltweit eine der ersten Adressen f\u00fcr Dienstleistungen in den Bereichen B\u00fchnenbild-, Dekorations-, Ausstattungs- und Ausstellungsbau.\",\"publisher\":{\"@id\":\"https:\/\/www.studio-hamburg-design-works.de\/#organization\"},\"potentialAction\":[{\"@type\":\"SearchAction\",\"target\":{\"@type\":\"EntryPoint\",\"urlTemplate\":\"https:\/\/www.studio-hamburg-design-works.de\/?s={search_term_string}\"},\"query-input\":{\"@type\":\"PropertyValueSpecification\",\"valueRequired\":true,\"valueName\":\"search_term_string\"}}],\"inLanguage\":\"en-US\"},{\"@type\":\"Organization\",\"@id\":\"https:\/\/www.studio-hamburg-design-works.de\/#organization\",\"name\":\"Studio Hamburg Design Works\",\"url\":\"https:\/\/www.studio-hamburg-design-works.de\/\",\"logo\":{\"@type\":\"ImageObject\",\"inLanguage\":\"en-US\",\"@id\":\"https:\/\/www.studio-hamburg-design-works.de\/#\/schema\/logo\/image\/\",\"url\":\"https:\/\/www.studio-hamburg-design-works.de\/wp-content\/uploads\/2022\/01\/sh-design-works-logo-retina.png\",\"contentUrl\":\"https:\/\/www.studio-hamburg-design-works.de\/wp-content\/uploads\/2022\/01\/sh-design-works-logo-retina.png\",\"width\":400,\"height\":118,\"caption\":\"Studio Hamburg Design Works\"},\"image\":{\"@id\":\"https:\/\/www.studio-hamburg-design-works.de\/#\/schema\/logo\/image\/\"}}]}<\/script>\n<!-- \/ Yoast SEO plugin. -->","yoast_head_json":{"title":"Malerei & Kunstmalerei | Studio Hamburg Design Works","description":"Der Bereich Malerei & Kunstmalerei umfasst:\u00a0Malersaal mit Farbmischung Prospektzuganlage, Spritzkabine und Trockenkammer, Theatermalerei, Gepr\u00fcfte Brandschutzfarbe, Airless-Anlage","robots":{"index":"index","follow":"follow","max-snippet":"max-snippet:-1","max-image-preview":"max-image-preview:large","max-video-preview":"max-video-preview:-1"},"canonical":"https:\/\/www.studio-hamburg-design-works.de\/malerei-kunstmalerei\/","og_locale":"en_US","og_type":"article","og_title":"Malerei & Kunstmalerei | Studio Hamburg Design Works","og_description":"Der Bereich Malerei & Kunstmalerei umfasst:\u00a0Malersaal mit Farbmischung Prospektzuganlage, Spritzkabine und Trockenkammer, Theatermalerei, Gepr\u00fcfte Brandschutzfarbe, Airless-Anlage","og_url":"https:\/\/www.studio-hamburg-design-works.de\/malerei-kunstmalerei\/","og_site_name":"Studio Hamburg Design Works","article_modified_time":"2022-04-26T08:49:52+00:00","twitter_card":"summary_large_image","twitter_misc":{"Est. reading time":"1 minute"},"schema":{"@context":"https:\/\/schema.org","@graph":[{"@type":"WebPage","@id":"https:\/\/www.studio-hamburg-design-works.de\/malerei-kunstmalerei\/","url":"https:\/\/www.studio-hamburg-design-works.de\/malerei-kunstmalerei\/","name":"Malerei & Kunstmalerei | Studio Hamburg Design Works","isPartOf":{"@id":"https:\/\/www.studio-hamburg-design-works.de\/#website"},"datePublished":"2015-11-27T08:05:01+00:00","dateModified":"2022-04-26T08:49:52+00:00","description":"Der Bereich Malerei & Kunstmalerei umfasst:\u00a0Malersaal mit Farbmischung Prospektzuganlage, Spritzkabine und Trockenkammer, Theatermalerei, Gepr\u00fcfte Brandschutzfarbe, Airless-Anlage","breadcrumb":{"@id":"https:\/\/www.studio-hamburg-design-works.de\/malerei-kunstmalerei\/#breadcrumb"},"inLanguage":"en-US","potentialAction":[{"@type":"ReadAction","target":["https:\/\/www.studio-hamburg-design-works.de\/malerei-kunstmalerei\/"]}]},{"@type":"BreadcrumbList","@id":"https:\/\/www.studio-hamburg-design-works.de\/malerei-kunstmalerei\/#breadcrumb","itemListElement":[{"@type":"ListItem","position":1,"name":"Home","item":"https:\/\/www.studio-hamburg-design-works.de\/"},{"@type":"ListItem","position":2,"name":"Malerei &#038; Kunstmalerei"}]},{"@type":"WebSite","@id":"https:\/\/www.studio-hamburg-design-works.de\/#website","url":"https:\/\/www.studio-hamburg-design-works.de\/","name":"Studio Hamburg Design Works","description":"Mit hochqualifizierten Fachkr\u00e4ften und erfahrenen Projektleitern sind die Werkst\u00e4tten von Studio Hamburg weltweit eine der ersten Adressen f\u00fcr Dienstleistungen in den Bereichen B\u00fchnenbild-, Dekorations-, Ausstattungs- und Ausstellungsbau.","publisher":{"@id":"https:\/\/www.studio-hamburg-design-works.de\/#organization"},"potentialAction":[{"@type":"SearchAction","target":{"@type":"EntryPoint","urlTemplate":"https:\/\/www.studio-hamburg-design-works.de\/?s={search_term_string}"},"query-input":{"@type":"PropertyValueSpecification","valueRequired":true,"valueName":"search_term_string"}}],"inLanguage":"en-US"},{"@type":"Organization","@id":"https:\/\/www.studio-hamburg-design-works.de\/#organization","name":"Studio Hamburg Design Works","url":"https:\/\/www.studio-hamburg-design-works.de\/","logo":{"@type":"ImageObject","inLanguage":"en-US","@id":"https:\/\/www.studio-hamburg-design-works.de\/#\/schema\/logo\/image\/","url":"https:\/\/www.studio-hamburg-design-works.de\/wp-content\/uploads\/2022\/01\/sh-design-works-logo-retina.png","contentUrl":"https:\/\/www.studio-hamburg-design-works.de\/wp-content\/uploads\/2022\/01\/sh-design-works-logo-retina.png","width":400,"height":118,"caption":"Studio Hamburg Design Works"},"image":{"@id":"https:\/\/www.studio-hamburg-design-works.de\/#\/schema\/logo\/image\/"}}]}},"_links":{"self":[{"href":"https:\/\/www.studio-hamburg-design-works.de\/en\/wp-json\/wp\/v2\/pages\/589","targetHints":{"allow":["GET"]}}],"collection":[{"href":"https:\/\/www.studio-hamburg-design-works.de\/en\/wp-json\/wp\/v2\/pages"}],"about":[{"href":"https:\/\/www.studio-hamburg-design-works.de\/en\/wp-json\/wp\/v2\/types\/page"}],"author":[{"embeddable":true,"href":"https:\/\/www.studio-hamburg-design-works.de\/en\/wp-json\/wp\/v2\/users\/5"}],"replies":[{"embeddable":true,"href":"https:\/\/www.studio-hamburg-design-works.de\/en\/wp-json\/wp\/v2\/comments?post=589"}],"version-history":[{"count":2,"href":"https:\/\/www.studio-hamburg-design-works.de\/en\/wp-json\/wp\/v2\/pages\/589\/revisions"}],"predecessor-version":[{"id":4377,"href":"https:\/\/www.studio-hamburg-design-works.de\/en\/wp-json\/wp\/v2\/pages\/589\/revisions\/4377"}],"wp:attachment":[{"href":"https:\/\/www.studio-hamburg-design-works.de\/en\/wp-json\/wp\/v2\/media?parent=589"}],"curies":[{"name":"wp","href":"https:\/\/api.w.org\/{rel}","templated":true}]}}