{"id":584,"date":"2015-11-26T16:27:53","date_gmt":"2015-11-26T15:27:53","guid":{"rendered":"http:\/\/www.studio-hamburg-design-works.de\/?page_id=584"},"modified":"2023-06-15T13:46:27","modified_gmt":"2023-06-15T11:46:27","slug":"set-elektrik","status":"publish","type":"page","link":"https:\/\/www.studio-hamburg-design-works.de\/en\/set-elektrik\/","title":{"rendered":"Set electrics"},"content":{"rendered":"<div id=\"pl-584\"  class=\"panel-layout\" ><div id=\"pg-584-0\"  class=\"panel-grid panel-no-style\" ><div id=\"pgc-584-0-0\"  class=\"panel-grid-cell\" ><div id=\"panel-584-0-0-0\" class=\"so-panel widget widget_sow-image panel-first-child panel-last-child\" data-index=\"0\" ><div\n\t\t\t\n\t\t\tclass=\"so-widget-sow-image so-widget-sow-image-default-8b5b6f678277-584\"\n\t\t\t\n\t\t>\n<div class=\"sow-image-container\">\n\t\t<img \n\tsrc=\"https:\/\/www.studio-hamburg-design-works.de\/wp-content\/uploads\/2022\/04\/ste-elektrik-01.jpg\" width=\"363\" height=\"363\" srcset=\"https:\/\/www.studio-hamburg-design-works.de\/wp-content\/uploads\/2022\/04\/ste-elektrik-01.jpg 363w, https:\/\/www.studio-hamburg-design-works.de\/wp-content\/uploads\/2022\/04\/ste-elektrik-01-300x300.jpg 300w, https:\/\/www.studio-hamburg-design-works.de\/wp-content\/uploads\/2022\/04\/ste-elektrik-01-150x150.jpg 150w\" sizes=\"(max-width: 363px) 100vw, 363px\" title=\"Set Elektrik\" alt=\"Set Elektrik\" \t\tclass=\"so-widget-image\"\/>\n\t<\/div>\n\n<\/div><\/div><\/div><div id=\"pgc-584-0-1\"  class=\"panel-grid-cell\" ><div id=\"panel-584-0-1-0\" class=\"so-panel widget widget_sow-image panel-first-child panel-last-child\" data-index=\"1\" ><div\n\t\t\t\n\t\t\tclass=\"so-widget-sow-image so-widget-sow-image-default-8b5b6f678277-584\"\n\t\t\t\n\t\t>\n<div class=\"sow-image-container\">\n\t\t<img \n\tsrc=\"https:\/\/www.studio-hamburg-design-works.de\/wp-content\/uploads\/2022\/04\/set-elektrik-02.jpg\" width=\"363\" height=\"363\" srcset=\"https:\/\/www.studio-hamburg-design-works.de\/wp-content\/uploads\/2022\/04\/set-elektrik-02.jpg 363w, https:\/\/www.studio-hamburg-design-works.de\/wp-content\/uploads\/2022\/04\/set-elektrik-02-300x300.jpg 300w, https:\/\/www.studio-hamburg-design-works.de\/wp-content\/uploads\/2022\/04\/set-elektrik-02-150x150.jpg 150w\" sizes=\"(max-width: 363px) 100vw, 363px\" title=\"Set Elektrik\" alt=\"Set Elektrik\" \t\tclass=\"so-widget-image\"\/>\n\t<\/div>\n\n<\/div><\/div><\/div><div id=\"pgc-584-0-2\"  class=\"panel-grid-cell\" ><div id=\"panel-584-0-2-0\" class=\"so-panel widget widget_sow-image panel-first-child panel-last-child\" data-index=\"2\" ><div\n\t\t\t\n\t\t\tclass=\"so-widget-sow-image so-widget-sow-image-default-8b5b6f678277-584\"\n\t\t\t\n\t\t>\n<div class=\"sow-image-container\">\n\t\t<img \n\tsrc=\"https:\/\/www.studio-hamburg-design-works.de\/wp-content\/uploads\/2015\/11\/elektrowerkstatt_03.jpg\" width=\"363\" height=\"363\" srcset=\"https:\/\/www.studio-hamburg-design-works.de\/wp-content\/uploads\/2015\/11\/elektrowerkstatt_03.jpg 363w, https:\/\/www.studio-hamburg-design-works.de\/wp-content\/uploads\/2015\/11\/elektrowerkstatt_03-150x150.jpg 150w, https:\/\/www.studio-hamburg-design-works.de\/wp-content\/uploads\/2015\/11\/elektrowerkstatt_03-300x300.jpg 300w\" sizes=\"(max-width: 363px) 100vw, 363px\" title=\"Set Elektrik\" alt=\"Set Elektrik\" \t\tclass=\"so-widget-image\"\/>\n\t<\/div>\n\n<\/div><\/div><\/div><\/div><div id=\"pg-584-1\"  class=\"panel-grid panel-no-style\" ><div id=\"pgc-584-1-0\"  class=\"panel-grid-cell\" ><div id=\"panel-584-1-0-0\" class=\"so-panel widget widget_sow-editor panel-first-child panel-last-child\" data-index=\"3\" ><div class=\"panel-widget-style panel-widget-style-for-584-1-0-0\" ><div\n\t\t\t\n\t\t\tclass=\"so-widget-sow-editor so-widget-sow-editor-base\"\n\t\t\t\n\t\t>\n<div class=\"siteorigin-widget-tinymce textwidget\">\n\t<ul style=\"list-style-type: square;\">\n<li>7 trained electronics technicians and event technicians as well as freelancers<\/li>\n<li>Lighting effects, effect lighting &amp; control technology<\/li>\n<li>Individual, innovative lighting systems whether wired or battery-based<\/li>\n<li>Wireless DMX<\/li>\n<li>LED Rental\/Sale for TV productions and events worldwide - (Schnick-Schnack Systems, Philips, Osram, etc.)<\/li>\n<li>Equipping theatres and musicals with effect lighting<\/li>\n<li>Kinetics (risers, turntables and gates)<\/li>\n<li>Project planning and handling, lighting design and preparation of circuit diagrams according to customer requirements<\/li>\n<li>Large assortment of all common illuminants, components, cables and wires from installation technology<\/li>\n<\/ul>\n<p><strong><br \/>\nMeasuring instruments, Manual tools and machines<\/strong><\/p>\n<ul style=\"list-style-type: square;\">\n<li>Gossen Metrawatt Secutest SII (Tests according to VDE701-702)<\/li>\n<li>Gossen Metrawatt Secutest Pro (Tests according to VDE701-702)<\/li>\n<li>Gossen Metrawatt Pr\u00fcfkoffer AT-3IIIE (Tests according to VDE701-702)<\/li>\n<li>Gossen Metrawatt Porfitest 0100S<\/li>\n<li>(Tests according to VDE0100 Teil 600 u. 0105 Teil 100)<\/li>\n<li>Gossen Metrawatt Mxtra (tests according to VDE0100 Teil 600 u. 0105 Teil 100)<\/li>\n<li>Lantek 6, certifier for data, network measurement and fault analysis<\/li>\n<li>Fluke 1654 B (tests according to VDE0100 Teil 600 u. 0105 Teil 100)<\/li>\n<li>PSA for lift trucks and special ground vehicles<\/li>\n<li>Various ladders and scaffolds for practical use<\/li>\n<li>Div. Hilti pneumatic drill hammers, core drilling machine<\/li>\n<\/ul>\n<\/div>\n<\/div><\/div><\/div><\/div><div id=\"pgc-584-1-1\"  class=\"panel-grid-cell\" ><div id=\"panel-584-1-1-0\" class=\"so-panel widget widget_sow-editor panel-first-child panel-last-child\" data-index=\"4\" ><div\n\t\t\t\n\t\t\tclass=\"so-widget-sow-editor so-widget-sow-editor-base\"\n\t\t\t\n\t\t>\n<div class=\"siteorigin-widget-tinymce textwidget\">\n\t<h3>Contact:<\/h3>\n<p>Mike Jahn<br \/>\nTelephone: +49 (0)40 6688-3407<br \/>\nE-Mail: <a href=\"&#x6d;&#97;i&#x6c;&#116;o&#x3a;&#109;&#46;&#x6a;&#97;h&#x6e;&#64;s&#x74;&#x75;d&#x69;&#x6f;&#45;&#x68;&#x61;&#109;&#x62;&#x75;&#114;g&#x2e;&#100;e\">&#x6d;&#x2e;&#x6a;&#x61;&#x68;&#x6e;&#x40;&#x73;&#x74;&#x75;&#x64;&#x69;&#x6f;&#x2d;&#x68;&#x61;&#x6d;&#x62;&#x75;&#x72;&#x67;&#x2e;&#x64;&#x65;<\/a><\/p>\n<\/div>\n<\/div><\/div><\/div><\/div><\/div>","protected":false},"excerpt":{"rendered":"<p>7 trained electronics technicians and event technicians as well as freelancers Lighting effects, effect lighting &amp; control technology Individual, innovative lighting systems whether wired or battery-based Wireless DMX LED Rental\/Sale for TV productions and events worldwide &#8211; (Schnick-Schnack Systems, Philips, &hellip; <a class=\"kt-excerpt-readmore\" href=\"https:\/\/www.studio-hamburg-design-works.de\/en\/set-elektrik\/\" aria-label=\"Set electrics\">Read More<\/a><\/p>\n","protected":false},"author":5,"featured_media":0,"parent":0,"menu_order":0,"comment_status":"closed","ping_status":"closed","template":"page-fullwidth.php","meta":{"footnotes":""},"class_list":["post-584","page","type-page","status-publish","hentry"],"yoast_head":"<!-- This site is optimized with the Yoast SEO plugin v26.4 - https:\/\/yoast.com\/wordpress\/plugins\/seo\/ -->\n<title>Set Elektrik | Studio Hamburg Design Works<\/title>\n<meta name=\"description\" content=\"Der Bereich Elektrowerkstatt umfasst: Wireless Lan &amp; Wireless DMX, Schaltschrank- und Anlagenbau, DGUV V3Pr\u00fcfung und Sonderl\u00f6sungen, Anlagen- und Ger\u00e4tepr\u00fcfung, Netzwerktechnik, Modulare Drehscheibe inkl. Steuerung\" \/>\n<meta name=\"robots\" content=\"index, follow, max-snippet:-1, max-image-preview:large, max-video-preview:-1\" \/>\n<link rel=\"canonical\" href=\"https:\/\/www.studio-hamburg-design-works.de\/set-elektrik\/\" \/>\n<meta property=\"og:locale\" content=\"en_US\" \/>\n<meta property=\"og:type\" content=\"article\" \/>\n<meta property=\"og:title\" content=\"Set Elektrik | Studio Hamburg Design Works\" \/>\n<meta property=\"og:description\" content=\"Der Bereich Elektrowerkstatt umfasst: Wireless Lan &amp; Wireless DMX, Schaltschrank- und Anlagenbau, DGUV V3Pr\u00fcfung und Sonderl\u00f6sungen, Anlagen- und Ger\u00e4tepr\u00fcfung, Netzwerktechnik, Modulare Drehscheibe inkl. Steuerung\" \/>\n<meta property=\"og:url\" content=\"https:\/\/www.studio-hamburg-design-works.de\/set-elektrik\/\" \/>\n<meta property=\"og:site_name\" content=\"Studio Hamburg Design Works\" \/>\n<meta property=\"article:modified_time\" content=\"2023-06-15T11:46:27+00:00\" \/>\n<meta name=\"twitter:card\" content=\"summary_large_image\" \/>\n<meta name=\"twitter:label1\" content=\"Est. reading time\" \/>\n\t<meta name=\"twitter:data1\" content=\"3 minutes\" \/>\n<script type=\"application\/ld+json\" class=\"yoast-schema-graph\">{\"@context\":\"https:\/\/schema.org\",\"@graph\":[{\"@type\":\"WebPage\",\"@id\":\"https:\/\/www.studio-hamburg-design-works.de\/set-elektrik\/\",\"url\":\"https:\/\/www.studio-hamburg-design-works.de\/set-elektrik\/\",\"name\":\"Set Elektrik | Studio Hamburg Design Works\",\"isPartOf\":{\"@id\":\"https:\/\/www.studio-hamburg-design-works.de\/#website\"},\"datePublished\":\"2015-11-26T15:27:53+00:00\",\"dateModified\":\"2023-06-15T11:46:27+00:00\",\"description\":\"Der Bereich Elektrowerkstatt umfasst: Wireless Lan & Wireless DMX, Schaltschrank- und Anlagenbau, DGUV V3Pr\u00fcfung und Sonderl\u00f6sungen, Anlagen- und Ger\u00e4tepr\u00fcfung, Netzwerktechnik, Modulare Drehscheibe inkl. Steuerung\",\"breadcrumb\":{\"@id\":\"https:\/\/www.studio-hamburg-design-works.de\/set-elektrik\/#breadcrumb\"},\"inLanguage\":\"en-US\",\"potentialAction\":[{\"@type\":\"ReadAction\",\"target\":[\"https:\/\/www.studio-hamburg-design-works.de\/set-elektrik\/\"]}]},{\"@type\":\"BreadcrumbList\",\"@id\":\"https:\/\/www.studio-hamburg-design-works.de\/set-elektrik\/#breadcrumb\",\"itemListElement\":[{\"@type\":\"ListItem\",\"position\":1,\"name\":\"Home\",\"item\":\"https:\/\/www.studio-hamburg-design-works.de\/\"},{\"@type\":\"ListItem\",\"position\":2,\"name\":\"Set Elektrik\"}]},{\"@type\":\"WebSite\",\"@id\":\"https:\/\/www.studio-hamburg-design-works.de\/#website\",\"url\":\"https:\/\/www.studio-hamburg-design-works.de\/\",\"name\":\"Studio Hamburg Design Works\",\"description\":\"Mit hochqualifizierten Fachkr\u00e4ften und erfahrenen Projektleitern sind die Werkst\u00e4tten von Studio Hamburg weltweit eine der ersten Adressen f\u00fcr Dienstleistungen in den Bereichen B\u00fchnenbild-, Dekorations-, Ausstattungs- und Ausstellungsbau.\",\"publisher\":{\"@id\":\"https:\/\/www.studio-hamburg-design-works.de\/#organization\"},\"potentialAction\":[{\"@type\":\"SearchAction\",\"target\":{\"@type\":\"EntryPoint\",\"urlTemplate\":\"https:\/\/www.studio-hamburg-design-works.de\/?s={search_term_string}\"},\"query-input\":{\"@type\":\"PropertyValueSpecification\",\"valueRequired\":true,\"valueName\":\"search_term_string\"}}],\"inLanguage\":\"en-US\"},{\"@type\":\"Organization\",\"@id\":\"https:\/\/www.studio-hamburg-design-works.de\/#organization\",\"name\":\"Studio Hamburg Design Works\",\"url\":\"https:\/\/www.studio-hamburg-design-works.de\/\",\"logo\":{\"@type\":\"ImageObject\",\"inLanguage\":\"en-US\",\"@id\":\"https:\/\/www.studio-hamburg-design-works.de\/#\/schema\/logo\/image\/\",\"url\":\"https:\/\/www.studio-hamburg-design-works.de\/wp-content\/uploads\/2022\/01\/sh-design-works-logo-retina.png\",\"contentUrl\":\"https:\/\/www.studio-hamburg-design-works.de\/wp-content\/uploads\/2022\/01\/sh-design-works-logo-retina.png\",\"width\":400,\"height\":118,\"caption\":\"Studio Hamburg Design Works\"},\"image\":{\"@id\":\"https:\/\/www.studio-hamburg-design-works.de\/#\/schema\/logo\/image\/\"}}]}<\/script>\n<!-- \/ Yoast SEO plugin. -->","yoast_head_json":{"title":"Set Elektrik | Studio Hamburg Design Works","description":"Der Bereich Elektrowerkstatt umfasst: Wireless Lan & Wireless DMX, Schaltschrank- und Anlagenbau, DGUV V3Pr\u00fcfung und Sonderl\u00f6sungen, Anlagen- und Ger\u00e4tepr\u00fcfung, Netzwerktechnik, Modulare Drehscheibe inkl. Steuerung","robots":{"index":"index","follow":"follow","max-snippet":"max-snippet:-1","max-image-preview":"max-image-preview:large","max-video-preview":"max-video-preview:-1"},"canonical":"https:\/\/www.studio-hamburg-design-works.de\/set-elektrik\/","og_locale":"en_US","og_type":"article","og_title":"Set Elektrik | Studio Hamburg Design Works","og_description":"Der Bereich Elektrowerkstatt umfasst: Wireless Lan & Wireless DMX, Schaltschrank- und Anlagenbau, DGUV V3Pr\u00fcfung und Sonderl\u00f6sungen, Anlagen- und Ger\u00e4tepr\u00fcfung, Netzwerktechnik, Modulare Drehscheibe inkl. Steuerung","og_url":"https:\/\/www.studio-hamburg-design-works.de\/set-elektrik\/","og_site_name":"Studio Hamburg Design Works","article_modified_time":"2023-06-15T11:46:27+00:00","twitter_card":"summary_large_image","twitter_misc":{"Est. reading time":"3 minutes"},"schema":{"@context":"https:\/\/schema.org","@graph":[{"@type":"WebPage","@id":"https:\/\/www.studio-hamburg-design-works.de\/set-elektrik\/","url":"https:\/\/www.studio-hamburg-design-works.de\/set-elektrik\/","name":"Set Elektrik | Studio Hamburg Design Works","isPartOf":{"@id":"https:\/\/www.studio-hamburg-design-works.de\/#website"},"datePublished":"2015-11-26T15:27:53+00:00","dateModified":"2023-06-15T11:46:27+00:00","description":"Der Bereich Elektrowerkstatt umfasst: Wireless Lan & Wireless DMX, Schaltschrank- und Anlagenbau, DGUV V3Pr\u00fcfung und Sonderl\u00f6sungen, Anlagen- und Ger\u00e4tepr\u00fcfung, Netzwerktechnik, Modulare Drehscheibe inkl. Steuerung","breadcrumb":{"@id":"https:\/\/www.studio-hamburg-design-works.de\/set-elektrik\/#breadcrumb"},"inLanguage":"en-US","potentialAction":[{"@type":"ReadAction","target":["https:\/\/www.studio-hamburg-design-works.de\/set-elektrik\/"]}]},{"@type":"BreadcrumbList","@id":"https:\/\/www.studio-hamburg-design-works.de\/set-elektrik\/#breadcrumb","itemListElement":[{"@type":"ListItem","position":1,"name":"Home","item":"https:\/\/www.studio-hamburg-design-works.de\/"},{"@type":"ListItem","position":2,"name":"Set Elektrik"}]},{"@type":"WebSite","@id":"https:\/\/www.studio-hamburg-design-works.de\/#website","url":"https:\/\/www.studio-hamburg-design-works.de\/","name":"Studio Hamburg Design Works","description":"Mit hochqualifizierten Fachkr\u00e4ften und erfahrenen Projektleitern sind die Werkst\u00e4tten von Studio Hamburg weltweit eine der ersten Adressen f\u00fcr Dienstleistungen in den Bereichen B\u00fchnenbild-, Dekorations-, Ausstattungs- und Ausstellungsbau.","publisher":{"@id":"https:\/\/www.studio-hamburg-design-works.de\/#organization"},"potentialAction":[{"@type":"SearchAction","target":{"@type":"EntryPoint","urlTemplate":"https:\/\/www.studio-hamburg-design-works.de\/?s={search_term_string}"},"query-input":{"@type":"PropertyValueSpecification","valueRequired":true,"valueName":"search_term_string"}}],"inLanguage":"en-US"},{"@type":"Organization","@id":"https:\/\/www.studio-hamburg-design-works.de\/#organization","name":"Studio Hamburg Design Works","url":"https:\/\/www.studio-hamburg-design-works.de\/","logo":{"@type":"ImageObject","inLanguage":"en-US","@id":"https:\/\/www.studio-hamburg-design-works.de\/#\/schema\/logo\/image\/","url":"https:\/\/www.studio-hamburg-design-works.de\/wp-content\/uploads\/2022\/01\/sh-design-works-logo-retina.png","contentUrl":"https:\/\/www.studio-hamburg-design-works.de\/wp-content\/uploads\/2022\/01\/sh-design-works-logo-retina.png","width":400,"height":118,"caption":"Studio Hamburg Design Works"},"image":{"@id":"https:\/\/www.studio-hamburg-design-works.de\/#\/schema\/logo\/image\/"}}]}},"_links":{"self":[{"href":"https:\/\/www.studio-hamburg-design-works.de\/en\/wp-json\/wp\/v2\/pages\/584","targetHints":{"allow":["GET"]}}],"collection":[{"href":"https:\/\/www.studio-hamburg-design-works.de\/en\/wp-json\/wp\/v2\/pages"}],"about":[{"href":"https:\/\/www.studio-hamburg-design-works.de\/en\/wp-json\/wp\/v2\/types\/page"}],"author":[{"embeddable":true,"href":"https:\/\/www.studio-hamburg-design-works.de\/en\/wp-json\/wp\/v2\/users\/5"}],"replies":[{"embeddable":true,"href":"https:\/\/www.studio-hamburg-design-works.de\/en\/wp-json\/wp\/v2\/comments?post=584"}],"version-history":[{"count":28,"href":"https:\/\/www.studio-hamburg-design-works.de\/en\/wp-json\/wp\/v2\/pages\/584\/revisions"}],"predecessor-version":[{"id":4640,"href":"https:\/\/www.studio-hamburg-design-works.de\/en\/wp-json\/wp\/v2\/pages\/584\/revisions\/4640"}],"wp:attachment":[{"href":"https:\/\/www.studio-hamburg-design-works.de\/en\/wp-json\/wp\/v2\/media?parent=584"}],"curies":[{"name":"wp","href":"https:\/\/api.w.org\/{rel}","templated":true}]}}