{"id":573,"date":"2015-11-26T16:11:49","date_gmt":"2015-11-26T15:11:49","guid":{"rendered":"http:\/\/www.studio-hamburg-design-works.de\/?page_id=573"},"modified":"2023-09-05T14:06:38","modified_gmt":"2023-09-05T12:06:38","slug":"dekowerkstatt","status":"publish","type":"page","link":"https:\/\/www.studio-hamburg-design-works.de\/en\/dekowerkstatt\/","title":{"rendered":"Scenery workshop"},"content":{"rendered":"<div id=\"pl-573\"  class=\"panel-layout\" ><div id=\"pg-573-0\"  class=\"panel-grid panel-no-style\" ><div id=\"pgc-573-0-0\"  class=\"panel-grid-cell\" ><div id=\"panel-573-0-0-0\" class=\"so-panel widget widget_sow-image panel-first-child panel-last-child\" data-index=\"0\" ><div\n\t\t\t\n\t\t\tclass=\"so-widget-sow-image so-widget-sow-image-default-8b5b6f678277-573\"\n\t\t\t\n\t\t>\n<div class=\"sow-image-container\">\n\t\t<img \n\tsrc=\"https:\/\/www.studio-hamburg-design-works.de\/wp-content\/uploads\/2023\/09\/IMG_5322.jpeg\" width=\"2048\" height=\"1536\" srcset=\"https:\/\/www.studio-hamburg-design-works.de\/wp-content\/uploads\/2023\/09\/IMG_5322.jpeg 2048w, https:\/\/www.studio-hamburg-design-works.de\/wp-content\/uploads\/2023\/09\/IMG_5322-300x225.jpeg 300w, https:\/\/www.studio-hamburg-design-works.de\/wp-content\/uploads\/2023\/09\/IMG_5322-1024x768.jpeg 1024w, https:\/\/www.studio-hamburg-design-works.de\/wp-content\/uploads\/2023\/09\/IMG_5322-768x576.jpeg 768w, https:\/\/www.studio-hamburg-design-works.de\/wp-content\/uploads\/2023\/09\/IMG_5322-1536x1152.jpeg 1536w\" sizes=\"(max-width: 2048px) 100vw, 2048px\" title=\"Dekowerkstatt_I\" alt=\"Dekowerkstatt_I\" \t\tclass=\"so-widget-image\"\/>\n\t<\/div>\n\n<\/div><\/div><\/div><div id=\"pgc-573-0-1\"  class=\"panel-grid-cell\" ><div id=\"panel-573-0-1-0\" class=\"so-panel widget widget_sow-image panel-first-child panel-last-child\" data-index=\"1\" ><div\n\t\t\t\n\t\t\tclass=\"so-widget-sow-image so-widget-sow-image-default-8b5b6f678277-573\"\n\t\t\t\n\t\t>\n<div class=\"sow-image-container\">\n\t\t<img \n\tsrc=\"https:\/\/www.studio-hamburg-design-works.de\/wp-content\/uploads\/2023\/09\/IMG_5325.jpeg\" width=\"2048\" height=\"1536\" srcset=\"https:\/\/www.studio-hamburg-design-works.de\/wp-content\/uploads\/2023\/09\/IMG_5325.jpeg 2048w, https:\/\/www.studio-hamburg-design-works.de\/wp-content\/uploads\/2023\/09\/IMG_5325-300x225.jpeg 300w, https:\/\/www.studio-hamburg-design-works.de\/wp-content\/uploads\/2023\/09\/IMG_5325-1024x768.jpeg 1024w, https:\/\/www.studio-hamburg-design-works.de\/wp-content\/uploads\/2023\/09\/IMG_5325-768x576.jpeg 768w, https:\/\/www.studio-hamburg-design-works.de\/wp-content\/uploads\/2023\/09\/IMG_5325-1536x1152.jpeg 1536w\" sizes=\"(max-width: 2048px) 100vw, 2048px\" title=\"Dekowerkstatt_II\" alt=\"Dekowerkstatt\" \t\tclass=\"so-widget-image\"\/>\n\t<\/div>\n\n<\/div><\/div><\/div><div id=\"pgc-573-0-2\"  class=\"panel-grid-cell\" ><div id=\"panel-573-0-2-0\" class=\"so-panel widget widget_sow-image panel-first-child panel-last-child\" data-index=\"2\" ><div\n\t\t\t\n\t\t\tclass=\"so-widget-sow-image so-widget-sow-image-default-8b5b6f678277-573\"\n\t\t\t\n\t\t>\n<div class=\"sow-image-container\">\n\t\t<img \n\tsrc=\"https:\/\/www.studio-hamburg-design-works.de\/wp-content\/uploads\/2023\/09\/IMG_5327.jpeg\" width=\"2048\" height=\"1536\" srcset=\"https:\/\/www.studio-hamburg-design-works.de\/wp-content\/uploads\/2023\/09\/IMG_5327.jpeg 2048w, https:\/\/www.studio-hamburg-design-works.de\/wp-content\/uploads\/2023\/09\/IMG_5327-300x225.jpeg 300w, https:\/\/www.studio-hamburg-design-works.de\/wp-content\/uploads\/2023\/09\/IMG_5327-1024x768.jpeg 1024w, https:\/\/www.studio-hamburg-design-works.de\/wp-content\/uploads\/2023\/09\/IMG_5327-768x576.jpeg 768w, https:\/\/www.studio-hamburg-design-works.de\/wp-content\/uploads\/2023\/09\/IMG_5327-1536x1152.jpeg 1536w\" sizes=\"(max-width: 2048px) 100vw, 2048px\" title=\"Dekowerkstatt_III\" alt=\"Dekowerkstatt_III\" \t\tclass=\"so-widget-image\"\/>\n\t<\/div>\n\n<\/div><\/div><\/div><\/div><div id=\"pg-573-1\"  class=\"panel-grid panel-no-style\" ><div id=\"pgc-573-1-0\"  class=\"panel-grid-cell\" ><div id=\"panel-573-1-0-0\" class=\"so-panel widget widget_sow-editor panel-first-child panel-last-child\" data-index=\"3\" ><div class=\"panel-widget-style panel-widget-style-for-573-1-0-0\" ><div\n\t\t\t\n\t\t\tclass=\"so-widget-sow-editor so-widget-sow-editor-base\"\n\t\t\t\n\t\t>\n<div class=\"siteorigin-widget-tinymce textwidget\">\n\t<\/p>\n<ul style=\"list-style-type: square;\">\n<li>3 qualified interior designers<\/li>\n<li>Upholstery, fabric &amp; leather processing<\/li>\n<li>Bespoke d\u00e9cor and furniture<\/li>\n<li>Extensive stock of d\u00e9cor &amp; fabric<\/li>\n<li>Drapes, rail systems &amp; projection screens<\/li>\n<li>Acoustic wall and ceiling covering<\/li>\n<li>Foil processing and cold bonding<\/li>\n<li>Flooring &amp; covering<\/li>\n<li>Floor laying: carpeting, PVC, Vinyl, laminate and felt<\/li>\n<li>Consultation, tailoring and assembly of projection Screens, awnings, roller blinds, pleated blinds, venetian blinds<\/li>\n<li>Long arm and overlock sewing machines<\/li>\n<\/ul>\n<p>&nbsp;<\/p>\n<\/div>\n<\/div><\/div><\/div><\/div><div id=\"pgc-573-1-1\"  class=\"panel-grid-cell\" ><div id=\"panel-573-1-1-0\" class=\"so-panel widget widget_sow-editor panel-first-child panel-last-child\" data-index=\"4\" ><div\n\t\t\t\n\t\t\tclass=\"so-widget-sow-editor so-widget-sow-editor-base\"\n\t\t\t\n\t\t>\n<div class=\"siteorigin-widget-tinymce textwidget\">\n\t<\/p>\n<h3>Contact:<\/h3>\n<p>Jan Kley<br \/>Telephone: +49 (0)40 6688-3357<br \/> E-Mail: <a href=\"&#x6d;&#x61;&#x69;&#x6c;&#x74;&#x6f;&#x3a;&#x6a;&#46;&#107;&#108;&#101;&#121;&#64;&#115;tudi&#x6f;&#x2d;&#x68;&#x61;&#x6d;&#x62;&#x75;&#x72;&#x67;&#46;&#100;&#101;\">&#106;&#x2e;&#x6b;&#108;&#x65;&#x79;&#64;&#x73;&#x74;u&#100;&#x69;o&#45;&#x68;a&#109;&#x62;u&#114;&#x67;&#46;&#100;&#x65;<\/a><\/p>\n<\/div>\n<\/div><\/div><\/div><\/div><div id=\"pg-573-2\"  class=\"panel-grid panel-no-style\" ><div id=\"pgc-573-2-0\"  class=\"panel-grid-cell panel-grid-cell-empty panel-grid-cell-mobile-last\" ><\/div><div id=\"pgc-573-2-1\"  class=\"panel-grid-cell panel-grid-cell-empty\" ><\/div><\/div><\/div>","protected":false},"excerpt":{"rendered":"<p>3 qualified interior designers Upholstery, fabric &amp; leather processing Bespoke d\u00e9cor and furniture Extensive stock of d\u00e9cor &amp; fabric Drapes, rail systems &amp; projection screens Acoustic wall and ceiling covering Foil processing and cold bonding Flooring &amp; covering Floor laying: &hellip; <a class=\"kt-excerpt-readmore\" href=\"https:\/\/www.studio-hamburg-design-works.de\/en\/dekowerkstatt\/\" aria-label=\"Scenery workshop\">Read More<\/a><\/p>\n","protected":false},"author":5,"featured_media":0,"parent":0,"menu_order":0,"comment_status":"closed","ping_status":"closed","template":"page-fullwidth.php","meta":{"footnotes":""},"class_list":["post-573","page","type-page","status-publish","hentry"],"yoast_head":"<!-- This site is optimized with the Yoast SEO plugin v26.4 - https:\/\/yoast.com\/wordpress\/plugins\/seo\/ -->\n<title>Dekowerkstatt | Studio Hamburg Design Works<\/title>\n<meta name=\"description\" content=\"Der Bereich Dekowerkstatt umfasst: Polsterei, Stoff- und Lederverarbeitung, Aush\u00e4nge, Schienenanlagen und Projektionsfl\u00e4chen, ein umfangreiches Dekorations- und Stofflager,\u00a0Bodenbel\u00e4ge und Bespannungen,\u00a0Folienbearbeitung\" \/>\n<meta name=\"robots\" content=\"index, follow, max-snippet:-1, max-image-preview:large, max-video-preview:-1\" \/>\n<link rel=\"canonical\" href=\"https:\/\/www.studio-hamburg-design-works.de\/dekowerkstatt\/\" \/>\n<meta property=\"og:locale\" content=\"en_US\" \/>\n<meta property=\"og:type\" content=\"article\" \/>\n<meta property=\"og:title\" content=\"Dekowerkstatt | Studio Hamburg Design Works\" \/>\n<meta property=\"og:description\" content=\"Der Bereich Dekowerkstatt umfasst: Polsterei, Stoff- und Lederverarbeitung, Aush\u00e4nge, Schienenanlagen und Projektionsfl\u00e4chen, ein umfangreiches Dekorations- und Stofflager,\u00a0Bodenbel\u00e4ge und Bespannungen,\u00a0Folienbearbeitung\" \/>\n<meta property=\"og:url\" content=\"https:\/\/www.studio-hamburg-design-works.de\/dekowerkstatt\/\" \/>\n<meta property=\"og:site_name\" content=\"Studio Hamburg Design Works\" \/>\n<meta property=\"article:modified_time\" content=\"2023-09-05T12:06:38+00:00\" \/>\n<meta name=\"twitter:card\" content=\"summary_large_image\" \/>\n<meta name=\"twitter:label1\" content=\"Est. reading time\" \/>\n\t<meta name=\"twitter:data1\" content=\"1 minute\" \/>\n<script type=\"application\/ld+json\" class=\"yoast-schema-graph\">{\"@context\":\"https:\/\/schema.org\",\"@graph\":[{\"@type\":\"WebPage\",\"@id\":\"https:\/\/www.studio-hamburg-design-works.de\/dekowerkstatt\/\",\"url\":\"https:\/\/www.studio-hamburg-design-works.de\/dekowerkstatt\/\",\"name\":\"Dekowerkstatt | Studio Hamburg Design Works\",\"isPartOf\":{\"@id\":\"https:\/\/www.studio-hamburg-design-works.de\/#website\"},\"datePublished\":\"2015-11-26T15:11:49+00:00\",\"dateModified\":\"2023-09-05T12:06:38+00:00\",\"description\":\"Der Bereich Dekowerkstatt umfasst: Polsterei, Stoff- und Lederverarbeitung, Aush\u00e4nge, Schienenanlagen und Projektionsfl\u00e4chen, ein umfangreiches Dekorations- und Stofflager,\u00a0Bodenbel\u00e4ge und Bespannungen,\u00a0Folienbearbeitung\",\"breadcrumb\":{\"@id\":\"https:\/\/www.studio-hamburg-design-works.de\/dekowerkstatt\/#breadcrumb\"},\"inLanguage\":\"en-US\",\"potentialAction\":[{\"@type\":\"ReadAction\",\"target\":[\"https:\/\/www.studio-hamburg-design-works.de\/dekowerkstatt\/\"]}]},{\"@type\":\"BreadcrumbList\",\"@id\":\"https:\/\/www.studio-hamburg-design-works.de\/dekowerkstatt\/#breadcrumb\",\"itemListElement\":[{\"@type\":\"ListItem\",\"position\":1,\"name\":\"Home\",\"item\":\"https:\/\/www.studio-hamburg-design-works.de\/\"},{\"@type\":\"ListItem\",\"position\":2,\"name\":\"Dekowerkstatt\"}]},{\"@type\":\"WebSite\",\"@id\":\"https:\/\/www.studio-hamburg-design-works.de\/#website\",\"url\":\"https:\/\/www.studio-hamburg-design-works.de\/\",\"name\":\"Studio Hamburg Design Works\",\"description\":\"Mit hochqualifizierten Fachkr\u00e4ften und erfahrenen Projektleitern sind die Werkst\u00e4tten von Studio Hamburg weltweit eine der ersten Adressen f\u00fcr Dienstleistungen in den Bereichen B\u00fchnenbild-, Dekorations-, Ausstattungs- und Ausstellungsbau.\",\"publisher\":{\"@id\":\"https:\/\/www.studio-hamburg-design-works.de\/#organization\"},\"potentialAction\":[{\"@type\":\"SearchAction\",\"target\":{\"@type\":\"EntryPoint\",\"urlTemplate\":\"https:\/\/www.studio-hamburg-design-works.de\/?s={search_term_string}\"},\"query-input\":{\"@type\":\"PropertyValueSpecification\",\"valueRequired\":true,\"valueName\":\"search_term_string\"}}],\"inLanguage\":\"en-US\"},{\"@type\":\"Organization\",\"@id\":\"https:\/\/www.studio-hamburg-design-works.de\/#organization\",\"name\":\"Studio Hamburg Design Works\",\"url\":\"https:\/\/www.studio-hamburg-design-works.de\/\",\"logo\":{\"@type\":\"ImageObject\",\"inLanguage\":\"en-US\",\"@id\":\"https:\/\/www.studio-hamburg-design-works.de\/#\/schema\/logo\/image\/\",\"url\":\"https:\/\/www.studio-hamburg-design-works.de\/wp-content\/uploads\/2022\/01\/sh-design-works-logo-retina.png\",\"contentUrl\":\"https:\/\/www.studio-hamburg-design-works.de\/wp-content\/uploads\/2022\/01\/sh-design-works-logo-retina.png\",\"width\":400,\"height\":118,\"caption\":\"Studio Hamburg Design Works\"},\"image\":{\"@id\":\"https:\/\/www.studio-hamburg-design-works.de\/#\/schema\/logo\/image\/\"}}]}<\/script>\n<!-- \/ Yoast SEO plugin. -->","yoast_head_json":{"title":"Dekowerkstatt | Studio Hamburg Design Works","description":"Der Bereich Dekowerkstatt umfasst: Polsterei, Stoff- und Lederverarbeitung, Aush\u00e4nge, Schienenanlagen und Projektionsfl\u00e4chen, ein umfangreiches Dekorations- und Stofflager,\u00a0Bodenbel\u00e4ge und Bespannungen,\u00a0Folienbearbeitung","robots":{"index":"index","follow":"follow","max-snippet":"max-snippet:-1","max-image-preview":"max-image-preview:large","max-video-preview":"max-video-preview:-1"},"canonical":"https:\/\/www.studio-hamburg-design-works.de\/dekowerkstatt\/","og_locale":"en_US","og_type":"article","og_title":"Dekowerkstatt | Studio Hamburg Design Works","og_description":"Der Bereich Dekowerkstatt umfasst: Polsterei, Stoff- und Lederverarbeitung, Aush\u00e4nge, Schienenanlagen und Projektionsfl\u00e4chen, ein umfangreiches Dekorations- und Stofflager,\u00a0Bodenbel\u00e4ge und Bespannungen,\u00a0Folienbearbeitung","og_url":"https:\/\/www.studio-hamburg-design-works.de\/dekowerkstatt\/","og_site_name":"Studio Hamburg Design Works","article_modified_time":"2023-09-05T12:06:38+00:00","twitter_card":"summary_large_image","twitter_misc":{"Est. reading time":"1 minute"},"schema":{"@context":"https:\/\/schema.org","@graph":[{"@type":"WebPage","@id":"https:\/\/www.studio-hamburg-design-works.de\/dekowerkstatt\/","url":"https:\/\/www.studio-hamburg-design-works.de\/dekowerkstatt\/","name":"Dekowerkstatt | Studio Hamburg Design Works","isPartOf":{"@id":"https:\/\/www.studio-hamburg-design-works.de\/#website"},"datePublished":"2015-11-26T15:11:49+00:00","dateModified":"2023-09-05T12:06:38+00:00","description":"Der Bereich Dekowerkstatt umfasst: Polsterei, Stoff- und Lederverarbeitung, Aush\u00e4nge, Schienenanlagen und Projektionsfl\u00e4chen, ein umfangreiches Dekorations- und Stofflager,\u00a0Bodenbel\u00e4ge und Bespannungen,\u00a0Folienbearbeitung","breadcrumb":{"@id":"https:\/\/www.studio-hamburg-design-works.de\/dekowerkstatt\/#breadcrumb"},"inLanguage":"en-US","potentialAction":[{"@type":"ReadAction","target":["https:\/\/www.studio-hamburg-design-works.de\/dekowerkstatt\/"]}]},{"@type":"BreadcrumbList","@id":"https:\/\/www.studio-hamburg-design-works.de\/dekowerkstatt\/#breadcrumb","itemListElement":[{"@type":"ListItem","position":1,"name":"Home","item":"https:\/\/www.studio-hamburg-design-works.de\/"},{"@type":"ListItem","position":2,"name":"Dekowerkstatt"}]},{"@type":"WebSite","@id":"https:\/\/www.studio-hamburg-design-works.de\/#website","url":"https:\/\/www.studio-hamburg-design-works.de\/","name":"Studio Hamburg Design Works","description":"Mit hochqualifizierten Fachkr\u00e4ften und erfahrenen Projektleitern sind die Werkst\u00e4tten von Studio Hamburg weltweit eine der ersten Adressen f\u00fcr Dienstleistungen in den Bereichen B\u00fchnenbild-, Dekorations-, Ausstattungs- und Ausstellungsbau.","publisher":{"@id":"https:\/\/www.studio-hamburg-design-works.de\/#organization"},"potentialAction":[{"@type":"SearchAction","target":{"@type":"EntryPoint","urlTemplate":"https:\/\/www.studio-hamburg-design-works.de\/?s={search_term_string}"},"query-input":{"@type":"PropertyValueSpecification","valueRequired":true,"valueName":"search_term_string"}}],"inLanguage":"en-US"},{"@type":"Organization","@id":"https:\/\/www.studio-hamburg-design-works.de\/#organization","name":"Studio Hamburg Design Works","url":"https:\/\/www.studio-hamburg-design-works.de\/","logo":{"@type":"ImageObject","inLanguage":"en-US","@id":"https:\/\/www.studio-hamburg-design-works.de\/#\/schema\/logo\/image\/","url":"https:\/\/www.studio-hamburg-design-works.de\/wp-content\/uploads\/2022\/01\/sh-design-works-logo-retina.png","contentUrl":"https:\/\/www.studio-hamburg-design-works.de\/wp-content\/uploads\/2022\/01\/sh-design-works-logo-retina.png","width":400,"height":118,"caption":"Studio Hamburg Design Works"},"image":{"@id":"https:\/\/www.studio-hamburg-design-works.de\/#\/schema\/logo\/image\/"}}]}},"_links":{"self":[{"href":"https:\/\/www.studio-hamburg-design-works.de\/en\/wp-json\/wp\/v2\/pages\/573","targetHints":{"allow":["GET"]}}],"collection":[{"href":"https:\/\/www.studio-hamburg-design-works.de\/en\/wp-json\/wp\/v2\/pages"}],"about":[{"href":"https:\/\/www.studio-hamburg-design-works.de\/en\/wp-json\/wp\/v2\/types\/page"}],"author":[{"embeddable":true,"href":"https:\/\/www.studio-hamburg-design-works.de\/en\/wp-json\/wp\/v2\/users\/5"}],"replies":[{"embeddable":true,"href":"https:\/\/www.studio-hamburg-design-works.de\/en\/wp-json\/wp\/v2\/comments?post=573"}],"version-history":[{"count":11,"href":"https:\/\/www.studio-hamburg-design-works.de\/en\/wp-json\/wp\/v2\/pages\/573\/revisions"}],"predecessor-version":[{"id":4678,"href":"https:\/\/www.studio-hamburg-design-works.de\/en\/wp-json\/wp\/v2\/pages\/573\/revisions\/4678"}],"wp:attachment":[{"href":"https:\/\/www.studio-hamburg-design-works.de\/en\/wp-json\/wp\/v2\/media?parent=573"}],"curies":[{"name":"wp","href":"https:\/\/api.w.org\/{rel}","templated":true}]}}