{"id":561,"date":"2015-11-26T15:43:04","date_gmt":"2015-11-26T14:43:04","guid":{"rendered":"http:\/\/www.studio-hamburg-design-works.de\/?page_id=561"},"modified":"2023-09-05T14:02:06","modified_gmt":"2023-09-05T12:02:06","slug":"tischlerei","status":"publish","type":"page","link":"https:\/\/www.studio-hamburg-design-works.de\/en\/tischlerei\/","title":{"rendered":"Carpentry workshop"},"content":{"rendered":"<div id=\"pl-561\"  class=\"panel-layout\" ><div id=\"pg-561-0\"  class=\"panel-grid panel-no-style\" ><div id=\"pgc-561-0-0\"  class=\"panel-grid-cell\" ><div id=\"panel-561-0-0-0\" class=\"so-panel widget widget_sow-image panel-first-child panel-last-child\" data-index=\"0\" ><div\n\t\t\t\n\t\t\tclass=\"so-widget-sow-image so-widget-sow-image-default-8b5b6f678277-561\"\n\t\t\t\n\t\t>\n<div class=\"sow-image-container\">\n\t\t<img \n\tsrc=\"https:\/\/www.studio-hamburg-design-works.de\/wp-content\/uploads\/2016\/01\/t_right.jpg\" width=\"363\" height=\"363\" srcset=\"https:\/\/www.studio-hamburg-design-works.de\/wp-content\/uploads\/2016\/01\/t_right.jpg 363w, https:\/\/www.studio-hamburg-design-works.de\/wp-content\/uploads\/2016\/01\/t_right-150x150.jpg 150w, https:\/\/www.studio-hamburg-design-works.de\/wp-content\/uploads\/2016\/01\/t_right-300x300.jpg 300w\" sizes=\"(max-width: 363px) 100vw, 363px\" title=\"Tischlerei\" alt=\"Tischlerei\" \t\tclass=\"so-widget-image\"\/>\n\t<\/div>\n\n<\/div><\/div><\/div><div id=\"pgc-561-0-1\"  class=\"panel-grid-cell\" ><div id=\"panel-561-0-1-0\" class=\"so-panel widget widget_sow-image panel-first-child panel-last-child\" data-index=\"1\" ><div\n\t\t\t\n\t\t\tclass=\"so-widget-sow-image so-widget-sow-image-default-8b5b6f678277-561\"\n\t\t\t\n\t\t>\n<div class=\"sow-image-container\">\n\t\t<img \n\tsrc=\"https:\/\/www.studio-hamburg-design-works.de\/wp-content\/uploads\/2023\/09\/Tischlerei_Quadratisch.jpeg\" width=\"1536\" height=\"1536\" srcset=\"https:\/\/www.studio-hamburg-design-works.de\/wp-content\/uploads\/2023\/09\/Tischlerei_Quadratisch.jpeg 1536w, https:\/\/www.studio-hamburg-design-works.de\/wp-content\/uploads\/2023\/09\/Tischlerei_Quadratisch-300x300.jpeg 300w, https:\/\/www.studio-hamburg-design-works.de\/wp-content\/uploads\/2023\/09\/Tischlerei_Quadratisch-1024x1024.jpeg 1024w, https:\/\/www.studio-hamburg-design-works.de\/wp-content\/uploads\/2023\/09\/Tischlerei_Quadratisch-150x150.jpeg 150w, https:\/\/www.studio-hamburg-design-works.de\/wp-content\/uploads\/2023\/09\/Tischlerei_Quadratisch-768x768.jpeg 768w\" sizes=\"(max-width: 1536px) 100vw, 1536px\" alt=\"Tischlerei_Quadratisch\" \t\tclass=\"so-widget-image\"\/>\n\t<\/div>\n\n<\/div><\/div><\/div><div id=\"pgc-561-0-2\"  class=\"panel-grid-cell\" ><div id=\"panel-561-0-2-0\" class=\"so-panel widget widget_sow-image panel-first-child panel-last-child\" data-index=\"2\" ><div\n\t\t\t\n\t\t\tclass=\"so-widget-sow-image so-widget-sow-image-default-8b5b6f678277-561\"\n\t\t\t\n\t\t>\n<div class=\"sow-image-container\">\n\t\t<img \n\tsrc=\"https:\/\/www.studio-hamburg-design-works.de\/wp-content\/uploads\/2023\/09\/Tischlerei_II_quadratisch.jpeg\" width=\"1531\" height=\"1531\" srcset=\"https:\/\/www.studio-hamburg-design-works.de\/wp-content\/uploads\/2023\/09\/Tischlerei_II_quadratisch.jpeg 1531w, https:\/\/www.studio-hamburg-design-works.de\/wp-content\/uploads\/2023\/09\/Tischlerei_II_quadratisch-300x300.jpeg 300w, https:\/\/www.studio-hamburg-design-works.de\/wp-content\/uploads\/2023\/09\/Tischlerei_II_quadratisch-1024x1024.jpeg 1024w, https:\/\/www.studio-hamburg-design-works.de\/wp-content\/uploads\/2023\/09\/Tischlerei_II_quadratisch-150x150.jpeg 150w, https:\/\/www.studio-hamburg-design-works.de\/wp-content\/uploads\/2023\/09\/Tischlerei_II_quadratisch-768x768.jpeg 768w\" sizes=\"(max-width: 1531px) 100vw, 1531px\" alt=\"Tischlerei_II_quadratisch\" \t\tclass=\"so-widget-image\"\/>\n\t<\/div>\n\n<\/div><\/div><\/div><\/div><div id=\"pg-561-1\"  class=\"panel-grid panel-no-style\" ><div id=\"pgc-561-1-0\"  class=\"panel-grid-cell\" ><div id=\"panel-561-1-0-0\" class=\"so-panel widget widget_sow-editor panel-first-child panel-last-child\" data-index=\"3\" ><div class=\"panel-widget-style panel-widget-style-for-561-1-0-0\" ><div\n\t\t\t\n\t\t\tclass=\"so-widget-sow-editor so-widget-sow-editor-base\"\n\t\t\t\n\t\t>\n<div class=\"siteorigin-widget-tinymce textwidget\">\n\t<\/p>\n<ul style=\"list-style-type: square;\">\n<li>26 qualified joiners and master carpenters<\/li>\n<li>600 m\u00b2\u00a0machine room\u00a0and 1200m\u00b2 in two assembly halls<\/li>\n<li>High-bay warehouse and forklift trucks<\/li>\n<li>Divider panel and veneer techniques<\/li>\n<li>Machines for veneer sawing and veneer pressing techniqu<\/li>\n<li>Automated horizontal Panel saw with Ecolift feed\u00a0<\/li>\n<li>3 Homag CNC processing machines for\u00a02D\u00a0as well as\u00a03D modeling<\/li>\n<li>Brandt edge bande<\/li>\n<li>Edge banding machines for curved contours<\/li>\n<li>B\u00fctfering wide belt sander<\/li>\n<li>Body press<\/li>\n<li>Standard joinery equipment<\/li>\n<\/ul>\n<\/div>\n<\/div><\/div><\/div><\/div><div id=\"pgc-561-1-1\"  class=\"panel-grid-cell\" ><div id=\"panel-561-1-1-0\" class=\"so-panel widget widget_sow-editor panel-first-child panel-last-child\" data-index=\"4\" ><div\n\t\t\t\n\t\t\tclass=\"so-widget-sow-editor so-widget-sow-editor-base\"\n\t\t\t\n\t\t>\n<div class=\"siteorigin-widget-tinymce textwidget\">\n\t<\/p>\n<h3>Contact:<\/h3>\n<p>Matthias Behrens<br \/> Telephone: +49 (0)40 6688-3445<br \/> E-Mail:\u00a0<a href=\"&#x6d;&#97;&#105;&#x6c;&#x74;&#111;&#58;&#x6d;&#x2e;&#98;&#101;&#x68;&#x72;&#101;&#110;&#x73;&#x40;&#115;&#116;&#x75;&#x64;&#105;&#111;&#x2d;&#x68;&#97;&#109;&#x62;&#x75;&#114;&#103;&#x2e;&#x64;&#101;\">&#x6d;&#x2e;&#x62;&#x65;&#x68;&#x72;&#x65;&#x6e;&#x73;&#x40;&#x73;&#x74;&#x75;&#x64;&#x69;&#x6f;&#x2d;&#x68;&#x61;&#x6d;&#x62;&#x75;&#x72;&#x67;&#x2e;&#x64;&#x65;<\/a><\/p>\n<\/div>\n<\/div><\/div><\/div><\/div><\/div>","protected":false},"excerpt":{"rendered":"<p>26 qualified joiners and master carpenters600 m\u00b2\u00a0machine room\u00a0and 1200m\u00b2 in two assembly hallsHigh-bay warehouse and forklift trucksDivider panel and veneer techniquesMachines for veneer sawing and veneer pressing techniquAutomated horizontal Panel saw with Ecolift feed\u00a03 Homag CNC processing machines for\u00a02D\u00a0as well &hellip; <a class=\"kt-excerpt-readmore\" href=\"https:\/\/www.studio-hamburg-design-works.de\/en\/tischlerei\/\" aria-label=\"Carpentry workshop\">Read More<\/a><\/p>\n","protected":false},"author":5,"featured_media":0,"parent":0,"menu_order":0,"comment_status":"closed","ping_status":"closed","template":"page-fullwidth.php","meta":{"footnotes":""},"class_list":["post-561","page","type-page","status-publish","hentry"],"yoast_head":"<!-- This site is optimized with the Yoast SEO plugin v26.4 - https:\/\/yoast.com\/wordpress\/plugins\/seo\/ -->\n<title>Tischlerei | Studio Hamburg Design Works<\/title>\n<meta name=\"description\" content=\"Der Bereich Tischlerei umfasst:\u00a0CNC-Bearbeitungszentrum inklusive 5-achs Maschine, Plattenaufteiler &amp; Turniertechnik, verschiedene Vorbau- &amp; Montagehallen\" \/>\n<meta name=\"robots\" content=\"index, follow, max-snippet:-1, max-image-preview:large, max-video-preview:-1\" \/>\n<link rel=\"canonical\" href=\"https:\/\/www.studio-hamburg-design-works.de\/tischlerei\/\" \/>\n<meta property=\"og:locale\" content=\"en_US\" \/>\n<meta property=\"og:type\" content=\"article\" \/>\n<meta property=\"og:title\" content=\"Tischlerei | Studio Hamburg Design Works\" \/>\n<meta property=\"og:description\" content=\"Der Bereich Tischlerei umfasst:\u00a0CNC-Bearbeitungszentrum inklusive 5-achs Maschine, Plattenaufteiler &amp; Turniertechnik, verschiedene Vorbau- &amp; Montagehallen\" \/>\n<meta property=\"og:url\" content=\"https:\/\/www.studio-hamburg-design-works.de\/tischlerei\/\" \/>\n<meta property=\"og:site_name\" content=\"Studio Hamburg Design Works\" \/>\n<meta property=\"article:modified_time\" content=\"2023-09-05T12:02:06+00:00\" \/>\n<meta name=\"twitter:card\" content=\"summary_large_image\" \/>\n<meta name=\"twitter:label1\" content=\"Est. reading time\" \/>\n\t<meta name=\"twitter:data1\" content=\"1 minute\" \/>\n<script type=\"application\/ld+json\" class=\"yoast-schema-graph\">{\"@context\":\"https:\/\/schema.org\",\"@graph\":[{\"@type\":\"WebPage\",\"@id\":\"https:\/\/www.studio-hamburg-design-works.de\/tischlerei\/\",\"url\":\"https:\/\/www.studio-hamburg-design-works.de\/tischlerei\/\",\"name\":\"Tischlerei | Studio Hamburg Design Works\",\"isPartOf\":{\"@id\":\"https:\/\/www.studio-hamburg-design-works.de\/#website\"},\"datePublished\":\"2015-11-26T14:43:04+00:00\",\"dateModified\":\"2023-09-05T12:02:06+00:00\",\"description\":\"Der Bereich Tischlerei umfasst:\u00a0CNC-Bearbeitungszentrum inklusive 5-achs Maschine, Plattenaufteiler & Turniertechnik, verschiedene Vorbau- & Montagehallen\",\"breadcrumb\":{\"@id\":\"https:\/\/www.studio-hamburg-design-works.de\/tischlerei\/#breadcrumb\"},\"inLanguage\":\"en-US\",\"potentialAction\":[{\"@type\":\"ReadAction\",\"target\":[\"https:\/\/www.studio-hamburg-design-works.de\/tischlerei\/\"]}]},{\"@type\":\"BreadcrumbList\",\"@id\":\"https:\/\/www.studio-hamburg-design-works.de\/tischlerei\/#breadcrumb\",\"itemListElement\":[{\"@type\":\"ListItem\",\"position\":1,\"name\":\"Home\",\"item\":\"https:\/\/www.studio-hamburg-design-works.de\/\"},{\"@type\":\"ListItem\",\"position\":2,\"name\":\"Tischlerei\"}]},{\"@type\":\"WebSite\",\"@id\":\"https:\/\/www.studio-hamburg-design-works.de\/#website\",\"url\":\"https:\/\/www.studio-hamburg-design-works.de\/\",\"name\":\"Studio Hamburg Design Works\",\"description\":\"Mit hochqualifizierten Fachkr\u00e4ften und erfahrenen Projektleitern sind die Werkst\u00e4tten von Studio Hamburg weltweit eine der ersten Adressen f\u00fcr Dienstleistungen in den Bereichen B\u00fchnenbild-, Dekorations-, Ausstattungs- und Ausstellungsbau.\",\"publisher\":{\"@id\":\"https:\/\/www.studio-hamburg-design-works.de\/#organization\"},\"potentialAction\":[{\"@type\":\"SearchAction\",\"target\":{\"@type\":\"EntryPoint\",\"urlTemplate\":\"https:\/\/www.studio-hamburg-design-works.de\/?s={search_term_string}\"},\"query-input\":{\"@type\":\"PropertyValueSpecification\",\"valueRequired\":true,\"valueName\":\"search_term_string\"}}],\"inLanguage\":\"en-US\"},{\"@type\":\"Organization\",\"@id\":\"https:\/\/www.studio-hamburg-design-works.de\/#organization\",\"name\":\"Studio Hamburg Design Works\",\"url\":\"https:\/\/www.studio-hamburg-design-works.de\/\",\"logo\":{\"@type\":\"ImageObject\",\"inLanguage\":\"en-US\",\"@id\":\"https:\/\/www.studio-hamburg-design-works.de\/#\/schema\/logo\/image\/\",\"url\":\"https:\/\/www.studio-hamburg-design-works.de\/wp-content\/uploads\/2022\/01\/sh-design-works-logo-retina.png\",\"contentUrl\":\"https:\/\/www.studio-hamburg-design-works.de\/wp-content\/uploads\/2022\/01\/sh-design-works-logo-retina.png\",\"width\":400,\"height\":118,\"caption\":\"Studio Hamburg Design Works\"},\"image\":{\"@id\":\"https:\/\/www.studio-hamburg-design-works.de\/#\/schema\/logo\/image\/\"}}]}<\/script>\n<!-- \/ Yoast SEO plugin. -->","yoast_head_json":{"title":"Tischlerei | Studio Hamburg Design Works","description":"Der Bereich Tischlerei umfasst:\u00a0CNC-Bearbeitungszentrum inklusive 5-achs Maschine, Plattenaufteiler & Turniertechnik, verschiedene Vorbau- & Montagehallen","robots":{"index":"index","follow":"follow","max-snippet":"max-snippet:-1","max-image-preview":"max-image-preview:large","max-video-preview":"max-video-preview:-1"},"canonical":"https:\/\/www.studio-hamburg-design-works.de\/tischlerei\/","og_locale":"en_US","og_type":"article","og_title":"Tischlerei | Studio Hamburg Design Works","og_description":"Der Bereich Tischlerei umfasst:\u00a0CNC-Bearbeitungszentrum inklusive 5-achs Maschine, Plattenaufteiler & Turniertechnik, verschiedene Vorbau- & Montagehallen","og_url":"https:\/\/www.studio-hamburg-design-works.de\/tischlerei\/","og_site_name":"Studio Hamburg Design Works","article_modified_time":"2023-09-05T12:02:06+00:00","twitter_card":"summary_large_image","twitter_misc":{"Est. reading time":"1 minute"},"schema":{"@context":"https:\/\/schema.org","@graph":[{"@type":"WebPage","@id":"https:\/\/www.studio-hamburg-design-works.de\/tischlerei\/","url":"https:\/\/www.studio-hamburg-design-works.de\/tischlerei\/","name":"Tischlerei | Studio Hamburg Design Works","isPartOf":{"@id":"https:\/\/www.studio-hamburg-design-works.de\/#website"},"datePublished":"2015-11-26T14:43:04+00:00","dateModified":"2023-09-05T12:02:06+00:00","description":"Der Bereich Tischlerei umfasst:\u00a0CNC-Bearbeitungszentrum inklusive 5-achs Maschine, Plattenaufteiler & Turniertechnik, verschiedene Vorbau- & Montagehallen","breadcrumb":{"@id":"https:\/\/www.studio-hamburg-design-works.de\/tischlerei\/#breadcrumb"},"inLanguage":"en-US","potentialAction":[{"@type":"ReadAction","target":["https:\/\/www.studio-hamburg-design-works.de\/tischlerei\/"]}]},{"@type":"BreadcrumbList","@id":"https:\/\/www.studio-hamburg-design-works.de\/tischlerei\/#breadcrumb","itemListElement":[{"@type":"ListItem","position":1,"name":"Home","item":"https:\/\/www.studio-hamburg-design-works.de\/"},{"@type":"ListItem","position":2,"name":"Tischlerei"}]},{"@type":"WebSite","@id":"https:\/\/www.studio-hamburg-design-works.de\/#website","url":"https:\/\/www.studio-hamburg-design-works.de\/","name":"Studio Hamburg Design Works","description":"Mit hochqualifizierten Fachkr\u00e4ften und erfahrenen Projektleitern sind die Werkst\u00e4tten von Studio Hamburg weltweit eine der ersten Adressen f\u00fcr Dienstleistungen in den Bereichen B\u00fchnenbild-, Dekorations-, Ausstattungs- und Ausstellungsbau.","publisher":{"@id":"https:\/\/www.studio-hamburg-design-works.de\/#organization"},"potentialAction":[{"@type":"SearchAction","target":{"@type":"EntryPoint","urlTemplate":"https:\/\/www.studio-hamburg-design-works.de\/?s={search_term_string}"},"query-input":{"@type":"PropertyValueSpecification","valueRequired":true,"valueName":"search_term_string"}}],"inLanguage":"en-US"},{"@type":"Organization","@id":"https:\/\/www.studio-hamburg-design-works.de\/#organization","name":"Studio Hamburg Design Works","url":"https:\/\/www.studio-hamburg-design-works.de\/","logo":{"@type":"ImageObject","inLanguage":"en-US","@id":"https:\/\/www.studio-hamburg-design-works.de\/#\/schema\/logo\/image\/","url":"https:\/\/www.studio-hamburg-design-works.de\/wp-content\/uploads\/2022\/01\/sh-design-works-logo-retina.png","contentUrl":"https:\/\/www.studio-hamburg-design-works.de\/wp-content\/uploads\/2022\/01\/sh-design-works-logo-retina.png","width":400,"height":118,"caption":"Studio Hamburg Design Works"},"image":{"@id":"https:\/\/www.studio-hamburg-design-works.de\/#\/schema\/logo\/image\/"}}]}},"_links":{"self":[{"href":"https:\/\/www.studio-hamburg-design-works.de\/en\/wp-json\/wp\/v2\/pages\/561","targetHints":{"allow":["GET"]}}],"collection":[{"href":"https:\/\/www.studio-hamburg-design-works.de\/en\/wp-json\/wp\/v2\/pages"}],"about":[{"href":"https:\/\/www.studio-hamburg-design-works.de\/en\/wp-json\/wp\/v2\/types\/page"}],"author":[{"embeddable":true,"href":"https:\/\/www.studio-hamburg-design-works.de\/en\/wp-json\/wp\/v2\/users\/5"}],"replies":[{"embeddable":true,"href":"https:\/\/www.studio-hamburg-design-works.de\/en\/wp-json\/wp\/v2\/comments?post=561"}],"version-history":[{"count":9,"href":"https:\/\/www.studio-hamburg-design-works.de\/en\/wp-json\/wp\/v2\/pages\/561\/revisions"}],"predecessor-version":[{"id":4692,"href":"https:\/\/www.studio-hamburg-design-works.de\/en\/wp-json\/wp\/v2\/pages\/561\/revisions\/4692"}],"wp:attachment":[{"href":"https:\/\/www.studio-hamburg-design-works.de\/en\/wp-json\/wp\/v2\/media?parent=561"}],"curies":[{"name":"wp","href":"https:\/\/api.w.org\/{rel}","templated":true}]}}