{"id":531,"date":"2015-11-25T08:30:40","date_gmt":"2015-11-25T07:30:40","guid":{"rendered":"http:\/\/www.studio-hamburg-design-works.de\/?page_id=531"},"modified":"2025-09-16T11:02:14","modified_gmt":"2025-09-16T09:02:14","slug":"metallbauwerkstatt","status":"publish","type":"page","link":"https:\/\/www.studio-hamburg-design-works.de\/en\/metallbauwerkstatt\/","title":{"rendered":"Metal Workshop"},"content":{"rendered":"<div id=\"pl-531\"  class=\"panel-layout\" ><div id=\"pg-531-0\"  class=\"panel-grid panel-no-style\" ><div id=\"pgc-531-0-0\"  class=\"panel-grid-cell\" ><div id=\"panel-531-0-0-0\" class=\"so-panel widget widget_sow-image panel-first-child panel-last-child\" data-index=\"0\" ><div\n\t\t\t\n\t\t\tclass=\"so-widget-sow-image so-widget-sow-image-default-8b5b6f678277-531\"\n\t\t\t\n\t\t>\n<div class=\"sow-image-container\">\n\t\t<img \n\tsrc=\"https:\/\/www.studio-hamburg-design-works.de\/wp-content\/uploads\/2024\/11\/SHDW_Metallbauwerkstatt.jpg\" width=\"650\" height=\"650\" srcset=\"https:\/\/www.studio-hamburg-design-works.de\/wp-content\/uploads\/2024\/11\/SHDW_Metallbauwerkstatt.jpg 650w, https:\/\/www.studio-hamburg-design-works.de\/wp-content\/uploads\/2024\/11\/SHDW_Metallbauwerkstatt-300x300.jpg 300w, https:\/\/www.studio-hamburg-design-works.de\/wp-content\/uploads\/2024\/11\/SHDW_Metallbauwerkstatt-150x150.jpg 150w\" sizes=\"(max-width: 650px) 100vw, 650px\" alt=\"SHDW_Metallbauwerkstatt\" \t\tclass=\"so-widget-image\"\/>\n\t<\/div>\n\n<\/div><\/div><\/div><div id=\"pgc-531-0-1\"  class=\"panel-grid-cell\" ><div id=\"panel-531-0-1-0\" class=\"so-panel widget widget_sow-image panel-first-child panel-last-child\" data-index=\"1\" ><div\n\t\t\t\n\t\t\tclass=\"so-widget-sow-image so-widget-sow-image-default-8b5b6f678277-531\"\n\t\t\t\n\t\t>\n<div class=\"sow-image-container\">\n\t\t<img \n\tsrc=\"https:\/\/www.studio-hamburg-design-works.de\/wp-content\/uploads\/2015\/11\/metallbau_02.jpg\" width=\"363\" height=\"363\" srcset=\"https:\/\/www.studio-hamburg-design-works.de\/wp-content\/uploads\/2015\/11\/metallbau_02.jpg 363w, https:\/\/www.studio-hamburg-design-works.de\/wp-content\/uploads\/2015\/11\/metallbau_02-150x150.jpg 150w, https:\/\/www.studio-hamburg-design-works.de\/wp-content\/uploads\/2015\/11\/metallbau_02-300x300.jpg 300w\" sizes=\"(max-width: 363px) 100vw, 363px\" alt=\"\" \t\tclass=\"so-widget-image\"\/>\n\t<\/div>\n\n<\/div><\/div><\/div><div id=\"pgc-531-0-2\"  class=\"panel-grid-cell\" ><div id=\"panel-531-0-2-0\" class=\"so-panel widget widget_sow-image panel-first-child panel-last-child\" data-index=\"2\" ><div\n\t\t\t\n\t\t\tclass=\"so-widget-sow-image so-widget-sow-image-default-8b5b6f678277-531\"\n\t\t\t\n\t\t>\n<div class=\"sow-image-container\">\n\t\t<img \n\tsrc=\"https:\/\/www.studio-hamburg-design-works.de\/wp-content\/uploads\/2023\/09\/Schlosserei_II.jpeg\" width=\"1536\" height=\"1536\" srcset=\"https:\/\/www.studio-hamburg-design-works.de\/wp-content\/uploads\/2023\/09\/Schlosserei_II.jpeg 1536w, https:\/\/www.studio-hamburg-design-works.de\/wp-content\/uploads\/2023\/09\/Schlosserei_II-300x300.jpeg 300w, https:\/\/www.studio-hamburg-design-works.de\/wp-content\/uploads\/2023\/09\/Schlosserei_II-1024x1024.jpeg 1024w, https:\/\/www.studio-hamburg-design-works.de\/wp-content\/uploads\/2023\/09\/Schlosserei_II-150x150.jpeg 150w, https:\/\/www.studio-hamburg-design-works.de\/wp-content\/uploads\/2023\/09\/Schlosserei_II-768x768.jpeg 768w\" sizes=\"(max-width: 1536px) 100vw, 1536px\" alt=\"Schlosserei_II\" \t\tclass=\"so-widget-image\"\/>\n\t<\/div>\n\n<\/div><\/div><\/div><\/div><div id=\"pg-531-1\"  class=\"panel-grid panel-no-style\" ><div id=\"pgc-531-1-0\"  class=\"panel-grid-cell\" ><div id=\"panel-531-1-0-0\" class=\"so-panel widget widget_sow-editor panel-first-child panel-last-child\" data-index=\"3\" ><div class=\"panel-widget-style panel-widget-style-for-531-1-0-0\" ><div\n\t\t\t\n\t\t\tclass=\"so-widget-sow-editor so-widget-sow-editor-base\"\n\t\t\t\n\t\t>\n<div class=\"siteorigin-widget-tinymce textwidget\">\n\t<\/p>\n<ul style=\"list-style-type: square;\">\n<li>11 qualified metalworkers, specializing in construction<\/li>\n<li>DIN EN 1090 part 2 steel and part 3 Aluminium certified specialist welders<\/li>\n<li>Approximately 700m\u00b2 of production area<\/li>\n<li>CNC \u2013 water jet cutting system, working surface 3000 x 2000mm and thickness up to 40mm depending on material<\/li>\n<li>CNC \u2013 Profile bending machine<\/li>\n<li>CNC \u2013 milling equipment<\/li>\n<li>CNC \u2013 controlled folding bench, machining length up to 3000mm and material thickness up to 5mm<\/li>\n<li>CNC \u2013 thorn bending machine (up to 48 mm round tube thickness)<\/li>\n<li>Sheet metal cutter up to 3000 x 5mm<\/li>\n<li>Kaltenbach circular saw with cutting adjustment up to 180\u00b0<\/li>\n<li>Band saw and circular Aluminium saw<\/li>\n<li>Modern welding stations with jig for dimensions up to 7000mm long and 3000mm wide<\/li>\n<li>Modern MAG welding equipment for steel work an MIG pulse systems for Aluminium work<\/li>\n<li>Plasma cutter<\/li>\n<li>Stud welding unit<\/li>\n<li>Hole punch (up to 15 mm deep by a 20mm hole diameter)<\/li>\n<\/ul>\n<p><strong><br \/>\nIn the TV Studio<\/strong><\/p>\n<ul style=\"list-style-type: square;\">\n<li>Support construction for decorative elements<\/li>\n<li>Podium and furniture construction<\/li>\n<li>Support structures for hanging frames<\/li>\n<li>Monitor and screen mounts<\/li>\n<li>Stands and manufacture of self-propelled structures<\/li>\n<li>Profile milling for circle, ellipses etc.<\/li>\n<\/ul>\n<p><strong><br \/>\nIn Theatre<\/strong><\/p>\n<ul style=\"list-style-type: square;\">\n<li>Manufacture of portal frames<\/li>\n<li>Platform and floor construction<\/li>\n<li>Stairs and railings<\/li>\n<li>Hanging fixtures<\/li>\n<li>Framing<\/li>\n<li>Pneumatics<\/li>\n<li>Bespoke steel and Aluminium constructions<\/li>\n<li>Profile milling of circle, ellipses etc.<\/li>\n<\/ul>\n<\/div>\n<\/div><\/div><\/div><\/div><div id=\"pgc-531-1-1\"  class=\"panel-grid-cell\" ><div id=\"panel-531-1-1-0\" class=\"so-panel widget widget_sow-editor panel-first-child\" data-index=\"4\" ><div\n\t\t\t\n\t\t\tclass=\"so-widget-sow-editor so-widget-sow-editor-base\"\n\t\t\t\n\t\t>\n<div class=\"siteorigin-widget-tinymce textwidget\">\n\t<\/p>\n<h3>Contact:<\/h3>\n<p>Alena Hintz<br \/>\nTelephone: +49 (0)40 6688-3372<br \/>\nE-Mail:\u00a0<a href=\"&#109;&#x61;i&#108;&#x74;o&#x3a;&#x61;&#46;&#x68;i&#110;&#x74;z&#64;&#x73;&#116;&#x75;d&#105;&#x6f;-&#104;&#x61;&#109;&#x62;&#x75;&#114;&#x67;&#46;&#100;&#x65;\">&#x61;&#x2e;&#x68;&#x69;&#x6e;&#116;&#122;&#64;&#115;tud&#x69;&#x6f;&#x2d;&#x68;&#x61;&#x6d;&#98;&#117;&#114;g&#46;d&#x65;<\/a><\/p>\n<\/div>\n<\/div><\/div><div id=\"panel-531-1-1-1\" class=\"so-panel widget widget_sow-button panel-last-child\" data-index=\"5\" ><div\n\t\t\t\n\t\t\tclass=\"so-widget-sow-button so-widget-sow-button-atom-37222e252497-531\"\n\t\t\t\n\t\t><div class=\"ow-button-base ow-button-align-right\"\n>\n\t\t\t<a\n\t\t\t\t\thref=\"https:\/\/www.studio-hamburg-design-works.de\/wp-content\/uploads\/2025\/09\/Zertifikat-DIN-EN1090-12-und-3.pdf\"\n\t\t\t\t\tclass=\"sowb-button ow-icon-placement-left ow-button-hover\" \t>\n\t\t<span>\n\t\t\t<span class=\"sow-icon-typicons\" data-sow-icon=\"&#xe064;\"\n\t\tstyle=\"color: #ffffff\" \n\t\taria-hidden=\"true\"><\/span>\n\t\t\tZertifikat DIN EN 1090-1\/2 und-3\t\t<\/span>\n\t\t\t<\/a>\n\t<\/div>\n<\/div><\/div><\/div><\/div><\/div>","protected":false},"excerpt":{"rendered":"<p>11 qualified metalworkers, specializing in construction DIN EN 1090 part 2 steel and part 3 Aluminium certified specialist welders Approximately 700m\u00b2 of production area CNC \u2013 water jet cutting system, working surface 3000 x 2000mm and thickness up to 40mm &hellip; <a class=\"kt-excerpt-readmore\" href=\"https:\/\/www.studio-hamburg-design-works.de\/en\/metallbauwerkstatt\/\" aria-label=\"Metal Workshop\">Read More<\/a><\/p>\n","protected":false},"author":5,"featured_media":0,"parent":0,"menu_order":0,"comment_status":"closed","ping_status":"closed","template":"page-fullwidth.php","meta":{"footnotes":""},"class_list":["post-531","page","type-page","status-publish","hentry"],"yoast_head":"<!-- This site is optimized with the Yoast SEO plugin v26.4 - https:\/\/yoast.com\/wordpress\/plugins\/seo\/ -->\n<title>Metallbauwerkstatt | Studio Hamburg Design Works<\/title>\n<meta name=\"description\" content=\"Der Bereich Metallbauwerkstatt umfasst: Stahl-, Aluminium- und Edelstahlverarbeitung, Schwei\u00dffachbetrieb EN 1090 zertifiziert f\u00fcr Stahl und Aluminium, CNC-Bearbeitung, Wasserstrahlschneideanlage, Mechanik &amp; Antriebstechnik\" \/>\n<meta name=\"robots\" content=\"index, follow, max-snippet:-1, max-image-preview:large, max-video-preview:-1\" \/>\n<link rel=\"canonical\" href=\"https:\/\/www.studio-hamburg-design-works.de\/metallbauwerkstatt\/\" \/>\n<meta property=\"og:locale\" content=\"en_US\" \/>\n<meta property=\"og:type\" content=\"article\" \/>\n<meta property=\"og:title\" content=\"Metallbauwerkstatt | Studio Hamburg Design Works\" \/>\n<meta property=\"og:description\" content=\"Der Bereich Metallbauwerkstatt umfasst: Stahl-, Aluminium- und Edelstahlverarbeitung, Schwei\u00dffachbetrieb EN 1090 zertifiziert f\u00fcr Stahl und Aluminium, CNC-Bearbeitung, Wasserstrahlschneideanlage, Mechanik &amp; Antriebstechnik\" \/>\n<meta property=\"og:url\" content=\"https:\/\/www.studio-hamburg-design-works.de\/metallbauwerkstatt\/\" \/>\n<meta property=\"og:site_name\" content=\"Studio Hamburg Design Works\" \/>\n<meta property=\"article:modified_time\" content=\"2025-09-16T09:02:14+00:00\" \/>\n<meta name=\"twitter:card\" content=\"summary_large_image\" \/>\n<meta name=\"twitter:label1\" content=\"Est. reading time\" \/>\n\t<meta name=\"twitter:data1\" content=\"3 minutes\" \/>\n<script type=\"application\/ld+json\" class=\"yoast-schema-graph\">{\"@context\":\"https:\/\/schema.org\",\"@graph\":[{\"@type\":\"WebPage\",\"@id\":\"https:\/\/www.studio-hamburg-design-works.de\/metallbauwerkstatt\/\",\"url\":\"https:\/\/www.studio-hamburg-design-works.de\/metallbauwerkstatt\/\",\"name\":\"Metallbauwerkstatt | Studio Hamburg Design Works\",\"isPartOf\":{\"@id\":\"https:\/\/www.studio-hamburg-design-works.de\/#website\"},\"datePublished\":\"2015-11-25T07:30:40+00:00\",\"dateModified\":\"2025-09-16T09:02:14+00:00\",\"description\":\"Der Bereich Metallbauwerkstatt umfasst: Stahl-, Aluminium- und Edelstahlverarbeitung, Schwei\u00dffachbetrieb EN 1090 zertifiziert f\u00fcr Stahl und Aluminium, CNC-Bearbeitung, Wasserstrahlschneideanlage, Mechanik & Antriebstechnik\",\"breadcrumb\":{\"@id\":\"https:\/\/www.studio-hamburg-design-works.de\/metallbauwerkstatt\/#breadcrumb\"},\"inLanguage\":\"en-US\",\"potentialAction\":[{\"@type\":\"ReadAction\",\"target\":[\"https:\/\/www.studio-hamburg-design-works.de\/metallbauwerkstatt\/\"]}]},{\"@type\":\"BreadcrumbList\",\"@id\":\"https:\/\/www.studio-hamburg-design-works.de\/metallbauwerkstatt\/#breadcrumb\",\"itemListElement\":[{\"@type\":\"ListItem\",\"position\":1,\"name\":\"Home\",\"item\":\"https:\/\/www.studio-hamburg-design-works.de\/\"},{\"@type\":\"ListItem\",\"position\":2,\"name\":\"Metallbauwerkstatt\"}]},{\"@type\":\"WebSite\",\"@id\":\"https:\/\/www.studio-hamburg-design-works.de\/#website\",\"url\":\"https:\/\/www.studio-hamburg-design-works.de\/\",\"name\":\"Studio Hamburg Design Works\",\"description\":\"Mit hochqualifizierten Fachkr\u00e4ften und erfahrenen Projektleitern sind die Werkst\u00e4tten von Studio Hamburg weltweit eine der ersten Adressen f\u00fcr Dienstleistungen in den Bereichen B\u00fchnenbild-, Dekorations-, Ausstattungs- und Ausstellungsbau.\",\"publisher\":{\"@id\":\"https:\/\/www.studio-hamburg-design-works.de\/#organization\"},\"potentialAction\":[{\"@type\":\"SearchAction\",\"target\":{\"@type\":\"EntryPoint\",\"urlTemplate\":\"https:\/\/www.studio-hamburg-design-works.de\/?s={search_term_string}\"},\"query-input\":{\"@type\":\"PropertyValueSpecification\",\"valueRequired\":true,\"valueName\":\"search_term_string\"}}],\"inLanguage\":\"en-US\"},{\"@type\":\"Organization\",\"@id\":\"https:\/\/www.studio-hamburg-design-works.de\/#organization\",\"name\":\"Studio Hamburg Design Works\",\"url\":\"https:\/\/www.studio-hamburg-design-works.de\/\",\"logo\":{\"@type\":\"ImageObject\",\"inLanguage\":\"en-US\",\"@id\":\"https:\/\/www.studio-hamburg-design-works.de\/#\/schema\/logo\/image\/\",\"url\":\"https:\/\/www.studio-hamburg-design-works.de\/wp-content\/uploads\/2022\/01\/sh-design-works-logo-retina.png\",\"contentUrl\":\"https:\/\/www.studio-hamburg-design-works.de\/wp-content\/uploads\/2022\/01\/sh-design-works-logo-retina.png\",\"width\":400,\"height\":118,\"caption\":\"Studio Hamburg Design Works\"},\"image\":{\"@id\":\"https:\/\/www.studio-hamburg-design-works.de\/#\/schema\/logo\/image\/\"}}]}<\/script>\n<!-- \/ Yoast SEO plugin. -->","yoast_head_json":{"title":"Metallbauwerkstatt | Studio Hamburg Design Works","description":"Der Bereich Metallbauwerkstatt umfasst: Stahl-, Aluminium- und Edelstahlverarbeitung, Schwei\u00dffachbetrieb EN 1090 zertifiziert f\u00fcr Stahl und Aluminium, CNC-Bearbeitung, Wasserstrahlschneideanlage, Mechanik & Antriebstechnik","robots":{"index":"index","follow":"follow","max-snippet":"max-snippet:-1","max-image-preview":"max-image-preview:large","max-video-preview":"max-video-preview:-1"},"canonical":"https:\/\/www.studio-hamburg-design-works.de\/metallbauwerkstatt\/","og_locale":"en_US","og_type":"article","og_title":"Metallbauwerkstatt | Studio Hamburg Design Works","og_description":"Der Bereich Metallbauwerkstatt umfasst: Stahl-, Aluminium- und Edelstahlverarbeitung, Schwei\u00dffachbetrieb EN 1090 zertifiziert f\u00fcr Stahl und Aluminium, CNC-Bearbeitung, Wasserstrahlschneideanlage, Mechanik & Antriebstechnik","og_url":"https:\/\/www.studio-hamburg-design-works.de\/metallbauwerkstatt\/","og_site_name":"Studio Hamburg Design Works","article_modified_time":"2025-09-16T09:02:14+00:00","twitter_card":"summary_large_image","twitter_misc":{"Est. reading time":"3 minutes"},"schema":{"@context":"https:\/\/schema.org","@graph":[{"@type":"WebPage","@id":"https:\/\/www.studio-hamburg-design-works.de\/metallbauwerkstatt\/","url":"https:\/\/www.studio-hamburg-design-works.de\/metallbauwerkstatt\/","name":"Metallbauwerkstatt | Studio Hamburg Design Works","isPartOf":{"@id":"https:\/\/www.studio-hamburg-design-works.de\/#website"},"datePublished":"2015-11-25T07:30:40+00:00","dateModified":"2025-09-16T09:02:14+00:00","description":"Der Bereich Metallbauwerkstatt umfasst: Stahl-, Aluminium- und Edelstahlverarbeitung, Schwei\u00dffachbetrieb EN 1090 zertifiziert f\u00fcr Stahl und Aluminium, CNC-Bearbeitung, Wasserstrahlschneideanlage, Mechanik & Antriebstechnik","breadcrumb":{"@id":"https:\/\/www.studio-hamburg-design-works.de\/metallbauwerkstatt\/#breadcrumb"},"inLanguage":"en-US","potentialAction":[{"@type":"ReadAction","target":["https:\/\/www.studio-hamburg-design-works.de\/metallbauwerkstatt\/"]}]},{"@type":"BreadcrumbList","@id":"https:\/\/www.studio-hamburg-design-works.de\/metallbauwerkstatt\/#breadcrumb","itemListElement":[{"@type":"ListItem","position":1,"name":"Home","item":"https:\/\/www.studio-hamburg-design-works.de\/"},{"@type":"ListItem","position":2,"name":"Metallbauwerkstatt"}]},{"@type":"WebSite","@id":"https:\/\/www.studio-hamburg-design-works.de\/#website","url":"https:\/\/www.studio-hamburg-design-works.de\/","name":"Studio Hamburg Design Works","description":"Mit hochqualifizierten Fachkr\u00e4ften und erfahrenen Projektleitern sind die Werkst\u00e4tten von Studio Hamburg weltweit eine der ersten Adressen f\u00fcr Dienstleistungen in den Bereichen B\u00fchnenbild-, Dekorations-, Ausstattungs- und Ausstellungsbau.","publisher":{"@id":"https:\/\/www.studio-hamburg-design-works.de\/#organization"},"potentialAction":[{"@type":"SearchAction","target":{"@type":"EntryPoint","urlTemplate":"https:\/\/www.studio-hamburg-design-works.de\/?s={search_term_string}"},"query-input":{"@type":"PropertyValueSpecification","valueRequired":true,"valueName":"search_term_string"}}],"inLanguage":"en-US"},{"@type":"Organization","@id":"https:\/\/www.studio-hamburg-design-works.de\/#organization","name":"Studio Hamburg Design Works","url":"https:\/\/www.studio-hamburg-design-works.de\/","logo":{"@type":"ImageObject","inLanguage":"en-US","@id":"https:\/\/www.studio-hamburg-design-works.de\/#\/schema\/logo\/image\/","url":"https:\/\/www.studio-hamburg-design-works.de\/wp-content\/uploads\/2022\/01\/sh-design-works-logo-retina.png","contentUrl":"https:\/\/www.studio-hamburg-design-works.de\/wp-content\/uploads\/2022\/01\/sh-design-works-logo-retina.png","width":400,"height":118,"caption":"Studio Hamburg Design Works"},"image":{"@id":"https:\/\/www.studio-hamburg-design-works.de\/#\/schema\/logo\/image\/"}}]}},"_links":{"self":[{"href":"https:\/\/www.studio-hamburg-design-works.de\/en\/wp-json\/wp\/v2\/pages\/531","targetHints":{"allow":["GET"]}}],"collection":[{"href":"https:\/\/www.studio-hamburg-design-works.de\/en\/wp-json\/wp\/v2\/pages"}],"about":[{"href":"https:\/\/www.studio-hamburg-design-works.de\/en\/wp-json\/wp\/v2\/types\/page"}],"author":[{"embeddable":true,"href":"https:\/\/www.studio-hamburg-design-works.de\/en\/wp-json\/wp\/v2\/users\/5"}],"replies":[{"embeddable":true,"href":"https:\/\/www.studio-hamburg-design-works.de\/en\/wp-json\/wp\/v2\/comments?post=531"}],"version-history":[{"count":25,"href":"https:\/\/www.studio-hamburg-design-works.de\/en\/wp-json\/wp\/v2\/pages\/531\/revisions"}],"predecessor-version":[{"id":5043,"href":"https:\/\/www.studio-hamburg-design-works.de\/en\/wp-json\/wp\/v2\/pages\/531\/revisions\/5043"}],"wp:attachment":[{"href":"https:\/\/www.studio-hamburg-design-works.de\/en\/wp-json\/wp\/v2\/media?parent=531"}],"curies":[{"name":"wp","href":"https:\/\/api.w.org\/{rel}","templated":true}]}}