{"id":4572,"date":"2023-01-11T10:50:22","date_gmt":"2023-01-11T09:50:22","guid":{"rendered":"https:\/\/www.studio-hamburg-design-works.de\/?page_id=4572"},"modified":"2023-09-05T14:34:05","modified_gmt":"2023-09-05T12:34:05","slug":"green-consultant","status":"publish","type":"page","link":"https:\/\/www.studio-hamburg-design-works.de\/en\/green-consultant\/","title":{"rendered":"Green Consultant"},"content":{"rendered":"<div id=\"pl-4572\"  class=\"panel-layout\" ><div id=\"pg-4572-0\"  class=\"panel-grid panel-no-style\" ><div id=\"pgc-4572-0-0\"  class=\"panel-grid-cell\" ><div id=\"panel-4572-0-0-0\" class=\"so-panel widget widget_sow-image panel-first-child panel-last-child\" data-index=\"0\" ><div\n\t\t\t\n\t\t\tclass=\"so-widget-sow-image so-widget-sow-image-default-8b5b6f678277-4572\"\n\t\t\t\n\t\t>\n<div class=\"sow-image-container\">\n\t\t\t<a href=\"https:\/\/www.studio-hamburg-design-works.de\/wp-content\/uploads\/2023\/01\/zertifikat-green-consultant.pdf\"\n\t\t\ttarget=\"_blank\" rel=\"noopener noreferrer\" \t\t>\n\t\t\t<img \n\tsrc=\"https:\/\/www.studio-hamburg-design-works.de\/wp-content\/uploads\/2023\/01\/zertifikat-green-consultant.jpg\" width=\"670\" height=\"948\" srcset=\"https:\/\/www.studio-hamburg-design-works.de\/wp-content\/uploads\/2023\/01\/zertifikat-green-consultant.jpg 670w, https:\/\/www.studio-hamburg-design-works.de\/wp-content\/uploads\/2023\/01\/zertifikat-green-consultant-212x300.jpg 212w\" sizes=\"(max-width: 670px) 100vw, 670px\" title=\"Green Consultant\" alt=\"Green Consultant\" \t\tclass=\"so-widget-image\"\/>\n\t\t\t<\/a><\/div>\n\n<\/div><\/div><\/div><div id=\"pgc-4572-0-1\"  class=\"panel-grid-cell\" ><div id=\"panel-4572-0-1-0\" class=\"so-panel widget widget_sow-editor panel-first-child panel-last-child\" data-index=\"1\" ><div\n\t\t\t\n\t\t\tclass=\"so-widget-sow-editor so-widget-sow-editor-base\"\n\t\t\t\n\t\t>\n<div class=\"siteorigin-widget-tinymce textwidget\">\n\t<p><strong>Sustainability<\/strong><\/p>\n<p>We at Studio Hamburg Design Works GmbH also want to make our contribution to achieving the climate targets set by the German government.<br \/>\nIn order to expand our knowledge and skills in this regard, we have trained a colleague to become an IHK-certified Green Consultant Film &amp; TV.<\/p>\n<p>We now have a competent contact person for sustainability issues since 24.10.2022 and are already in the process of making our projects and production sites more sustainable.<\/p>\n<p>You can find our \u00d6koprofit certificates here:<\/p>\n<ul>\n<li><a class=\"textlink\" href=\"https:\/\/www.studio-hamburg-design-works.de\/wp-content\/uploads\/2023\/09\/Auszeichnung_Oekoprofit_Betrieb_2023.pdf\" target=\"_blank\" rel=\"noopener\">\u00d6koprofit Certificate<\/a><\/li>\n<li><a class=\"textlink\" href=\"https:\/\/www.studio-hamburg-design-works.de\/wp-content\/uploads\/2023\/09\/Urkunde_Umwelt_Partner_StadtHH.pdf\" target=\"_blank\" rel=\"noopener\">Environmental Partnership<\/a><\/li>\n<\/ul>\n<\/div>\n<\/div><\/div><\/div><\/div><\/div>","protected":false},"excerpt":{"rendered":"<p>Sustainability We at Studio Hamburg Design Works GmbH also want to make our contribution to achieving the climate targets set by the German government. In order to expand our knowledge and skills in this regard, we have trained a colleague &hellip; <a class=\"kt-excerpt-readmore\" href=\"https:\/\/www.studio-hamburg-design-works.de\/en\/green-consultant\/\" aria-label=\"Green Consultant\">Read More<\/a><\/p>\n","protected":false},"author":5,"featured_media":0,"parent":0,"menu_order":0,"comment_status":"closed","ping_status":"closed","template":"page-fullwidth.php","meta":{"footnotes":""},"class_list":["post-4572","page","type-page","status-publish","hentry"],"yoast_head":"<!-- This site is optimized with the Yoast SEO plugin v26.4 - https:\/\/yoast.com\/wordpress\/plugins\/seo\/ -->\n<title>Green Consultant | Studio Hamburg Design Works<\/title>\n<meta name=\"description\" content=\"Auch wir als Studio Hamburg Design Works GmbH wollen unseren Beitrag dazu leisten die von der Bundesregierung gesteckten Klimaziele zu erreichen.Um unser Wissen und unsere F\u00e4higkeiten dahingehend zu erweitern haben wir einen Kollegen zum IHK Zertifizierten Green Consultant Film &amp; TV ausgebildet.\" \/>\n<meta name=\"robots\" content=\"index, follow, max-snippet:-1, max-image-preview:large, max-video-preview:-1\" \/>\n<link rel=\"canonical\" href=\"https:\/\/www.studio-hamburg-design-works.de\/green-consultant\/\" \/>\n<meta property=\"og:locale\" content=\"en_US\" \/>\n<meta property=\"og:type\" content=\"article\" \/>\n<meta property=\"og:title\" content=\"Green Consultant | Studio Hamburg Design Works\" \/>\n<meta property=\"og:description\" content=\"Auch wir als Studio Hamburg Design Works GmbH wollen unseren Beitrag dazu leisten die von der Bundesregierung gesteckten Klimaziele zu erreichen.Um unser Wissen und unsere F\u00e4higkeiten dahingehend zu erweitern haben wir einen Kollegen zum IHK Zertifizierten Green Consultant Film &amp; TV ausgebildet.\" \/>\n<meta property=\"og:url\" content=\"https:\/\/www.studio-hamburg-design-works.de\/green-consultant\/\" \/>\n<meta property=\"og:site_name\" content=\"Studio Hamburg Design Works\" \/>\n<meta property=\"article:modified_time\" content=\"2023-09-05T12:34:05+00:00\" \/>\n<meta name=\"twitter:card\" content=\"summary_large_image\" \/>\n<meta name=\"twitter:label1\" content=\"Est. reading time\" \/>\n\t<meta name=\"twitter:data1\" content=\"1 minute\" \/>\n<script type=\"application\/ld+json\" class=\"yoast-schema-graph\">{\"@context\":\"https:\/\/schema.org\",\"@graph\":[{\"@type\":\"WebPage\",\"@id\":\"https:\/\/www.studio-hamburg-design-works.de\/green-consultant\/\",\"url\":\"https:\/\/www.studio-hamburg-design-works.de\/green-consultant\/\",\"name\":\"Green Consultant | Studio Hamburg Design Works\",\"isPartOf\":{\"@id\":\"https:\/\/www.studio-hamburg-design-works.de\/#website\"},\"datePublished\":\"2023-01-11T09:50:22+00:00\",\"dateModified\":\"2023-09-05T12:34:05+00:00\",\"description\":\"Auch wir als Studio Hamburg Design Works GmbH wollen unseren Beitrag dazu leisten die von der Bundesregierung gesteckten Klimaziele zu erreichen.Um unser Wissen und unsere F\u00e4higkeiten dahingehend zu erweitern haben wir einen Kollegen zum IHK Zertifizierten Green Consultant Film & TV ausgebildet.\",\"breadcrumb\":{\"@id\":\"https:\/\/www.studio-hamburg-design-works.de\/green-consultant\/#breadcrumb\"},\"inLanguage\":\"en-US\",\"potentialAction\":[{\"@type\":\"ReadAction\",\"target\":[\"https:\/\/www.studio-hamburg-design-works.de\/green-consultant\/\"]}]},{\"@type\":\"BreadcrumbList\",\"@id\":\"https:\/\/www.studio-hamburg-design-works.de\/green-consultant\/#breadcrumb\",\"itemListElement\":[{\"@type\":\"ListItem\",\"position\":1,\"name\":\"Home\",\"item\":\"https:\/\/www.studio-hamburg-design-works.de\/\"},{\"@type\":\"ListItem\",\"position\":2,\"name\":\"Green Consultant\"}]},{\"@type\":\"WebSite\",\"@id\":\"https:\/\/www.studio-hamburg-design-works.de\/#website\",\"url\":\"https:\/\/www.studio-hamburg-design-works.de\/\",\"name\":\"Studio Hamburg Design Works\",\"description\":\"Mit hochqualifizierten Fachkr\u00e4ften und erfahrenen Projektleitern sind die Werkst\u00e4tten von Studio Hamburg weltweit eine der ersten Adressen f\u00fcr Dienstleistungen in den Bereichen B\u00fchnenbild-, Dekorations-, Ausstattungs- und Ausstellungsbau.\",\"publisher\":{\"@id\":\"https:\/\/www.studio-hamburg-design-works.de\/#organization\"},\"potentialAction\":[{\"@type\":\"SearchAction\",\"target\":{\"@type\":\"EntryPoint\",\"urlTemplate\":\"https:\/\/www.studio-hamburg-design-works.de\/?s={search_term_string}\"},\"query-input\":{\"@type\":\"PropertyValueSpecification\",\"valueRequired\":true,\"valueName\":\"search_term_string\"}}],\"inLanguage\":\"en-US\"},{\"@type\":\"Organization\",\"@id\":\"https:\/\/www.studio-hamburg-design-works.de\/#organization\",\"name\":\"Studio Hamburg Design Works\",\"url\":\"https:\/\/www.studio-hamburg-design-works.de\/\",\"logo\":{\"@type\":\"ImageObject\",\"inLanguage\":\"en-US\",\"@id\":\"https:\/\/www.studio-hamburg-design-works.de\/#\/schema\/logo\/image\/\",\"url\":\"https:\/\/www.studio-hamburg-design-works.de\/wp-content\/uploads\/2022\/01\/sh-design-works-logo-retina.png\",\"contentUrl\":\"https:\/\/www.studio-hamburg-design-works.de\/wp-content\/uploads\/2022\/01\/sh-design-works-logo-retina.png\",\"width\":400,\"height\":118,\"caption\":\"Studio Hamburg Design Works\"},\"image\":{\"@id\":\"https:\/\/www.studio-hamburg-design-works.de\/#\/schema\/logo\/image\/\"}}]}<\/script>\n<!-- \/ Yoast SEO plugin. -->","yoast_head_json":{"title":"Green Consultant | Studio Hamburg Design Works","description":"Auch wir als Studio Hamburg Design Works GmbH wollen unseren Beitrag dazu leisten die von der Bundesregierung gesteckten Klimaziele zu erreichen.Um unser Wissen und unsere F\u00e4higkeiten dahingehend zu erweitern haben wir einen Kollegen zum IHK Zertifizierten Green Consultant Film & TV ausgebildet.","robots":{"index":"index","follow":"follow","max-snippet":"max-snippet:-1","max-image-preview":"max-image-preview:large","max-video-preview":"max-video-preview:-1"},"canonical":"https:\/\/www.studio-hamburg-design-works.de\/green-consultant\/","og_locale":"en_US","og_type":"article","og_title":"Green Consultant | Studio Hamburg Design Works","og_description":"Auch wir als Studio Hamburg Design Works GmbH wollen unseren Beitrag dazu leisten die von der Bundesregierung gesteckten Klimaziele zu erreichen.Um unser Wissen und unsere F\u00e4higkeiten dahingehend zu erweitern haben wir einen Kollegen zum IHK Zertifizierten Green Consultant Film & TV ausgebildet.","og_url":"https:\/\/www.studio-hamburg-design-works.de\/green-consultant\/","og_site_name":"Studio Hamburg Design Works","article_modified_time":"2023-09-05T12:34:05+00:00","twitter_card":"summary_large_image","twitter_misc":{"Est. reading time":"1 minute"},"schema":{"@context":"https:\/\/schema.org","@graph":[{"@type":"WebPage","@id":"https:\/\/www.studio-hamburg-design-works.de\/green-consultant\/","url":"https:\/\/www.studio-hamburg-design-works.de\/green-consultant\/","name":"Green Consultant | Studio Hamburg Design Works","isPartOf":{"@id":"https:\/\/www.studio-hamburg-design-works.de\/#website"},"datePublished":"2023-01-11T09:50:22+00:00","dateModified":"2023-09-05T12:34:05+00:00","description":"Auch wir als Studio Hamburg Design Works GmbH wollen unseren Beitrag dazu leisten die von der Bundesregierung gesteckten Klimaziele zu erreichen.Um unser Wissen und unsere F\u00e4higkeiten dahingehend zu erweitern haben wir einen Kollegen zum IHK Zertifizierten Green Consultant Film & TV ausgebildet.","breadcrumb":{"@id":"https:\/\/www.studio-hamburg-design-works.de\/green-consultant\/#breadcrumb"},"inLanguage":"en-US","potentialAction":[{"@type":"ReadAction","target":["https:\/\/www.studio-hamburg-design-works.de\/green-consultant\/"]}]},{"@type":"BreadcrumbList","@id":"https:\/\/www.studio-hamburg-design-works.de\/green-consultant\/#breadcrumb","itemListElement":[{"@type":"ListItem","position":1,"name":"Home","item":"https:\/\/www.studio-hamburg-design-works.de\/"},{"@type":"ListItem","position":2,"name":"Green Consultant"}]},{"@type":"WebSite","@id":"https:\/\/www.studio-hamburg-design-works.de\/#website","url":"https:\/\/www.studio-hamburg-design-works.de\/","name":"Studio Hamburg Design Works","description":"Mit hochqualifizierten Fachkr\u00e4ften und erfahrenen Projektleitern sind die Werkst\u00e4tten von Studio Hamburg weltweit eine der ersten Adressen f\u00fcr Dienstleistungen in den Bereichen B\u00fchnenbild-, Dekorations-, Ausstattungs- und Ausstellungsbau.","publisher":{"@id":"https:\/\/www.studio-hamburg-design-works.de\/#organization"},"potentialAction":[{"@type":"SearchAction","target":{"@type":"EntryPoint","urlTemplate":"https:\/\/www.studio-hamburg-design-works.de\/?s={search_term_string}"},"query-input":{"@type":"PropertyValueSpecification","valueRequired":true,"valueName":"search_term_string"}}],"inLanguage":"en-US"},{"@type":"Organization","@id":"https:\/\/www.studio-hamburg-design-works.de\/#organization","name":"Studio Hamburg Design Works","url":"https:\/\/www.studio-hamburg-design-works.de\/","logo":{"@type":"ImageObject","inLanguage":"en-US","@id":"https:\/\/www.studio-hamburg-design-works.de\/#\/schema\/logo\/image\/","url":"https:\/\/www.studio-hamburg-design-works.de\/wp-content\/uploads\/2022\/01\/sh-design-works-logo-retina.png","contentUrl":"https:\/\/www.studio-hamburg-design-works.de\/wp-content\/uploads\/2022\/01\/sh-design-works-logo-retina.png","width":400,"height":118,"caption":"Studio Hamburg Design Works"},"image":{"@id":"https:\/\/www.studio-hamburg-design-works.de\/#\/schema\/logo\/image\/"}}]}},"_links":{"self":[{"href":"https:\/\/www.studio-hamburg-design-works.de\/en\/wp-json\/wp\/v2\/pages\/4572","targetHints":{"allow":["GET"]}}],"collection":[{"href":"https:\/\/www.studio-hamburg-design-works.de\/en\/wp-json\/wp\/v2\/pages"}],"about":[{"href":"https:\/\/www.studio-hamburg-design-works.de\/en\/wp-json\/wp\/v2\/types\/page"}],"author":[{"embeddable":true,"href":"https:\/\/www.studio-hamburg-design-works.de\/en\/wp-json\/wp\/v2\/users\/5"}],"replies":[{"embeddable":true,"href":"https:\/\/www.studio-hamburg-design-works.de\/en\/wp-json\/wp\/v2\/comments?post=4572"}],"version-history":[{"count":33,"href":"https:\/\/www.studio-hamburg-design-works.de\/en\/wp-json\/wp\/v2\/pages\/4572\/revisions"}],"predecessor-version":[{"id":4713,"href":"https:\/\/www.studio-hamburg-design-works.de\/en\/wp-json\/wp\/v2\/pages\/4572\/revisions\/4713"}],"wp:attachment":[{"href":"https:\/\/www.studio-hamburg-design-works.de\/en\/wp-json\/wp\/v2\/media?parent=4572"}],"curies":[{"name":"wp","href":"https:\/\/api.w.org\/{rel}","templated":true}]}}