{"id":4520,"date":"2023-01-10T13:20:38","date_gmt":"2023-01-10T12:20:38","guid":{"rendered":"https:\/\/www.studio-hamburg-design-works.de\/?page_id=4520"},"modified":"2024-05-15T13:43:35","modified_gmt":"2024-05-15T11:43:35","slug":"3d-druck","status":"publish","type":"page","link":"https:\/\/www.studio-hamburg-design-works.de\/en\/3d-druck\/","title":{"rendered":"3D-Printing"},"content":{"rendered":"<div id=\"pl-4520\"  class=\"panel-layout\" ><div id=\"pg-4520-0\"  class=\"panel-grid panel-no-style\" ><div id=\"pgc-4520-0-0\"  class=\"panel-grid-cell\" ><div id=\"panel-4520-0-0-0\" class=\"so-panel widget widget_sow-image panel-first-child panel-last-child\" data-index=\"0\" ><div\n\t\t\t\n\t\t\tclass=\"so-widget-sow-image so-widget-sow-image-default-8b5b6f678277-4520\"\n\t\t\t\n\t\t>\n<div class=\"sow-image-container\">\n\t\t<img \n\tsrc=\"https:\/\/www.studio-hamburg-design-works.de\/wp-content\/uploads\/2023\/01\/3d-02.jpg\" width=\"363\" height=\"363\" srcset=\"https:\/\/www.studio-hamburg-design-works.de\/wp-content\/uploads\/2023\/01\/3d-02.jpg 363w, https:\/\/www.studio-hamburg-design-works.de\/wp-content\/uploads\/2023\/01\/3d-02-300x300.jpg 300w, https:\/\/www.studio-hamburg-design-works.de\/wp-content\/uploads\/2023\/01\/3d-02-150x150.jpg 150w\" sizes=\"(max-width: 363px) 100vw, 363px\" title=\"3D-Druck\" alt=\"3D-Druck\" \t\tclass=\"so-widget-image\"\/>\n\t<\/div>\n\n<\/div><\/div><\/div><div id=\"pgc-4520-0-1\"  class=\"panel-grid-cell\" ><div id=\"panel-4520-0-1-0\" class=\"so-panel widget widget_sow-image panel-first-child panel-last-child\" data-index=\"1\" ><div\n\t\t\t\n\t\t\tclass=\"so-widget-sow-image so-widget-sow-image-default-8b5b6f678277-4520\"\n\t\t\t\n\t\t>\n<div class=\"sow-image-container\">\n\t\t<img \n\tsrc=\"https:\/\/www.studio-hamburg-design-works.de\/wp-content\/uploads\/2024\/05\/SHDW-_3Druck_SkulpturII.jpg\" width=\"650\" height=\"650\" srcset=\"https:\/\/www.studio-hamburg-design-works.de\/wp-content\/uploads\/2024\/05\/SHDW-_3Druck_SkulpturII.jpg 650w, https:\/\/www.studio-hamburg-design-works.de\/wp-content\/uploads\/2024\/05\/SHDW-_3Druck_SkulpturII-300x300.jpg 300w, https:\/\/www.studio-hamburg-design-works.de\/wp-content\/uploads\/2024\/05\/SHDW-_3Druck_SkulpturII-150x150.jpg 150w\" sizes=\"(max-width: 650px) 100vw, 650px\" alt=\"Dekowerkstatt\" \t\tclass=\"so-widget-image\"\/>\n\t<\/div>\n\n<\/div><\/div><\/div><div id=\"pgc-4520-0-2\"  class=\"panel-grid-cell\" ><div id=\"panel-4520-0-2-0\" class=\"so-panel widget widget_sow-image panel-first-child panel-last-child\" data-index=\"2\" ><div\n\t\t\t\n\t\t\tclass=\"so-widget-sow-image so-widget-sow-image-default-8b5b6f678277-4520\"\n\t\t\t\n\t\t>\n<div class=\"sow-image-container\">\n\t\t<img \n\tsrc=\"https:\/\/www.studio-hamburg-design-works.de\/wp-content\/uploads\/2023\/01\/3d-03.jpg\" width=\"363\" height=\"363\" srcset=\"https:\/\/www.studio-hamburg-design-works.de\/wp-content\/uploads\/2023\/01\/3d-03.jpg 363w, https:\/\/www.studio-hamburg-design-works.de\/wp-content\/uploads\/2023\/01\/3d-03-300x300.jpg 300w, https:\/\/www.studio-hamburg-design-works.de\/wp-content\/uploads\/2023\/01\/3d-03-150x150.jpg 150w\" sizes=\"(max-width: 363px) 100vw, 363px\" title=\"3D-Druck\" alt=\"3D-Druck\" \t\tclass=\"so-widget-image\"\/>\n\t<\/div>\n\n<\/div><\/div><\/div><\/div><div id=\"pg-4520-1\"  class=\"panel-grid panel-no-style\" ><div id=\"pgc-4520-1-0\"  class=\"panel-grid-cell\" ><div id=\"panel-4520-1-0-0\" class=\"so-panel widget widget_sow-editor panel-first-child panel-last-child\" data-index=\"3\" ><div class=\"panel-widget-style panel-widget-style-for-4520-1-0-0\" ><div\n\t\t\t\n\t\t\tclass=\"so-widget-sow-editor so-widget-sow-editor-base\"\n\t\t\t\n\t\t>\n<div class=\"siteorigin-widget-tinymce textwidget\">\n\t<p><strong>Fused Filament Fabrication (FDM\/FFF)<\/strong><\/p>\n<ul style=\"list-style-type: square;\">\n<li>Bauraum: bis zu 1000x1000x1000mm (XYZ)<\/li>\n<li>Materialien: PLA, PETG, ABS, TPU, Nylon, Kurzfaserverst\u00e4rkte Filamente uvm.<\/li>\n<li>Farben: Diverse Farben m\u00f6glich<\/li>\n<\/ul>\n<p>&nbsp;<\/p>\n<p><strong>Fused Filament Fabrication Endlosdruck (FDM\/FFF)<\/strong><\/p>\n<ul style=\"list-style-type: square;\">\n<li>Bauraum: bis zu 200 x 170 x \u221e mm (XYZ)<\/li>\n<li>Materialien: PLA<\/li>\n<li>Farben: Diverse Farben m\u00f6glich<\/li>\n<\/ul>\n<p>&nbsp;<\/p>\n<p><strong>Continuous Fiber Co-Extrusion (CFC)<\/strong><\/p>\n<ul style=\"list-style-type: square;\">\n<li>Endlosfaserverst\u00e4rkte Bauteile<\/li>\n<li>Bauraum: bis zu 297 x 210 x 140mm<\/li>\n<li>Basismaterialien: PLA, PETG, ABS, TPU, Nylon, Kohlefaserverst\u00e4rkte Filamente uvm.<\/li>\n<li>Faserverst\u00e4rkung: Endlos-Kohlefaser, Endlos-Basaltfasern<\/li>\n<li>Farben: Abh\u00e4ngig vom Basismaterial diverse Farben m\u00f6glich<\/li>\n<\/ul>\n<p>&nbsp;<\/p>\n<p><strong>Masked Stereolithography Technology (MSLA)<\/strong><\/p>\n<ul style=\"list-style-type: square;\">\n<li>Bauraum: bis zu 192x120x245mm (XYZ)<\/li>\n<li>Materialien: UV Harz (Resin)<\/li>\n<li>Farben: Diverse Farben + Transparente (Glas\u00e4hnlich) Objekte m\u00f6glich<\/li>\n<\/ul>\n<\/div>\n<\/div><\/div><\/div><\/div><div id=\"pgc-4520-1-1\"  class=\"panel-grid-cell\" ><div id=\"panel-4520-1-1-0\" class=\"so-panel widget widget_sow-editor panel-first-child panel-last-child\" data-index=\"4\" ><div\n\t\t\t\n\t\t\tclass=\"so-widget-sow-editor so-widget-sow-editor-base\"\n\t\t\t\n\t\t>\n<div class=\"siteorigin-widget-tinymce textwidget\">\n\t<\/p>\n<h3>Contact:<\/h3>\n<p>Marco Mollenhauer<br \/>\nTelephone: +49 (0)40 6688-3358<br \/>\nE-Mail: <a href=\"&#109;&#x61;i&#108;&#x74;&#111;&#x3a;m&#46;&#x6d;o&#x6c;&#x6c;&#101;&#x6e;h&#97;&#x75;e&#x72;&#x40;&#115;&#x74;u&#100;&#x69;&#111;&#x2d;h&#97;&#x6d;b&#117;&#x72;&#103;&#x2e;d&#101;\">m&#46;&#x6d;&#x6f;&#x6c;l&#101;&#x6e;&#x68;&#x61;u&#101;&#x72;&#x40;&#x73;t&#117;&#x64;&#x69;&#x6f;-&#104;&#x61;&#x6d;&#x62;u&#114;&#x67;&#x2e;&#x64;e<\/a><\/p>\n<\/div>\n<\/div><\/div><\/div><\/div><\/div>","protected":false},"excerpt":{"rendered":"<p>Fused Filament Fabrication (FDM\/FFF) Bauraum: bis zu 1000x1000x1000mm (XYZ) Materialien: PLA, PETG, ABS, TPU, Nylon, Kurzfaserverst\u00e4rkte Filamente uvm. Farben: Diverse Farben m\u00f6glich &nbsp; Fused Filament Fabrication Endlosdruck (FDM\/FFF) Bauraum: bis zu 200 x 170 x \u221e mm (XYZ) Materialien: PLA &hellip; <a class=\"kt-excerpt-readmore\" href=\"https:\/\/www.studio-hamburg-design-works.de\/en\/3d-druck\/\" aria-label=\"3D-Printing\">Read More<\/a><\/p>\n","protected":false},"author":5,"featured_media":0,"parent":0,"menu_order":0,"comment_status":"closed","ping_status":"closed","template":"page-fullwidth.php","meta":{"footnotes":""},"class_list":["post-4520","page","type-page","status-publish","hentry"],"yoast_head":"<!-- This site is optimized with the Yoast SEO plugin v26.4 - https:\/\/yoast.com\/wordpress\/plugins\/seo\/ -->\n<title>Malerei &amp; Kunstmalerei | Studio Hamburg Design Works<\/title>\n<meta name=\"description\" content=\"Der Bereich Malerei &amp; Kunstmalerei umfasst:\u00a0Malersaal mit Farbmischung Prospektzuganlage, Spritzkabine und Trockenkammer, Theatermalerei, Gepr\u00fcfte Brandschutzfarbe, Airless-Anlage\" \/>\n<meta name=\"robots\" content=\"index, follow, max-snippet:-1, max-image-preview:large, max-video-preview:-1\" \/>\n<link rel=\"canonical\" href=\"https:\/\/www.studio-hamburg-design-works.de\/3d-druck\/\" \/>\n<meta property=\"og:locale\" content=\"en_US\" \/>\n<meta property=\"og:type\" content=\"article\" \/>\n<meta property=\"og:title\" content=\"Malerei &amp; Kunstmalerei | Studio Hamburg Design Works\" \/>\n<meta property=\"og:description\" content=\"Der Bereich Malerei &amp; Kunstmalerei umfasst:\u00a0Malersaal mit Farbmischung Prospektzuganlage, Spritzkabine und Trockenkammer, Theatermalerei, Gepr\u00fcfte Brandschutzfarbe, Airless-Anlage\" \/>\n<meta property=\"og:url\" content=\"https:\/\/www.studio-hamburg-design-works.de\/3d-druck\/\" \/>\n<meta property=\"og:site_name\" content=\"Studio Hamburg Design Works\" \/>\n<meta property=\"article:modified_time\" content=\"2024-05-15T11:43:35+00:00\" \/>\n<meta name=\"twitter:card\" content=\"summary_large_image\" \/>\n<meta name=\"twitter:label1\" content=\"Est. reading time\" \/>\n\t<meta name=\"twitter:data1\" content=\"2 minutes\" \/>\n<script type=\"application\/ld+json\" class=\"yoast-schema-graph\">{\"@context\":\"https:\/\/schema.org\",\"@graph\":[{\"@type\":\"WebPage\",\"@id\":\"https:\/\/www.studio-hamburg-design-works.de\/3d-druck\/\",\"url\":\"https:\/\/www.studio-hamburg-design-works.de\/3d-druck\/\",\"name\":\"Malerei & Kunstmalerei | Studio Hamburg Design Works\",\"isPartOf\":{\"@id\":\"https:\/\/www.studio-hamburg-design-works.de\/#website\"},\"datePublished\":\"2023-01-10T12:20:38+00:00\",\"dateModified\":\"2024-05-15T11:43:35+00:00\",\"description\":\"Der Bereich Malerei & Kunstmalerei umfasst:\u00a0Malersaal mit Farbmischung Prospektzuganlage, Spritzkabine und Trockenkammer, Theatermalerei, Gepr\u00fcfte Brandschutzfarbe, Airless-Anlage\",\"breadcrumb\":{\"@id\":\"https:\/\/www.studio-hamburg-design-works.de\/3d-druck\/#breadcrumb\"},\"inLanguage\":\"en-US\",\"potentialAction\":[{\"@type\":\"ReadAction\",\"target\":[\"https:\/\/www.studio-hamburg-design-works.de\/3d-druck\/\"]}]},{\"@type\":\"BreadcrumbList\",\"@id\":\"https:\/\/www.studio-hamburg-design-works.de\/3d-druck\/#breadcrumb\",\"itemListElement\":[{\"@type\":\"ListItem\",\"position\":1,\"name\":\"Home\",\"item\":\"https:\/\/www.studio-hamburg-design-works.de\/\"},{\"@type\":\"ListItem\",\"position\":2,\"name\":\"3D-Druck\"}]},{\"@type\":\"WebSite\",\"@id\":\"https:\/\/www.studio-hamburg-design-works.de\/#website\",\"url\":\"https:\/\/www.studio-hamburg-design-works.de\/\",\"name\":\"Studio Hamburg Design Works\",\"description\":\"Mit hochqualifizierten Fachkr\u00e4ften und erfahrenen Projektleitern sind die Werkst\u00e4tten von Studio Hamburg weltweit eine der ersten Adressen f\u00fcr Dienstleistungen in den Bereichen B\u00fchnenbild-, Dekorations-, Ausstattungs- und Ausstellungsbau.\",\"publisher\":{\"@id\":\"https:\/\/www.studio-hamburg-design-works.de\/#organization\"},\"potentialAction\":[{\"@type\":\"SearchAction\",\"target\":{\"@type\":\"EntryPoint\",\"urlTemplate\":\"https:\/\/www.studio-hamburg-design-works.de\/?s={search_term_string}\"},\"query-input\":{\"@type\":\"PropertyValueSpecification\",\"valueRequired\":true,\"valueName\":\"search_term_string\"}}],\"inLanguage\":\"en-US\"},{\"@type\":\"Organization\",\"@id\":\"https:\/\/www.studio-hamburg-design-works.de\/#organization\",\"name\":\"Studio Hamburg Design Works\",\"url\":\"https:\/\/www.studio-hamburg-design-works.de\/\",\"logo\":{\"@type\":\"ImageObject\",\"inLanguage\":\"en-US\",\"@id\":\"https:\/\/www.studio-hamburg-design-works.de\/#\/schema\/logo\/image\/\",\"url\":\"https:\/\/www.studio-hamburg-design-works.de\/wp-content\/uploads\/2022\/01\/sh-design-works-logo-retina.png\",\"contentUrl\":\"https:\/\/www.studio-hamburg-design-works.de\/wp-content\/uploads\/2022\/01\/sh-design-works-logo-retina.png\",\"width\":400,\"height\":118,\"caption\":\"Studio Hamburg Design Works\"},\"image\":{\"@id\":\"https:\/\/www.studio-hamburg-design-works.de\/#\/schema\/logo\/image\/\"}}]}<\/script>\n<!-- \/ Yoast SEO plugin. -->","yoast_head_json":{"title":"Malerei & Kunstmalerei | Studio Hamburg Design Works","description":"Der Bereich Malerei & Kunstmalerei umfasst:\u00a0Malersaal mit Farbmischung Prospektzuganlage, Spritzkabine und Trockenkammer, Theatermalerei, Gepr\u00fcfte Brandschutzfarbe, Airless-Anlage","robots":{"index":"index","follow":"follow","max-snippet":"max-snippet:-1","max-image-preview":"max-image-preview:large","max-video-preview":"max-video-preview:-1"},"canonical":"https:\/\/www.studio-hamburg-design-works.de\/3d-druck\/","og_locale":"en_US","og_type":"article","og_title":"Malerei & Kunstmalerei | Studio Hamburg Design Works","og_description":"Der Bereich Malerei & Kunstmalerei umfasst:\u00a0Malersaal mit Farbmischung Prospektzuganlage, Spritzkabine und Trockenkammer, Theatermalerei, Gepr\u00fcfte Brandschutzfarbe, Airless-Anlage","og_url":"https:\/\/www.studio-hamburg-design-works.de\/3d-druck\/","og_site_name":"Studio Hamburg Design Works","article_modified_time":"2024-05-15T11:43:35+00:00","twitter_card":"summary_large_image","twitter_misc":{"Est. reading time":"2 minutes"},"schema":{"@context":"https:\/\/schema.org","@graph":[{"@type":"WebPage","@id":"https:\/\/www.studio-hamburg-design-works.de\/3d-druck\/","url":"https:\/\/www.studio-hamburg-design-works.de\/3d-druck\/","name":"Malerei & Kunstmalerei | Studio Hamburg Design Works","isPartOf":{"@id":"https:\/\/www.studio-hamburg-design-works.de\/#website"},"datePublished":"2023-01-10T12:20:38+00:00","dateModified":"2024-05-15T11:43:35+00:00","description":"Der Bereich Malerei & Kunstmalerei umfasst:\u00a0Malersaal mit Farbmischung Prospektzuganlage, Spritzkabine und Trockenkammer, Theatermalerei, Gepr\u00fcfte Brandschutzfarbe, Airless-Anlage","breadcrumb":{"@id":"https:\/\/www.studio-hamburg-design-works.de\/3d-druck\/#breadcrumb"},"inLanguage":"en-US","potentialAction":[{"@type":"ReadAction","target":["https:\/\/www.studio-hamburg-design-works.de\/3d-druck\/"]}]},{"@type":"BreadcrumbList","@id":"https:\/\/www.studio-hamburg-design-works.de\/3d-druck\/#breadcrumb","itemListElement":[{"@type":"ListItem","position":1,"name":"Home","item":"https:\/\/www.studio-hamburg-design-works.de\/"},{"@type":"ListItem","position":2,"name":"3D-Druck"}]},{"@type":"WebSite","@id":"https:\/\/www.studio-hamburg-design-works.de\/#website","url":"https:\/\/www.studio-hamburg-design-works.de\/","name":"Studio Hamburg Design Works","description":"Mit hochqualifizierten Fachkr\u00e4ften und erfahrenen Projektleitern sind die Werkst\u00e4tten von Studio Hamburg weltweit eine der ersten Adressen f\u00fcr Dienstleistungen in den Bereichen B\u00fchnenbild-, Dekorations-, Ausstattungs- und Ausstellungsbau.","publisher":{"@id":"https:\/\/www.studio-hamburg-design-works.de\/#organization"},"potentialAction":[{"@type":"SearchAction","target":{"@type":"EntryPoint","urlTemplate":"https:\/\/www.studio-hamburg-design-works.de\/?s={search_term_string}"},"query-input":{"@type":"PropertyValueSpecification","valueRequired":true,"valueName":"search_term_string"}}],"inLanguage":"en-US"},{"@type":"Organization","@id":"https:\/\/www.studio-hamburg-design-works.de\/#organization","name":"Studio Hamburg Design Works","url":"https:\/\/www.studio-hamburg-design-works.de\/","logo":{"@type":"ImageObject","inLanguage":"en-US","@id":"https:\/\/www.studio-hamburg-design-works.de\/#\/schema\/logo\/image\/","url":"https:\/\/www.studio-hamburg-design-works.de\/wp-content\/uploads\/2022\/01\/sh-design-works-logo-retina.png","contentUrl":"https:\/\/www.studio-hamburg-design-works.de\/wp-content\/uploads\/2022\/01\/sh-design-works-logo-retina.png","width":400,"height":118,"caption":"Studio Hamburg Design Works"},"image":{"@id":"https:\/\/www.studio-hamburg-design-works.de\/#\/schema\/logo\/image\/"}}]}},"_links":{"self":[{"href":"https:\/\/www.studio-hamburg-design-works.de\/en\/wp-json\/wp\/v2\/pages\/4520","targetHints":{"allow":["GET"]}}],"collection":[{"href":"https:\/\/www.studio-hamburg-design-works.de\/en\/wp-json\/wp\/v2\/pages"}],"about":[{"href":"https:\/\/www.studio-hamburg-design-works.de\/en\/wp-json\/wp\/v2\/types\/page"}],"author":[{"embeddable":true,"href":"https:\/\/www.studio-hamburg-design-works.de\/en\/wp-json\/wp\/v2\/users\/5"}],"replies":[{"embeddable":true,"href":"https:\/\/www.studio-hamburg-design-works.de\/en\/wp-json\/wp\/v2\/comments?post=4520"}],"version-history":[{"count":22,"href":"https:\/\/www.studio-hamburg-design-works.de\/en\/wp-json\/wp\/v2\/pages\/4520\/revisions"}],"predecessor-version":[{"id":4790,"href":"https:\/\/www.studio-hamburg-design-works.de\/en\/wp-json\/wp\/v2\/pages\/4520\/revisions\/4790"}],"wp:attachment":[{"href":"https:\/\/www.studio-hamburg-design-works.de\/en\/wp-json\/wp\/v2\/media?parent=4520"}],"curies":[{"name":"wp","href":"https:\/\/api.w.org\/{rel}","templated":true}]}}