{"id":4263,"date":"2022-03-18T08:04:55","date_gmt":"2022-03-18T07:04:55","guid":{"rendered":"https:\/\/www.studio-hamburg-design-works.de\/?page_id=4263"},"modified":"2022-03-18T10:57:24","modified_gmt":"2022-03-18T09:57:24","slug":"test1968","status":"publish","type":"page","link":"https:\/\/www.studio-hamburg-design-works.de\/en\/test1968\/","title":{"rendered":"Test1968"},"content":{"rendered":"<div id=\"pl-4263\"  class=\"panel-layout\" ><div id=\"pg-4263-0\"  class=\"panel-grid panel-no-style\" ><div id=\"pgc-4263-0-0\"  class=\"panel-grid-cell\" ><div id=\"panel-4263-0-0-0\" class=\"so-panel widget widget_sow-editor panel-first-child panel-last-child\" data-index=\"0\" ><div\n\t\t\t\n\t\t\tclass=\"so-widget-sow-editor so-widget-sow-editor-base\"\n\t\t\t\n\t\t>\n<div class=\"siteorigin-widget-tinymce textwidget\">\n\t\n<\/div>\n<\/div><\/div><\/div><\/div><div id=\"pg-4263-1\"  class=\"panel-grid panel-no-style\" ><div id=\"pgc-4263-1-0\"  class=\"panel-grid-cell\" ><div id=\"panel-4263-1-0-0\" class=\"so-panel widget widget_sow-image panel-first-child panel-last-child\" data-index=\"1\" ><div\n\t\t\t\n\t\t\tclass=\"so-widget-sow-image so-widget-sow-image-default-8b5b6f678277-4263\"\n\t\t\t\n\t\t>\n<div class=\"sow-image-container\">\n\t\t<img \n\tsrc=\"https:\/\/www.studio-hamburg-design-works.de\/wp-content\/uploads\/2015\/11\/ueber_uns.jpg\" width=\"670\" height=\"670\" srcset=\"https:\/\/www.studio-hamburg-design-works.de\/wp-content\/uploads\/2015\/11\/ueber_uns.jpg 670w, https:\/\/www.studio-hamburg-design-works.de\/wp-content\/uploads\/2015\/11\/ueber_uns-300x300.jpg 300w, https:\/\/www.studio-hamburg-design-works.de\/wp-content\/uploads\/2015\/11\/ueber_uns-150x150.jpg 150w\" sizes=\"(max-width: 670px) 100vw, 670px\" alt=\"\u00dcber uns\" \t\tclass=\"so-widget-image\"\/>\n\t<\/div>\n\n<\/div><\/div><\/div><div id=\"pgc-4263-1-1\"  class=\"panel-grid-cell\" ><div id=\"panel-4263-1-1-0\" class=\"so-panel widget widget_sow-editor panel-first-child panel-last-child\" data-index=\"2\" ><div\n\t\t\t\n\t\t\tclass=\"so-widget-sow-editor so-widget-sow-editor-base\"\n\t\t\t\n\t\t>\n<div class=\"siteorigin-widget-tinymce textwidget\">\n\t<p>Studio Hamburg is Germany\u2019s leading production and service centre for Film and Television. The Company was\u00a0founded in Hamburg 1947,\u00a0and is\u00a0now the corporate headquarters of an\u00a0internationally operating network with the business divisions Atelier and Technology, Production and Distribution, Consulting and\u00a0Services.<\/p>\n<p>Studio Hamburg Design Works combine skilled craftsmanship with creative solutions. In both Hamburg and Berlin our craftsmen employ state-of-the-art Equipment to produce the quality that sets international benchmarks.<\/p>\n<p>Our Berlin studio was established in 2013 enabling us to operate to perfection in the great media hub of the capitol, even at short notice. Whilst always open to ideas, we can draw on a wealth of experience and look forward to your questions, challenges and dreams.<\/p>\n<p>When is your deadline ? When can we meet ?<\/p>\n<p><b>Know no limits.<\/b><\/p>\n<p><b>If you can imagine it, we can build it.<\/b><\/p>\n<p>With highly qualified experts and experienced Project Managers, Studio Hamburg Workshops are amongst the best in the world for services in the fields of set design, d\u00e9cor, furnishings and exhibition construction.<\/p>\n<p>Assembly halls occupying over 5800m\u00b2 offer almost limitless freedom for the Imagination. With almost 90 full-time employees and innumerable specialist partners, we can create just about anything that you can imagine.<\/p>\n<\/div>\n<\/div><\/div><\/div><\/div><\/div>","protected":false},"excerpt":{"rendered":"<p>Studio Hamburg is Germany\u2019s leading production and service centre for Film and Television. The Company was\u00a0founded in Hamburg 1947,\u00a0and is\u00a0now the corporate headquarters of an\u00a0internationally operating network with the business divisions Atelier and Technology, Production and Distribution, Consulting and\u00a0Services. Studio &hellip; <a class=\"kt-excerpt-readmore\" href=\"https:\/\/www.studio-hamburg-design-works.de\/en\/test1968\/\" aria-label=\"Test1968\">Read More<\/a><\/p>\n","protected":false},"author":5,"featured_media":0,"parent":0,"menu_order":0,"comment_status":"closed","ping_status":"closed","template":"page-fullwidth.php","meta":{"footnotes":""},"class_list":["post-4263","page","type-page","status-publish","hentry"],"yoast_head":"<!-- This site is optimized with the Yoast SEO plugin v26.4 - https:\/\/yoast.com\/wordpress\/plugins\/seo\/ -->\n<title>\u00dcber uns | Studio Hamburg Werkst\u00e4tten<\/title>\n<meta name=\"description\" content=\"Die Studio Hamburg Werkst\u00e4tten vereinen handwerkliches K\u00f6nnen mit kreativen L\u00f6sungen. Unsere Gewerke sowohl in Hamburg als auch Berlin fertigen mit modernsten Maschinen und setzen mit ihrer Qualit\u00e4t internationale\u00a0Referenzma\u00dfst\u00e4be.\" \/>\n<meta name=\"robots\" content=\"index, follow, max-snippet:-1, max-image-preview:large, max-video-preview:-1\" \/>\n<link rel=\"canonical\" href=\"https:\/\/www.studio-hamburg-design-works.de\/test1968\/\" \/>\n<meta property=\"og:locale\" content=\"en_US\" \/>\n<meta property=\"og:type\" content=\"article\" \/>\n<meta property=\"og:title\" content=\"\u00dcber uns | Studio Hamburg Werkst\u00e4tten\" \/>\n<meta property=\"og:description\" content=\"Die Studio Hamburg Werkst\u00e4tten vereinen handwerkliches K\u00f6nnen mit kreativen L\u00f6sungen. Unsere Gewerke sowohl in Hamburg als auch Berlin fertigen mit modernsten Maschinen und setzen mit ihrer Qualit\u00e4t internationale\u00a0Referenzma\u00dfst\u00e4be.\" \/>\n<meta property=\"og:url\" content=\"https:\/\/www.studio-hamburg-design-works.de\/test1968\/\" \/>\n<meta property=\"og:site_name\" content=\"Studio Hamburg Design Works\" \/>\n<meta property=\"article:modified_time\" content=\"2022-03-18T09:57:24+00:00\" \/>\n<meta property=\"og:image\" content=\"\/\/www.studio-hamburg-design-works.de\/wp-content\/uploads\/slider\/cache\/d5dda576731a71f5d8b3ebda92660f4a\/topslider-01.jpg\" \/>\n<meta name=\"twitter:card\" content=\"summary_large_image\" \/>\n<meta name=\"twitter:label1\" content=\"Est. reading time\" \/>\n\t<meta name=\"twitter:data1\" content=\"3 minutes\" \/>\n<script type=\"application\/ld+json\" class=\"yoast-schema-graph\">{\"@context\":\"https:\/\/schema.org\",\"@graph\":[{\"@type\":\"WebPage\",\"@id\":\"https:\/\/www.studio-hamburg-design-works.de\/test1968\/\",\"url\":\"https:\/\/www.studio-hamburg-design-works.de\/test1968\/\",\"name\":\"\u00dcber uns | Studio Hamburg Werkst\u00e4tten\",\"isPartOf\":{\"@id\":\"https:\/\/www.studio-hamburg-design-works.de\/#website\"},\"datePublished\":\"2022-03-18T07:04:55+00:00\",\"dateModified\":\"2022-03-18T09:57:24+00:00\",\"description\":\"Die Studio Hamburg Werkst\u00e4tten vereinen handwerkliches K\u00f6nnen mit kreativen L\u00f6sungen. Unsere Gewerke sowohl in Hamburg als auch Berlin fertigen mit modernsten Maschinen und setzen mit ihrer Qualit\u00e4t internationale\u00a0Referenzma\u00dfst\u00e4be.\",\"breadcrumb\":{\"@id\":\"https:\/\/www.studio-hamburg-design-works.de\/test1968\/#breadcrumb\"},\"inLanguage\":\"en-US\",\"potentialAction\":[{\"@type\":\"ReadAction\",\"target\":[\"https:\/\/www.studio-hamburg-design-works.de\/test1968\/\"]}]},{\"@type\":\"BreadcrumbList\",\"@id\":\"https:\/\/www.studio-hamburg-design-works.de\/test1968\/#breadcrumb\",\"itemListElement\":[{\"@type\":\"ListItem\",\"position\":1,\"name\":\"Home\",\"item\":\"https:\/\/www.studio-hamburg-design-works.de\/\"},{\"@type\":\"ListItem\",\"position\":2,\"name\":\"Test1968\"}]},{\"@type\":\"WebSite\",\"@id\":\"https:\/\/www.studio-hamburg-design-works.de\/#website\",\"url\":\"https:\/\/www.studio-hamburg-design-works.de\/\",\"name\":\"Studio Hamburg Design Works\",\"description\":\"Mit hochqualifizierten Fachkr\u00e4ften und erfahrenen Projektleitern sind die Werkst\u00e4tten von Studio Hamburg weltweit eine der ersten Adressen f\u00fcr Dienstleistungen in den Bereichen B\u00fchnenbild-, Dekorations-, Ausstattungs- und Ausstellungsbau.\",\"publisher\":{\"@id\":\"https:\/\/www.studio-hamburg-design-works.de\/#organization\"},\"potentialAction\":[{\"@type\":\"SearchAction\",\"target\":{\"@type\":\"EntryPoint\",\"urlTemplate\":\"https:\/\/www.studio-hamburg-design-works.de\/?s={search_term_string}\"},\"query-input\":{\"@type\":\"PropertyValueSpecification\",\"valueRequired\":true,\"valueName\":\"search_term_string\"}}],\"inLanguage\":\"en-US\"},{\"@type\":\"Organization\",\"@id\":\"https:\/\/www.studio-hamburg-design-works.de\/#organization\",\"name\":\"Studio Hamburg Design Works\",\"url\":\"https:\/\/www.studio-hamburg-design-works.de\/\",\"logo\":{\"@type\":\"ImageObject\",\"inLanguage\":\"en-US\",\"@id\":\"https:\/\/www.studio-hamburg-design-works.de\/#\/schema\/logo\/image\/\",\"url\":\"https:\/\/www.studio-hamburg-design-works.de\/wp-content\/uploads\/2022\/01\/sh-design-works-logo-retina.png\",\"contentUrl\":\"https:\/\/www.studio-hamburg-design-works.de\/wp-content\/uploads\/2022\/01\/sh-design-works-logo-retina.png\",\"width\":400,\"height\":118,\"caption\":\"Studio Hamburg Design Works\"},\"image\":{\"@id\":\"https:\/\/www.studio-hamburg-design-works.de\/#\/schema\/logo\/image\/\"}}]}<\/script>\n<!-- \/ Yoast SEO plugin. -->","yoast_head_json":{"title":"\u00dcber uns | Studio Hamburg Werkst\u00e4tten","description":"Die Studio Hamburg Werkst\u00e4tten vereinen handwerkliches K\u00f6nnen mit kreativen L\u00f6sungen. Unsere Gewerke sowohl in Hamburg als auch Berlin fertigen mit modernsten Maschinen und setzen mit ihrer Qualit\u00e4t internationale\u00a0Referenzma\u00dfst\u00e4be.","robots":{"index":"index","follow":"follow","max-snippet":"max-snippet:-1","max-image-preview":"max-image-preview:large","max-video-preview":"max-video-preview:-1"},"canonical":"https:\/\/www.studio-hamburg-design-works.de\/test1968\/","og_locale":"en_US","og_type":"article","og_title":"\u00dcber uns | Studio Hamburg Werkst\u00e4tten","og_description":"Die Studio Hamburg Werkst\u00e4tten vereinen handwerkliches K\u00f6nnen mit kreativen L\u00f6sungen. Unsere Gewerke sowohl in Hamburg als auch Berlin fertigen mit modernsten Maschinen und setzen mit ihrer Qualit\u00e4t internationale\u00a0Referenzma\u00dfst\u00e4be.","og_url":"https:\/\/www.studio-hamburg-design-works.de\/test1968\/","og_site_name":"Studio Hamburg Design Works","article_modified_time":"2022-03-18T09:57:24+00:00","og_image":[{"url":"\/\/www.studio-hamburg-design-works.de\/wp-content\/uploads\/slider\/cache\/d5dda576731a71f5d8b3ebda92660f4a\/topslider-01.jpg","type":"","width":"","height":""}],"twitter_card":"summary_large_image","twitter_misc":{"Est. reading time":"3 minutes"},"schema":{"@context":"https:\/\/schema.org","@graph":[{"@type":"WebPage","@id":"https:\/\/www.studio-hamburg-design-works.de\/test1968\/","url":"https:\/\/www.studio-hamburg-design-works.de\/test1968\/","name":"\u00dcber uns | Studio Hamburg Werkst\u00e4tten","isPartOf":{"@id":"https:\/\/www.studio-hamburg-design-works.de\/#website"},"datePublished":"2022-03-18T07:04:55+00:00","dateModified":"2022-03-18T09:57:24+00:00","description":"Die Studio Hamburg Werkst\u00e4tten vereinen handwerkliches K\u00f6nnen mit kreativen L\u00f6sungen. Unsere Gewerke sowohl in Hamburg als auch Berlin fertigen mit modernsten Maschinen und setzen mit ihrer Qualit\u00e4t internationale\u00a0Referenzma\u00dfst\u00e4be.","breadcrumb":{"@id":"https:\/\/www.studio-hamburg-design-works.de\/test1968\/#breadcrumb"},"inLanguage":"en-US","potentialAction":[{"@type":"ReadAction","target":["https:\/\/www.studio-hamburg-design-works.de\/test1968\/"]}]},{"@type":"BreadcrumbList","@id":"https:\/\/www.studio-hamburg-design-works.de\/test1968\/#breadcrumb","itemListElement":[{"@type":"ListItem","position":1,"name":"Home","item":"https:\/\/www.studio-hamburg-design-works.de\/"},{"@type":"ListItem","position":2,"name":"Test1968"}]},{"@type":"WebSite","@id":"https:\/\/www.studio-hamburg-design-works.de\/#website","url":"https:\/\/www.studio-hamburg-design-works.de\/","name":"Studio Hamburg Design Works","description":"Mit hochqualifizierten Fachkr\u00e4ften und erfahrenen Projektleitern sind die Werkst\u00e4tten von Studio Hamburg weltweit eine der ersten Adressen f\u00fcr Dienstleistungen in den Bereichen B\u00fchnenbild-, Dekorations-, Ausstattungs- und Ausstellungsbau.","publisher":{"@id":"https:\/\/www.studio-hamburg-design-works.de\/#organization"},"potentialAction":[{"@type":"SearchAction","target":{"@type":"EntryPoint","urlTemplate":"https:\/\/www.studio-hamburg-design-works.de\/?s={search_term_string}"},"query-input":{"@type":"PropertyValueSpecification","valueRequired":true,"valueName":"search_term_string"}}],"inLanguage":"en-US"},{"@type":"Organization","@id":"https:\/\/www.studio-hamburg-design-works.de\/#organization","name":"Studio Hamburg Design Works","url":"https:\/\/www.studio-hamburg-design-works.de\/","logo":{"@type":"ImageObject","inLanguage":"en-US","@id":"https:\/\/www.studio-hamburg-design-works.de\/#\/schema\/logo\/image\/","url":"https:\/\/www.studio-hamburg-design-works.de\/wp-content\/uploads\/2022\/01\/sh-design-works-logo-retina.png","contentUrl":"https:\/\/www.studio-hamburg-design-works.de\/wp-content\/uploads\/2022\/01\/sh-design-works-logo-retina.png","width":400,"height":118,"caption":"Studio Hamburg Design Works"},"image":{"@id":"https:\/\/www.studio-hamburg-design-works.de\/#\/schema\/logo\/image\/"}}]}},"_links":{"self":[{"href":"https:\/\/www.studio-hamburg-design-works.de\/en\/wp-json\/wp\/v2\/pages\/4263","targetHints":{"allow":["GET"]}}],"collection":[{"href":"https:\/\/www.studio-hamburg-design-works.de\/en\/wp-json\/wp\/v2\/pages"}],"about":[{"href":"https:\/\/www.studio-hamburg-design-works.de\/en\/wp-json\/wp\/v2\/types\/page"}],"author":[{"embeddable":true,"href":"https:\/\/www.studio-hamburg-design-works.de\/en\/wp-json\/wp\/v2\/users\/5"}],"replies":[{"embeddable":true,"href":"https:\/\/www.studio-hamburg-design-works.de\/en\/wp-json\/wp\/v2\/comments?post=4263"}],"version-history":[{"count":34,"href":"https:\/\/www.studio-hamburg-design-works.de\/en\/wp-json\/wp\/v2\/pages\/4263\/revisions"}],"predecessor-version":[{"id":4304,"href":"https:\/\/www.studio-hamburg-design-works.de\/en\/wp-json\/wp\/v2\/pages\/4263\/revisions\/4304"}],"wp:attachment":[{"href":"https:\/\/www.studio-hamburg-design-works.de\/en\/wp-json\/wp\/v2\/media?parent=4263"}],"curies":[{"name":"wp","href":"https:\/\/api.w.org\/{rel}","templated":true}]}}