{"id":331,"date":"2015-11-13T12:48:32","date_gmt":"2015-11-13T11:48:32","guid":{"rendered":"http:\/\/www.studio-hamburg-design-works.de\/?page_id=331"},"modified":"2025-10-23T13:09:01","modified_gmt":"2025-10-23T11:09:01","slug":"jobs","status":"publish","type":"page","link":"https:\/\/www.studio-hamburg-design-works.de\/en\/jobs\/","title":{"rendered":"Jobs"},"content":{"rendered":"<div id=\"pl-331\"  class=\"panel-layout\" ><div id=\"pg-331-0\"  class=\"panel-grid panel-no-style\" ><div id=\"pgc-331-0-0\"  class=\"panel-grid-cell\" ><div id=\"panel-331-0-0-0\" class=\"so-panel widget widget_sow-image panel-first-child\" data-index=\"0\" ><div\n\t\t\t\n\t\t\tclass=\"so-widget-sow-image so-widget-sow-image-default-dbf295114b96-331\"\n\t\t\t\n\t\t>\n<div class=\"sow-image-container\">\n\t\t<img \n\tsrc=\"https:\/\/www.studio-hamburg-design-works.de\/wp-content\/uploads\/2016\/01\/t_right.jpg\" width=\"363\" height=\"363\" srcset=\"https:\/\/www.studio-hamburg-design-works.de\/wp-content\/uploads\/2016\/01\/t_right.jpg 363w, https:\/\/www.studio-hamburg-design-works.de\/wp-content\/uploads\/2016\/01\/t_right-150x150.jpg 150w, https:\/\/www.studio-hamburg-design-works.de\/wp-content\/uploads\/2016\/01\/t_right-300x300.jpg 300w\" sizes=\"(max-width: 363px) 100vw, 363px\" title=\"Tischlerei\" alt=\"Tischlerei\" \t\tclass=\"so-widget-image\"\/>\n\t<\/div>\n\n<\/div><\/div><div id=\"panel-331-0-0-1\" class=\"so-panel widget widget_sow-image\" data-index=\"1\" ><div\n\t\t\t\n\t\t\tclass=\"so-widget-sow-image so-widget-sow-image-default-dbf295114b96-331\"\n\t\t\t\n\t\t>\n<div class=\"sow-image-container\">\n\t\t<img \n\tsrc=\"https:\/\/www.studio-hamburg-design-works.de\/wp-content\/uploads\/2015\/11\/metallbau_01.jpg\" width=\"363\" height=\"363\" srcset=\"https:\/\/www.studio-hamburg-design-works.de\/wp-content\/uploads\/2015\/11\/metallbau_01.jpg 363w, https:\/\/www.studio-hamburg-design-works.de\/wp-content\/uploads\/2015\/11\/metallbau_01-150x150.jpg 150w, https:\/\/www.studio-hamburg-design-works.de\/wp-content\/uploads\/2015\/11\/metallbau_01-300x300.jpg 300w\" sizes=\"(max-width: 363px) 100vw, 363px\" alt=\"Metallbau\" \t\tclass=\"so-widget-image\"\/>\n\t<\/div>\n\n<\/div><\/div><div id=\"panel-331-0-0-2\" class=\"so-panel widget widget_sow-image\" data-index=\"2\" ><div\n\t\t\t\n\t\t\tclass=\"so-widget-sow-image so-widget-sow-image-default-dbf295114b96-331\"\n\t\t\t\n\t\t>\n<div class=\"sow-image-container\">\n\t\t<img \n\tsrc=\"https:\/\/www.studio-hamburg-design-works.de\/wp-content\/uploads\/2015\/11\/malerei_01.jpg\" width=\"363\" height=\"363\" srcset=\"https:\/\/www.studio-hamburg-design-works.de\/wp-content\/uploads\/2015\/11\/malerei_01.jpg 363w, https:\/\/www.studio-hamburg-design-works.de\/wp-content\/uploads\/2015\/11\/malerei_01-150x150.jpg 150w, https:\/\/www.studio-hamburg-design-works.de\/wp-content\/uploads\/2015\/11\/malerei_01-300x300.jpg 300w\" sizes=\"(max-width: 363px) 100vw, 363px\" alt=\"Malerei\" \t\tclass=\"so-widget-image\"\/>\n\t<\/div>\n\n<\/div><\/div><div id=\"panel-331-0-0-3\" class=\"so-panel widget widget_sow-image panel-last-child\" data-index=\"3\" ><div\n\t\t\t\n\t\t\tclass=\"so-widget-sow-image so-widget-sow-image-default-8b5b6f678277-331\"\n\t\t\t\n\t\t>\n<div class=\"sow-image-container\">\n\t\t<img \n\tsrc=\"https:\/\/www.studio-hamburg-design-works.de\/wp-content\/uploads\/2025\/04\/HK-Ausbildungszertifikat-2025.jpg\" width=\"504\" height=\"718\" srcset=\"https:\/\/www.studio-hamburg-design-works.de\/wp-content\/uploads\/2025\/04\/HK-Ausbildungszertifikat-2025.jpg 504w, https:\/\/www.studio-hamburg-design-works.de\/wp-content\/uploads\/2025\/04\/HK-Ausbildungszertifikat-2025-211x300.jpg 211w\" sizes=\"(max-width: 504px) 100vw, 504px\" title=\"HK Ausbildungszertifikat 2025\" alt=\"Ausbildungszertifikat 2025\" \t\tclass=\"so-widget-image\"\/>\n\t<\/div>\n\n<\/div><\/div><\/div><div id=\"pgc-331-0-1\"  class=\"panel-grid-cell\" ><div id=\"panel-331-0-1-0\" class=\"so-panel widget widget_sow-editor panel-first-child\" data-index=\"4\" ><div\n\t\t\t\n\t\t\tclass=\"so-widget-sow-editor so-widget-sow-editor-base\"\n\t\t\t\n\t\t>\n<div class=\"siteorigin-widget-tinymce textwidget\">\n\t<p>\n<strong>We are currently looking for:<\/strong><\/p>\n<\/div>\n<\/div><\/div><div id=\"panel-331-0-1-1\" class=\"so-panel widget widget_sow-editor panel-last-child\" data-index=\"5\" ><div\n\t\t\t\n\t\t\tclass=\"so-widget-sow-editor so-widget-sow-editor-base\"\n\t\t\t\n\t\t>\n<div class=\"siteorigin-widget-tinymce textwidget\">\n\t<div id=\"psJobWidget\"><\/div>\n<p><script src=\"https:\/\/studio-hamburg.onlyfy.jobs\/widget\/iframe.js?config=70n0kojt\"><\/script><\/p>\n<\/div>\n<\/div><\/div><\/div><\/div><\/div>","protected":false},"excerpt":{"rendered":"<p>We are currently looking for:<\/p>\n","protected":false},"author":5,"featured_media":0,"parent":0,"menu_order":0,"comment_status":"closed","ping_status":"closed","template":"page-fullwidth.php","meta":{"footnotes":""},"class_list":["post-331","page","type-page","status-publish","hentry"],"yoast_head":"<!-- This site is optimized with the Yoast SEO plugin v26.4 - https:\/\/yoast.com\/wordpress\/plugins\/seo\/ -->\n<title>Jobs | Studio Hamburg Design Works<\/title>\n<meta name=\"description\" content=\"Jobs - Bei Studio Hamburg Design Works bilden wir in neun staatlich anerkannten Berufen aus.\" \/>\n<meta name=\"robots\" content=\"index, follow, max-snippet:-1, max-image-preview:large, max-video-preview:-1\" \/>\n<link rel=\"canonical\" href=\"https:\/\/www.studio-hamburg-design-works.de\/jobs\/\" \/>\n<meta property=\"og:locale\" content=\"en_US\" \/>\n<meta property=\"og:type\" content=\"article\" \/>\n<meta property=\"og:title\" content=\"Jobs | Studio Hamburg Design Works\" \/>\n<meta property=\"og:description\" content=\"Jobs - Bei Studio Hamburg Design Works bilden wir in neun staatlich anerkannten Berufen aus.\" \/>\n<meta property=\"og:url\" content=\"https:\/\/www.studio-hamburg-design-works.de\/jobs\/\" \/>\n<meta property=\"og:site_name\" content=\"Studio Hamburg Design Works\" \/>\n<meta property=\"article:modified_time\" content=\"2025-10-23T11:09:01+00:00\" \/>\n<meta name=\"twitter:card\" content=\"summary_large_image\" \/>\n<meta name=\"twitter:label1\" content=\"Est. reading time\" \/>\n\t<meta name=\"twitter:data1\" content=\"2 minutes\" \/>\n<script type=\"application\/ld+json\" class=\"yoast-schema-graph\">{\"@context\":\"https:\/\/schema.org\",\"@graph\":[{\"@type\":\"WebPage\",\"@id\":\"https:\/\/www.studio-hamburg-design-works.de\/jobs\/\",\"url\":\"https:\/\/www.studio-hamburg-design-works.de\/jobs\/\",\"name\":\"Jobs | Studio Hamburg Design Works\",\"isPartOf\":{\"@id\":\"https:\/\/www.studio-hamburg-design-works.de\/#website\"},\"datePublished\":\"2015-11-13T11:48:32+00:00\",\"dateModified\":\"2025-10-23T11:09:01+00:00\",\"description\":\"Jobs - Bei Studio Hamburg Design Works bilden wir in neun staatlich anerkannten Berufen aus.\",\"breadcrumb\":{\"@id\":\"https:\/\/www.studio-hamburg-design-works.de\/jobs\/#breadcrumb\"},\"inLanguage\":\"en-US\",\"potentialAction\":[{\"@type\":\"ReadAction\",\"target\":[\"https:\/\/www.studio-hamburg-design-works.de\/jobs\/\"]}]},{\"@type\":\"BreadcrumbList\",\"@id\":\"https:\/\/www.studio-hamburg-design-works.de\/jobs\/#breadcrumb\",\"itemListElement\":[{\"@type\":\"ListItem\",\"position\":1,\"name\":\"Home\",\"item\":\"https:\/\/www.studio-hamburg-design-works.de\/\"},{\"@type\":\"ListItem\",\"position\":2,\"name\":\"Jobs\"}]},{\"@type\":\"WebSite\",\"@id\":\"https:\/\/www.studio-hamburg-design-works.de\/#website\",\"url\":\"https:\/\/www.studio-hamburg-design-works.de\/\",\"name\":\"Studio Hamburg Design Works\",\"description\":\"Mit hochqualifizierten Fachkr\u00e4ften und erfahrenen Projektleitern sind die Werkst\u00e4tten von Studio Hamburg weltweit eine der ersten Adressen f\u00fcr Dienstleistungen in den Bereichen B\u00fchnenbild-, Dekorations-, Ausstattungs- und Ausstellungsbau.\",\"publisher\":{\"@id\":\"https:\/\/www.studio-hamburg-design-works.de\/#organization\"},\"potentialAction\":[{\"@type\":\"SearchAction\",\"target\":{\"@type\":\"EntryPoint\",\"urlTemplate\":\"https:\/\/www.studio-hamburg-design-works.de\/?s={search_term_string}\"},\"query-input\":{\"@type\":\"PropertyValueSpecification\",\"valueRequired\":true,\"valueName\":\"search_term_string\"}}],\"inLanguage\":\"en-US\"},{\"@type\":\"Organization\",\"@id\":\"https:\/\/www.studio-hamburg-design-works.de\/#organization\",\"name\":\"Studio Hamburg Design Works\",\"url\":\"https:\/\/www.studio-hamburg-design-works.de\/\",\"logo\":{\"@type\":\"ImageObject\",\"inLanguage\":\"en-US\",\"@id\":\"https:\/\/www.studio-hamburg-design-works.de\/#\/schema\/logo\/image\/\",\"url\":\"https:\/\/www.studio-hamburg-design-works.de\/wp-content\/uploads\/2022\/01\/sh-design-works-logo-retina.png\",\"contentUrl\":\"https:\/\/www.studio-hamburg-design-works.de\/wp-content\/uploads\/2022\/01\/sh-design-works-logo-retina.png\",\"width\":400,\"height\":118,\"caption\":\"Studio Hamburg Design Works\"},\"image\":{\"@id\":\"https:\/\/www.studio-hamburg-design-works.de\/#\/schema\/logo\/image\/\"}}]}<\/script>\n<!-- \/ Yoast SEO plugin. -->","yoast_head_json":{"title":"Jobs | Studio Hamburg Design Works","description":"Jobs - Bei Studio Hamburg Design Works bilden wir in neun staatlich anerkannten Berufen aus.","robots":{"index":"index","follow":"follow","max-snippet":"max-snippet:-1","max-image-preview":"max-image-preview:large","max-video-preview":"max-video-preview:-1"},"canonical":"https:\/\/www.studio-hamburg-design-works.de\/jobs\/","og_locale":"en_US","og_type":"article","og_title":"Jobs | Studio Hamburg Design Works","og_description":"Jobs - Bei Studio Hamburg Design Works bilden wir in neun staatlich anerkannten Berufen aus.","og_url":"https:\/\/www.studio-hamburg-design-works.de\/jobs\/","og_site_name":"Studio Hamburg Design Works","article_modified_time":"2025-10-23T11:09:01+00:00","twitter_card":"summary_large_image","twitter_misc":{"Est. reading time":"2 minutes"},"schema":{"@context":"https:\/\/schema.org","@graph":[{"@type":"WebPage","@id":"https:\/\/www.studio-hamburg-design-works.de\/jobs\/","url":"https:\/\/www.studio-hamburg-design-works.de\/jobs\/","name":"Jobs | Studio Hamburg Design Works","isPartOf":{"@id":"https:\/\/www.studio-hamburg-design-works.de\/#website"},"datePublished":"2015-11-13T11:48:32+00:00","dateModified":"2025-10-23T11:09:01+00:00","description":"Jobs - Bei Studio Hamburg Design Works bilden wir in neun staatlich anerkannten Berufen aus.","breadcrumb":{"@id":"https:\/\/www.studio-hamburg-design-works.de\/jobs\/#breadcrumb"},"inLanguage":"en-US","potentialAction":[{"@type":"ReadAction","target":["https:\/\/www.studio-hamburg-design-works.de\/jobs\/"]}]},{"@type":"BreadcrumbList","@id":"https:\/\/www.studio-hamburg-design-works.de\/jobs\/#breadcrumb","itemListElement":[{"@type":"ListItem","position":1,"name":"Home","item":"https:\/\/www.studio-hamburg-design-works.de\/"},{"@type":"ListItem","position":2,"name":"Jobs"}]},{"@type":"WebSite","@id":"https:\/\/www.studio-hamburg-design-works.de\/#website","url":"https:\/\/www.studio-hamburg-design-works.de\/","name":"Studio Hamburg Design Works","description":"Mit hochqualifizierten Fachkr\u00e4ften und erfahrenen Projektleitern sind die Werkst\u00e4tten von Studio Hamburg weltweit eine der ersten Adressen f\u00fcr Dienstleistungen in den Bereichen B\u00fchnenbild-, Dekorations-, Ausstattungs- und Ausstellungsbau.","publisher":{"@id":"https:\/\/www.studio-hamburg-design-works.de\/#organization"},"potentialAction":[{"@type":"SearchAction","target":{"@type":"EntryPoint","urlTemplate":"https:\/\/www.studio-hamburg-design-works.de\/?s={search_term_string}"},"query-input":{"@type":"PropertyValueSpecification","valueRequired":true,"valueName":"search_term_string"}}],"inLanguage":"en-US"},{"@type":"Organization","@id":"https:\/\/www.studio-hamburg-design-works.de\/#organization","name":"Studio Hamburg Design Works","url":"https:\/\/www.studio-hamburg-design-works.de\/","logo":{"@type":"ImageObject","inLanguage":"en-US","@id":"https:\/\/www.studio-hamburg-design-works.de\/#\/schema\/logo\/image\/","url":"https:\/\/www.studio-hamburg-design-works.de\/wp-content\/uploads\/2022\/01\/sh-design-works-logo-retina.png","contentUrl":"https:\/\/www.studio-hamburg-design-works.de\/wp-content\/uploads\/2022\/01\/sh-design-works-logo-retina.png","width":400,"height":118,"caption":"Studio Hamburg Design Works"},"image":{"@id":"https:\/\/www.studio-hamburg-design-works.de\/#\/schema\/logo\/image\/"}}]}},"_links":{"self":[{"href":"https:\/\/www.studio-hamburg-design-works.de\/en\/wp-json\/wp\/v2\/pages\/331","targetHints":{"allow":["GET"]}}],"collection":[{"href":"https:\/\/www.studio-hamburg-design-works.de\/en\/wp-json\/wp\/v2\/pages"}],"about":[{"href":"https:\/\/www.studio-hamburg-design-works.de\/en\/wp-json\/wp\/v2\/types\/page"}],"author":[{"embeddable":true,"href":"https:\/\/www.studio-hamburg-design-works.de\/en\/wp-json\/wp\/v2\/users\/5"}],"replies":[{"embeddable":true,"href":"https:\/\/www.studio-hamburg-design-works.de\/en\/wp-json\/wp\/v2\/comments?post=331"}],"version-history":[{"count":11,"href":"https:\/\/www.studio-hamburg-design-works.de\/en\/wp-json\/wp\/v2\/pages\/331\/revisions"}],"predecessor-version":[{"id":4953,"href":"https:\/\/www.studio-hamburg-design-works.de\/en\/wp-json\/wp\/v2\/pages\/331\/revisions\/4953"}],"wp:attachment":[{"href":"https:\/\/www.studio-hamburg-design-works.de\/en\/wp-json\/wp\/v2\/media?parent=331"}],"curies":[{"name":"wp","href":"https:\/\/api.w.org\/{rel}","templated":true}]}}