{"id":253,"date":"2015-11-12T11:43:09","date_gmt":"2015-11-12T10:43:09","guid":{"rendered":"http:\/\/www.studio-hamburg-design-works.de\/?page_id=253"},"modified":"2025-03-06T16:30:57","modified_gmt":"2025-03-06T15:30:57","slug":"impressum","status":"publish","type":"page","link":"https:\/\/www.studio-hamburg-design-works.de\/en\/impressum\/","title":{"rendered":"Legal Notice"},"content":{"rendered":"<div id=\"pl-253\"  class=\"panel-layout\" ><div id=\"pg-253-0\"  class=\"panel-grid panel-no-style\" ><div id=\"pgc-253-0-0\"  class=\"panel-grid-cell\" ><div id=\"panel-253-0-0-0\" class=\"so-panel widget widget_sow-editor panel-first-child panel-last-child\" data-index=\"0\" ><div\n\t\t\t\n\t\t\tclass=\"so-widget-sow-editor so-widget-sow-editor-base\"\n\t\t\t\n\t\t>\n<div class=\"siteorigin-widget-tinymce textwidget\">\n\t<p>\n<\/p>\n<p>\u00a7 5 DDG (German Digitale-Dienste-Gesetz)<br \/>\n\u00a7 18 Abs. 2 (German Medienstaatsvertrag)<\/p>\n<p><strong>Studio Hamburg Design Works GmbH<\/strong><br \/>\nJenfelder Allee 80<br \/>\nD-22045 Hamburg<\/p>\n<p>Phone: +49 (0)40 6688-3300<br \/>\nE-Mail:\u00a0<a href=\"&#109;&#x61;&#105;&#x6c;&#116;&#x6f;&#58;&#x64;&#101;&#x73;&#105;&#x67;&#110;&#x2d;&#119;&#x6f;&#114;&#x6b;&#115;&#x40;&#115;&#x74;&#117;&#x64;&#105;&#x6f;&#45;&#x68;&#97;&#x6d;&#98;&#x75;&#114;&#x67;&#46;&#x64;&#101;\">de&#115;&#105;&#x67;&#x6e;&#x2d;&#x77;or&#107;&#115;&#x40;&#x73;&#x74;&#x75;di&#111;&#45;&#104;&#x61;&#x6d;&#x62;&#x75;rg&#46;&#100;&#x65;<\/a><br \/>\nInternet: <a href=\"https:\/\/www.studio-hamburg-design-works.de\" target=\"_blank\" rel=\"noopener\">www.studio-hamburg-design-works.de<\/a><\/p>\n<p>Managing director:\u00a0J\u00f6rn Denneborg (CEO)<\/p>\n<p>Registered office: Hamburg<br \/>\nRegister court\/number: Amtsgericht Hamburg\/HRB 63046<br \/>\nVAT ID: DE 188 065 458<\/p>\n<p><strong>Disclaimer:\u2028<\/strong><br \/>\nLiability for content<br \/>\nAs a service provider, we are responsible for our own content on these pages in accordance with general laws in accordance with Section 7 (1) TMG. According to \u00a7\u00a7 8 to 10 TMG, we as a service provider are not obliged to monitor transmitted or stored third-party information or to investigate circumstances that indicate illegal activity. Obligations to remove or block the use of information according to general laws remain unaffected. However, liability in this regard is only possible from the time we become aware of a specific legal violation. As soon as we become aware of such violations, we will remove this content immediately.<\/p>\n<p>Liability for links<br \/>\nOur offer contains links to external websites of third parties, the content of which we have no influence on. For this reason, we cannot accept any liability for this external content. The respective provider or operator is always responsible for the content of the linked pages. The linked pages were checked for possible legal violations at the time the link was created. No illegal content was discernible at the time the link was created. A permanent control of the content of the linked pages is not reasonable without concrete evidence of an infringement. As soon as we become aware of legal violations, we will remove such links immediately.<\/p>\n<p>Copyright<br \/>\nThe content and works on these pages created by the site operator are subject to German copyright law. The duplication, processing, distribution and any kind of use beyond the limits of copyright law require the written consent of the respective author or creator. Downloads and copies of this page are only permitted for private, non-commercial use. As far as the content on this page was not created by the operator, the copyrights of third parties are respected. In particular contents of third parties are marked as such. Should you nevertheless become aware of a copyright infringement, please let us know. As soon as we become aware of legal violations, we will remove such content immediately.<\/p>\n<\/div>\n<\/div><\/div><\/div><\/div><\/div>","protected":false},"excerpt":{"rendered":"<p>\u00a7 5 DDG (German Digitale-Dienste-Gesetz) \u00a7 18 Abs. 2 (German Medienstaatsvertrag) Studio Hamburg Design Works GmbH Jenfelder Allee 80 D-22045 Hamburg Phone: +49 (0)40 6688-3300 E-Mail:\u00a0d&#x65;&#115;i&#x67;&#110;-&#x77;&#111;r&#x6b;&#115;&#64;&#x73;&#116;u&#x64;&#105;o&#x2d;&#104;a&#x6d;&#98;u&#x72;&#103;&#46;&#x64;&#101; Internet: www.studio-hamburg-design-works.de Managing director:\u00a0J\u00f6rn Denneborg (CEO) Registered office: Hamburg Register court\/number: Amtsgericht Hamburg\/HRB 63046 &hellip; <a class=\"kt-excerpt-readmore\" href=\"https:\/\/www.studio-hamburg-design-works.de\/en\/impressum\/\" aria-label=\"Legal Notice\">Read More<\/a><\/p>\n","protected":false},"author":5,"featured_media":0,"parent":0,"menu_order":0,"comment_status":"closed","ping_status":"closed","template":"page-fullwidth.php","meta":{"footnotes":""},"class_list":["post-253","page","type-page","status-publish","hentry"],"yoast_head":"<!-- This site is optimized with the Yoast SEO plugin v26.4 - https:\/\/yoast.com\/wordpress\/plugins\/seo\/ -->\n<title>Impressum | Studio Hamburg Design Works<\/title>\n<meta name=\"description\" content=\"Impressum - Studio Hamburg Design Works GmbH: Angaben gem\u00e4\u00df \u00a7 5 TMG, Telefon: +49 (0)40 6688-2211, E-Mail: marketing@studio-hamburg.de\" \/>\n<meta name=\"robots\" content=\"index, follow, max-snippet:-1, max-image-preview:large, max-video-preview:-1\" \/>\n<link rel=\"canonical\" href=\"https:\/\/www.studio-hamburg-design-works.de\/impressum\/\" \/>\n<meta property=\"og:locale\" content=\"en_US\" \/>\n<meta property=\"og:type\" content=\"article\" \/>\n<meta property=\"og:title\" content=\"Impressum | Studio Hamburg Design Works\" \/>\n<meta property=\"og:description\" content=\"Impressum - Studio Hamburg Design Works GmbH: Angaben gem\u00e4\u00df \u00a7 5 TMG, Telefon: +49 (0)40 6688-2211, E-Mail: marketing@studio-hamburg.de\" \/>\n<meta property=\"og:url\" content=\"https:\/\/www.studio-hamburg-design-works.de\/impressum\/\" \/>\n<meta property=\"og:site_name\" content=\"Studio Hamburg Design Works\" \/>\n<meta property=\"article:modified_time\" content=\"2025-03-06T15:30:57+00:00\" \/>\n<meta name=\"twitter:card\" content=\"summary_large_image\" \/>\n<meta name=\"twitter:label1\" content=\"Est. reading time\" \/>\n\t<meta name=\"twitter:data1\" content=\"3 minutes\" \/>\n<script type=\"application\/ld+json\" class=\"yoast-schema-graph\">{\"@context\":\"https:\/\/schema.org\",\"@graph\":[{\"@type\":\"WebPage\",\"@id\":\"https:\/\/www.studio-hamburg-design-works.de\/impressum\/\",\"url\":\"https:\/\/www.studio-hamburg-design-works.de\/impressum\/\",\"name\":\"Impressum | Studio Hamburg Design Works\",\"isPartOf\":{\"@id\":\"https:\/\/www.studio-hamburg-design-works.de\/#website\"},\"datePublished\":\"2015-11-12T10:43:09+00:00\",\"dateModified\":\"2025-03-06T15:30:57+00:00\",\"description\":\"Impressum - Studio Hamburg Design Works GmbH: Angaben gem\u00e4\u00df \u00a7 5 TMG, Telefon: +49 (0)40 6688-2211, E-Mail: marketing@studio-hamburg.de\",\"breadcrumb\":{\"@id\":\"https:\/\/www.studio-hamburg-design-works.de\/impressum\/#breadcrumb\"},\"inLanguage\":\"en-US\",\"potentialAction\":[{\"@type\":\"ReadAction\",\"target\":[\"https:\/\/www.studio-hamburg-design-works.de\/impressum\/\"]}]},{\"@type\":\"BreadcrumbList\",\"@id\":\"https:\/\/www.studio-hamburg-design-works.de\/impressum\/#breadcrumb\",\"itemListElement\":[{\"@type\":\"ListItem\",\"position\":1,\"name\":\"Home\",\"item\":\"https:\/\/www.studio-hamburg-design-works.de\/\"},{\"@type\":\"ListItem\",\"position\":2,\"name\":\"Impressum\"}]},{\"@type\":\"WebSite\",\"@id\":\"https:\/\/www.studio-hamburg-design-works.de\/#website\",\"url\":\"https:\/\/www.studio-hamburg-design-works.de\/\",\"name\":\"Studio Hamburg Design Works\",\"description\":\"Mit hochqualifizierten Fachkr\u00e4ften und erfahrenen Projektleitern sind die Werkst\u00e4tten von Studio Hamburg weltweit eine der ersten Adressen f\u00fcr Dienstleistungen in den Bereichen B\u00fchnenbild-, Dekorations-, Ausstattungs- und Ausstellungsbau.\",\"publisher\":{\"@id\":\"https:\/\/www.studio-hamburg-design-works.de\/#organization\"},\"potentialAction\":[{\"@type\":\"SearchAction\",\"target\":{\"@type\":\"EntryPoint\",\"urlTemplate\":\"https:\/\/www.studio-hamburg-design-works.de\/?s={search_term_string}\"},\"query-input\":{\"@type\":\"PropertyValueSpecification\",\"valueRequired\":true,\"valueName\":\"search_term_string\"}}],\"inLanguage\":\"en-US\"},{\"@type\":\"Organization\",\"@id\":\"https:\/\/www.studio-hamburg-design-works.de\/#organization\",\"name\":\"Studio Hamburg Design Works\",\"url\":\"https:\/\/www.studio-hamburg-design-works.de\/\",\"logo\":{\"@type\":\"ImageObject\",\"inLanguage\":\"en-US\",\"@id\":\"https:\/\/www.studio-hamburg-design-works.de\/#\/schema\/logo\/image\/\",\"url\":\"https:\/\/www.studio-hamburg-design-works.de\/wp-content\/uploads\/2022\/01\/sh-design-works-logo-retina.png\",\"contentUrl\":\"https:\/\/www.studio-hamburg-design-works.de\/wp-content\/uploads\/2022\/01\/sh-design-works-logo-retina.png\",\"width\":400,\"height\":118,\"caption\":\"Studio Hamburg Design Works\"},\"image\":{\"@id\":\"https:\/\/www.studio-hamburg-design-works.de\/#\/schema\/logo\/image\/\"}}]}<\/script>\n<!-- \/ Yoast SEO plugin. -->","yoast_head_json":{"title":"Impressum | Studio Hamburg Design Works","description":"Impressum - Studio Hamburg Design Works GmbH: Angaben gem\u00e4\u00df \u00a7 5 TMG, Telefon: +49 (0)40 6688-2211, E-Mail: marketing@studio-hamburg.de","robots":{"index":"index","follow":"follow","max-snippet":"max-snippet:-1","max-image-preview":"max-image-preview:large","max-video-preview":"max-video-preview:-1"},"canonical":"https:\/\/www.studio-hamburg-design-works.de\/impressum\/","og_locale":"en_US","og_type":"article","og_title":"Impressum | Studio Hamburg Design Works","og_description":"Impressum - Studio Hamburg Design Works GmbH: Angaben gem\u00e4\u00df \u00a7 5 TMG, Telefon: +49 (0)40 6688-2211, E-Mail: marketing@studio-hamburg.de","og_url":"https:\/\/www.studio-hamburg-design-works.de\/impressum\/","og_site_name":"Studio Hamburg Design Works","article_modified_time":"2025-03-06T15:30:57+00:00","twitter_card":"summary_large_image","twitter_misc":{"Est. reading time":"3 minutes"},"schema":{"@context":"https:\/\/schema.org","@graph":[{"@type":"WebPage","@id":"https:\/\/www.studio-hamburg-design-works.de\/impressum\/","url":"https:\/\/www.studio-hamburg-design-works.de\/impressum\/","name":"Impressum | Studio Hamburg Design Works","isPartOf":{"@id":"https:\/\/www.studio-hamburg-design-works.de\/#website"},"datePublished":"2015-11-12T10:43:09+00:00","dateModified":"2025-03-06T15:30:57+00:00","description":"Impressum - Studio Hamburg Design Works GmbH: Angaben gem\u00e4\u00df \u00a7 5 TMG, Telefon: +49 (0)40 6688-2211, E-Mail: marketing@studio-hamburg.de","breadcrumb":{"@id":"https:\/\/www.studio-hamburg-design-works.de\/impressum\/#breadcrumb"},"inLanguage":"en-US","potentialAction":[{"@type":"ReadAction","target":["https:\/\/www.studio-hamburg-design-works.de\/impressum\/"]}]},{"@type":"BreadcrumbList","@id":"https:\/\/www.studio-hamburg-design-works.de\/impressum\/#breadcrumb","itemListElement":[{"@type":"ListItem","position":1,"name":"Home","item":"https:\/\/www.studio-hamburg-design-works.de\/"},{"@type":"ListItem","position":2,"name":"Impressum"}]},{"@type":"WebSite","@id":"https:\/\/www.studio-hamburg-design-works.de\/#website","url":"https:\/\/www.studio-hamburg-design-works.de\/","name":"Studio Hamburg Design Works","description":"Mit hochqualifizierten Fachkr\u00e4ften und erfahrenen Projektleitern sind die Werkst\u00e4tten von Studio Hamburg weltweit eine der ersten Adressen f\u00fcr Dienstleistungen in den Bereichen B\u00fchnenbild-, Dekorations-, Ausstattungs- und Ausstellungsbau.","publisher":{"@id":"https:\/\/www.studio-hamburg-design-works.de\/#organization"},"potentialAction":[{"@type":"SearchAction","target":{"@type":"EntryPoint","urlTemplate":"https:\/\/www.studio-hamburg-design-works.de\/?s={search_term_string}"},"query-input":{"@type":"PropertyValueSpecification","valueRequired":true,"valueName":"search_term_string"}}],"inLanguage":"en-US"},{"@type":"Organization","@id":"https:\/\/www.studio-hamburg-design-works.de\/#organization","name":"Studio Hamburg Design Works","url":"https:\/\/www.studio-hamburg-design-works.de\/","logo":{"@type":"ImageObject","inLanguage":"en-US","@id":"https:\/\/www.studio-hamburg-design-works.de\/#\/schema\/logo\/image\/","url":"https:\/\/www.studio-hamburg-design-works.de\/wp-content\/uploads\/2022\/01\/sh-design-works-logo-retina.png","contentUrl":"https:\/\/www.studio-hamburg-design-works.de\/wp-content\/uploads\/2022\/01\/sh-design-works-logo-retina.png","width":400,"height":118,"caption":"Studio Hamburg Design Works"},"image":{"@id":"https:\/\/www.studio-hamburg-design-works.de\/#\/schema\/logo\/image\/"}}]}},"_links":{"self":[{"href":"https:\/\/www.studio-hamburg-design-works.de\/en\/wp-json\/wp\/v2\/pages\/253","targetHints":{"allow":["GET"]}}],"collection":[{"href":"https:\/\/www.studio-hamburg-design-works.de\/en\/wp-json\/wp\/v2\/pages"}],"about":[{"href":"https:\/\/www.studio-hamburg-design-works.de\/en\/wp-json\/wp\/v2\/types\/page"}],"author":[{"embeddable":true,"href":"https:\/\/www.studio-hamburg-design-works.de\/en\/wp-json\/wp\/v2\/users\/5"}],"replies":[{"embeddable":true,"href":"https:\/\/www.studio-hamburg-design-works.de\/en\/wp-json\/wp\/v2\/comments?post=253"}],"version-history":[{"count":32,"href":"https:\/\/www.studio-hamburg-design-works.de\/en\/wp-json\/wp\/v2\/pages\/253\/revisions"}],"predecessor-version":[{"id":4900,"href":"https:\/\/www.studio-hamburg-design-works.de\/en\/wp-json\/wp\/v2\/pages\/253\/revisions\/4900"}],"wp:attachment":[{"href":"https:\/\/www.studio-hamburg-design-works.de\/en\/wp-json\/wp\/v2\/media?parent=253"}],"curies":[{"name":"wp","href":"https:\/\/api.w.org\/{rel}","templated":true}]}}