{"id":194,"date":"2015-11-11T16:15:23","date_gmt":"2015-11-11T15:15:23","guid":{"rendered":"http:\/\/www.studio-hamburg-design-works.de\/?page_id=194"},"modified":"2018-03-23T13:02:30","modified_gmt":"2018-03-23T12:02:30","slug":"moeblierung-innenausbau","status":"publish","type":"page","link":"https:\/\/www.studio-hamburg-design-works.de\/en\/moeblierung-innenausbau\/","title":{"rendered":"Furnishing &#038; Interior Decorations"},"content":{"rendered":"<div id=\"pl-194\"  class=\"panel-layout\" ><div id=\"pg-194-0\"  class=\"panel-grid panel-no-style\" ><div id=\"pgc-194-0-0\"  class=\"panel-grid-cell\" ><div id=\"panel-194-0-0-0\" class=\"so-panel widget widget_sow-editor panel-first-child panel-last-child\" data-index=\"0\" ><div\n\t\t\t\n\t\t\tclass=\"so-widget-sow-editor so-widget-sow-editor-base\"\n\t\t\t\n\t\t>\n<div class=\"siteorigin-widget-tinymce textwidget\">\n\t<div tabindex=\"0\" class=\"cycloneslider cycloneslider-template-standard cycloneslider-width-responsive\" id=\"cycloneslider-moeblierung-innenausbau-2\" style=\"max-width:1140px\" > <div class=\"cycloneslider-slides cycle-slideshow\" data-cycle-allow-wrap=\"true\" data-cycle-dynamic-height=\"off\" data-cycle-auto-height=\"1140:500\" data-cycle-auto-height-easing=\"null\" data-cycle-auto-height-speed=\"250\" data-cycle-delay=\"0\" data-cycle-easing=\"\" data-cycle-fx=\"fadeout\" data-cycle-hide-non-active=\"true\" data-cycle-log=\"false\" data-cycle-next=\"#cycloneslider-moeblierung-innenausbau-2 .cycloneslider-next\" data-cycle-pager=\"#cycloneslider-moeblierung-innenausbau-2 .cycloneslider-pager\" data-cycle-pause-on-hover=\"true\" data-cycle-prev=\"#cycloneslider-moeblierung-innenausbau-2 .cycloneslider-prev\" data-cycle-slides=\"&gt; div\" data-cycle-speed=\"800\" data-cycle-swipe=\"false\" data-cycle-tile-count=\"7\" data-cycle-tile-delay=\"100\" data-cycle-tile-vertical=\"true\" data-cycle-timeout=\"4000\" > <div class=\"cycloneslider-slide cycloneslider-slide-image\" > <img decoding=\"async\" src=\"https:\/\/www.studio-hamburg-design-works.de\/wp-content\/uploads\/2025\/03\/SHDW_Geschaeftsfelder_Moeblierung_SWR.jpg\" alt=\"\" title=\"\" \/> <\/div> <div class=\"cycloneslider-slide cycloneslider-slide-image\" > <img decoding=\"async\" src=\"https:\/\/www.studio-hamburg-design-works.de\/wp-content\/uploads\/2025\/03\/SHDW_Geschaeftsfelder_Moeblierung_NBB-neu.jpg\" alt=\"\" title=\"\" \/> <\/div> <div class=\"cycloneslider-slide cycloneslider-slide-image\" > <img decoding=\"async\" src=\"https:\/\/www.studio-hamburg-design-works.de\/wp-content\/uploads\/2023\/01\/moe-03.jpg\" alt=\"\" title=\"\" \/> <\/div> <div class=\"cycloneslider-slide cycloneslider-slide-image\" > <img decoding=\"async\" src=\"https:\/\/www.studio-hamburg-design-works.de\/wp-content\/uploads\/2016\/07\/Regie-K\u00f6ln-1140x500.png\" alt=\"\" title=\"\" \/> <\/div> <div class=\"cycloneslider-slide cycloneslider-slide-image\" > <img decoding=\"async\" src=\"https:\/\/www.studio-hamburg-design-works.de\/wp-content\/uploads\/2023\/01\/moe-02.jpg\" alt=\"\" title=\"\" \/> <\/div> <div class=\"cycloneslider-slide cycloneslider-slide-image\" > <img decoding=\"async\" src=\"https:\/\/www.studio-hamburg-design-works.de\/wp-content\/uploads\/2023\/01\/moe-01.jpg\" alt=\"\" title=\"\" \/> <\/div> <div class=\"cycloneslider-slide cycloneslider-slide-image\" > <img decoding=\"async\" src=\"https:\/\/www.studio-hamburg-design-works.de\/wp-content\/uploads\/2025\/03\/SHDW_Geschaeftsfelder_Moeblierung_SWA.jpg\" alt=\"\" title=\"\" \/> <\/div> <\/div> <div class=\"cycloneslider-pager\"><\/div> <a href=\"#\" class=\"cycloneslider-prev\"> <span class=\"arrow\"><\/span> <\/a> <a href=\"#\" class=\"cycloneslider-next\"> <span class=\"arrow\"><\/span> <\/a> <\/div>\n<\/div>\n<\/div><\/div><\/div><\/div><div id=\"pg-194-1\"  class=\"panel-grid panel-no-style\" ><div id=\"pgc-194-1-0\"  class=\"panel-grid-cell\" ><div id=\"panel-194-1-0-0\" class=\"so-panel widget widget_sow-editor panel-first-child panel-last-child\" data-index=\"1\" ><div\n\t\t\t\n\t\t\tclass=\"so-widget-sow-editor so-widget-sow-editor-base\"\n\t\t\t\n\t\t>\n<div class=\"siteorigin-widget-tinymce textwidget\">\n\t<p>Whether interior\u00a0design or\u00a0technical furnishings, we are able to realize a wide spectrum of Projects and through exact and highly-detailed planning, we optimize the results. Our professional project Management and a technical design Office equipped with state-of-the-art CAD Technology can transform your visions into reality.<\/p>\n<p>When developing technical furnishings, we adhere to ergonomic guidelines that comply with the latest DIN standard. Your personal workplace is individually designed, based on visualizations and technical drawings, then customized to meet your needs.<\/p>\n<p><b>Construction<\/b><\/p>\n<p>Countless shapes and processes are inconceivable without the help of the digital world: Our construction team transforms ideas into computer-generated patterns. Three dimensional objects are digitally revised and can be tested on their future material features and function, in this way your ideas become reality.\u00a0<\/p>\n<p>True-to-scale models, CNC data-generating and rapid prototyping can all be provided in-house.<\/p>\n<\/div>\n<\/div><\/div><\/div><div id=\"pgc-194-1-1\"  class=\"panel-grid-cell\" >\n\n          <div id=\"panel-194-1-1-0\" class=\"so-panel widget widget_virtue_carousel_widget virtue_carousel_widget panel-first-child panel-last-child\" data-index=\"2\" ><div class=\"small-type panel-widget-style panel-widget-style-for-194-1-1-0\" ><h3 class=\"widget-title\">Projects<\/h3><div class=\"carousel_outerrim kad-animation\" data-animation=\"fade-in\" data-delay=\"0\"><div class=\"carouselcontainer rowtight\"><div id=\"kadence-carousel-54\" class=\"slick-slider products carousel_shortcode kt-slickslider kt-content-carousel loading clearfix\" data-slider-fade=\"false\" data-slider-type=\"content-carousel\" data-slider-anim-speed=\"400\" data-slider-scroll=\"all\" data-slider-auto=\"true\" data-slider-speed=\"9000\" data-slider-xxl=\"3\" data-slider-xl=\"3\" data-slider-md=\"3\" data-slider-sm=\"2\" data-slider-xs=\"2\" data-slider-ss=\"1\"><div class=\"tcol-lg-4 tcol-md-4 tcol-sm-4 tcol-xs-6 tcol-ss-12 kad_portfolio_item p-item\">\t\t<div class=\"portfolio_item grid_item postclass kad-light-gallery kt_item_fade_in kad_portfolio_fade_in\">\n            \t\t\t\t\t\t\t<div class=\"imghoverclass\">\n\t                            <a href=\"https:\/\/www.studio-hamburg-design-works.de\/en\/portfolio\/moeblierung-innenausbau-praxisumbau\/\" title=\"Furnishing &#038; Interior Decorations | HBH (Hanseatische Baugenossenschaft Hamburg)\" class=\"kt-intrinsic\" style=\"padding-bottom:100%;\">\n\t                            \t<img loading=\"lazy\" decoding=\"async\" src=\"https:\/\/www.studio-hamburg-design-works.de\/wp-content\/uploads\/2020\/02\/projekt-hbh-01-400x400.jpg\" srcset=\"https:\/\/www.studio-hamburg-design-works.de\/wp-content\/uploads\/2020\/02\/projekt-hbh-01-400x400.jpg 400w, https:\/\/www.studio-hamburg-design-works.de\/wp-content\/uploads\/2020\/02\/projekt-hbh-01-150x150.jpg 150w, https:\/\/www.studio-hamburg-design-works.de\/wp-content\/uploads\/2020\/02\/projekt-hbh-01-540x540.jpg 540w, https:\/\/www.studio-hamburg-design-works.de\/wp-content\/uploads\/2020\/02\/projekt-hbh-01-270x270.jpg 270w, https:\/\/www.studio-hamburg-design-works.de\/wp-content\/uploads\/2020\/02\/projekt-hbh-01-366x366.jpg 366w\" sizes=\"auto, (max-width: 400px) 100vw, 400px\"  alt=\"HBH | Hanseatische Baugenossenschaft Hamburg\" width=\"400\" height=\"400\" class=\"lightboxhover\">\t                            <\/a> \n\t                        <\/div>\n                                                                                      \t\n              \t<a href=\"https:\/\/www.studio-hamburg-design-works.de\/en\/portfolio\/moeblierung-innenausbau-praxisumbau\/\" class=\"portfoliolink\">\n\t\t\t\t\t<div class=\"piteminfo\">   \n                        <h5>Furnishing &#038; Interior Decorations | HBH (Hanseatische Baugenossenschaft Hamburg)<\/h5>\n                                            <\/div>\n                <\/a>\n        <\/div>\n\n<\/div><div class=\"tcol-lg-4 tcol-md-4 tcol-sm-4 tcol-xs-6 tcol-ss-12 kad_portfolio_item p-item\">\t\t<div class=\"portfolio_item grid_item postclass kad-light-gallery kt_item_fade_in kad_portfolio_fade_in\">\n            \t\t\t\t\t\t\t<div class=\"imghoverclass\">\n\t                            <a href=\"https:\/\/www.studio-hamburg-design-works.de\/en\/portfolio\/moeblierung-innenausbau-n-joy\/\" title=\"Furnishing &#038; Interior Decorations\" class=\"kt-intrinsic\" style=\"padding-bottom:100%;\">\n\t                            \t<img loading=\"lazy\" decoding=\"async\" src=\"https:\/\/www.studio-hamburg-design-works.de\/wp-content\/uploads\/2018\/04\/NDR_N-Joy-5-1140x550-400x400.jpg\" srcset=\"https:\/\/www.studio-hamburg-design-works.de\/wp-content\/uploads\/2018\/04\/NDR_N-Joy-5-1140x550-400x400.jpg 400w, https:\/\/www.studio-hamburg-design-works.de\/wp-content\/uploads\/2018\/04\/NDR_N-Joy-5-1140x550-150x150.jpg 150w, https:\/\/www.studio-hamburg-design-works.de\/wp-content\/uploads\/2018\/04\/NDR_N-Joy-5-1140x550-540x540.jpg 540w, https:\/\/www.studio-hamburg-design-works.de\/wp-content\/uploads\/2018\/04\/NDR_N-Joy-5-1140x550-270x270.jpg 270w, https:\/\/www.studio-hamburg-design-works.de\/wp-content\/uploads\/2018\/04\/NDR_N-Joy-5-1140x550-366x366.jpg 366w\" sizes=\"auto, (max-width: 400px) 100vw, 400px\"  alt=\"\" width=\"400\" height=\"400\" class=\"lightboxhover\">\t                            <\/a> \n\t                        <\/div>\n                                                                                      \t\n              \t<a href=\"https:\/\/www.studio-hamburg-design-works.de\/en\/portfolio\/moeblierung-innenausbau-n-joy\/\" class=\"portfoliolink\">\n\t\t\t\t\t<div class=\"piteminfo\">   \n                        <h5>Furnishing &#038; Interior Decorations<\/h5>\n                                            <\/div>\n                <\/a>\n        <\/div>\n\n<\/div><div class=\"tcol-lg-4 tcol-md-4 tcol-sm-4 tcol-xs-6 tcol-ss-12 kad_portfolio_item p-item\">\t\t<div class=\"portfolio_item grid_item postclass kad-light-gallery kt_item_fade_in kad_portfolio_fade_in\">\n            \t\t\t\t\t\t\t<div class=\"imghoverclass\">\n\t                            <a href=\"https:\/\/www.studio-hamburg-design-works.de\/en\/portfolio\/moeblierung-innenausbau-wdr-koeln-regie-a\/\" title=\"Furnishing &#038; Interior Decorations\" class=\"kt-intrinsic\" style=\"padding-bottom:100%;\">\n\t                            \t<img loading=\"lazy\" decoding=\"async\" src=\"https:\/\/www.studio-hamburg-design-works.de\/wp-content\/uploads\/2017\/08\/IMG_1947-400x400.jpg\" srcset=\"https:\/\/www.studio-hamburg-design-works.de\/wp-content\/uploads\/2017\/08\/IMG_1947-400x400.jpg 400w, https:\/\/www.studio-hamburg-design-works.de\/wp-content\/uploads\/2017\/08\/IMG_1947-150x150.jpg 150w, https:\/\/www.studio-hamburg-design-works.de\/wp-content\/uploads\/2017\/08\/IMG_1947-540x540.jpg 540w, https:\/\/www.studio-hamburg-design-works.de\/wp-content\/uploads\/2017\/08\/IMG_1947-270x270.jpg 270w, https:\/\/www.studio-hamburg-design-works.de\/wp-content\/uploads\/2017\/08\/IMG_1947-366x366.jpg 366w\" sizes=\"auto, (max-width: 400px) 100vw, 400px\"  alt=\"\" width=\"400\" height=\"400\" class=\"lightboxhover\">\t                            <\/a> \n\t                        <\/div>\n                                                                                      \t\n              \t<a href=\"https:\/\/www.studio-hamburg-design-works.de\/en\/portfolio\/moeblierung-innenausbau-wdr-koeln-regie-a\/\" class=\"portfoliolink\">\n\t\t\t\t\t<div class=\"piteminfo\">   \n                        <h5>Furnishing &#038; Interior Decorations<\/h5>\n                                            <\/div>\n                <\/a>\n        <\/div>\n\n<\/div><\/div><\/div><\/div> <!--Carousel--><\/div><\/div>\n    <\/div><\/div><\/div>","protected":false},"excerpt":{"rendered":"<p>Whether interior\u00a0design or\u00a0technical furnishings, we are able to realize a wide spectrum of Projects and through exact and highly-detailed planning, we optimize the results. Our professional project Management and a technical design Office equipped with state-of-the-art CAD Technology can transform &hellip; <a class=\"kt-excerpt-readmore\" href=\"https:\/\/www.studio-hamburg-design-works.de\/en\/moeblierung-innenausbau\/\" aria-label=\"Furnishing &#038; Interior Decorations\">Read More<\/a><\/p>\n","protected":false},"author":5,"featured_media":0,"parent":0,"menu_order":0,"comment_status":"closed","ping_status":"closed","template":"page-fullwidth.php","meta":{"footnotes":""},"class_list":["post-194","page","type-page","status-publish","hentry"],"yoast_head":"<!-- This site is optimized with the Yoast SEO plugin v26.4 - https:\/\/yoast.com\/wordpress\/plugins\/seo\/ -->\n<title>M\u00f6blierung &amp; Innenausbau | Studio Hamburg Werkst\u00e4tten<\/title>\n<meta name=\"description\" content=\"Ob Innenausbau oder technische M\u00f6blierung, wir realisieren eine Vielzahl an verschiedenen Projekten und leisten durch genaue Detailplanung stets optimale Ergebnisse.\" \/>\n<meta name=\"robots\" content=\"index, follow, max-snippet:-1, max-image-preview:large, max-video-preview:-1\" \/>\n<link rel=\"canonical\" href=\"https:\/\/www.studio-hamburg-design-works.de\/moeblierung-innenausbau\/\" \/>\n<meta property=\"og:locale\" content=\"en_US\" \/>\n<meta property=\"og:type\" content=\"article\" \/>\n<meta property=\"og:title\" content=\"M\u00f6blierung &amp; Innenausbau | Studio Hamburg Werkst\u00e4tten\" \/>\n<meta property=\"og:description\" content=\"Ob Innenausbau oder technische M\u00f6blierung, wir realisieren eine Vielzahl an verschiedenen Projekten und leisten durch genaue Detailplanung stets optimale Ergebnisse.\" \/>\n<meta property=\"og:url\" content=\"https:\/\/www.studio-hamburg-design-works.de\/moeblierung-innenausbau\/\" \/>\n<meta property=\"og:site_name\" content=\"Studio Hamburg Design Works\" \/>\n<meta property=\"article:modified_time\" content=\"2018-03-23T12:02:30+00:00\" \/>\n<meta property=\"og:image\" content=\"https:\/\/www.studio-hamburg-design-works.de\/wp-content\/uploads\/2015\/11\/geschaeftsfelder_moeblierung_und_innenausbau04-1140x500.jpg\" \/>\n<meta name=\"twitter:card\" content=\"summary_large_image\" \/>\n<meta name=\"twitter:label1\" content=\"Est. reading time\" \/>\n\t<meta name=\"twitter:data1\" content=\"2 minutes\" \/>\n<script type=\"application\/ld+json\" class=\"yoast-schema-graph\">{\"@context\":\"https:\/\/schema.org\",\"@graph\":[{\"@type\":\"WebPage\",\"@id\":\"https:\/\/www.studio-hamburg-design-works.de\/moeblierung-innenausbau\/\",\"url\":\"https:\/\/www.studio-hamburg-design-works.de\/moeblierung-innenausbau\/\",\"name\":\"M\u00f6blierung & Innenausbau | Studio Hamburg Werkst\u00e4tten\",\"isPartOf\":{\"@id\":\"https:\/\/www.studio-hamburg-design-works.de\/#website\"},\"primaryImageOfPage\":{\"@id\":\"https:\/\/www.studio-hamburg-design-works.de\/moeblierung-innenausbau\/#primaryimage\"},\"image\":{\"@id\":\"https:\/\/www.studio-hamburg-design-works.de\/moeblierung-innenausbau\/#primaryimage\"},\"thumbnailUrl\":\"https:\/\/www.studio-hamburg-design-works.de\/wp-content\/uploads\/2015\/11\/geschaeftsfelder_moeblierung_und_innenausbau04-1140x500.jpg\",\"datePublished\":\"2015-11-11T15:15:23+00:00\",\"dateModified\":\"2018-03-23T12:02:30+00:00\",\"description\":\"Ob Innenausbau oder technische M\u00f6blierung, wir realisieren eine Vielzahl an verschiedenen Projekten und leisten durch genaue Detailplanung stets optimale Ergebnisse.\",\"breadcrumb\":{\"@id\":\"https:\/\/www.studio-hamburg-design-works.de\/moeblierung-innenausbau\/#breadcrumb\"},\"inLanguage\":\"en-US\",\"potentialAction\":[{\"@type\":\"ReadAction\",\"target\":[\"https:\/\/www.studio-hamburg-design-works.de\/moeblierung-innenausbau\/\"]}]},{\"@type\":\"ImageObject\",\"inLanguage\":\"en-US\",\"@id\":\"https:\/\/www.studio-hamburg-design-works.de\/moeblierung-innenausbau\/#primaryimage\",\"url\":\"https:\/\/www.studio-hamburg-design-works.de\/wp-content\/uploads\/2015\/11\/geschaeftsfelder_moeblierung_und_innenausbau04-1140x500.jpg\",\"contentUrl\":\"https:\/\/www.studio-hamburg-design-works.de\/wp-content\/uploads\/2015\/11\/geschaeftsfelder_moeblierung_und_innenausbau04-1140x500.jpg\"},{\"@type\":\"BreadcrumbList\",\"@id\":\"https:\/\/www.studio-hamburg-design-works.de\/moeblierung-innenausbau\/#breadcrumb\",\"itemListElement\":[{\"@type\":\"ListItem\",\"position\":1,\"name\":\"Home\",\"item\":\"https:\/\/www.studio-hamburg-design-works.de\/\"},{\"@type\":\"ListItem\",\"position\":2,\"name\":\"M\u00f6blierung &#038; Innenausbau\"}]},{\"@type\":\"WebSite\",\"@id\":\"https:\/\/www.studio-hamburg-design-works.de\/#website\",\"url\":\"https:\/\/www.studio-hamburg-design-works.de\/\",\"name\":\"Studio Hamburg Design Works\",\"description\":\"Mit hochqualifizierten Fachkr\u00e4ften und erfahrenen Projektleitern sind die Werkst\u00e4tten von Studio Hamburg weltweit eine der ersten Adressen f\u00fcr Dienstleistungen in den Bereichen B\u00fchnenbild-, Dekorations-, Ausstattungs- und Ausstellungsbau.\",\"publisher\":{\"@id\":\"https:\/\/www.studio-hamburg-design-works.de\/#organization\"},\"potentialAction\":[{\"@type\":\"SearchAction\",\"target\":{\"@type\":\"EntryPoint\",\"urlTemplate\":\"https:\/\/www.studio-hamburg-design-works.de\/?s={search_term_string}\"},\"query-input\":{\"@type\":\"PropertyValueSpecification\",\"valueRequired\":true,\"valueName\":\"search_term_string\"}}],\"inLanguage\":\"en-US\"},{\"@type\":\"Organization\",\"@id\":\"https:\/\/www.studio-hamburg-design-works.de\/#organization\",\"name\":\"Studio Hamburg Design Works\",\"url\":\"https:\/\/www.studio-hamburg-design-works.de\/\",\"logo\":{\"@type\":\"ImageObject\",\"inLanguage\":\"en-US\",\"@id\":\"https:\/\/www.studio-hamburg-design-works.de\/#\/schema\/logo\/image\/\",\"url\":\"https:\/\/www.studio-hamburg-design-works.de\/wp-content\/uploads\/2022\/01\/sh-design-works-logo-retina.png\",\"contentUrl\":\"https:\/\/www.studio-hamburg-design-works.de\/wp-content\/uploads\/2022\/01\/sh-design-works-logo-retina.png\",\"width\":400,\"height\":118,\"caption\":\"Studio Hamburg Design Works\"},\"image\":{\"@id\":\"https:\/\/www.studio-hamburg-design-works.de\/#\/schema\/logo\/image\/\"}}]}<\/script>\n<!-- \/ Yoast SEO plugin. -->","yoast_head_json":{"title":"M\u00f6blierung & Innenausbau | Studio Hamburg Werkst\u00e4tten","description":"Ob Innenausbau oder technische M\u00f6blierung, wir realisieren eine Vielzahl an verschiedenen Projekten und leisten durch genaue Detailplanung stets optimale Ergebnisse.","robots":{"index":"index","follow":"follow","max-snippet":"max-snippet:-1","max-image-preview":"max-image-preview:large","max-video-preview":"max-video-preview:-1"},"canonical":"https:\/\/www.studio-hamburg-design-works.de\/moeblierung-innenausbau\/","og_locale":"en_US","og_type":"article","og_title":"M\u00f6blierung & Innenausbau | Studio Hamburg Werkst\u00e4tten","og_description":"Ob Innenausbau oder technische M\u00f6blierung, wir realisieren eine Vielzahl an verschiedenen Projekten und leisten durch genaue Detailplanung stets optimale Ergebnisse.","og_url":"https:\/\/www.studio-hamburg-design-works.de\/moeblierung-innenausbau\/","og_site_name":"Studio Hamburg Design Works","article_modified_time":"2018-03-23T12:02:30+00:00","og_image":[{"url":"https:\/\/www.studio-hamburg-design-works.de\/wp-content\/uploads\/2015\/11\/geschaeftsfelder_moeblierung_und_innenausbau04-1140x500.jpg","type":"","width":"","height":""}],"twitter_card":"summary_large_image","twitter_misc":{"Est. reading time":"2 minutes"},"schema":{"@context":"https:\/\/schema.org","@graph":[{"@type":"WebPage","@id":"https:\/\/www.studio-hamburg-design-works.de\/moeblierung-innenausbau\/","url":"https:\/\/www.studio-hamburg-design-works.de\/moeblierung-innenausbau\/","name":"M\u00f6blierung & Innenausbau | Studio Hamburg Werkst\u00e4tten","isPartOf":{"@id":"https:\/\/www.studio-hamburg-design-works.de\/#website"},"primaryImageOfPage":{"@id":"https:\/\/www.studio-hamburg-design-works.de\/moeblierung-innenausbau\/#primaryimage"},"image":{"@id":"https:\/\/www.studio-hamburg-design-works.de\/moeblierung-innenausbau\/#primaryimage"},"thumbnailUrl":"https:\/\/www.studio-hamburg-design-works.de\/wp-content\/uploads\/2015\/11\/geschaeftsfelder_moeblierung_und_innenausbau04-1140x500.jpg","datePublished":"2015-11-11T15:15:23+00:00","dateModified":"2018-03-23T12:02:30+00:00","description":"Ob Innenausbau oder technische M\u00f6blierung, wir realisieren eine Vielzahl an verschiedenen Projekten und leisten durch genaue Detailplanung stets optimale Ergebnisse.","breadcrumb":{"@id":"https:\/\/www.studio-hamburg-design-works.de\/moeblierung-innenausbau\/#breadcrumb"},"inLanguage":"en-US","potentialAction":[{"@type":"ReadAction","target":["https:\/\/www.studio-hamburg-design-works.de\/moeblierung-innenausbau\/"]}]},{"@type":"ImageObject","inLanguage":"en-US","@id":"https:\/\/www.studio-hamburg-design-works.de\/moeblierung-innenausbau\/#primaryimage","url":"https:\/\/www.studio-hamburg-design-works.de\/wp-content\/uploads\/2015\/11\/geschaeftsfelder_moeblierung_und_innenausbau04-1140x500.jpg","contentUrl":"https:\/\/www.studio-hamburg-design-works.de\/wp-content\/uploads\/2015\/11\/geschaeftsfelder_moeblierung_und_innenausbau04-1140x500.jpg"},{"@type":"BreadcrumbList","@id":"https:\/\/www.studio-hamburg-design-works.de\/moeblierung-innenausbau\/#breadcrumb","itemListElement":[{"@type":"ListItem","position":1,"name":"Home","item":"https:\/\/www.studio-hamburg-design-works.de\/"},{"@type":"ListItem","position":2,"name":"M\u00f6blierung &#038; Innenausbau"}]},{"@type":"WebSite","@id":"https:\/\/www.studio-hamburg-design-works.de\/#website","url":"https:\/\/www.studio-hamburg-design-works.de\/","name":"Studio Hamburg Design Works","description":"Mit hochqualifizierten Fachkr\u00e4ften und erfahrenen Projektleitern sind die Werkst\u00e4tten von Studio Hamburg weltweit eine der ersten Adressen f\u00fcr Dienstleistungen in den Bereichen B\u00fchnenbild-, Dekorations-, Ausstattungs- und Ausstellungsbau.","publisher":{"@id":"https:\/\/www.studio-hamburg-design-works.de\/#organization"},"potentialAction":[{"@type":"SearchAction","target":{"@type":"EntryPoint","urlTemplate":"https:\/\/www.studio-hamburg-design-works.de\/?s={search_term_string}"},"query-input":{"@type":"PropertyValueSpecification","valueRequired":true,"valueName":"search_term_string"}}],"inLanguage":"en-US"},{"@type":"Organization","@id":"https:\/\/www.studio-hamburg-design-works.de\/#organization","name":"Studio Hamburg Design Works","url":"https:\/\/www.studio-hamburg-design-works.de\/","logo":{"@type":"ImageObject","inLanguage":"en-US","@id":"https:\/\/www.studio-hamburg-design-works.de\/#\/schema\/logo\/image\/","url":"https:\/\/www.studio-hamburg-design-works.de\/wp-content\/uploads\/2022\/01\/sh-design-works-logo-retina.png","contentUrl":"https:\/\/www.studio-hamburg-design-works.de\/wp-content\/uploads\/2022\/01\/sh-design-works-logo-retina.png","width":400,"height":118,"caption":"Studio Hamburg Design Works"},"image":{"@id":"https:\/\/www.studio-hamburg-design-works.de\/#\/schema\/logo\/image\/"}}]}},"_links":{"self":[{"href":"https:\/\/www.studio-hamburg-design-works.de\/en\/wp-json\/wp\/v2\/pages\/194","targetHints":{"allow":["GET"]}}],"collection":[{"href":"https:\/\/www.studio-hamburg-design-works.de\/en\/wp-json\/wp\/v2\/pages"}],"about":[{"href":"https:\/\/www.studio-hamburg-design-works.de\/en\/wp-json\/wp\/v2\/types\/page"}],"author":[{"embeddable":true,"href":"https:\/\/www.studio-hamburg-design-works.de\/en\/wp-json\/wp\/v2\/users\/5"}],"replies":[{"embeddable":true,"href":"https:\/\/www.studio-hamburg-design-works.de\/en\/wp-json\/wp\/v2\/comments?post=194"}],"version-history":[{"count":0,"href":"https:\/\/www.studio-hamburg-design-works.de\/en\/wp-json\/wp\/v2\/pages\/194\/revisions"}],"wp:attachment":[{"href":"https:\/\/www.studio-hamburg-design-works.de\/en\/wp-json\/wp\/v2\/media?parent=194"}],"curies":[{"name":"wp","href":"https:\/\/api.w.org\/{rel}","templated":true}]}}