{"id":191,"date":"2015-11-11T16:11:30","date_gmt":"2015-11-11T15:11:30","guid":{"rendered":"http:\/\/www.studio-hamburg-design-works.de\/?page_id=191"},"modified":"2025-10-23T12:59:04","modified_gmt":"2025-10-23T10:59:04","slug":"event-werbung","status":"publish","type":"page","link":"https:\/\/www.studio-hamburg-design-works.de\/en\/event-werbung\/","title":{"rendered":"Event &#038; Advertising"},"content":{"rendered":"<div id=\"pl-191\"  class=\"panel-layout\" ><div id=\"pg-191-0\"  class=\"panel-grid panel-no-style\" ><div id=\"pgc-191-0-0\"  class=\"panel-grid-cell\" ><div id=\"panel-191-0-0-0\" class=\"so-panel widget widget_sow-editor panel-first-child panel-last-child\" data-index=\"0\" ><div\n\t\t\t\n\t\t\tclass=\"so-widget-sow-editor so-widget-sow-editor-base\"\n\t\t\t\n\t\t>\n<div class=\"siteorigin-widget-tinymce textwidget\">\n\t<div tabindex=\"0\" class=\"cycloneslider cycloneslider-template-standard cycloneslider-width-responsive\" id=\"cycloneslider-event-werbung-2\" style=\"max-width:1140px\" > <div class=\"cycloneslider-slides cycle-slideshow\" data-cycle-allow-wrap=\"true\" data-cycle-dynamic-height=\"off\" data-cycle-auto-height=\"1140:500\" data-cycle-auto-height-easing=\"null\" data-cycle-auto-height-speed=\"250\" data-cycle-delay=\"0\" data-cycle-easing=\"\" data-cycle-fx=\"fadeout\" data-cycle-hide-non-active=\"true\" data-cycle-log=\"false\" data-cycle-next=\"#cycloneslider-event-werbung-2 .cycloneslider-next\" data-cycle-pager=\"#cycloneslider-event-werbung-2 .cycloneslider-pager\" data-cycle-pause-on-hover=\"true\" data-cycle-prev=\"#cycloneslider-event-werbung-2 .cycloneslider-prev\" data-cycle-slides=\"&gt; div\" data-cycle-speed=\"800\" data-cycle-swipe=\"false\" data-cycle-tile-count=\"7\" data-cycle-tile-delay=\"100\" data-cycle-tile-vertical=\"true\" data-cycle-timeout=\"4000\" > <div class=\"cycloneslider-slide cycloneslider-slide-image\" > <img decoding=\"async\" src=\"https:\/\/www.studio-hamburg-design-works.de\/wp-content\/uploads\/2015\/11\/geschaeftsfelder_event_und_werbung04-1140x500.jpg\" alt=\"\" title=\"\" \/> <\/div> <div class=\"cycloneslider-slide cycloneslider-slide-image\" > <img decoding=\"async\" src=\"https:\/\/www.studio-hamburg-design-works.de\/wp-content\/uploads\/2023\/01\/greentech.jpg\" alt=\"\" title=\"\" \/> <\/div> <div class=\"cycloneslider-slide cycloneslider-slide-image\" > <img decoding=\"async\" src=\"https:\/\/www.studio-hamburg-design-works.de\/wp-content\/uploads\/2015\/11\/geschaeftsfelder_event_und_werbung02-1140x500.jpg\" alt=\"\" title=\"\" \/> <\/div> <div class=\"cycloneslider-slide cycloneslider-slide-image\" > <img decoding=\"async\" src=\"https:\/\/www.studio-hamburg-design-works.de\/wp-content\/uploads\/2023\/01\/cff-2.jpg\" alt=\"\" title=\"\" \/> <\/div> <div class=\"cycloneslider-slide cycloneslider-slide-image\" > <img decoding=\"async\" src=\"https:\/\/www.studio-hamburg-design-works.de\/wp-content\/uploads\/2017\/03\/Euroshop-Messe-1140x500.png\" alt=\"\" title=\"\" \/> <\/div> <\/div> <div class=\"cycloneslider-pager\"><\/div> <a href=\"#\" class=\"cycloneslider-prev\"> <span class=\"arrow\"><\/span> <\/a> <a href=\"#\" class=\"cycloneslider-next\"> <span class=\"arrow\"><\/span> <\/a> <\/div>\n<\/div>\n<\/div><\/div><\/div><\/div><div id=\"pg-191-1\"  class=\"panel-grid panel-no-style\" ><div id=\"pgc-191-1-0\"  class=\"panel-grid-cell\" ><div id=\"panel-191-1-0-0\" class=\"so-panel widget widget_sow-editor panel-first-child panel-last-child\" data-index=\"1\" ><div\n\t\t\t\n\t\t\tclass=\"so-widget-sow-editor so-widget-sow-editor-base\"\n\t\t\t\n\t\t>\n<div class=\"siteorigin-widget-tinymce textwidget\">\n\t<p>Profit from our\u00a0experience\u00a0<\/p>\n<p>We offer in-house solutions through all stages, from the Initial idea to the final Installation.\u00a0\u00a0<\/p>\n<p>The planning of all trades\u00a0for seamless\u00a0production guarantees the best possible results, no matter if it is a live event or a\u00a0set for a commercial.<\/p>\n<p>An\u00a0event should\u00a0become an everlasting memory of the spectator \u2013 the visual impression it leaves on its visitor is\u00a0critical.<\/p>\n<p>Convince your audience with a\u00a0concept based on the total decorative aspects. Our everyday work\u00a0is working on the extraordinary.<\/p>\n<p>Present your product in the\u00a0perfect setting with our enormous\u00a0U-shaped infinity cove.\u00a0<\/p>\n<p>Our seamless green screen is the largest permanent installation of its kind in Germany. Measuring 69m long and 8m high it enables us to create not only the immediate environment, but also a platform for computer generated visions and endless spaces.<\/p>\n<\/div>\n<\/div><\/div><\/div><div id=\"pgc-191-1-1\"  class=\"panel-grid-cell\" >\n\n          <div id=\"panel-191-1-1-0\" class=\"so-panel widget widget_virtue_carousel_widget virtue_carousel_widget panel-first-child panel-last-child\" data-index=\"2\" ><div class=\"small-type panel-widget-style panel-widget-style-for-191-1-1-0\" ><h3 class=\"widget-title\">Projects<\/h3><div class=\"carousel_outerrim kad-animation\" data-animation=\"fade-in\" data-delay=\"0\"><div class=\"carouselcontainer rowtight\"><div id=\"kadence-carousel-29\" class=\"slick-slider products carousel_shortcode kt-slickslider kt-content-carousel loading clearfix\" data-slider-fade=\"false\" data-slider-type=\"content-carousel\" data-slider-anim-speed=\"400\" data-slider-scroll=\"all\" data-slider-auto=\"true\" data-slider-speed=\"9000\" data-slider-xxl=\"3\" data-slider-xl=\"3\" data-slider-md=\"3\" data-slider-sm=\"2\" data-slider-xs=\"2\" data-slider-ss=\"1\"><div class=\"tcol-lg-4 tcol-md-4 tcol-sm-4 tcol-xs-6 tcol-ss-12 kad_portfolio_item p-item\">\t\t<div class=\"portfolio_item grid_item postclass kad-light-gallery kt_item_fade_in kad_portfolio_fade_in\">\n            \t\t\t\t\t\t\t<div class=\"imghoverclass\">\n\t                            <a href=\"https:\/\/www.studio-hamburg-design-works.de\/en\/portfolio\/event-werbung-greentech-2022\/\" title=\"Event &#038; Advertising | Greentech 2022\" class=\"kt-intrinsic\" style=\"padding-bottom:100%;\">\n\t                            \t<img loading=\"lazy\" decoding=\"async\" src=\"https:\/\/www.studio-hamburg-design-works.de\/wp-content\/uploads\/2023\/01\/ew-gt-01-400x400.jpg\" srcset=\"https:\/\/www.studio-hamburg-design-works.de\/wp-content\/uploads\/2023\/01\/ew-gt-01-400x400.jpg 400w, https:\/\/www.studio-hamburg-design-works.de\/wp-content\/uploads\/2023\/01\/ew-gt-01-150x150.jpg 150w, https:\/\/www.studio-hamburg-design-works.de\/wp-content\/uploads\/2023\/01\/ew-gt-01-540x540.jpg 540w, https:\/\/www.studio-hamburg-design-works.de\/wp-content\/uploads\/2023\/01\/ew-gt-01-270x270.jpg 270w, https:\/\/www.studio-hamburg-design-works.de\/wp-content\/uploads\/2023\/01\/ew-gt-01-366x366.jpg 366w\" sizes=\"auto, (max-width: 400px) 100vw, 400px\"  alt=\"Greentech 2022\" width=\"400\" height=\"400\" class=\"lightboxhover\">\t                            <\/a> \n\t                        <\/div>\n                                                                                      \t\n              \t<a href=\"https:\/\/www.studio-hamburg-design-works.de\/en\/portfolio\/event-werbung-greentech-2022\/\" class=\"portfoliolink\">\n\t\t\t\t\t<div class=\"piteminfo\">   \n                        <h5>Event &#038; Advertising | Greentech 2022<\/h5>\n                                            <\/div>\n                <\/a>\n        <\/div>\n\n<\/div><div class=\"tcol-lg-4 tcol-md-4 tcol-sm-4 tcol-xs-6 tcol-ss-12 kad_portfolio_item p-item\">\t\t<div class=\"portfolio_item grid_item postclass kad-light-gallery kt_item_fade_in kad_portfolio_fade_in\">\n            \t\t\t\t\t\t\t<div class=\"imghoverclass\">\n\t                            <a href=\"https:\/\/www.studio-hamburg-design-works.de\/en\/portfolio\/event-werbung-merck-group\/\" title=\"Event &#038; Advertising | Event Merck\" class=\"kt-intrinsic\" style=\"padding-bottom:100%;\">\n\t                            \t<img loading=\"lazy\" decoding=\"async\" src=\"https:\/\/www.studio-hamburg-design-works.de\/wp-content\/uploads\/2016\/12\/Merck_2-400x400.png\" srcset=\"https:\/\/www.studio-hamburg-design-works.de\/wp-content\/uploads\/2016\/12\/Merck_2-400x400.png 400w, https:\/\/www.studio-hamburg-design-works.de\/wp-content\/uploads\/2016\/12\/Merck_2-150x150.png 150w, https:\/\/www.studio-hamburg-design-works.de\/wp-content\/uploads\/2016\/12\/Merck_2-270x270.png 270w, https:\/\/www.studio-hamburg-design-works.de\/wp-content\/uploads\/2016\/12\/Merck_2-366x366.png 366w\" sizes=\"auto, (max-width: 400px) 100vw, 400px\"  alt=\"\" width=\"400\" height=\"400\" class=\"lightboxhover\">\t                            <\/a> \n\t                        <\/div>\n                                                                                      \t\n              \t<a href=\"https:\/\/www.studio-hamburg-design-works.de\/en\/portfolio\/event-werbung-merck-group\/\" class=\"portfoliolink\">\n\t\t\t\t\t<div class=\"piteminfo\">   \n                        <h5>Event &#038; Advertising | Event Merck<\/h5>\n                                            <\/div>\n                <\/a>\n        <\/div>\n\n<\/div><div class=\"tcol-lg-4 tcol-md-4 tcol-sm-4 tcol-xs-6 tcol-ss-12 kad_portfolio_item p-item\">\t\t<div class=\"portfolio_item grid_item postclass kad-light-gallery kt_item_fade_in kad_portfolio_fade_in\">\n            \t\t\t\t\t\t\t<div class=\"imghoverclass\">\n\t                            <a href=\"https:\/\/www.studio-hamburg-design-works.de\/en\/portfolio\/event-werbung-laureus-award-2020\/\" title=\"Event &#038; Advertising | Laureus Award 2020\" class=\"kt-intrinsic\" style=\"padding-bottom:100%;\">\n\t                            \t<img loading=\"lazy\" decoding=\"async\" src=\"https:\/\/www.studio-hamburg-design-works.de\/wp-content\/uploads\/2020\/08\/ref-laureus-01-400x400.jpg\" srcset=\"https:\/\/www.studio-hamburg-design-works.de\/wp-content\/uploads\/2020\/08\/ref-laureus-01-400x400.jpg 400w, https:\/\/www.studio-hamburg-design-works.de\/wp-content\/uploads\/2020\/08\/ref-laureus-01-150x150.jpg 150w, https:\/\/www.studio-hamburg-design-works.de\/wp-content\/uploads\/2020\/08\/ref-laureus-01-540x540.jpg 540w, https:\/\/www.studio-hamburg-design-works.de\/wp-content\/uploads\/2020\/08\/ref-laureus-01-270x270.jpg 270w, https:\/\/www.studio-hamburg-design-works.de\/wp-content\/uploads\/2020\/08\/ref-laureus-01-366x366.jpg 366w\" sizes=\"auto, (max-width: 400px) 100vw, 400px\"  alt=\"\" width=\"400\" height=\"400\" class=\"lightboxhover\">\t                            <\/a> \n\t                        <\/div>\n                                                                                      \t\n              \t<a href=\"https:\/\/www.studio-hamburg-design-works.de\/en\/portfolio\/event-werbung-laureus-award-2020\/\" class=\"portfoliolink\">\n\t\t\t\t\t<div class=\"piteminfo\">   \n                        <h5>Event &#038; Advertising | Laureus Award 2020<\/h5>\n                                            <\/div>\n                <\/a>\n        <\/div>\n\n<\/div><\/div><\/div><\/div> <!--Carousel--><\/div><\/div>\n    <\/div><\/div><\/div>","protected":false},"excerpt":{"rendered":"<p>Profit from our\u00a0experience\u00a0 We offer in-house solutions through all stages, from the Initial idea to the final Installation.\u00a0\u00a0 The planning of all trades\u00a0for seamless\u00a0production guarantees the best possible results, no matter if it is a live event or a\u00a0set for &hellip; <a class=\"kt-excerpt-readmore\" href=\"https:\/\/www.studio-hamburg-design-works.de\/en\/event-werbung\/\" aria-label=\"Event &#038; Advertising\">Read More<\/a><\/p>\n","protected":false},"author":5,"featured_media":0,"parent":0,"menu_order":0,"comment_status":"closed","ping_status":"closed","template":"page-fullwidth.php","meta":{"footnotes":""},"class_list":["post-191","page","type-page","status-publish","hentry"],"yoast_head":"<!-- This site is optimized with the Yoast SEO plugin v26.4 - https:\/\/yoast.com\/wordpress\/plugins\/seo\/ -->\n<title>Event &amp; Werbung | Studio Hamburg Design Works<\/title>\n<meta name=\"description\" content=\"Unsere Kompetenz ist Ihr Vorteil \u2026 Von der Idee bis zum Aufbau bekommen Sie alles aus einer Hand. Die gewerbe\u00fcbergreifende Planung und nahtlose Realisierung garantiert beste Ergebnisse, egal ob bei einem Live Erlebnis \u2013 Ihrem Event oder einem in Szene zu setzenden Produkt.\" \/>\n<meta name=\"robots\" content=\"index, follow, max-snippet:-1, max-image-preview:large, max-video-preview:-1\" \/>\n<link rel=\"canonical\" href=\"https:\/\/www.studio-hamburg-design-works.de\/event-werbung\/\" \/>\n<meta property=\"og:locale\" content=\"en_US\" \/>\n<meta property=\"og:type\" content=\"article\" \/>\n<meta property=\"og:title\" content=\"Event &amp; Werbung | Studio Hamburg Design Works\" \/>\n<meta property=\"og:description\" content=\"Unsere Kompetenz ist Ihr Vorteil \u2026 Von der Idee bis zum Aufbau bekommen Sie alles aus einer Hand. Die gewerbe\u00fcbergreifende Planung und nahtlose Realisierung garantiert beste Ergebnisse, egal ob bei einem Live Erlebnis \u2013 Ihrem Event oder einem in Szene zu setzenden Produkt.\" \/>\n<meta property=\"og:url\" content=\"https:\/\/www.studio-hamburg-design-works.de\/event-werbung\/\" \/>\n<meta property=\"og:site_name\" content=\"Studio Hamburg Design Works\" \/>\n<meta property=\"article:modified_time\" content=\"2025-10-23T10:59:04+00:00\" \/>\n<meta property=\"og:image\" content=\"https:\/\/www.studio-hamburg-design-works.de\/wp-content\/uploads\/2015\/11\/geschaeftsfelder_event_und_werbung04-1140x500.jpg\" \/>\n<meta name=\"twitter:card\" content=\"summary_large_image\" \/>\n<meta name=\"twitter:label1\" content=\"Est. reading time\" \/>\n\t<meta name=\"twitter:data1\" content=\"4 minutes\" \/>\n<script type=\"application\/ld+json\" class=\"yoast-schema-graph\">{\"@context\":\"https:\/\/schema.org\",\"@graph\":[{\"@type\":\"WebPage\",\"@id\":\"https:\/\/www.studio-hamburg-design-works.de\/event-werbung\/\",\"url\":\"https:\/\/www.studio-hamburg-design-works.de\/event-werbung\/\",\"name\":\"Event & Werbung | Studio Hamburg Design Works\",\"isPartOf\":{\"@id\":\"https:\/\/www.studio-hamburg-design-works.de\/#website\"},\"primaryImageOfPage\":{\"@id\":\"https:\/\/www.studio-hamburg-design-works.de\/event-werbung\/#primaryimage\"},\"image\":{\"@id\":\"https:\/\/www.studio-hamburg-design-works.de\/event-werbung\/#primaryimage\"},\"thumbnailUrl\":\"https:\/\/www.studio-hamburg-design-works.de\/wp-content\/uploads\/2015\/11\/geschaeftsfelder_event_und_werbung04-1140x500.jpg\",\"datePublished\":\"2015-11-11T15:11:30+00:00\",\"dateModified\":\"2025-10-23T10:59:04+00:00\",\"description\":\"Unsere Kompetenz ist Ihr Vorteil \u2026 Von der Idee bis zum Aufbau bekommen Sie alles aus einer Hand. Die gewerbe\u00fcbergreifende Planung und nahtlose Realisierung garantiert beste Ergebnisse, egal ob bei einem Live Erlebnis \u2013 Ihrem Event oder einem in Szene zu setzenden Produkt.\",\"breadcrumb\":{\"@id\":\"https:\/\/www.studio-hamburg-design-works.de\/event-werbung\/#breadcrumb\"},\"inLanguage\":\"en-US\",\"potentialAction\":[{\"@type\":\"ReadAction\",\"target\":[\"https:\/\/www.studio-hamburg-design-works.de\/event-werbung\/\"]}]},{\"@type\":\"ImageObject\",\"inLanguage\":\"en-US\",\"@id\":\"https:\/\/www.studio-hamburg-design-works.de\/event-werbung\/#primaryimage\",\"url\":\"https:\/\/www.studio-hamburg-design-works.de\/wp-content\/uploads\/2015\/11\/geschaeftsfelder_event_und_werbung04-1140x500.jpg\",\"contentUrl\":\"https:\/\/www.studio-hamburg-design-works.de\/wp-content\/uploads\/2015\/11\/geschaeftsfelder_event_und_werbung04-1140x500.jpg\"},{\"@type\":\"BreadcrumbList\",\"@id\":\"https:\/\/www.studio-hamburg-design-works.de\/event-werbung\/#breadcrumb\",\"itemListElement\":[{\"@type\":\"ListItem\",\"position\":1,\"name\":\"Home\",\"item\":\"https:\/\/www.studio-hamburg-design-works.de\/\"},{\"@type\":\"ListItem\",\"position\":2,\"name\":\"Event &#038; Werbung\"}]},{\"@type\":\"WebSite\",\"@id\":\"https:\/\/www.studio-hamburg-design-works.de\/#website\",\"url\":\"https:\/\/www.studio-hamburg-design-works.de\/\",\"name\":\"Studio Hamburg Design Works\",\"description\":\"Mit hochqualifizierten Fachkr\u00e4ften und erfahrenen Projektleitern sind die Werkst\u00e4tten von Studio Hamburg weltweit eine der ersten Adressen f\u00fcr Dienstleistungen in den Bereichen B\u00fchnenbild-, Dekorations-, Ausstattungs- und Ausstellungsbau.\",\"publisher\":{\"@id\":\"https:\/\/www.studio-hamburg-design-works.de\/#organization\"},\"potentialAction\":[{\"@type\":\"SearchAction\",\"target\":{\"@type\":\"EntryPoint\",\"urlTemplate\":\"https:\/\/www.studio-hamburg-design-works.de\/?s={search_term_string}\"},\"query-input\":{\"@type\":\"PropertyValueSpecification\",\"valueRequired\":true,\"valueName\":\"search_term_string\"}}],\"inLanguage\":\"en-US\"},{\"@type\":\"Organization\",\"@id\":\"https:\/\/www.studio-hamburg-design-works.de\/#organization\",\"name\":\"Studio Hamburg Design Works\",\"url\":\"https:\/\/www.studio-hamburg-design-works.de\/\",\"logo\":{\"@type\":\"ImageObject\",\"inLanguage\":\"en-US\",\"@id\":\"https:\/\/www.studio-hamburg-design-works.de\/#\/schema\/logo\/image\/\",\"url\":\"https:\/\/www.studio-hamburg-design-works.de\/wp-content\/uploads\/2022\/01\/sh-design-works-logo-retina.png\",\"contentUrl\":\"https:\/\/www.studio-hamburg-design-works.de\/wp-content\/uploads\/2022\/01\/sh-design-works-logo-retina.png\",\"width\":400,\"height\":118,\"caption\":\"Studio Hamburg Design Works\"},\"image\":{\"@id\":\"https:\/\/www.studio-hamburg-design-works.de\/#\/schema\/logo\/image\/\"}}]}<\/script>\n<!-- \/ Yoast SEO plugin. -->","yoast_head_json":{"title":"Event & Werbung | Studio Hamburg Design Works","description":"Unsere Kompetenz ist Ihr Vorteil \u2026 Von der Idee bis zum Aufbau bekommen Sie alles aus einer Hand. Die gewerbe\u00fcbergreifende Planung und nahtlose Realisierung garantiert beste Ergebnisse, egal ob bei einem Live Erlebnis \u2013 Ihrem Event oder einem in Szene zu setzenden Produkt.","robots":{"index":"index","follow":"follow","max-snippet":"max-snippet:-1","max-image-preview":"max-image-preview:large","max-video-preview":"max-video-preview:-1"},"canonical":"https:\/\/www.studio-hamburg-design-works.de\/event-werbung\/","og_locale":"en_US","og_type":"article","og_title":"Event & Werbung | Studio Hamburg Design Works","og_description":"Unsere Kompetenz ist Ihr Vorteil \u2026 Von der Idee bis zum Aufbau bekommen Sie alles aus einer Hand. Die gewerbe\u00fcbergreifende Planung und nahtlose Realisierung garantiert beste Ergebnisse, egal ob bei einem Live Erlebnis \u2013 Ihrem Event oder einem in Szene zu setzenden Produkt.","og_url":"https:\/\/www.studio-hamburg-design-works.de\/event-werbung\/","og_site_name":"Studio Hamburg Design Works","article_modified_time":"2025-10-23T10:59:04+00:00","og_image":[{"url":"https:\/\/www.studio-hamburg-design-works.de\/wp-content\/uploads\/2015\/11\/geschaeftsfelder_event_und_werbung04-1140x500.jpg","type":"","width":"","height":""}],"twitter_card":"summary_large_image","twitter_misc":{"Est. reading time":"4 minutes"},"schema":{"@context":"https:\/\/schema.org","@graph":[{"@type":"WebPage","@id":"https:\/\/www.studio-hamburg-design-works.de\/event-werbung\/","url":"https:\/\/www.studio-hamburg-design-works.de\/event-werbung\/","name":"Event & Werbung | Studio Hamburg Design Works","isPartOf":{"@id":"https:\/\/www.studio-hamburg-design-works.de\/#website"},"primaryImageOfPage":{"@id":"https:\/\/www.studio-hamburg-design-works.de\/event-werbung\/#primaryimage"},"image":{"@id":"https:\/\/www.studio-hamburg-design-works.de\/event-werbung\/#primaryimage"},"thumbnailUrl":"https:\/\/www.studio-hamburg-design-works.de\/wp-content\/uploads\/2015\/11\/geschaeftsfelder_event_und_werbung04-1140x500.jpg","datePublished":"2015-11-11T15:11:30+00:00","dateModified":"2025-10-23T10:59:04+00:00","description":"Unsere Kompetenz ist Ihr Vorteil \u2026 Von der Idee bis zum Aufbau bekommen Sie alles aus einer Hand. Die gewerbe\u00fcbergreifende Planung und nahtlose Realisierung garantiert beste Ergebnisse, egal ob bei einem Live Erlebnis \u2013 Ihrem Event oder einem in Szene zu setzenden Produkt.","breadcrumb":{"@id":"https:\/\/www.studio-hamburg-design-works.de\/event-werbung\/#breadcrumb"},"inLanguage":"en-US","potentialAction":[{"@type":"ReadAction","target":["https:\/\/www.studio-hamburg-design-works.de\/event-werbung\/"]}]},{"@type":"ImageObject","inLanguage":"en-US","@id":"https:\/\/www.studio-hamburg-design-works.de\/event-werbung\/#primaryimage","url":"https:\/\/www.studio-hamburg-design-works.de\/wp-content\/uploads\/2015\/11\/geschaeftsfelder_event_und_werbung04-1140x500.jpg","contentUrl":"https:\/\/www.studio-hamburg-design-works.de\/wp-content\/uploads\/2015\/11\/geschaeftsfelder_event_und_werbung04-1140x500.jpg"},{"@type":"BreadcrumbList","@id":"https:\/\/www.studio-hamburg-design-works.de\/event-werbung\/#breadcrumb","itemListElement":[{"@type":"ListItem","position":1,"name":"Home","item":"https:\/\/www.studio-hamburg-design-works.de\/"},{"@type":"ListItem","position":2,"name":"Event &#038; Werbung"}]},{"@type":"WebSite","@id":"https:\/\/www.studio-hamburg-design-works.de\/#website","url":"https:\/\/www.studio-hamburg-design-works.de\/","name":"Studio Hamburg Design Works","description":"Mit hochqualifizierten Fachkr\u00e4ften und erfahrenen Projektleitern sind die Werkst\u00e4tten von Studio Hamburg weltweit eine der ersten Adressen f\u00fcr Dienstleistungen in den Bereichen B\u00fchnenbild-, Dekorations-, Ausstattungs- und Ausstellungsbau.","publisher":{"@id":"https:\/\/www.studio-hamburg-design-works.de\/#organization"},"potentialAction":[{"@type":"SearchAction","target":{"@type":"EntryPoint","urlTemplate":"https:\/\/www.studio-hamburg-design-works.de\/?s={search_term_string}"},"query-input":{"@type":"PropertyValueSpecification","valueRequired":true,"valueName":"search_term_string"}}],"inLanguage":"en-US"},{"@type":"Organization","@id":"https:\/\/www.studio-hamburg-design-works.de\/#organization","name":"Studio Hamburg Design Works","url":"https:\/\/www.studio-hamburg-design-works.de\/","logo":{"@type":"ImageObject","inLanguage":"en-US","@id":"https:\/\/www.studio-hamburg-design-works.de\/#\/schema\/logo\/image\/","url":"https:\/\/www.studio-hamburg-design-works.de\/wp-content\/uploads\/2022\/01\/sh-design-works-logo-retina.png","contentUrl":"https:\/\/www.studio-hamburg-design-works.de\/wp-content\/uploads\/2022\/01\/sh-design-works-logo-retina.png","width":400,"height":118,"caption":"Studio Hamburg Design Works"},"image":{"@id":"https:\/\/www.studio-hamburg-design-works.de\/#\/schema\/logo\/image\/"}}]}},"_links":{"self":[{"href":"https:\/\/www.studio-hamburg-design-works.de\/en\/wp-json\/wp\/v2\/pages\/191","targetHints":{"allow":["GET"]}}],"collection":[{"href":"https:\/\/www.studio-hamburg-design-works.de\/en\/wp-json\/wp\/v2\/pages"}],"about":[{"href":"https:\/\/www.studio-hamburg-design-works.de\/en\/wp-json\/wp\/v2\/types\/page"}],"author":[{"embeddable":true,"href":"https:\/\/www.studio-hamburg-design-works.de\/en\/wp-json\/wp\/v2\/users\/5"}],"replies":[{"embeddable":true,"href":"https:\/\/www.studio-hamburg-design-works.de\/en\/wp-json\/wp\/v2\/comments?post=191"}],"version-history":[{"count":1,"href":"https:\/\/www.studio-hamburg-design-works.de\/en\/wp-json\/wp\/v2\/pages\/191\/revisions"}],"predecessor-version":[{"id":5057,"href":"https:\/\/www.studio-hamburg-design-works.de\/en\/wp-json\/wp\/v2\/pages\/191\/revisions\/5057"}],"wp:attachment":[{"href":"https:\/\/www.studio-hamburg-design-works.de\/en\/wp-json\/wp\/v2\/media?parent=191"}],"curies":[{"name":"wp","href":"https:\/\/api.w.org\/{rel}","templated":true}]}}