{"id":1529,"date":"2018-04-19T11:40:42","date_gmt":"2018-04-19T09:40:42","guid":{"rendered":"http:\/\/www.studio-hamburg-design-works.de\/?page_id=1529"},"modified":"2026-02-13T12:35:24","modified_gmt":"2026-02-13T11:35:24","slug":"aktuelles-2","status":"publish","type":"page","link":"https:\/\/www.studio-hamburg-design-works.de\/en\/aktuelles-2\/","title":{"rendered":"Current projects"},"content":{"rendered":"<div id=\"pl-1529\"  class=\"panel-layout\" ><div id=\"pg-1529-0\"  class=\"panel-grid panel-no-style\" ><div id=\"pgc-1529-0-0\"  class=\"panel-grid-cell\" ><div id=\"panel-1529-0-0-0\" class=\"so-panel widget widget_sow-image panel-first-child\" data-index=\"0\" ><div\n\t\t\t\n\t\t\tclass=\"so-widget-sow-image so-widget-sow-image-default-dbf295114b96-1529\"\n\t\t\t\n\t\t>\n<div class=\"sow-image-container\">\n\t\t<img \n\tsrc=\"https:\/\/www.studio-hamburg-design-works.de\/wp-content\/uploads\/2024\/02\/SHDW_Aktuelles_Slide-300x132.jpg\" width=\"300\" height=\"132\" srcset=\"https:\/\/www.studio-hamburg-design-works.de\/wp-content\/uploads\/2024\/02\/SHDW_Aktuelles_Slide-300x132.jpg 300w, https:\/\/www.studio-hamburg-design-works.de\/wp-content\/uploads\/2024\/02\/SHDW_Aktuelles_Slide-1024x449.jpg 1024w, https:\/\/www.studio-hamburg-design-works.de\/wp-content\/uploads\/2024\/02\/SHDW_Aktuelles_Slide-768x337.jpg 768w, https:\/\/www.studio-hamburg-design-works.de\/wp-content\/uploads\/2024\/02\/SHDW_Aktuelles_Slide.jpg 1140w\" sizes=\"(max-width: 300px) 100vw, 300px\" alt=\"Jobs\" \t\tclass=\"so-widget-image\"\/>\n\t<\/div>\n\n<\/div><\/div><div id=\"panel-1529-0-0-1\" class=\"so-panel widget widget_cyclone-slider-widget\" data-index=\"1\" ><div tabindex=\"0\" class=\"cycloneslider cycloneslider-template-standard cycloneslider-width-responsive\" id=\"cycloneslider-aktuelles-slid-show-1\" style=\"max-width:960px\" > <div class=\"cycloneslider-slides cycle-slideshow\" data-cycle-allow-wrap=\"true\" data-cycle-dynamic-height=\"off\" data-cycle-auto-height=\"960:600\" data-cycle-auto-height-easing=\"null\" data-cycle-auto-height-speed=\"250\" data-cycle-delay=\"0\" data-cycle-easing=\"\" data-cycle-fx=\"fade\" data-cycle-hide-non-active=\"true\" data-cycle-log=\"false\" data-cycle-next=\"#cycloneslider-aktuelles-slid-show-1 .cycloneslider-next\" data-cycle-pager=\"#cycloneslider-aktuelles-slid-show-1 .cycloneslider-pager\" data-cycle-pause-on-hover=\"true\" data-cycle-prev=\"#cycloneslider-aktuelles-slid-show-1 .cycloneslider-prev\" data-cycle-slides=\"&gt; div\" data-cycle-speed=\"1000\" data-cycle-swipe=\"false\" data-cycle-tile-count=\"7\" data-cycle-tile-delay=\"100\" data-cycle-tile-vertical=\"true\" data-cycle-timeout=\"2000\" > <div class=\"cycloneslider-slide cycloneslider-slide-image\" > <img decoding=\"async\" src=\"https:\/\/www.studio-hamburg-design-works.de\/wp-content\/uploads\/2023\/01\/moulinrouge-aktuell2-960x600.jpg\" alt=\"\" title=\"\" \/> <\/div> <div class=\"cycloneslider-slide cycloneslider-slide-image\" > <img decoding=\"async\" src=\"https:\/\/www.studio-hamburg-design-works.de\/wp-content\/uploads\/2021\/05\/WELT_Studio-960x600.jpg\" alt=\"\" title=\"\" \/> <\/div> <div class=\"cycloneslider-slide cycloneslider-slide-image\" > <img decoding=\"async\" src=\"https:\/\/www.studio-hamburg-design-works.de\/wp-content\/uploads\/2024\/06\/AktuellesSliderercules-960x600.jpg\" alt=\"\" title=\"\" \/> <\/div> <div class=\"cycloneslider-slide cycloneslider-slide-image\" > <img decoding=\"async\" src=\"https:\/\/www.studio-hamburg-design-works.de\/wp-content\/uploads\/2024\/06\/ProjketFSP_MusicalTheater-960x600.jpg\" alt=\"\" title=\"\" \/> <\/div> <div class=\"cycloneslider-slide cycloneslider-slide-image\" > <img decoding=\"async\" src=\"https:\/\/www.studio-hamburg-design-works.de\/wp-content\/uploads\/2025\/03\/SHDW-Portfolio_MJ_III-960x600.jpg\" alt=\"\" title=\"\" \/> <\/div> <div class=\"cycloneslider-slide cycloneslider-slide-image\" > <img decoding=\"async\" src=\"https:\/\/www.studio-hamburg-design-works.de\/wp-content\/uploads\/2025\/03\/SHDW_Aktuelles-ZDF-Heute-Journal-960x600.jpg\" alt=\"\" title=\"\" \/> <\/div> <\/div> <div class=\"cycloneslider-pager\"><\/div> <a href=\"#\" class=\"cycloneslider-prev\"> <span class=\"arrow\"><\/span> <\/a> <a href=\"#\" class=\"cycloneslider-next\"> <span class=\"arrow\"><\/span> <\/a> <\/div><\/div><div id=\"panel-1529-0-0-2\" class=\"so-panel widget widget_sow-image\" data-index=\"2\" ><div\n\t\t\t\n\t\t\tclass=\"so-widget-sow-image so-widget-sow-image-default-dbf295114b96-1529\"\n\t\t\t\n\t\t>\n<div class=\"sow-image-container\">\n\t\t<img \n\tsrc=\"https:\/\/www.studio-hamburg-design-works.de\/wp-content\/uploads\/2024\/03\/SHDW_Aktuelles_Klimahaus-Bremerhaven-300x206.jpg\" width=\"300\" height=\"206\" srcset=\"https:\/\/www.studio-hamburg-design-works.de\/wp-content\/uploads\/2024\/03\/SHDW_Aktuelles_Klimahaus-Bremerhaven-300x206.jpg 300w, https:\/\/www.studio-hamburg-design-works.de\/wp-content\/uploads\/2024\/03\/SHDW_Aktuelles_Klimahaus-Bremerhaven-768x528.jpg 768w, https:\/\/www.studio-hamburg-design-works.de\/wp-content\/uploads\/2024\/03\/SHDW_Aktuelles_Klimahaus-Bremerhaven.jpg 800w\" sizes=\"(max-width: 300px) 100vw, 300px\" alt=\"SHDW_Aktuelles_Klimahaus-Bremerhaven\" \t\tclass=\"so-widget-image\"\/>\n\t<\/div>\n\n<\/div><\/div><div id=\"panel-1529-0-0-3\" class=\"so-panel widget widget_sow-editor panel-last-child\" data-index=\"3\" ><div\n\t\t\t\n\t\t\tclass=\"so-widget-sow-editor so-widget-sow-editor-base\"\n\t\t\t\n\t\t>\n<div class=\"siteorigin-widget-tinymce textwidget\">\n\t<p>The Klimahaus Bremerhaven is getting a new exhibition area, the WEATHER EXTREMES. On an area of \u200b\u200baround 1,500 square meters spread over three levels, the direct connections between global warming and worldwide extreme weather events are made clear to visitors. Studio Hamburg is responsible for building the stages, backdrops and exhibition furniture contributed significantly to the creation of the immersive exhibition concept.<\/p>\n<\/div>\n<\/div><\/div><\/div><div id=\"pgc-1529-0-1\"  class=\"panel-grid-cell\" ><div id=\"panel-1529-0-1-0\" class=\"so-panel widget widget_sow-editor panel-first-child panel-last-child\" data-index=\"4\" ><div\n\t\t\t\n\t\t\tclass=\"so-widget-sow-editor so-widget-sow-editor-base\"\n\t\t\t\n\t\t>\n<div class=\"siteorigin-widget-tinymce textwidget\">\n\t\t\t\t<div class=\"home_blog kad-animation home-blog-shortcode home-blog-two-columns\" data-animation=\"fade-in\" data-delay=\"0\">\n\t\t\t\t<div class=\"row\">\n\t\t\t\t\t\t\t<\/div>\n\t\t<\/div> <!--home-blog -->\n\t\t\n<p><strong>Show &amp; Television:<\/strong><\/p>\n<ul>\n<li>ZDF WM 2026<\/li>\n<li>Tanoshii<\/li>\n<li>ESC Vorentscheid<\/li>\n<li>Experte f\u00fcr Alles<\/li>\n<li>Verstehen Sie Spa\u00df?<\/li>\n<li>Die Giovanni Zarrella Show<\/li>\n<li>Mario Barth<\/li>\n<li>Fernsehmacher<\/li>\n<li>Joko - \"Wer stiehlt mir die Show?\"<\/li>\n<li>Gro\u00dfstadtrevier<\/li>\n<li>Notruf Hafenkante<\/li>\n<li>K\u00fcchenschlacht<\/li>\n<li>Klein gegen Gro\u00df<\/li>\n<li>Der Quiz-Champion<\/li>\n<li>Kaum zu glauben<\/li>\n<li>Gefragt Gejagt<\/li>\n<li>Quizduell Olymp<\/li>\n<li>Wer wei\u00df denn so was?<\/li>\n<li>Rote Rosen<\/li>\n<\/ul>\n<p>&nbsp;<\/p>\n<p><strong>Event &amp; Advertising:<\/strong><\/p>\n<ul>\n<li style=\"list-style-type: none;\">\n<ul>\n<li>UEFA Auslosung<\/li>\n<li>FIFA Veranstaltungen<\/li>\n<li>Oceania Vista NCLH<\/li>\n<li>BERLINALE<\/li>\n<\/ul>\n<\/li>\n<\/ul><\/div>\n<\/div><\/div><\/div><div id=\"pgc-1529-0-2\"  class=\"panel-grid-cell\" ><div id=\"panel-1529-0-2-0\" class=\"so-panel widget widget_sow-editor panel-first-child\" data-index=\"5\" ><div\n\t\t\t\n\t\t\tclass=\"so-widget-sow-editor so-widget-sow-editor-base\"\n\t\t\t\n\t\t>\n<div class=\"siteorigin-widget-tinymce textwidget\">\n\t\t\t\t<div class=\"home_blog kad-animation home-blog-shortcode home-blog-two-columns\" data-animation=\"fade-in\" data-delay=\"0\">\n\t\t\t\t<div class=\"row\">\n\t\t\t\t\t\t\t<\/div>\n\t\t<\/div> <!--home-blog -->\n\t\t\n\n<strong>Musical &amp; Theatre:<\/strong>\n<ul>\n \t<li>Lohengrin | Festspielhaus Baden Baden<\/li>\n \t<li>Wut | Thalia Theater Hamburg<\/li>\n \t<li>Harry Potter<\/li>\n \t<li>Cirque Du Soleil Berlin<\/li>\n<\/ul>\n&nbsp;\n\n<strong>Furnishings &amp; Interior Decorations:<\/strong>\n<ul>\n \t<li>Schnittpl\u00e4tze NDR<\/li>\n \t<li>Leitstelle Elbtunnel Hamburg<\/li>\n \t<li>Regie WDR<\/li>\n \t<li>Sonderm\u00f6bel Feuerwehr Hamburg<\/li>\n \t<li>Leitstelle Stadtwerke Neubrandenburg<\/li>\n \t<li>Fernsehregie Tagesschau<\/li>\n \t<li>Regie NDR Kiel<\/li>\n \t<li>Sonderm\u00f6bel Deutsche Flugsicherung<\/li>\n \t<li>M\u00f6blierung EZB<\/li>\n<\/ul>\n&nbsp;\n\n<strong>Museum &amp; Exhibitions:<\/strong>\n<ul>\n \t<li style=\"list-style-type: none;\">\n<ul>\n \t<li>Digitalmuseum Hamburg<\/li>\n \t<li>EON Tacheles Berlin<\/li>\n \t<li>Deutsches Auswandererhaus<\/li>\n \t<li>Klimahaus Bremerhaven<\/li>\n \t<li>DESYUM<\/li>\n \t<li>Naturkundemuseum Berlin<\/li>\n<\/ul>\n<\/li>\n<\/ul><\/div>\n<\/div><\/div><div id=\"panel-1529-0-2-1\" class=\"so-panel widget widget_sow-editor panel-last-child\" data-index=\"6\" ><div\n\t\t\t\n\t\t\tclass=\"so-widget-sow-editor so-widget-sow-editor-base\"\n\t\t\t\n\t\t>\n<div class=\"siteorigin-widget-tinymce textwidget\">\n\t\t\t\t<div class=\"home_blog kad-animation home-blog-shortcode home-blog-two-columns\" data-animation=\"fade-in\" data-delay=\"0\">\n\t\t\t\t<div class=\"row\">\n\t\t\t\t\t\t\t<\/div>\n\t\t<\/div> <!--home-blog -->\n\t\t\n<p><strong>studio building:<\/strong><\/p>\n<ul>\n<li>BR QVEST<\/li>\n<li>NDR Kiel<\/li>\n<li>Axel Springer<\/li>\n<li>Greenboxstudios<\/li>\n<li>Voutenbau \/ Hohlkehle<\/li>\n<li>Alkass Iconic | U 17<\/li>\n<\/ul><\/div>\n<\/div><\/div><\/div><\/div><\/div>","protected":false},"excerpt":{"rendered":"<p>The Klimahaus Bremerhaven is getting a new exhibition area, the WEATHER EXTREMES. On an area of \u200b\u200baround 1,500 square meters spread over three levels, the direct connections between global warming and worldwide extreme weather events are made clear to visitors. &hellip; <a class=\"kt-excerpt-readmore\" href=\"https:\/\/www.studio-hamburg-design-works.de\/en\/aktuelles-2\/\" aria-label=\"Current projects\">Read More<\/a><\/p>\n","protected":false},"author":5,"featured_media":0,"parent":0,"menu_order":0,"comment_status":"closed","ping_status":"closed","template":"page-fullwidth.php","meta":{"footnotes":""},"class_list":["post-1529","page","type-page","status-publish","hentry"],"yoast_head":"<!-- This site is optimized with the Yoast SEO plugin v26.4 - https:\/\/yoast.com\/wordpress\/plugins\/seo\/ -->\n<title>Aktuelles | Studio Hamburg Design Works<\/title>\n<meta name=\"description\" content=\"Aktuelle Projekte der Studio Hamburg Design Works\" \/>\n<meta name=\"robots\" content=\"index, follow, max-snippet:-1, max-image-preview:large, max-video-preview:-1\" \/>\n<link rel=\"canonical\" href=\"https:\/\/www.studio-hamburg-design-works.de\/aktuelles-2\/\" \/>\n<meta property=\"og:locale\" content=\"en_US\" \/>\n<meta property=\"og:type\" content=\"article\" \/>\n<meta property=\"og:title\" content=\"Aktuelles | Studio Hamburg Design Works\" \/>\n<meta property=\"og:description\" content=\"Aktuelle Projekte der Studio Hamburg Design Works\" \/>\n<meta property=\"og:url\" content=\"https:\/\/www.studio-hamburg-design-works.de\/aktuelles-2\/\" \/>\n<meta property=\"og:site_name\" content=\"Studio Hamburg Design Works\" \/>\n<meta property=\"article:modified_time\" content=\"2026-02-13T11:35:24+00:00\" \/>\n<meta name=\"twitter:card\" content=\"summary_large_image\" \/>\n<meta name=\"twitter:label1\" content=\"Est. reading time\" \/>\n\t<meta name=\"twitter:data1\" content=\"4 minutes\" \/>\n<script type=\"application\/ld+json\" class=\"yoast-schema-graph\">{\"@context\":\"https:\/\/schema.org\",\"@graph\":[{\"@type\":\"WebPage\",\"@id\":\"https:\/\/www.studio-hamburg-design-works.de\/aktuelles-2\/\",\"url\":\"https:\/\/www.studio-hamburg-design-works.de\/aktuelles-2\/\",\"name\":\"Aktuelles | Studio Hamburg Design Works\",\"isPartOf\":{\"@id\":\"https:\/\/www.studio-hamburg-design-works.de\/#website\"},\"datePublished\":\"2018-04-19T09:40:42+00:00\",\"dateModified\":\"2026-02-13T11:35:24+00:00\",\"description\":\"Aktuelle Projekte der Studio Hamburg Design Works\",\"breadcrumb\":{\"@id\":\"https:\/\/www.studio-hamburg-design-works.de\/aktuelles-2\/#breadcrumb\"},\"inLanguage\":\"en-US\",\"potentialAction\":[{\"@type\":\"ReadAction\",\"target\":[\"https:\/\/www.studio-hamburg-design-works.de\/aktuelles-2\/\"]}]},{\"@type\":\"BreadcrumbList\",\"@id\":\"https:\/\/www.studio-hamburg-design-works.de\/aktuelles-2\/#breadcrumb\",\"itemListElement\":[{\"@type\":\"ListItem\",\"position\":1,\"name\":\"Home\",\"item\":\"https:\/\/www.studio-hamburg-design-works.de\/\"},{\"@type\":\"ListItem\",\"position\":2,\"name\":\"Aktuelles\"}]},{\"@type\":\"WebSite\",\"@id\":\"https:\/\/www.studio-hamburg-design-works.de\/#website\",\"url\":\"https:\/\/www.studio-hamburg-design-works.de\/\",\"name\":\"Studio Hamburg Design Works\",\"description\":\"Mit hochqualifizierten Fachkr\u00e4ften und erfahrenen Projektleitern sind die Werkst\u00e4tten von Studio Hamburg weltweit eine der ersten Adressen f\u00fcr Dienstleistungen in den Bereichen B\u00fchnenbild-, Dekorations-, Ausstattungs- und Ausstellungsbau.\",\"publisher\":{\"@id\":\"https:\/\/www.studio-hamburg-design-works.de\/#organization\"},\"potentialAction\":[{\"@type\":\"SearchAction\",\"target\":{\"@type\":\"EntryPoint\",\"urlTemplate\":\"https:\/\/www.studio-hamburg-design-works.de\/?s={search_term_string}\"},\"query-input\":{\"@type\":\"PropertyValueSpecification\",\"valueRequired\":true,\"valueName\":\"search_term_string\"}}],\"inLanguage\":\"en-US\"},{\"@type\":\"Organization\",\"@id\":\"https:\/\/www.studio-hamburg-design-works.de\/#organization\",\"name\":\"Studio Hamburg Design Works\",\"url\":\"https:\/\/www.studio-hamburg-design-works.de\/\",\"logo\":{\"@type\":\"ImageObject\",\"inLanguage\":\"en-US\",\"@id\":\"https:\/\/www.studio-hamburg-design-works.de\/#\/schema\/logo\/image\/\",\"url\":\"https:\/\/www.studio-hamburg-design-works.de\/wp-content\/uploads\/2022\/01\/sh-design-works-logo-retina.png\",\"contentUrl\":\"https:\/\/www.studio-hamburg-design-works.de\/wp-content\/uploads\/2022\/01\/sh-design-works-logo-retina.png\",\"width\":400,\"height\":118,\"caption\":\"Studio Hamburg Design Works\"},\"image\":{\"@id\":\"https:\/\/www.studio-hamburg-design-works.de\/#\/schema\/logo\/image\/\"}}]}<\/script>\n<!-- \/ Yoast SEO plugin. -->","yoast_head_json":{"title":"Aktuelles | Studio Hamburg Design Works","description":"Aktuelle Projekte der Studio Hamburg Design Works","robots":{"index":"index","follow":"follow","max-snippet":"max-snippet:-1","max-image-preview":"max-image-preview:large","max-video-preview":"max-video-preview:-1"},"canonical":"https:\/\/www.studio-hamburg-design-works.de\/aktuelles-2\/","og_locale":"en_US","og_type":"article","og_title":"Aktuelles | Studio Hamburg Design Works","og_description":"Aktuelle Projekte der Studio Hamburg Design Works","og_url":"https:\/\/www.studio-hamburg-design-works.de\/aktuelles-2\/","og_site_name":"Studio Hamburg Design Works","article_modified_time":"2026-02-13T11:35:24+00:00","twitter_card":"summary_large_image","twitter_misc":{"Est. reading time":"4 minutes"},"schema":{"@context":"https:\/\/schema.org","@graph":[{"@type":"WebPage","@id":"https:\/\/www.studio-hamburg-design-works.de\/aktuelles-2\/","url":"https:\/\/www.studio-hamburg-design-works.de\/aktuelles-2\/","name":"Aktuelles | Studio Hamburg Design Works","isPartOf":{"@id":"https:\/\/www.studio-hamburg-design-works.de\/#website"},"datePublished":"2018-04-19T09:40:42+00:00","dateModified":"2026-02-13T11:35:24+00:00","description":"Aktuelle Projekte der Studio Hamburg Design Works","breadcrumb":{"@id":"https:\/\/www.studio-hamburg-design-works.de\/aktuelles-2\/#breadcrumb"},"inLanguage":"en-US","potentialAction":[{"@type":"ReadAction","target":["https:\/\/www.studio-hamburg-design-works.de\/aktuelles-2\/"]}]},{"@type":"BreadcrumbList","@id":"https:\/\/www.studio-hamburg-design-works.de\/aktuelles-2\/#breadcrumb","itemListElement":[{"@type":"ListItem","position":1,"name":"Home","item":"https:\/\/www.studio-hamburg-design-works.de\/"},{"@type":"ListItem","position":2,"name":"Aktuelles"}]},{"@type":"WebSite","@id":"https:\/\/www.studio-hamburg-design-works.de\/#website","url":"https:\/\/www.studio-hamburg-design-works.de\/","name":"Studio Hamburg Design Works","description":"Mit hochqualifizierten Fachkr\u00e4ften und erfahrenen Projektleitern sind die Werkst\u00e4tten von Studio Hamburg weltweit eine der ersten Adressen f\u00fcr Dienstleistungen in den Bereichen B\u00fchnenbild-, Dekorations-, Ausstattungs- und Ausstellungsbau.","publisher":{"@id":"https:\/\/www.studio-hamburg-design-works.de\/#organization"},"potentialAction":[{"@type":"SearchAction","target":{"@type":"EntryPoint","urlTemplate":"https:\/\/www.studio-hamburg-design-works.de\/?s={search_term_string}"},"query-input":{"@type":"PropertyValueSpecification","valueRequired":true,"valueName":"search_term_string"}}],"inLanguage":"en-US"},{"@type":"Organization","@id":"https:\/\/www.studio-hamburg-design-works.de\/#organization","name":"Studio Hamburg Design Works","url":"https:\/\/www.studio-hamburg-design-works.de\/","logo":{"@type":"ImageObject","inLanguage":"en-US","@id":"https:\/\/www.studio-hamburg-design-works.de\/#\/schema\/logo\/image\/","url":"https:\/\/www.studio-hamburg-design-works.de\/wp-content\/uploads\/2022\/01\/sh-design-works-logo-retina.png","contentUrl":"https:\/\/www.studio-hamburg-design-works.de\/wp-content\/uploads\/2022\/01\/sh-design-works-logo-retina.png","width":400,"height":118,"caption":"Studio Hamburg Design Works"},"image":{"@id":"https:\/\/www.studio-hamburg-design-works.de\/#\/schema\/logo\/image\/"}}]}},"_links":{"self":[{"href":"https:\/\/www.studio-hamburg-design-works.de\/en\/wp-json\/wp\/v2\/pages\/1529","targetHints":{"allow":["GET"]}}],"collection":[{"href":"https:\/\/www.studio-hamburg-design-works.de\/en\/wp-json\/wp\/v2\/pages"}],"about":[{"href":"https:\/\/www.studio-hamburg-design-works.de\/en\/wp-json\/wp\/v2\/types\/page"}],"author":[{"embeddable":true,"href":"https:\/\/www.studio-hamburg-design-works.de\/en\/wp-json\/wp\/v2\/users\/5"}],"replies":[{"embeddable":true,"href":"https:\/\/www.studio-hamburg-design-works.de\/en\/wp-json\/wp\/v2\/comments?post=1529"}],"version-history":[{"count":146,"href":"https:\/\/www.studio-hamburg-design-works.de\/en\/wp-json\/wp\/v2\/pages\/1529\/revisions"}],"predecessor-version":[{"id":5077,"href":"https:\/\/www.studio-hamburg-design-works.de\/en\/wp-json\/wp\/v2\/pages\/1529\/revisions\/5077"}],"wp:attachment":[{"href":"https:\/\/www.studio-hamburg-design-works.de\/en\/wp-json\/wp\/v2\/media?parent=1529"}],"curies":[{"name":"wp","href":"https:\/\/api.w.org\/{rel}","templated":true}]}}