{"id":1189,"date":"2017-04-07T09:21:08","date_gmt":"2017-04-07T07:21:08","guid":{"rendered":"http:\/\/www.studio-hamburg-design-works.de\/?page_id=1189"},"modified":"2025-10-23T13:00:27","modified_gmt":"2025-10-23T11:00:27","slug":"kinetik","status":"publish","type":"page","link":"https:\/\/www.studio-hamburg-design-works.de\/en\/kinetik\/","title":{"rendered":"Kinetics"},"content":{"rendered":"<div id=\"pl-1189\"  class=\"panel-layout\" ><div id=\"pg-1189-0\"  class=\"panel-grid panel-no-style\" ><div id=\"pgc-1189-0-0\"  class=\"panel-grid-cell\" ><div id=\"panel-1189-0-0-0\" class=\"so-panel widget widget_sow-image panel-first-child panel-last-child\" data-index=\"0\" ><div\n\t\t\t\n\t\t\tclass=\"so-widget-sow-image so-widget-sow-image-default-8b5b6f678277-1189\"\n\t\t\t\n\t\t>\n<div class=\"sow-image-container\">\n\t\t<img \n\tsrc=\"https:\/\/www.studio-hamburg-design-works.de\/wp-content\/uploads\/2017\/04\/Kinetik_money-drop.png\" width=\"363\" height=\"363\" srcset=\"https:\/\/www.studio-hamburg-design-works.de\/wp-content\/uploads\/2017\/04\/Kinetik_money-drop.png 363w, https:\/\/www.studio-hamburg-design-works.de\/wp-content\/uploads\/2017\/04\/Kinetik_money-drop-150x150.png 150w, https:\/\/www.studio-hamburg-design-works.de\/wp-content\/uploads\/2017\/04\/Kinetik_money-drop-300x300.png 300w\" sizes=\"(max-width: 363px) 100vw, 363px\" alt=\"\" \t\tclass=\"so-widget-image\"\/>\n\t<\/div>\n\n<\/div><\/div><\/div><div id=\"pgc-1189-0-1\"  class=\"panel-grid-cell\" ><div id=\"panel-1189-0-1-0\" class=\"so-panel widget widget_sow-image panel-first-child panel-last-child\" data-index=\"1\" ><div\n\t\t\t\n\t\t\tclass=\"so-widget-sow-image so-widget-sow-image-default-8b5b6f678277-1189\"\n\t\t\t\n\t\t>\n<div class=\"sow-image-container\">\n\t\t<img \n\tsrc=\"https:\/\/www.studio-hamburg-design-works.de\/wp-content\/uploads\/2017\/04\/Kinetik_love-never-dies.png\" width=\"363\" height=\"363\" srcset=\"https:\/\/www.studio-hamburg-design-works.de\/wp-content\/uploads\/2017\/04\/Kinetik_love-never-dies.png 363w, https:\/\/www.studio-hamburg-design-works.de\/wp-content\/uploads\/2017\/04\/Kinetik_love-never-dies-150x150.png 150w, https:\/\/www.studio-hamburg-design-works.de\/wp-content\/uploads\/2017\/04\/Kinetik_love-never-dies-300x300.png 300w\" sizes=\"(max-width: 363px) 100vw, 363px\" alt=\"\" \t\tclass=\"so-widget-image\"\/>\n\t<\/div>\n\n<\/div><\/div><\/div><div id=\"pgc-1189-0-2\"  class=\"panel-grid-cell\" ><div id=\"panel-1189-0-2-0\" class=\"so-panel widget widget_sow-image panel-first-child panel-last-child\" data-index=\"2\" ><div\n\t\t\t\n\t\t\tclass=\"so-widget-sow-image so-widget-sow-image-default-8b5b6f678277-1189\"\n\t\t\t\n\t\t>\n<div class=\"sow-image-container\">\n\t\t<img \n\tsrc=\"https:\/\/www.studio-hamburg-design-works.de\/wp-content\/uploads\/2017\/04\/Kinetik_Show-me.png\" width=\"363\" height=\"363\" srcset=\"https:\/\/www.studio-hamburg-design-works.de\/wp-content\/uploads\/2017\/04\/Kinetik_Show-me.png 363w, https:\/\/www.studio-hamburg-design-works.de\/wp-content\/uploads\/2017\/04\/Kinetik_Show-me-150x150.png 150w, https:\/\/www.studio-hamburg-design-works.de\/wp-content\/uploads\/2017\/04\/Kinetik_Show-me-300x300.png 300w\" sizes=\"(max-width: 363px) 100vw, 363px\" alt=\"\" \t\tclass=\"so-widget-image\"\/>\n\t<\/div>\n\n<\/div><\/div><\/div><\/div><div id=\"pg-1189-1\"  class=\"panel-grid panel-no-style\" ><div id=\"pgc-1189-1-0\"  class=\"panel-grid-cell\" ><div id=\"panel-1189-1-0-0\" class=\"so-panel widget widget_sow-editor panel-first-child panel-last-child\" data-index=\"3\" ><div class=\"panel-widget-style panel-widget-style-for-1189-1-0-0\" ><div\n\t\t\t\n\t\t\tclass=\"so-widget-sow-editor so-widget-sow-editor-base\"\n\t\t\t\n\t\t>\n<div class=\"siteorigin-widget-tinymce textwidget\">\n\t<\/p>\n<ul style=\"list-style-type: square;\">\n<li>Rental and Sale electrically and pneumatically controlled special constructions<\/li>\n<li>Converter controlled LED-Carriages<\/li>\n<li>Turntables and Systems via DMX Radio Signal or according to customer requirements<\/li>\n<\/ul>\n<\/div>\n<\/div><\/div><\/div><\/div><div id=\"pgc-1189-1-1\"  class=\"panel-grid-cell\" ><div id=\"panel-1189-1-1-0\" class=\"so-panel widget widget_sow-editor panel-first-child panel-last-child\" data-index=\"4\" ><div\n\t\t\t\n\t\t\tclass=\"so-widget-sow-editor so-widget-sow-editor-base\"\n\t\t\t\n\t\t>\n<div class=\"siteorigin-widget-tinymce textwidget\">\n\t<h3>Contact:<\/h3>\n<p>Mike Jahn<br \/>\nTelephone: +49 (0)40 6688-3407<br \/>\nE-Mail: <a href=\"m&#97;&#x69;&#x6c;t&#111;&#58;&#x6d;&#x2e;j&#97;&#104;&#x6e;&#x40;s&#116;&#x75;&#x64;&#x69;o&#45;&#x68;&#x61;m&#98;&#117;&#x72;&#x67;&#46;&#100;&#101;\">&#109;&#46;&#x6a;a&#104;&#x6e;&#x40;s&#116;&#x75;&#x64;i&#111;&#x2d;&#x68;a&#109;&#x62;&#x75;r&#103;&#x2e;&#x64;e<\/a><\/p>\n<\/div>\n<\/div><\/div><\/div><\/div><\/div>","protected":false},"excerpt":{"rendered":"<p>Rental and Sale electrically and pneumatically controlled special constructionsConverter controlled LED-CarriagesTurntables and Systems via DMX Radio Signal or according to customer requirements Contact: Mike Jahn Telephone: +49 (0)40 6688-3407 E-Mail: &#109;&#x2e;&#106;&#x61;&#104;&#x6e;&#64;&#x73;&#116;&#x75;&#100;&#x69;&#111;&#x2d;&#104;&#x61;&#109;&#x62;&#117;&#x72;&#103;&#x2e;&#100;&#x65;<\/p>\n","protected":false},"author":5,"featured_media":0,"parent":0,"menu_order":0,"comment_status":"closed","ping_status":"closed","template":"page-fullwidth.php","meta":{"footnotes":""},"class_list":["post-1189","page","type-page","status-publish","hentry"],"yoast_head":"<!-- This site is optimized with the Yoast SEO plugin v26.4 - https:\/\/yoast.com\/wordpress\/plugins\/seo\/ -->\n<title>Kinetik | Studio Hamburg Design Works<\/title>\n<meta name=\"description\" content=\"Der Bereich Tischlerei umfasst:\u00a0CNC-Bearbeitungszentrum inklusive 5-achs Maschine, Plattenaufteiler &amp; Turniertechnik, verschiedene Vorbau- &amp; Montagehallen\" \/>\n<meta name=\"robots\" content=\"index, follow, max-snippet:-1, max-image-preview:large, max-video-preview:-1\" \/>\n<link rel=\"canonical\" href=\"https:\/\/www.studio-hamburg-design-works.de\/kinetik\/\" \/>\n<meta property=\"og:locale\" content=\"en_US\" \/>\n<meta property=\"og:type\" content=\"article\" \/>\n<meta property=\"og:title\" content=\"Kinetik | Studio Hamburg Design Works\" \/>\n<meta property=\"og:description\" content=\"Der Bereich Tischlerei umfasst:\u00a0CNC-Bearbeitungszentrum inklusive 5-achs Maschine, Plattenaufteiler &amp; Turniertechnik, verschiedene Vorbau- &amp; Montagehallen\" \/>\n<meta property=\"og:url\" content=\"https:\/\/www.studio-hamburg-design-works.de\/kinetik\/\" \/>\n<meta property=\"og:site_name\" content=\"Studio Hamburg Design Works\" \/>\n<meta property=\"article:modified_time\" content=\"2025-10-23T11:00:27+00:00\" \/>\n<meta name=\"twitter:card\" content=\"summary_large_image\" \/>\n<meta name=\"twitter:label1\" content=\"Est. reading time\" \/>\n\t<meta name=\"twitter:data1\" content=\"1 minute\" \/>\n<script type=\"application\/ld+json\" class=\"yoast-schema-graph\">{\"@context\":\"https:\/\/schema.org\",\"@graph\":[{\"@type\":\"WebPage\",\"@id\":\"https:\/\/www.studio-hamburg-design-works.de\/kinetik\/\",\"url\":\"https:\/\/www.studio-hamburg-design-works.de\/kinetik\/\",\"name\":\"Kinetik | Studio Hamburg Design Works\",\"isPartOf\":{\"@id\":\"https:\/\/www.studio-hamburg-design-works.de\/#website\"},\"datePublished\":\"2017-04-07T07:21:08+00:00\",\"dateModified\":\"2025-10-23T11:00:27+00:00\",\"description\":\"Der Bereich Tischlerei umfasst:\u00a0CNC-Bearbeitungszentrum inklusive 5-achs Maschine, Plattenaufteiler & Turniertechnik, verschiedene Vorbau- & Montagehallen\",\"breadcrumb\":{\"@id\":\"https:\/\/www.studio-hamburg-design-works.de\/kinetik\/#breadcrumb\"},\"inLanguage\":\"en-US\",\"potentialAction\":[{\"@type\":\"ReadAction\",\"target\":[\"https:\/\/www.studio-hamburg-design-works.de\/kinetik\/\"]}]},{\"@type\":\"BreadcrumbList\",\"@id\":\"https:\/\/www.studio-hamburg-design-works.de\/kinetik\/#breadcrumb\",\"itemListElement\":[{\"@type\":\"ListItem\",\"position\":1,\"name\":\"Home\",\"item\":\"https:\/\/www.studio-hamburg-design-works.de\/\"},{\"@type\":\"ListItem\",\"position\":2,\"name\":\"Kinetik\"}]},{\"@type\":\"WebSite\",\"@id\":\"https:\/\/www.studio-hamburg-design-works.de\/#website\",\"url\":\"https:\/\/www.studio-hamburg-design-works.de\/\",\"name\":\"Studio Hamburg Design Works\",\"description\":\"Mit hochqualifizierten Fachkr\u00e4ften und erfahrenen Projektleitern sind die Werkst\u00e4tten von Studio Hamburg weltweit eine der ersten Adressen f\u00fcr Dienstleistungen in den Bereichen B\u00fchnenbild-, Dekorations-, Ausstattungs- und Ausstellungsbau.\",\"publisher\":{\"@id\":\"https:\/\/www.studio-hamburg-design-works.de\/#organization\"},\"potentialAction\":[{\"@type\":\"SearchAction\",\"target\":{\"@type\":\"EntryPoint\",\"urlTemplate\":\"https:\/\/www.studio-hamburg-design-works.de\/?s={search_term_string}\"},\"query-input\":{\"@type\":\"PropertyValueSpecification\",\"valueRequired\":true,\"valueName\":\"search_term_string\"}}],\"inLanguage\":\"en-US\"},{\"@type\":\"Organization\",\"@id\":\"https:\/\/www.studio-hamburg-design-works.de\/#organization\",\"name\":\"Studio Hamburg Design Works\",\"url\":\"https:\/\/www.studio-hamburg-design-works.de\/\",\"logo\":{\"@type\":\"ImageObject\",\"inLanguage\":\"en-US\",\"@id\":\"https:\/\/www.studio-hamburg-design-works.de\/#\/schema\/logo\/image\/\",\"url\":\"https:\/\/www.studio-hamburg-design-works.de\/wp-content\/uploads\/2022\/01\/sh-design-works-logo-retina.png\",\"contentUrl\":\"https:\/\/www.studio-hamburg-design-works.de\/wp-content\/uploads\/2022\/01\/sh-design-works-logo-retina.png\",\"width\":400,\"height\":118,\"caption\":\"Studio Hamburg Design Works\"},\"image\":{\"@id\":\"https:\/\/www.studio-hamburg-design-works.de\/#\/schema\/logo\/image\/\"}}]}<\/script>\n<!-- \/ Yoast SEO plugin. -->","yoast_head_json":{"title":"Kinetik | Studio Hamburg Design Works","description":"Der Bereich Tischlerei umfasst:\u00a0CNC-Bearbeitungszentrum inklusive 5-achs Maschine, Plattenaufteiler & Turniertechnik, verschiedene Vorbau- & Montagehallen","robots":{"index":"index","follow":"follow","max-snippet":"max-snippet:-1","max-image-preview":"max-image-preview:large","max-video-preview":"max-video-preview:-1"},"canonical":"https:\/\/www.studio-hamburg-design-works.de\/kinetik\/","og_locale":"en_US","og_type":"article","og_title":"Kinetik | Studio Hamburg Design Works","og_description":"Der Bereich Tischlerei umfasst:\u00a0CNC-Bearbeitungszentrum inklusive 5-achs Maschine, Plattenaufteiler & Turniertechnik, verschiedene Vorbau- & Montagehallen","og_url":"https:\/\/www.studio-hamburg-design-works.de\/kinetik\/","og_site_name":"Studio Hamburg Design Works","article_modified_time":"2025-10-23T11:00:27+00:00","twitter_card":"summary_large_image","twitter_misc":{"Est. reading time":"1 minute"},"schema":{"@context":"https:\/\/schema.org","@graph":[{"@type":"WebPage","@id":"https:\/\/www.studio-hamburg-design-works.de\/kinetik\/","url":"https:\/\/www.studio-hamburg-design-works.de\/kinetik\/","name":"Kinetik | Studio Hamburg Design Works","isPartOf":{"@id":"https:\/\/www.studio-hamburg-design-works.de\/#website"},"datePublished":"2017-04-07T07:21:08+00:00","dateModified":"2025-10-23T11:00:27+00:00","description":"Der Bereich Tischlerei umfasst:\u00a0CNC-Bearbeitungszentrum inklusive 5-achs Maschine, Plattenaufteiler & Turniertechnik, verschiedene Vorbau- & Montagehallen","breadcrumb":{"@id":"https:\/\/www.studio-hamburg-design-works.de\/kinetik\/#breadcrumb"},"inLanguage":"en-US","potentialAction":[{"@type":"ReadAction","target":["https:\/\/www.studio-hamburg-design-works.de\/kinetik\/"]}]},{"@type":"BreadcrumbList","@id":"https:\/\/www.studio-hamburg-design-works.de\/kinetik\/#breadcrumb","itemListElement":[{"@type":"ListItem","position":1,"name":"Home","item":"https:\/\/www.studio-hamburg-design-works.de\/"},{"@type":"ListItem","position":2,"name":"Kinetik"}]},{"@type":"WebSite","@id":"https:\/\/www.studio-hamburg-design-works.de\/#website","url":"https:\/\/www.studio-hamburg-design-works.de\/","name":"Studio Hamburg Design Works","description":"Mit hochqualifizierten Fachkr\u00e4ften und erfahrenen Projektleitern sind die Werkst\u00e4tten von Studio Hamburg weltweit eine der ersten Adressen f\u00fcr Dienstleistungen in den Bereichen B\u00fchnenbild-, Dekorations-, Ausstattungs- und Ausstellungsbau.","publisher":{"@id":"https:\/\/www.studio-hamburg-design-works.de\/#organization"},"potentialAction":[{"@type":"SearchAction","target":{"@type":"EntryPoint","urlTemplate":"https:\/\/www.studio-hamburg-design-works.de\/?s={search_term_string}"},"query-input":{"@type":"PropertyValueSpecification","valueRequired":true,"valueName":"search_term_string"}}],"inLanguage":"en-US"},{"@type":"Organization","@id":"https:\/\/www.studio-hamburg-design-works.de\/#organization","name":"Studio Hamburg Design Works","url":"https:\/\/www.studio-hamburg-design-works.de\/","logo":{"@type":"ImageObject","inLanguage":"en-US","@id":"https:\/\/www.studio-hamburg-design-works.de\/#\/schema\/logo\/image\/","url":"https:\/\/www.studio-hamburg-design-works.de\/wp-content\/uploads\/2022\/01\/sh-design-works-logo-retina.png","contentUrl":"https:\/\/www.studio-hamburg-design-works.de\/wp-content\/uploads\/2022\/01\/sh-design-works-logo-retina.png","width":400,"height":118,"caption":"Studio Hamburg Design Works"},"image":{"@id":"https:\/\/www.studio-hamburg-design-works.de\/#\/schema\/logo\/image\/"}}]}},"_links":{"self":[{"href":"https:\/\/www.studio-hamburg-design-works.de\/en\/wp-json\/wp\/v2\/pages\/1189","targetHints":{"allow":["GET"]}}],"collection":[{"href":"https:\/\/www.studio-hamburg-design-works.de\/en\/wp-json\/wp\/v2\/pages"}],"about":[{"href":"https:\/\/www.studio-hamburg-design-works.de\/en\/wp-json\/wp\/v2\/types\/page"}],"author":[{"embeddable":true,"href":"https:\/\/www.studio-hamburg-design-works.de\/en\/wp-json\/wp\/v2\/users\/5"}],"replies":[{"embeddable":true,"href":"https:\/\/www.studio-hamburg-design-works.de\/en\/wp-json\/wp\/v2\/comments?post=1189"}],"version-history":[{"count":9,"href":"https:\/\/www.studio-hamburg-design-works.de\/en\/wp-json\/wp\/v2\/pages\/1189\/revisions"}],"predecessor-version":[{"id":5059,"href":"https:\/\/www.studio-hamburg-design-works.de\/en\/wp-json\/wp\/v2\/pages\/1189\/revisions\/5059"}],"wp:attachment":[{"href":"https:\/\/www.studio-hamburg-design-works.de\/en\/wp-json\/wp\/v2\/media?parent=1189"}],"curies":[{"name":"wp","href":"https:\/\/api.w.org\/{rel}","templated":true}]}}