{"id":1004,"date":"2016-03-22T13:59:17","date_gmt":"2016-03-22T12:59:17","guid":{"rendered":"http:\/\/www.studio-hamburg-design-works.de\/?page_id=1004"},"modified":"2025-10-23T12:57:42","modified_gmt":"2025-10-23T10:57:42","slug":"anfahrt-adressen-formular","status":"publish","type":"page","link":"https:\/\/www.studio-hamburg-design-works.de\/en\/anfahrt-adressen-formular\/","title":{"rendered":"Direction\/Addresses\/Contact form"},"content":{"rendered":"<div id=\"pl-1004\"  class=\"panel-layout\" ><div id=\"pg-1004-0\"  class=\"panel-grid panel-has-style\" ><div class=\"panel-row-style panel-row-style-for-1004-0\" ><div id=\"pgc-1004-0-0\"  class=\"panel-grid-cell\" ><div id=\"panel-1004-0-0-0\" class=\"so-panel widget widget_sow-editor panel-first-child panel-last-child\" data-index=\"0\" ><div\n\t\t\t\n\t\t\tclass=\"so-widget-sow-editor so-widget-sow-editor-base\"\n\t\t\t\n\t\t><h3 class=\"widget-title\">Contact<\/h3>\n<div class=\"siteorigin-widget-tinymce textwidget\">\n\t<p>\n<strong>Studio Hamburg Design Works<\/strong><br \/>\nJenfelder Allee 80<br \/>\nD-22045 Hamburg<br \/>\nPhone: +49 (0)40 6688-3300<br \/>\nE-Mail:\u00a0<a href=\"&#109;a&#105;l&#116;o&#x3a;d&#x65;s&#x69;g&#x6e;-&#x77;o&#x72;k&#x73;&#64;&#x73;t&#x75;d&#x69;&#111;&#x2d;&#104;&#x61;&#109;&#x62;&#117;&#x72;&#103;&#x2e;&#100;&#x65;\">d&#101;&#115;&#x69;&#x67;&#x6e;-&#119;&#111;&#x72;&#x6b;&#x73;&#64;s&#116;&#x75;&#x64;&#x69;o-&#104;&#97;&#x6d;&#x62;&#x75;r&#103;&#46;&#x64;&#x65;<\/a><\/p>\n<p><b><br \/>\nStudio Hamburg Design Works\u00a0in\u00a0Berlin<br \/>\n<\/b>Am Studio 20 A<br \/>\n12489 Berlin<br \/>\nPhone: +49 (0)30 747570-915<\/p>\n<\/div>\n<\/div><\/div><\/div><div id=\"pgc-1004-0-1\"  class=\"panel-grid-cell\" ><div id=\"panel-1004-0-1-0\" class=\"so-panel widget widget_sow-editor panel-first-child panel-last-child\" data-index=\"1\" ><div\n\t\t\t\n\t\t\tclass=\"so-widget-sow-editor so-widget-sow-editor-base\"\n\t\t\t\n\t\t><h3 class=\"widget-title\">Please contact us \u2026<\/h3>\n<div class=\"siteorigin-widget-tinymce textwidget\">\n\t\n<div class=\"wpcf7 no-js\" id=\"wpcf7-f386-o2\" lang=\"de-DE\" dir=\"ltr\" data-wpcf7-id=\"386\">\n<div class=\"screen-reader-response\"><p role=\"status\" aria-live=\"polite\" aria-atomic=\"true\"><\/p> <ul><\/ul><\/div>\n<form action=\"\/en\/wp-json\/wp\/v2\/pages\/1004#wpcf7-f386-o2\" method=\"post\" class=\"wpcf7-form init\" aria-label=\"Kontaktformular\" novalidate=\"novalidate\" data-status=\"init\">\n<fieldset class=\"hidden-fields-container\"><input type=\"hidden\" name=\"_wpcf7\" value=\"386\" \/><input type=\"hidden\" name=\"_wpcf7_version\" value=\"6.1.3\" \/><input type=\"hidden\" name=\"_wpcf7_locale\" value=\"de_DE\" \/><input type=\"hidden\" name=\"_wpcf7_unit_tag\" value=\"wpcf7-f386-o2\" \/><input type=\"hidden\" name=\"_wpcf7_container_post\" value=\"0\" \/><input type=\"hidden\" name=\"_wpcf7_posted_data_hash\" value=\"\" \/>\n<\/fieldset>\n<p>Your name*:\n<\/p>\n<p><span class=\"wpcf7-form-control-wrap\" data-name=\"your-name\"><input size=\"40\" maxlength=\"400\" class=\"wpcf7-form-control wpcf7-text wpcf7-validates-as-required\" aria-required=\"true\" aria-invalid=\"false\" value=\"\" type=\"text\" name=\"your-name\" \/><\/span>\n<\/p>\n<p><span id=\"wpcf7-69f16c290ee1a-wrapper\" class=\"wpcf7-form-control-wrap subject-wrap\" style=\"display:none !important; visibility:hidden !important;\"><label for=\"wpcf7-69f16c290ee1a-field\" class=\"hp-message\">Bitte lasse dieses Feld leer.<\/label><input id=\"wpcf7-69f16c290ee1a-field\"  class=\"wpcf7-form-control wpcf7-text\" type=\"text\" name=\"subject\" value=\"\" size=\"40\" tabindex=\"-1\" autocomplete=\"new-password\" \/><\/span>\n<\/p>\n<p><span id=\"wpcf7-69f16c290ef07-wrapper\" class=\"wpcf7-form-control-wrap website-wrap\" style=\"display:none !important; visibility:hidden !important;\"><label for=\"wpcf7-69f16c290ef07-field\" class=\"hp-message\">Bitte lasse dieses Feld leer.<\/label><input id=\"wpcf7-69f16c290ef07-field\"  class=\"wpcf7-form-control wpcf7-text\" type=\"text\" name=\"website\" value=\"\" size=\"40\" tabindex=\"-1\" autocomplete=\"new-password\" \/><\/span>\n<\/p>\n<p>Your e-mail-address*:\n<\/p>\n<p><span class=\"wpcf7-form-control-wrap\" data-name=\"your-email\"><input size=\"40\" maxlength=\"400\" class=\"wpcf7-form-control wpcf7-email wpcf7-validates-as-required wpcf7-text wpcf7-validates-as-email\" aria-required=\"true\" aria-invalid=\"false\" value=\"\" type=\"email\" name=\"your-email\" \/><\/span>\n<\/p>\n<p>Your message:\n<\/p>\n<p><span class=\"wpcf7-form-control-wrap\" data-name=\"your-message\"><textarea cols=\"40\" rows=\"10\" maxlength=\"2000\" class=\"wpcf7-form-control wpcf7-textarea\" aria-invalid=\"false\" name=\"your-message\"><\/textarea><\/span>\n<\/p>\n<p>Spam-prevention:\n<\/p>\n<p><span class=\"wpcf7-form-control-wrap\" data-name=\"quiz-96\"><label><span class=\"wpcf7-quiz-label\">4+2=?<\/span> <input size=\"40\" class=\"wpcf7-form-control wpcf7-quiz\" autocomplete=\"off\" aria-required=\"true\" aria-invalid=\"false\" type=\"text\" name=\"quiz-96\" \/><\/label><input type=\"hidden\" name=\"_wpcf7_quiz_answer_quiz-96\" value=\"2436af48ff868348b3f50a5f5509d2ec\" \/><\/span>\n<\/p>\n<p><input class=\"wpcf7-form-control wpcf7-submit has-spinner\" type=\"submit\" value=\"Send message\" \/>\n<\/p>\n<p><em>Fields marked with * are required.<\/em>\n<\/p><div class=\"wpcf7-response-output\" aria-hidden=\"true\"><\/div>\n<\/form>\n<\/div>\n\n<\/div>\n<\/div><\/div><\/div><\/div><\/div><\/div>","protected":false},"excerpt":{"rendered":"<p>Studio Hamburg Design Works Jenfelder Allee 80 D-22045 Hamburg Phone: +49 (0)40 6688-3300 E-Mail:\u00a0&#x64;e&#x73;&#105;&#x67;&#110;&#x2d;&#119;o&#x72;k&#x73;&#64;&#x73;&#116;&#x75;&#100;&#x69;&#111;-&#x68;a&#x6d;&#98;&#x75;&#114;&#x67;&#46;d&#x65; Studio Hamburg Design Works\u00a0in\u00a0Berlin Am Studio 20 A 12489 Berlin Phone: +49 (0)30 747570-915<\/p>\n","protected":false},"author":5,"featured_media":0,"parent":0,"menu_order":0,"comment_status":"closed","ping_status":"closed","template":"page-contact.php","meta":{"footnotes":""},"class_list":["post-1004","page","type-page","status-publish","hentry"],"yoast_head":"<!-- This site is optimized with the Yoast SEO plugin v26.4 - https:\/\/yoast.com\/wordpress\/plugins\/seo\/ -->\n<title>Kontakt | Studio Hamburg Design Works<\/title>\n<meta name=\"description\" content=\"Kontakt - Studio Hamburg Design Works GmbH, Jenfelder Allee 80, 22045 Hamburg \u2013 Telefon:\u00a0+49 (0)40 6688-3300, E-Mail: design-works@studio-hamburg.de\" \/>\n<meta name=\"robots\" content=\"index, follow, max-snippet:-1, max-image-preview:large, max-video-preview:-1\" \/>\n<link rel=\"canonical\" href=\"https:\/\/www.studio-hamburg-design-works.de\/anfahrt-adressen-formular\/\" \/>\n<meta property=\"og:locale\" content=\"en_US\" \/>\n<meta property=\"og:type\" content=\"article\" \/>\n<meta property=\"og:title\" content=\"Kontakt | Studio Hamburg Design Works\" \/>\n<meta property=\"og:description\" content=\"Kontakt - Studio Hamburg Design Works GmbH, Jenfelder Allee 80, 22045 Hamburg \u2013 Telefon:\u00a0+49 (0)40 6688-3300, E-Mail: design-works@studio-hamburg.de\" \/>\n<meta property=\"og:url\" content=\"https:\/\/www.studio-hamburg-design-works.de\/anfahrt-adressen-formular\/\" \/>\n<meta property=\"og:site_name\" content=\"Studio Hamburg Design Works\" \/>\n<meta property=\"article:modified_time\" content=\"2025-10-23T10:57:42+00:00\" \/>\n<meta name=\"twitter:card\" content=\"summary_large_image\" \/>\n<meta name=\"twitter:label1\" content=\"Est. reading time\" \/>\n\t<meta name=\"twitter:data1\" content=\"1 minute\" \/>\n<script type=\"application\/ld+json\" class=\"yoast-schema-graph\">{\"@context\":\"https:\/\/schema.org\",\"@graph\":[{\"@type\":\"WebPage\",\"@id\":\"https:\/\/www.studio-hamburg-design-works.de\/anfahrt-adressen-formular\/\",\"url\":\"https:\/\/www.studio-hamburg-design-works.de\/anfahrt-adressen-formular\/\",\"name\":\"Kontakt | Studio Hamburg Design Works\",\"isPartOf\":{\"@id\":\"https:\/\/www.studio-hamburg-design-works.de\/#website\"},\"datePublished\":\"2016-03-22T12:59:17+00:00\",\"dateModified\":\"2025-10-23T10:57:42+00:00\",\"description\":\"Kontakt - Studio Hamburg Design Works GmbH, Jenfelder Allee 80, 22045 Hamburg \u2013 Telefon:\u00a0+49 (0)40 6688-3300, E-Mail: design-works@studio-hamburg.de\",\"breadcrumb\":{\"@id\":\"https:\/\/www.studio-hamburg-design-works.de\/anfahrt-adressen-formular\/#breadcrumb\"},\"inLanguage\":\"en-US\",\"potentialAction\":[{\"@type\":\"ReadAction\",\"target\":[\"https:\/\/www.studio-hamburg-design-works.de\/anfahrt-adressen-formular\/\"]}]},{\"@type\":\"BreadcrumbList\",\"@id\":\"https:\/\/www.studio-hamburg-design-works.de\/anfahrt-adressen-formular\/#breadcrumb\",\"itemListElement\":[{\"@type\":\"ListItem\",\"position\":1,\"name\":\"Home\",\"item\":\"https:\/\/www.studio-hamburg-design-works.de\/\"},{\"@type\":\"ListItem\",\"position\":2,\"name\":\"Anfahrt\/Adressen\/Formular\"}]},{\"@type\":\"WebSite\",\"@id\":\"https:\/\/www.studio-hamburg-design-works.de\/#website\",\"url\":\"https:\/\/www.studio-hamburg-design-works.de\/\",\"name\":\"Studio Hamburg Design Works\",\"description\":\"Mit hochqualifizierten Fachkr\u00e4ften und erfahrenen Projektleitern sind die Werkst\u00e4tten von Studio Hamburg weltweit eine der ersten Adressen f\u00fcr Dienstleistungen in den Bereichen B\u00fchnenbild-, Dekorations-, Ausstattungs- und Ausstellungsbau.\",\"publisher\":{\"@id\":\"https:\/\/www.studio-hamburg-design-works.de\/#organization\"},\"potentialAction\":[{\"@type\":\"SearchAction\",\"target\":{\"@type\":\"EntryPoint\",\"urlTemplate\":\"https:\/\/www.studio-hamburg-design-works.de\/?s={search_term_string}\"},\"query-input\":{\"@type\":\"PropertyValueSpecification\",\"valueRequired\":true,\"valueName\":\"search_term_string\"}}],\"inLanguage\":\"en-US\"},{\"@type\":\"Organization\",\"@id\":\"https:\/\/www.studio-hamburg-design-works.de\/#organization\",\"name\":\"Studio Hamburg Design Works\",\"url\":\"https:\/\/www.studio-hamburg-design-works.de\/\",\"logo\":{\"@type\":\"ImageObject\",\"inLanguage\":\"en-US\",\"@id\":\"https:\/\/www.studio-hamburg-design-works.de\/#\/schema\/logo\/image\/\",\"url\":\"https:\/\/www.studio-hamburg-design-works.de\/wp-content\/uploads\/2022\/01\/sh-design-works-logo-retina.png\",\"contentUrl\":\"https:\/\/www.studio-hamburg-design-works.de\/wp-content\/uploads\/2022\/01\/sh-design-works-logo-retina.png\",\"width\":400,\"height\":118,\"caption\":\"Studio Hamburg Design Works\"},\"image\":{\"@id\":\"https:\/\/www.studio-hamburg-design-works.de\/#\/schema\/logo\/image\/\"}}]}<\/script>\n<!-- \/ Yoast SEO plugin. -->","yoast_head_json":{"title":"Kontakt | Studio Hamburg Design Works","description":"Kontakt - Studio Hamburg Design Works GmbH, Jenfelder Allee 80, 22045 Hamburg \u2013 Telefon:\u00a0+49 (0)40 6688-3300, E-Mail: design-works@studio-hamburg.de","robots":{"index":"index","follow":"follow","max-snippet":"max-snippet:-1","max-image-preview":"max-image-preview:large","max-video-preview":"max-video-preview:-1"},"canonical":"https:\/\/www.studio-hamburg-design-works.de\/anfahrt-adressen-formular\/","og_locale":"en_US","og_type":"article","og_title":"Kontakt | Studio Hamburg Design Works","og_description":"Kontakt - Studio Hamburg Design Works GmbH, Jenfelder Allee 80, 22045 Hamburg \u2013 Telefon:\u00a0+49 (0)40 6688-3300, E-Mail: design-works@studio-hamburg.de","og_url":"https:\/\/www.studio-hamburg-design-works.de\/anfahrt-adressen-formular\/","og_site_name":"Studio Hamburg Design Works","article_modified_time":"2025-10-23T10:57:42+00:00","twitter_card":"summary_large_image","twitter_misc":{"Est. reading time":"1 minute"},"schema":{"@context":"https:\/\/schema.org","@graph":[{"@type":"WebPage","@id":"https:\/\/www.studio-hamburg-design-works.de\/anfahrt-adressen-formular\/","url":"https:\/\/www.studio-hamburg-design-works.de\/anfahrt-adressen-formular\/","name":"Kontakt | Studio Hamburg Design Works","isPartOf":{"@id":"https:\/\/www.studio-hamburg-design-works.de\/#website"},"datePublished":"2016-03-22T12:59:17+00:00","dateModified":"2025-10-23T10:57:42+00:00","description":"Kontakt - Studio Hamburg Design Works GmbH, Jenfelder Allee 80, 22045 Hamburg \u2013 Telefon:\u00a0+49 (0)40 6688-3300, E-Mail: design-works@studio-hamburg.de","breadcrumb":{"@id":"https:\/\/www.studio-hamburg-design-works.de\/anfahrt-adressen-formular\/#breadcrumb"},"inLanguage":"en-US","potentialAction":[{"@type":"ReadAction","target":["https:\/\/www.studio-hamburg-design-works.de\/anfahrt-adressen-formular\/"]}]},{"@type":"BreadcrumbList","@id":"https:\/\/www.studio-hamburg-design-works.de\/anfahrt-adressen-formular\/#breadcrumb","itemListElement":[{"@type":"ListItem","position":1,"name":"Home","item":"https:\/\/www.studio-hamburg-design-works.de\/"},{"@type":"ListItem","position":2,"name":"Anfahrt\/Adressen\/Formular"}]},{"@type":"WebSite","@id":"https:\/\/www.studio-hamburg-design-works.de\/#website","url":"https:\/\/www.studio-hamburg-design-works.de\/","name":"Studio Hamburg Design Works","description":"Mit hochqualifizierten Fachkr\u00e4ften und erfahrenen Projektleitern sind die Werkst\u00e4tten von Studio Hamburg weltweit eine der ersten Adressen f\u00fcr Dienstleistungen in den Bereichen B\u00fchnenbild-, Dekorations-, Ausstattungs- und Ausstellungsbau.","publisher":{"@id":"https:\/\/www.studio-hamburg-design-works.de\/#organization"},"potentialAction":[{"@type":"SearchAction","target":{"@type":"EntryPoint","urlTemplate":"https:\/\/www.studio-hamburg-design-works.de\/?s={search_term_string}"},"query-input":{"@type":"PropertyValueSpecification","valueRequired":true,"valueName":"search_term_string"}}],"inLanguage":"en-US"},{"@type":"Organization","@id":"https:\/\/www.studio-hamburg-design-works.de\/#organization","name":"Studio Hamburg Design Works","url":"https:\/\/www.studio-hamburg-design-works.de\/","logo":{"@type":"ImageObject","inLanguage":"en-US","@id":"https:\/\/www.studio-hamburg-design-works.de\/#\/schema\/logo\/image\/","url":"https:\/\/www.studio-hamburg-design-works.de\/wp-content\/uploads\/2022\/01\/sh-design-works-logo-retina.png","contentUrl":"https:\/\/www.studio-hamburg-design-works.de\/wp-content\/uploads\/2022\/01\/sh-design-works-logo-retina.png","width":400,"height":118,"caption":"Studio Hamburg Design Works"},"image":{"@id":"https:\/\/www.studio-hamburg-design-works.de\/#\/schema\/logo\/image\/"}}]}},"_links":{"self":[{"href":"https:\/\/www.studio-hamburg-design-works.de\/en\/wp-json\/wp\/v2\/pages\/1004","targetHints":{"allow":["GET"]}}],"collection":[{"href":"https:\/\/www.studio-hamburg-design-works.de\/en\/wp-json\/wp\/v2\/pages"}],"about":[{"href":"https:\/\/www.studio-hamburg-design-works.de\/en\/wp-json\/wp\/v2\/types\/page"}],"author":[{"embeddable":true,"href":"https:\/\/www.studio-hamburg-design-works.de\/en\/wp-json\/wp\/v2\/users\/5"}],"replies":[{"embeddable":true,"href":"https:\/\/www.studio-hamburg-design-works.de\/en\/wp-json\/wp\/v2\/comments?post=1004"}],"version-history":[{"count":15,"href":"https:\/\/www.studio-hamburg-design-works.de\/en\/wp-json\/wp\/v2\/pages\/1004\/revisions"}],"predecessor-version":[{"id":5056,"href":"https:\/\/www.studio-hamburg-design-works.de\/en\/wp-json\/wp\/v2\/pages\/1004\/revisions\/5056"}],"wp:attachment":[{"href":"https:\/\/www.studio-hamburg-design-works.de\/en\/wp-json\/wp\/v2\/media?parent=1004"}],"curies":[{"name":"wp","href":"https:\/\/api.w.org\/{rel}","templated":true}]}}